{"id":88,"date":"2025-01-07T09:53:34","date_gmt":"2025-01-07T07:53:34","guid":{"rendered":"https:\/\/sisu.ut.ee\/eestijuured\/?page_id=88"},"modified":"2026-03-11T11:50:03","modified_gmt":"2026-03-11T09:50:03","slug":"paleokoloogia-ja-kliima","status":"publish","type":"page","link":"https:\/\/sisu.ut.ee\/eestijuured\/paleokoloogia-ja-kliima\/","title":{"rendered":"Paleokliima ja -\u00f6koloogia"},"content":{"rendered":"<p>Paleokliima ja -\u00f6koloogia t\u00f6\u00f6r\u00fchma kuuluvad <a href=\"https:\/\/taltech.ee\/geoloogia-instituut\/kvaternaarigeoloogia-osakond\">Taltechi geoloogia instituudi kvaternaari geoloogia osakonna<\/a> teadlased, kelle teadust\u00f6\u00f6 aitab tippkeskuse eesm\u00e4rkide saavutamisele kaasa mineviku looduskeskkonna tausta loomise kaudu. Pikaajaliselt koos t\u00f6\u00f6tanud r\u00fchma liikmete ekspertiis h\u00f5lmab laia valikut erinevaid mineviku uurimise \u00f6koloogilisi, geograafilisi ning sedimetoloogilisi uurimismeetodeid,\u00a0mis on rakendatavad viimase j\u00e4\u00e4aja l\u00f5pul ning sellele j\u00e4rgnenud soojaperioodil toimunud geo- ja biosf\u00e4\u00e4ri protsesside ja inimtegevuse ning nende vaheliste interaktsioonide uuringuil.\u00a0 \u00a0<\/p>\n\n\n\n<p>R\u00fchma tegevus on keskendunud Eestis ja l\u00e4hi\u00fcmbruses viimase 15 000 aasta jooksul toimunud veeliste ja maismaaliste \u00f6kos\u00fcsteemide, taimestiku, kliima ja keskkonnamuutuste \u2013 nii looduslike kui ka inimtekkeliste \u2013 k\u00f5rge ajalise lahutusv\u00f5imega rekonstruktsioonidele, kasutades selleks j\u00e4rve-, raba- ja meresetete uuringuid.\u00a0<\/p>\n\n\n<div class=\"person-card border rounded p-2 pb-4 mb-4\">\n\t<div class=\"d-flex \">\n\t\t\t\t\t<img loading=\"lazy\" decoding=\"async\" width=\"150\" height=\"150\" src=\"https:\/\/sisu.ut.ee\/wp-content\/uploads\/sites\/862\/IMG_20191127_105108-150x150.jpg\" class=\"flex-shrink-0 object-fit-cover person-card__image img-fluid rounded mb-2 me-2\" alt=\"\">\n\t\t\t\t<div class=\"person-card__info\">\n\t\t\t\t\t\t\t<h3 class=\"h4 mb-2\">Prof. Siim Veski<\/h3>\n\t\t\t\t\t\t\t\t\t\t<div class=\"mb-2\">\n\t\t\t\t\t<p>Taltech, loodusteaduskond, geoloogia instituut, kvaternaarigeoloogia osakond; paleokliima ja -\u00f6koloogia uurimisr\u00fchma juht<\/p>\n\n\t\t\t\t<\/div>\n\t\t\t\t\t\t\t\t\t\t\t\t\t\t<\/div>\n\t<\/div>\n\t<\/div>\n\n\n<div class=\"person-card border rounded p-2 pb-4 mb-4\">\n\t<div class=\"d-flex \">\n\t\t\t\t\t<img loading=\"lazy\" decoding=\"async\" width=\"150\" height=\"150\" src=\"https:\/\/sisu.ut.ee\/wp-content\/uploads\/sites\/862\/konn-150x150.jpg\" class=\"flex-shrink-0 object-fit-cover person-card__image img-fluid rounded mb-2 me-2\" alt=\"\">\n\t\t\t\t<div class=\"person-card__info\">\n\t\t\t\t\t\t\t<h3 class=\"h4 mb-2\">Anneli Poska, PhD<\/h3>\n\t\t\t\t\t\t\t\t\t\t<div class=\"mb-2\">\n\t\t\t\t\t<p>Taltech, loodusteaduskond, geoloogia instituut, kvaternaarigeoloogia osakond; paleokliima ja -\u00f6koloogia uurimisr\u00fchma kaasjuht<\/p>\n\n\t\t\t\t<\/div>\n\t\t\t\t\t\t\t\t\t\t\t\t\t\t<\/div>\n\t<\/div>\n\t<\/div>\n\n\n\n<h2 class=\"wp-block-heading\">Uurimisr\u00fchma liikmed<\/h2>\n\n\n\n<p><strong><a href=\"https:\/\/www.etis.ee\/CV\/Siim_Veski\">Siim Veski<\/a><\/strong>, professor, paleokliima ja -\u00f6koloogia uurimisr\u00fchma juht<\/p>\n\n\n\n<p><strong><a href=\"https:\/\/www.etis.ee\/CV\/Anneli_Poska\/\">Anneli Poska<\/a><\/strong>, vanemteadur, paleokliima ja -\u00f6koloogia uurimisr\u00fchma kaasjuht<\/p>\n\n\n\n<p><strong><a href=\"https:\/\/www.etis.ee\/CV\/Leeli_Amon\">Leeli Amon<\/a><\/strong>, \u00a0nooremprofessor, p\u00f5hit\u00e4itja\u00a0<\/p>\n\n\n\n<p><strong><a href=\"https:\/\/www.etis.ee\/CV\/Tiiu_Alliksaar\/\">Tiiu Alliksaar<\/a><\/strong>, vanemteadur, p\u00f5hit\u00e4itja<\/p>\n\n\n\n<p><strong><a href=\"https:\/\/www.etis.ee\/CV\/Atko_Heinsalu\/\">Atko Heinsalu<\/a><\/strong>, vanemteadur, p\u00f5hit\u00e4itja<\/p>\n\n\n\n<p><strong><a href=\"https:\/\/www.etis.ee\/CV\/J%C3%BCri_Vassiljev\/\">J\u00fcri Vassiljev<\/a><\/strong>, vanemteadur, p\u00f5hit\u00e4itja<\/p>\n\n\n\n<p><strong><a href=\"https:\/\/www.etis.ee\/CV\/Vivika_V%C3%A4li\">Vivika V\u00e4li<\/a><\/strong>, Eesti Maa\u00fclikool, teadur, p\u00f5hit\u00e4itja\u00a0<\/p>\n\n\n\n<p><strong><a href=\"https:\/\/www.etis.ee\/CV\/Vladimir_Karpin\">Vladimir Karpin<\/a><\/strong>, doktorant, t\u00e4itja<\/p>\n\n\n\n<p><strong><a href=\"https:\/\/www.etis.ee\/CV\/Eliise_Poolma\">Eliise Poolma<\/a><\/strong>, doktorant-nooremteadur, t\u00e4itja<\/p>\n\n\n\n<p><strong><a href=\"https:\/\/www.etis.ee\/CV\/Merlin_Liiv\">Merlin Liiv<\/a><\/strong>, juhtivinsener, t\u00e4itja<\/p>\n\n\n\n<p><a href=\"https:\/\/www.etis.ee\/portal\/persons\/display\/c2d790d2-c30a-4b0e-800a-41b1d5973630\/eng\" data-type=\"link\" data-id=\"https:\/\/www.etis.ee\/portal\/persons\/display\/c2d790d2-c30a-4b0e-800a-41b1d5973630\/eng\"><strong>Mark Top<\/strong><\/a>, doktorant-nooremteadur, t\u00e4itja<\/p>\n\n\n\n<p><a href=\"https:\/\/www.etis.ee\/CV\/Elisabeth_Rene_Martveldt\"><strong>Elisabeth Renee Martveldt<\/strong><\/a>, doktorant-nooremteadur, t\u00e4itja<\/p>\n\n\n\n<p><strong><a href=\"https:\/\/taltech.ee\/kontaktid\/kvaternaarigeoloogia-osakond\/merle-luca-marie-dorsch\">Merle Luca Marie Dorsch<\/a><\/strong>, doktorant-nooremteadur, t\u00e4itja<\/p>\n\n\n\n<p><\/p>\n\n\n\n<hr class=\"wp-block-separator has-alpha-channel-opacity\">\n\n\n\n<p><\/p>\n\n\n\n<p><strong>L\u00f5petanud doktorandid: <\/strong><\/p>\n\n\n\n<p><strong><a href=\"https:\/\/www.etis.ee\/CV\/vabaku\">Varvara Bakumenko<\/a><\/strong><\/p>\n\n\n\n<ul class=\"wp-block-list\">\n<li><a href=\"https:\/\/taltech.ee\/en\/events\/phd-thesis-defence-varvara-bakumenko\">https:\/\/taltech.ee\/en\/events\/phd-thesis-defence-varvara-bakumenko<\/a><\/li>\n<\/ul>\n\n\n\n<p><strong><strong><a href=\"https:\/\/www.etis.ee\/CV\/Anna_Lanka\">Anna Lanka<\/a><\/strong><\/strong><\/p>\n\n\n\n<ul class=\"wp-block-list\">\n<li><a href=\"https:\/\/taltech.ee\/en\/events\/phd-thesis-defence-anna-lanka\">https:\/\/taltech.ee\/en\/events\/phd-thesis-defence-anna-lanka<\/a><\/li>\n<\/ul>\n\n\n\n<p><strong><a href=\"https:\/\/www.etis.ee\/CV\/Ivan_Krivokorin001\">Ivan Krivokorin<\/a><\/strong><\/p>\n\n\n\n<ul class=\"wp-block-list\">\n<li><a href=\"https:\/\/taltech.ee\/en\/events\/phd-thesis-defence-ivan-krivokorin\">https:\/\/taltech.ee\/en\/events\/phd-thesis-defence-ivan-krivokorin<\/a><\/li>\n<\/ul>\n\n\n\n<p><\/p>\n","protected":false},"excerpt":{"rendered":"<p>Paleokliima ja -\u00f6koloogia t\u00f6\u00f6r\u00fchma kuuluvad Taltechi geoloogia instituudi kvaternaari geoloogia osakonna teadlased, kelle teadust\u00f6\u00f6 aitab tippkeskuse eesm\u00e4rkide saavutamisele kaasa mineviku looduskeskkonna tausta loomise kaudu. Pikaajaliselt koos t\u00f6\u00f6tanud r\u00fchma liikmete ekspertiis h\u00f5lmab laia valikut erinevaid mineviku uurimise \u00f6koloogilisi, geograafilisi ning sedimetoloogilisi &#8230;<\/p>\n","protected":false},"author":745,"featured_media":210,"parent":0,"menu_order":0,"comment_status":"closed","ping_status":"closed","template":"","meta":{"_acf_changed":false,"inline_featured_image":false,"footnotes":""},"class_list":["post-88","page","type-page","status-publish","has-post-thumbnail","hentry"],"acf":[],"_links":{"self":[{"href":"https:\/\/sisu.ut.ee\/eestijuured\/wp-json\/wp\/v2\/pages\/88","targetHints":{"allow":["GET"]}}],"collection":[{"href":"https:\/\/sisu.ut.ee\/eestijuured\/wp-json\/wp\/v2\/pages"}],"about":[{"href":"https:\/\/sisu.ut.ee\/eestijuured\/wp-json\/wp\/v2\/types\/page"}],"author":[{"embeddable":true,"href":"https:\/\/sisu.ut.ee\/eestijuured\/wp-json\/wp\/v2\/users\/745"}],"replies":[{"embeddable":true,"href":"https:\/\/sisu.ut.ee\/eestijuured\/wp-json\/wp\/v2\/comments?post=88"}],"version-history":[{"count":12,"href":"https:\/\/sisu.ut.ee\/eestijuured\/wp-json\/wp\/v2\/pages\/88\/revisions"}],"predecessor-version":[{"id":1629,"href":"https:\/\/sisu.ut.ee\/eestijuured\/wp-json\/wp\/v2\/pages\/88\/revisions\/1629"}],"wp:featuredmedia":[{"embeddable":true,"href":"https:\/\/sisu.ut.ee\/eestijuured\/wp-json\/wp\/v2\/media\/210"}],"wp:attachment":[{"href":"https:\/\/sisu.ut.ee\/eestijuured\/wp-json\/wp\/v2\/media?parent=88"}],"curies":[{"name":"wp","href":"https:\/\/api.w.org\/{rel}","templated":true}]}}