{"id":86,"date":"2025-01-07T09:53:33","date_gmt":"2025-01-07T07:53:33","guid":{"rendered":"https:\/\/sisu.ut.ee\/eestijuured\/?page_id=86"},"modified":"2025-12-03T02:30:20","modified_gmt":"2025-12-03T00:30:20","slug":"folkloristika-ja-kultuurigeograafia","status":"publish","type":"page","link":"https:\/\/sisu.ut.ee\/eestijuured\/folkloristika-ja-kultuurigeograafia\/","title":{"rendered":"Folkloristika ja kultuurigeograafia"},"content":{"rendered":"<p><\/p>\n\n\n\n<p class=\"has-text-align-left\">Folkloor h\u00f5lmab erinevatest aegadest ja allikatest p\u00e4rinevaid teadmisi, v\u00e4\u00e4rtusi, hoiakuid ja kogemusi ja t\u00f5lgendab neid pidevalt \u00fcmber. Folkloristika ja kultuurigeograafia uurimisr\u00fchm keskendub folkloorin\u00e4htuste piirkondliku ja diakroonilise varieerumise ning folkloori edastamisprotsesside uurimisele erinevates \u017eanrites, tuginedes peamiselt <a href=\"https:\/\/www.kirmus.ee\/et\/meist\/osakonnad\/eesti-rahvaluule-arhiiv\">Eesti Rahvaluule Arhiivi<\/a> mahukatele andmekogudele. Suurte andmete anal\u00fc\u00fcs v\u00f5imaldab teadlastel tuvastada ajaloolisi kommunikatsiooniteid ja -struktuure ning materjalis kajastuvaid kultuurikontakte. \u00dcks uurimisr\u00fchma peamisi fookusi on l\u00e4\u00e4nemeresoome regilaulutraditsioon, mis arvatakse olevat tekkinud enne l\u00e4\u00e4nemeresoome rahvaste l\u00f5plikku lahknemist ja arenenud koos keele ja rahvastikuga. Kompleksne poeetiline s\u00fcsteem on tinginud arhailiste keelevormide, poeetiliste kujundite ja sisuelementide konservatiivsuse.<\/p>\n\n\n\n<p class=\"has-text-align-left\">Teine osa t\u00f6\u00f6r\u00fchmast keskendub narratiivse ja usundilise folkloori uurimisele, mis on paindlikumad ja \u00fcletavad kergemini keelebarj\u00e4\u00e4re. Kohap\u00e4rimuse kogud ja kogumismetoodika \u00fchendavad folkloori narratiivse uurimise geograafiliste ja arheoloogiliste meetoditega. Haiguste leviku ja tervendamisrituaalide kajastused usundis ja rahvameditsiinis v\u00f5imaldavad uurida selliste teadmiste kujunemislugu ja nende rolli \u00fcldises vaimses toimetulekus. Uurimisr\u00fchmal on p\u00f5hjalikud teadmised Eesti folkloorikogudest ja nende kujunemisloost. See tagab, et uurimist\u00f6\u00f6s v\u00f5etakse adekvaatselt arvesse rahvaluule kogumise pikka protsessi m\u00f5jutanud valikutest ja eelistustest tingitud eba\u00fchtlused andmetes. Koost\u00f6\u00f6 teiste t\u00f6\u00f6gruppidega tippkeskuses aitab \u00fchelt poolt selgitada ja dateerida erinevate folkloorin\u00e4htuste arengut, teisalt aga pakub folkloor kultuurilisi t\u00f5lgendusi teistes t\u00f6\u00f6gruppides anal\u00fc\u00fcsitavatele f\u00fc\u00fcsilistele leidudele.\u00a0<\/p>\n\n\n<div class=\"person-card border rounded p-2 pb-4 mb-4\">\n\t<div class=\"d-flex \">\n\t\t\t\t\t<img loading=\"lazy\" decoding=\"async\" width=\"150\" height=\"150\" src=\"https:\/\/sisu.ut.ee\/wp-content\/uploads\/sites\/862\/Mari-Vaina-150x150.png\" class=\"flex-shrink-0 object-fit-cover person-card__image img-fluid rounded mb-2 me-2\" alt=\"\" srcset=\"https:\/\/sisu.ut.ee\/wp-content\/uploads\/sites\/862\/Mari-Vaina-150x150.png 150w, https:\/\/sisu.ut.ee\/wp-content\/uploads\/sites\/862\/Mari-Vaina-298x300.png 298w, https:\/\/sisu.ut.ee\/wp-content\/uploads\/sites\/862\/Mari-Vaina-768x774.png 768w, https:\/\/sisu.ut.ee\/wp-content\/uploads\/sites\/862\/Mari-Vaina.png 776w\" sizes=\"auto, (max-width: 150px) 100vw, 150px\">\n\t\t\t\t<div class=\"person-card__info\">\n\t\t\t\t\t\t\t<h3 class=\"h4 mb-2\">Mari V\u00e4ina, PhD<\/h3>\n\t\t\t\t\t\t\t\t\t\t<div class=\"mb-2\">\n\t\t\t\t\t<p>Eesti Kirjandusmuuseum, juhtivteadur; folkloristika ja kultuurigeograafia uurimisr\u00fchma juht<\/p>\n\n\t\t\t\t<\/div>\n\t\t\t\t\t\t\t\t\t\t\t\t\t\t<\/div>\n\t<\/div>\n\t<\/div>\n\n\n\n<h2 class=\"wp-block-heading\">Uurimisr\u00fchma liikmed<\/h2>\n\n\n\n<p><strong><a href=\"https:\/\/www.etis.ee\/CV\/Mari_Sarv\/\">Mari V\u00e4ina<\/a><\/strong>, juhtivteadur, folkloristika ja kultuurigeograafia uurimisr\u00fchma juht<\/p>\n\n\n\n<p><strong><a href=\"https:\/\/www.etis.ee\/CV\/Risto_J%C3%A4rv\/\">Risto J\u00e4rv<\/a><\/strong>, arhiivijuhataja-juhtivteadur, p\u00f5hit\u00e4itja<\/p>\n\n\n\n<p><strong><a href=\"https:\/\/www.etis.ee\/CV\/Janika_Oras\">Janika Oras<\/a>,<\/strong> juhtivteadur, p\u00f5hit\u00e4itja<\/p>\n\n\n\n<p><strong><a href=\"https:\/\/www.etis.ee\/CV\/Ave_Gor%C5%A1ic\">Ave Gor\u0161i\u010d<\/a><\/strong>, vanemteadur, p\u00f5hit\u00e4itja<\/p>\n\n\n\n<p><strong><a href=\"https:\/\/www.etis.ee\/CV\/Reet_Hiiem%C3%A4e\/\">Reet Hiiem\u00e4e<\/a><\/strong>, vanemteadur, p\u00f5hit\u00e4itja<\/p>\n\n\n\n<p><strong><a href=\"https:\/\/www.etis.ee\/CV\/Andreas_Kalkun\/\">Andreas Kalkun<\/a><\/strong>, vanemteadur, p\u00f5hit\u00e4itja<\/p>\n\n\n\n<p><strong><a href=\"https:\/\/etis.ee\/CV\/InnaLisniak\/eng\">Inna Lisniak<\/a><\/strong>, vanemteadur, p\u00f5hit\u00e4itja<\/p>\n\n\n\n<p><strong><a href=\"https:\/\/www.etis.ee\/CV\/Liina_Saarlo\/\">Liina Saarlo<\/a><\/strong>, vanemteadur, p\u00f5hit\u00e4itja<\/p>\n\n\n\n<p><strong><a href=\"https:\/\/www.etis.ee\/CV\/Taive_S%C3%A4rg\/\">Taive S\u00e4rg<\/a><\/strong>, vanemteadur, p\u00f5hit\u00e4itja<\/p>\n\n\n\n<p><strong><a href=\"https:\/\/www.etis.ee\/CV\/Olha_Petrovych\">Olha Petrovych<\/a><\/strong>, erakorraline vanemteadur, p\u00f5hit\u00e4itja<\/p>\n\n\n\n<p><strong><a href=\"https:\/\/www.etis.ee\/CV\/Taavi_Pae\">Taavi Pae<\/a><\/strong>, Tartu \u00dclikool, Eesti geograafia kaasprofessor<\/p>\n\n\n\n<p><strong><a href=\"https:\/\/www.etis.ee\/CV\/%C5%BDanna_P%C3%A4rtlas\/\">\u017danna P\u00e4rtlas<\/a><\/strong>, Eesti Muusika- ja Teatriakadeemia,\u00a0vanemteadur,\u00a0p\u00f5hit\u00e4itja<\/p>\n\n\n\n<p><strong><a href=\"https:\/\/www.etis.ee\/CV\/Helen_K%C3%B5mmus\">Helen K\u00f5mmus<\/a><\/strong>, teadur, p\u00f5hit\u00e4itja<\/p>\n\n\n\n<p><strong><a href=\"https:\/\/www.etis.ee\/CV\/Lona_P%C3%A4ll\/\">Lona P\u00e4ll<\/a><\/strong>, teadur, p\u00f5hit\u00e4itja<\/p>\n\n\n\n<p><strong><a href=\"https:\/\/www.etis.ee\/CV\/Mari-Ann_Remmel\/\">Mari-Ann Remmel<\/a><\/strong>, teadur, p\u00f5hit\u00e4itja<\/p>\n\n\n\n<p><strong><a href=\"https:\/\/www.etis.ee\/CV\/Astrid_Tuisk\">Astrid Tuisk<\/a><\/strong>, teadur, p\u00f5hit\u00e4itja\u00a0<\/p>\n\n\n\n<p><strong><a href=\"https:\/\/www.etis.ee\/CV\/Helina_Harend\">Helina Harend<\/a><\/strong>, nooremteadur, t\u00e4itja<\/p>\n\n\n\n<p><strong><a href=\"https:\/\/www.etis.ee\/CV\/K%C3%A4rri_Toomeos-Orglaan\">K\u00e4rri Toomeos-Orglaan<\/a><\/strong>, nooremteadur, t\u00e4itja<\/p>\n\n\n\n<p><strong><a href=\"https:\/\/www.etis.ee\/CV\/Kristo_Villem\">Kristo Villem<\/a><\/strong>, nooremteadur, t\u00e4itja<\/p>\n\n\n\n<p><strong><a href=\"https:\/\/www.etis.ee\/CV\/Kaarel_Veskis\">Kaarel Veskis<\/a><\/strong>, erakorraline nooremteadur, t\u00e4itja<\/p>\n","protected":false},"excerpt":{"rendered":"<p>Folkloor h\u00f5lmab erinevatest aegadest ja allikatest p\u00e4rinevaid teadmisi, v\u00e4\u00e4rtusi, hoiakuid ja kogemusi ja t\u00f5lgendab neid pidevalt \u00fcmber. Folkloristika ja kultuurigeograafia uurimisr\u00fchm keskendub folkloorin\u00e4htuste piirkondliku ja diakroonilise varieerumise ning folkloori edastamisprotsesside uurimisele erinevates \u017eanrites, tuginedes peamiselt Eesti Rahvaluule Arhiivi mahukatele andmekogudele. &#8230;<\/p>\n","protected":false},"author":745,"featured_media":0,"parent":0,"menu_order":0,"comment_status":"closed","ping_status":"closed","template":"","meta":{"_acf_changed":false,"inline_featured_image":false,"footnotes":""},"class_list":["post-86","page","type-page","status-publish","hentry"],"acf":[],"_links":{"self":[{"href":"https:\/\/sisu.ut.ee\/eestijuured\/wp-json\/wp\/v2\/pages\/86","targetHints":{"allow":["GET"]}}],"collection":[{"href":"https:\/\/sisu.ut.ee\/eestijuured\/wp-json\/wp\/v2\/pages"}],"about":[{"href":"https:\/\/sisu.ut.ee\/eestijuured\/wp-json\/wp\/v2\/types\/page"}],"author":[{"embeddable":true,"href":"https:\/\/sisu.ut.ee\/eestijuured\/wp-json\/wp\/v2\/users\/745"}],"replies":[{"embeddable":true,"href":"https:\/\/sisu.ut.ee\/eestijuured\/wp-json\/wp\/v2\/comments?post=86"}],"version-history":[{"count":13,"href":"https:\/\/sisu.ut.ee\/eestijuured\/wp-json\/wp\/v2\/pages\/86\/revisions"}],"predecessor-version":[{"id":1230,"href":"https:\/\/sisu.ut.ee\/eestijuured\/wp-json\/wp\/v2\/pages\/86\/revisions\/1230"}],"wp:attachment":[{"href":"https:\/\/sisu.ut.ee\/eestijuured\/wp-json\/wp\/v2\/media?parent=86"}],"curies":[{"name":"wp","href":"https:\/\/api.w.org\/{rel}","templated":true}]}}