{"id":524,"date":"2025-04-17T09:35:38","date_gmt":"2025-04-17T06:35:38","guid":{"rendered":"https:\/\/sisu.ut.ee\/eestijuured\/?page_id=524"},"modified":"2026-02-18T16:27:24","modified_gmt":"2026-02-18T14:27:24","slug":"aeg-ja-ruum","status":"publish","type":"page","link":"https:\/\/sisu.ut.ee\/eestijuured\/aeg-ja-ruum\/","title":{"rendered":"Aeg ja ruum"},"content":{"rendered":"<blockquote class=\"wp-block-quote is-layout-flow wp-block-quote-is-layout-flow\">\n<p>Tippkeskusesse \u201cEesti juured\u201d kuuluva seitsme valdkonna kokkupuutepunkt on ajas ja ruumis. Selleks, et neis toimuvaid s\u00fcndmusi m\u00f5testada, on vaja \u00fchiselt korrastadaa erialaomaseid andmeid ja kohandada meetodeid. Tekkiv s\u00fcnergia avardab kohalikku vaadet ja paigutab meie kultuurilise ja geneetilise kujunemisloo laiemasse (Euroopa) konteksti.\u00a0<\/p>\n<\/blockquote>\n\n\n\n<h3 class=\"wp-block-heading\">K\u00e4imasolevad juhtumiuuringud<\/h3>\n\n\n\n<div style=\"height:20px\" aria-hidden=\"true\" class=\"wp-block-spacer\"><\/div>\n\n\n\n<h4 class=\"wp-block-heading\">I. Piirkondlikud mustrid: teave Eesti ja naabermaade kohta<\/h4>\n\n\n\n<div style=\"height:10px\" aria-hidden=\"true\" class=\"wp-block-spacer\"><\/div>\n\n\n\n<div class=\"wp-block-group is-vertical is-layout-flex wp-container-core-group-is-layout-8cf370e7 wp-block-group-is-layout-flex\">\n<p>Juhid: Mari V\u00e4ina ja Taavi Pae<\/p>\n\n\n\n<p>Osalevad r\u00fchmad: folkloristika ja kultuurigreograafia, arheogenoomika, arheokeemia, arheoloogia, lingvistika<\/p>\n\n\n\n<p>Liikmed: Anne-Mai Ilum\u00e4e, Pikne Kama, Monika Karmin, Miina Norvik, Ester Oras, Siiri Rootsi, Mari T\u00f5rv<\/p>\n\n\n\n<p><\/p>\n\n\n\n<details class=\"wp-block-details\"><summary><strong><mark style=\"background-color:rgba(0, 0, 0, 0)\" class=\"has-inline-color has-primary-color is-layout-flow wp-block-details-is-layout-flow\">KIRJELDUS<\/mark><\/strong><\/summary>\n<p>Juhtumiuuringu eesm\u00e4rk on selgitada, kuidas eri valdkondade kaartidel avalduvad (tuum)alad ja nendevahelised piirid nii Eesti alal kui ka laiemalt. Millised piirjooned on olnud olulised eri aegadel ja kuidas need kajastuvad meie vaadeldavas aineses?<\/p>\n\n\n\n<p>Selleks plaanime esmalt koguda kokku ja avada taaskasutuseks (v\u00f5imalusel koos alusandmetega) eri valdkondades varem tehtud k\u00f5ige olulisemad kaardid nii Eesti kui naabermaade kohta. Valik olulisemaid kaarte avaldatakse \u201cEesti teadusliku atlasena\u201d, alusandmed tehakse avalikult k\u00e4ttesaadavaks digitaalse andmekoguna. Kaardikogu olemasolu loob v\u00f5imalused edaspidiseks aegruumiliste mustrite transdistsiplinaarseks uurimiseks.<\/p>\n\n\n\n<p>Piirkondlike mustrite t\u00f6\u00f6r\u00fchm otsib ka v\u00f5imalusi EJT liikmete kaardijoonistamisoskuste edendamiseks. Plaanis on disainida \u00fchtse vormistusega kaardip\u00f5hi, mida saaks kasutada tippkeskuse eri r\u00fchmade kaardiandmete kuvamisel.<\/p>\n<\/details>\n\n\n\n<p>Ootame liituma: arheozooloogia, paleokliima ja -\u00f6koloogia t\u00f6\u00f6r\u00fchma liikmeid<\/p>\n<\/div>\n\n\n\n<div style=\"height:40px\" aria-hidden=\"true\" class=\"wp-block-spacer\"><\/div>\n\n\n\n<h4 class=\"wp-block-heading\">II. Aegruumilised andmed<\/h4>\n\n\n\n<div style=\"height:10px\" aria-hidden=\"true\" class=\"wp-block-spacer\"><\/div>\n\n\n\n<div class=\"wp-block-group is-vertical is-layout-flex wp-container-core-group-is-layout-8cf370e7 wp-block-group-is-layout-flex\">\n<p>Juhid: Kaarel Sikk ja Taavi Pae<\/p>\n\n\n\n<p><\/p>\n<\/div>\n\n\n\n<div style=\"height:10px\" aria-hidden=\"true\" class=\"wp-block-spacer\"><\/div>\n\n\n\n<details class=\"wp-block-details\"><summary><strong><mark style=\"background-color:rgba(0, 0, 0, 0)\" class=\"has-inline-color has-primary-color is-layout-flow wp-block-details-is-layout-flow\">KIRJELDUS<\/mark><\/strong><\/summary>\n<p>Aegruumiliste andmete juhtumiuuring keskendub eri valdkondade andmekogudele ning uurib, kuidas neis asuvad aja- ja ruumiandmed aitavad m\u00f5testada Eesti ajaloo kujunemist. Eesm\u00e4rk on kaardistada andmet\u00fc\u00fcbid alates molekulaarsetest markeritest kuni folkloristlike ja arheoloogiliste kirjeldusteni, hinnates nende ajalist s\u00fcgavust, ruumilist t\u00e4psust, dokumenteeritud faktide iseloomu ja v\u00f5rdlusv\u00f5imalusi. Koondades olemasolevad andmebaasid ja allikmaterjali, kaardistatakse \u00fchised teoreetilised ja metoodilised alused, mis v\u00f5imaldavad aegruumilisi mustreid eri erialade vahel sidusalt anal\u00fc\u00fcsida.<\/p>\n<\/details>\n\n\n\n<p><\/p>\n","protected":false},"excerpt":{"rendered":"<p>Tippkeskusesse \u201cEesti juured\u201d kuuluva seitsme valdkonna kokkupuutepunkt on ajas ja ruumis. Selleks, et neis toimuvaid s\u00fcndmusi m\u00f5testada, on vaja \u00fchiselt korrastadaa erialaomaseid andmeid ja kohandada meetodeid. Tekkiv s\u00fcnergia avardab kohalikku vaadet ja paigutab meie kultuurilise ja geneetilise kujunemisloo laiemasse (Euroopa) &#8230;<\/p>\n","protected":false},"author":745,"featured_media":7,"parent":0,"menu_order":0,"comment_status":"closed","ping_status":"closed","template":"","meta":{"_acf_changed":false,"inline_featured_image":false,"footnotes":""},"class_list":["post-524","page","type-page","status-publish","has-post-thumbnail","hentry"],"acf":[],"_links":{"self":[{"href":"https:\/\/sisu.ut.ee\/eestijuured\/wp-json\/wp\/v2\/pages\/524","targetHints":{"allow":["GET"]}}],"collection":[{"href":"https:\/\/sisu.ut.ee\/eestijuured\/wp-json\/wp\/v2\/pages"}],"about":[{"href":"https:\/\/sisu.ut.ee\/eestijuured\/wp-json\/wp\/v2\/types\/page"}],"author":[{"embeddable":true,"href":"https:\/\/sisu.ut.ee\/eestijuured\/wp-json\/wp\/v2\/users\/745"}],"replies":[{"embeddable":true,"href":"https:\/\/sisu.ut.ee\/eestijuured\/wp-json\/wp\/v2\/comments?post=524"}],"version-history":[{"count":30,"href":"https:\/\/sisu.ut.ee\/eestijuured\/wp-json\/wp\/v2\/pages\/524\/revisions"}],"predecessor-version":[{"id":1599,"href":"https:\/\/sisu.ut.ee\/eestijuured\/wp-json\/wp\/v2\/pages\/524\/revisions\/1599"}],"wp:featuredmedia":[{"embeddable":true,"href":"https:\/\/sisu.ut.ee\/eestijuured\/wp-json\/wp\/v2\/media\/7"}],"wp:attachment":[{"href":"https:\/\/sisu.ut.ee\/eestijuured\/wp-json\/wp\/v2\/media?parent=524"}],"curies":[{"name":"wp","href":"https:\/\/api.w.org\/{rel}","templated":true}]}}