{"id":454,"date":"2025-04-16T22:02:16","date_gmt":"2025-04-16T19:02:16","guid":{"rendered":"https:\/\/sisu.ut.ee\/eestijuured\/?page_id=454"},"modified":"2026-01-09T19:00:32","modified_gmt":"2026-01-09T17:00:32","slug":"tippkeskusest","status":"publish","type":"page","link":"https:\/\/sisu.ut.ee\/eestijuured\/tippkeskusest\/","title":{"rendered":"Tippkeskusest"},"content":{"rendered":"<p><strong><mark style=\"background-color:rgba(0, 0, 0, 0)\" class=\"has-inline-color has-primary-color\">Tippkeskus \u201cEesti juured\u201d selgitab humanitaaria ja loodusteaduste koost\u00f6\u00f6s Eesti ja naaberalade kultuurilise ja geneetilise mitmekesisuse kujunemislugu. Tippkeskuse fookuses on evolutsioon \u2013 muutused ajas ja ruumis \u2013 selle m\u00f5iste k\u00f5ige mitmekesisemates ilmingutes.<\/mark><\/strong><\/p>\n\n\n\n<div class=\"wp-block-columns is-layout-flex wp-container-core-columns-is-layout-9d6595d7 wp-block-columns-is-layout-flex\">\n<div class=\"wp-block-column is-layout-flow wp-block-column-is-layout-flow\">\n<p>Selleks luuakse uuenduslik, eri valdkondi ja meetodeid l\u00f5imiv\u00a0erialade\u00fclene\u00a0raamistik inimeste, kultuuride ja keskkonna\u00a0vastasm\u00f5jude\u00a0uurimiseks. Tippkeskus uurib L\u00e4\u00e4nemere idakalda rahvaid ja kultuure kujundanud protsesse viimase j\u00e4\u00e4aja j\u00e4rgse asustuse algusest t\u00e4naseni, l\u00e4htudes\u00a0areaalsest\u00a0ja \u00f6koloogilisest taustast. Teadust\u00f6\u00f6 kaardistab\u00a0inimpopulatsioone\u00a0ja kultuuriilminguid ning neid m\u00f5jutanud\u00a0abiootilisi\u00a0(kliima) ja biootilisi (taimed, loomad) tegureid. <\/p>\n\n\n\n<p>Tuginedes\u00a0arheogeneetika, kultuuri- ja keeleuuringute ning\u00a0paleo\u00f6koloogia\u00a0koost\u00f6\u00f6s loodavatele paik- ja piirkondlikele t\u00e4ppisandmetele, loovad teadlased detailseid teadmisi siinsete alade rahvastiku ja eripalgelise kultuuri kujunemisest Euroopa kontekstis.<\/p>\n\n\n\n<div class=\"wp-block-buttons is-content-justification-right is-layout-flex wp-container-core-buttons-is-layout-765c4724 wp-block-buttons-is-layout-flex\">\n<div class=\"wp-block-button\"><a class=\"wp-block-button__link wp-element-button\" href=\"#partnerid\">Tutvu tippkeskuse partneritega<\/a><\/div>\n<\/div>\n<\/div>\n<\/div>\n\n\n\n<h2 class=\"wp-block-heading\">Infokirjad<\/h2>\n\n\n<div class=\"accordion-block mb-3\">\n\t\t<div class=\"accordion \" id=\"accordion-accordion-69d48dee737aa\">\n\t\t\t\t\t\t\t<div class=\"accordion-item accordion-item--blue\">\n\t\t\t\t\t<h2 class=\"accordion-header\" id=\"accordion-69d48dee737aa-heading-1\">\n\t\t\t\t\t\t<button class=\"accordion-button \" type=\"button\" data-bs-toggle=\"collapse\" data-bs-target=\"#accordion-69d48dee737aa-collapse-1\" aria-expanded=\"true\" aria-controls=\"accordion-69d48dee737aa-collapse-1\">\n\t\t\t\t\t\t\t2025\n\t\t\t\t\t\t<\/button>\n\t\t\t\t\t<\/h2>\n\t\t\t\t\t<div id=\"accordion-69d48dee737aa-collapse-1\" class=\"accordion-collapse collapse show\" aria-labelledby=\"accordion-69d48dee737aa-heading-1\">\n\t\t\t\t\t\t<div class=\"accordion-body\">\n\t\t\t\t\t\t\t<p><a href=\"https:\/\/genoomikainstituut.sendsmaily.net\/templates\/cb0a4301-79dc-4cab-8c10-d46a7bbbc80f\/html\/\">JAANUAR 2026<\/a><\/p>\n<p><a href=\"https:\/\/genoomikainstituut.sendsmaily.net\/templates\/7c28c3f9-409a-4388-873e-7a8a7ed8620d\/html\/\">OKTOOBER 2025<\/a><\/p>\n<p><a href=\"https:\/\/genoomikainstituut.sendsmaily.net\/templates\/c1a59e93-42bf-41c3-93d2-e332abf0385c\/html\/\">JUUNI 2025<\/a><\/p>\n<p><a href=\"https:\/\/genoomikainstituut.sendsmaily.net\/templates\/3fb29c7d-60f2-4a08-a92e-74773cf08c3e\/html\/\">APRILL 2025\u00a0 <\/a><a href=\"https:\/\/genoomikainstituut.sendsmaily.net\/templates\/5ed5b64c-6c32-496a-9951-b86b34b8e5f1\/html\/\">(APRIL 2025 | eng)<\/a><\/p>\n\n\t\t\t\t\t\t<\/div>\n\t\t\t\t\t<\/div>\n\t\t\t\t<\/div>\n\t\t\t\t\t<\/div>\n\t<\/div>\n","protected":false},"excerpt":{"rendered":"<p>Tippkeskus \u201cEesti juured\u201d selgitab humanitaaria ja loodusteaduste koost\u00f6\u00f6s Eesti ja naaberalade kultuurilise ja geneetilise mitmekesisuse kujunemislugu. Tippkeskuse fookuses on evolutsioon \u2013 muutused ajas ja ruumis \u2013 selle m\u00f5iste k\u00f5ige mitmekesisemates ilmingutes. Selleks luuakse uuenduslik, eri valdkondi ja meetodeid l\u00f5imiv\u00a0erialade\u00fclene\u00a0raamistik inimeste, &#8230;<\/p>\n","protected":false},"author":745,"featured_media":0,"parent":0,"menu_order":0,"comment_status":"closed","ping_status":"closed","template":"","meta":{"_acf_changed":false,"inline_featured_image":false,"footnotes":""},"class_list":["post-454","page","type-page","status-publish","hentry"],"acf":[],"_links":{"self":[{"href":"https:\/\/sisu.ut.ee\/eestijuured\/wp-json\/wp\/v2\/pages\/454","targetHints":{"allow":["GET"]}}],"collection":[{"href":"https:\/\/sisu.ut.ee\/eestijuured\/wp-json\/wp\/v2\/pages"}],"about":[{"href":"https:\/\/sisu.ut.ee\/eestijuured\/wp-json\/wp\/v2\/types\/page"}],"author":[{"embeddable":true,"href":"https:\/\/sisu.ut.ee\/eestijuured\/wp-json\/wp\/v2\/users\/745"}],"replies":[{"embeddable":true,"href":"https:\/\/sisu.ut.ee\/eestijuured\/wp-json\/wp\/v2\/comments?post=454"}],"version-history":[{"count":7,"href":"https:\/\/sisu.ut.ee\/eestijuured\/wp-json\/wp\/v2\/pages\/454\/revisions"}],"predecessor-version":[{"id":1446,"href":"https:\/\/sisu.ut.ee\/eestijuured\/wp-json\/wp\/v2\/pages\/454\/revisions\/1446"}],"wp:attachment":[{"href":"https:\/\/sisu.ut.ee\/eestijuured\/wp-json\/wp\/v2\/media?parent=454"}],"curies":[{"name":"wp","href":"https:\/\/api.w.org\/{rel}","templated":true}]}}