{"id":22,"date":"2025-01-06T15:16:32","date_gmt":"2025-01-06T13:16:32","guid":{"rendered":"https:\/\/sisu.ut.ee\/eestijuured\/?page_id=22"},"modified":"2025-12-03T12:12:45","modified_gmt":"2025-12-03T10:12:45","slug":"kontaktid","status":"publish","type":"page","link":"https:\/\/sisu.ut.ee\/eestijuured\/kontaktid\/","title":{"rendered":"Kontaktid"},"content":{"rendered":"<div class=\"person-card person-card--wide border-bottom py-2 mb-4\">\n\t\t<div class=\"row px-2 px-lg-1\">\n\t\t\t<div class=\"col-md-4\">\n\t\t\t\t\t\t\t\t\t<h3 class=\"h4 mb-2\">Kristiina Tambets<\/h3>\n\t\t\t\t\t\t\t<\/div>\n\t\t\t<div class=\"col-md-4\">\n\t\t\t\t\t\t\t\t\t<div class=\"person-card__description mb-2 mb-md-0\">\n\t\t\t\t\t\t<p>tippkeskuse juht<\/p>\n\n\t\t\t\t\t<\/div>\n\t\t\t\t\t\t\t<\/div>\n\t\t\t<div class=\"col-md-4\">\n\t\t\t\t\t\t\t\t\t<div class=\"person-card__info text-md-end\">\n\t\t\t\t\t\t\t\t\t\t\t\t\t<p class=\"mb-0\">+372 7375054<\/p>\n\t\t\t\t\t\t\t\t\t\t\t\t\t\t\t\t\t\t\t\t\t\t\t\t\t<a href=\"mailto:kristiina.tambets@ut.ee\" class=\"mb-0\">kristiina.tambets@ut.ee<\/a>\n\t\t\t\t\t\t\t\t\t\t\t<\/div>\n\t\t\t\t\t\t\t<\/div>\n\t\t<\/div>\n\t<\/div>\n\n\n<div class=\"person-card person-card--wide border-bottom py-2 mb-4\">\n\t\t<div class=\"row px-2 px-lg-1\">\n\t\t\t<div class=\"col-md-4\">\n\t\t\t\t\t\t\t\t\t<h3 class=\"h4 mb-2\">Monika N\u00f5mm<\/h3>\n\t\t\t\t\t\t\t<\/div>\n\t\t\t<div class=\"col-md-4\">\n\t\t\t\t\t\t\t\t\t<div class=\"person-card__description mb-2 mb-md-0\">\n\t\t\t\t\t\t<p>projektijuht<\/p>\n\n\t\t\t\t\t<\/div>\n\t\t\t\t\t\t\t<\/div>\n\t\t\t<div class=\"col-md-4\">\n\t\t\t\t\t\t\t\t\t<div class=\"person-card__info text-md-end\">\n\t\t\t\t\t\t\t\t\t\t\t\t\t\t\t\t\t\t\t\t\t\t\t\t\t<a href=\"mailto:monika.nomm@ut.ee\" class=\"mb-0\">monika.nomm@ut.ee<\/a>\n\t\t\t\t\t\t\t\t\t\t\t<\/div>\n\t\t\t\t\t\t\t<\/div>\n\t\t<\/div>\n\t<\/div>\n\n\n<div class=\"person-card person-card--wide border-bottom py-2 mb-4\">\n\t\t<div class=\"row px-2 px-lg-1\">\n\t\t\t<div class=\"col-md-4\">\n\t\t\t\t\t\t\t\t\t<h3 class=\"h4 mb-2\">Miina Norvik<\/h3>\n\t\t\t\t\t\t\t<\/div>\n\t\t\t<div class=\"col-md-4\">\n\t\t\t\t\t\t\t\t\t<div class=\"person-card__description mb-2 mb-md-0\">\n\t\t\t\t\t\t<p>teaduskoordinaator<\/p>\n\n\t\t\t\t\t<\/div>\n\t\t\t\t\t\t\t<\/div>\n\t\t\t<div class=\"col-md-4\">\n\t\t\t\t\t\t\t\t\t<div class=\"person-card__info text-md-end\">\n\t\t\t\t\t\t\t\t\t\t\t\t\t\t\t\t\t\t\t<p class=\"mb-0\">+372 5237529<\/p>\n\t\t\t\t\t\t\t\t\t\t\t\t\t\t\t\t\t\t\t<a href=\"mailto:miina.norvik@ut.ee\" class=\"mb-0\">miina.norvik@ut.ee<\/a>\n\t\t\t\t\t\t\t\t\t\t\t<\/div>\n\t\t\t\t\t\t\t<\/div>\n\t\t<\/div>\n\t<\/div>\n\n\n<div class=\"person-card person-card--wide border-bottom py-2 mb-4\">\n\t\t<div class=\"row px-2 px-lg-1\">\n\t\t\t<div class=\"col-md-4\">\n\t\t\t\t\t\t\t\t\t<h3 class=\"h4 mb-2\">Lota Vana<\/h3>\n\t\t\t\t\t\t\t<\/div>\n\t\t\t<div class=\"col-md-4\">\n\t\t\t\t\t\t\t\t\t<div class=\"person-card__description mb-2 mb-md-0\">\n\t\t\t\t\t\t<p>kommunikatsioonijuht<\/p>\n\n\t\t\t\t\t<\/div>\n\t\t\t\t\t\t\t<\/div>\n\t\t\t<div class=\"col-md-4\">\n\t\t\t\t\t\t\t\t\t<div class=\"person-card__info text-md-end\">\n\t\t\t\t\t\t\t\t\t\t\t\t\t\t\t\t\t\t\t\t\t\t\t\t\t<a href=\"mailto:lota.vana@ut.ee\" class=\"mb-0\">lota.vana@ut.ee<\/a>\n\t\t\t\t\t\t\t\t\t\t\t<\/div>\n\t\t\t\t\t\t\t<\/div>\n\t\t<\/div>\n\t<\/div>\n\n\n\n<h2 class=\"wp-block-heading\">T\u00f6\u00f6r\u00fchmade juhid<\/h2>\n\n\n\n<p><\/p>\n\n\n\n<p><strong>Mari T\u00f5rv, <\/strong>Tartu \u00dclikool, arheokeemia<\/p>\n\n\n\n<p><strong>Kristiina Tambets<\/strong>, Tartu \u00dclikool, arheogenoomika<\/p>\n\n\n\n<p><strong>Heiki Valk,<\/strong> Tartu \u00dclikool, arheoloogia<\/p>\n\n\n\n<p><strong>Siim Veski<\/strong>, TalTech, paleokliima ja -\u00f6koloogia<\/p>\n\n\n\n<p><strong>Anneli Poska<\/strong>, TalTech, paleokliima ja -\u00f6koloogia<\/p>\n\n\n\n<p><strong>Urmas Saarma<\/strong>, Tartu \u00dclikool, arheozooloogia<\/p>\n\n\n\n<p><strong>Mari V\u00e4ina<\/strong>, Eesti Kirjandusmuuseum, folkloristika ja kultuurigeograafia<\/p>\n\n\n\n<p><strong>Gerson Klumpp<\/strong>, Tartu \u00dclikool, lingvistika<\/p>\n","protected":false},"excerpt":{"rendered":"<p>T\u00f6\u00f6r\u00fchmade juhid Mari T\u00f5rv, Tartu \u00dclikool, arheokeemia Kristiina Tambets, Tartu \u00dclikool, arheogenoomika Heiki Valk, Tartu \u00dclikool, arheoloogia Siim Veski, TalTech, paleokliima ja -\u00f6koloogia Anneli Poska, TalTech, paleokliima ja -\u00f6koloogia Urmas Saarma, Tartu \u00dclikool, arheozooloogia Mari V\u00e4ina, Eesti Kirjandusmuuseum, folkloristika ja &#8230;<\/p>\n","protected":false},"author":745,"featured_media":0,"parent":0,"menu_order":0,"comment_status":"closed","ping_status":"closed","template":"","meta":{"_acf_changed":false,"inline_featured_image":false,"footnotes":""},"class_list":["post-22","page","type-page","status-publish","hentry"],"acf":[],"_links":{"self":[{"href":"https:\/\/sisu.ut.ee\/eestijuured\/wp-json\/wp\/v2\/pages\/22","targetHints":{"allow":["GET"]}}],"collection":[{"href":"https:\/\/sisu.ut.ee\/eestijuured\/wp-json\/wp\/v2\/pages"}],"about":[{"href":"https:\/\/sisu.ut.ee\/eestijuured\/wp-json\/wp\/v2\/types\/page"}],"author":[{"embeddable":true,"href":"https:\/\/sisu.ut.ee\/eestijuured\/wp-json\/wp\/v2\/users\/745"}],"replies":[{"embeddable":true,"href":"https:\/\/sisu.ut.ee\/eestijuured\/wp-json\/wp\/v2\/comments?post=22"}],"version-history":[{"count":16,"href":"https:\/\/sisu.ut.ee\/eestijuured\/wp-json\/wp\/v2\/pages\/22\/revisions"}],"predecessor-version":[{"id":1269,"href":"https:\/\/sisu.ut.ee\/eestijuured\/wp-json\/wp\/v2\/pages\/22\/revisions\/1269"}],"wp:attachment":[{"href":"https:\/\/sisu.ut.ee\/eestijuured\/wp-json\/wp\/v2\/media?parent=22"}],"curies":[{"name":"wp","href":"https:\/\/api.w.org\/{rel}","templated":true}]}}