{"id":20,"date":"2025-01-06T15:16:32","date_gmt":"2025-01-06T13:16:32","guid":{"rendered":"https:\/\/sisu.ut.ee\/eestijuured\/?page_id=20"},"modified":"2025-12-03T01:16:16","modified_gmt":"2025-12-02T23:16:16","slug":"lingvistika","status":"publish","type":"page","link":"https:\/\/sisu.ut.ee\/eestijuured\/lingvistika\/","title":{"rendered":"Lingvistika"},"content":{"rendered":"<p>Lingvistika uurimisr\u00fchm koondab Tartu \u00dclikooli eesti ja \u00fcldkeeleteaduse instituudi keeleteadlasi, kelle uurimist\u00f6\u00f6 h\u00f5lmab uurali keelte grammatika ning selle kujunemise neid valdkondi, mida on v\u00e4hem kirjeldatud ja m\u00f5testatud (nt modaalpartiklite ja diskursuse organiseerimise markerite p\u00e4ritolu, funktsioon ja areng v\u00e4iksemates uurali keeltes). \u00dchtlasi uurime s\u00fcstemaatiliselt struktuurilisi, aga ka leksikaalseid muutusi, mis on toimunud eesti, liivi ja teistes l\u00e4\u00e4nemeresoome keeltes. Kasutame selleks uute andmebaaside (UraTyp ja Grambank) v\u00f5imalusi. Eriti huvitavad meid kontaktidest tingitud muutused, nende d\u00fcnaamika, tagaj\u00e4rjed ja v\u00f5imalik seletuspotentsiaal kohalike keeler\u00fchmade ajalugu silmas pidades.\u00a0\u00a0<\/p>\n\n\n\n<p>Nii suureneb arusaam eesti keele, teiste l\u00e4\u00e4nemeresoome keelte ning nende idapoolsete sugulaskeelte vahekorrast. Samuti lisandub teadmist arenguprotsessidest, mis vastavate erinevusteni on viinud. Uued tulemused nendes uurimisvaldkondades aitavad kaasa \u00fclalnimetatud andmebaaside t\u00e4iustamisele ning v\u00f5imaldavad pikemas perspektiivis arendada andmetest l\u00e4htuvat meetodit, mille puhul t\u00fcpoloogilist ja ajaloolist infot saab k\u00e4sitleda koos.\u00a0<\/p>\n\n\n<div class=\"person-card border rounded p-2 pb-4 mb-4\">\n\t<div class=\"d-flex \">\n\t\t\t\t\t<img loading=\"lazy\" decoding=\"async\" width=\"150\" height=\"150\" src=\"https:\/\/sisu.ut.ee\/wp-content\/uploads\/sites\/862\/Gerson-Klumpp-e1764709730965-150x150.jpg\" class=\"flex-shrink-0 object-fit-cover person-card__image img-fluid rounded mb-2 me-2\" alt=\"\">\n\t\t\t\t<div class=\"person-card__info\">\n\t\t\t\t\t\t\t<h3 class=\"h4 mb-2\">Prof. Gerson Klumpp<\/h3>\n\t\t\t\t\t\t\t\t\t\t<div class=\"mb-2\">\n\t\t\t\t\t<p>Tartu \u00dclikool, Humanitaarteaduste ja kunstide valdkond, eesti ja \u00fcldkeeleteaduse instituut, soome-ugri keelte professor; lingvistika uurimisr\u00fchma juht<\/p>\n\n\t\t\t\t<\/div>\n\t\t\t\t\t\t\t\t\t\t\t\t\t\t<\/div>\n\t<\/div>\n\t<\/div>\n\n\n\n<h2 class=\"wp-block-heading\">Uurimisr\u00fchma liikmed<\/h2>\n\n\n\n<p><a href=\"https:\/\/www.etis.ee\/CV\/Gerson_Klumpp\/\" data-type=\"link\" data-id=\"https:\/\/www.bing.com\/search?pglt=41&amp;q=gerson+klumpp+eesti+ja+\u00fcldkeeleteadus&amp;cvid=7fc9823c0db04bc48bdb0c5dfc6d96aa&amp;gs_lcrp=EgRlZGdlKgYIABBFGDkyBggAEEUYOTIICAEQ6QcY_FUyBwgCEOsHGEDSAQg1Mjg0ajBqMagCALACAA&amp;FORM=ANNAB1&amp;PC=U531\"><strong>Gerson Klumpp<\/strong><\/a>, soome-ugri keelte professor, lingvistika uurimisr\u00fchma juht<\/p>\n\n\n\n<p><strong><a href=\"https:\/\/www.etis.ee\/portal\/persons\/display\/8d1c0448-90a7-4a74-b22f-17639592b23c\/est\" data-type=\"link\" data-id=\"https:\/\/www.etis.ee\/portal\/persons\/display\/8d1c0448-90a7-4a74-b22f-17639592b23c\/est\">Karl Pajusalu<\/a><\/strong>, eesti keele ajaloo ja murrete professor, akadeemik, p\u00f5hit\u00e4itja<\/p>\n\n\n\n<p><strong><a href=\"https:\/\/www.etis.ee\/portal\/persons\/display\/bf59634b-e8f3-4abb-a123-eb53a82bbe85\/est\" data-type=\"link\" data-id=\"https:\/\/www.etis.ee\/portal\/persons\/display\/bf59634b-e8f3-4abb-a123-eb53a82bbe85\/est\">Helle Metslang<\/a><\/strong>, emeriitprofessor, p\u00f5hit\u00e4itja<\/p>\n\n\n\n<p><strong><a href=\"https:\/\/www.etis.ee\/portal\/persons\/display\/42664776-ac3a-4235-84fa-37cce12a5c91\/est\" data-type=\"link\" data-id=\"https:\/\/www.etis.ee\/portal\/persons\/display\/42664776-ac3a-4235-84fa-37cce12a5c91\/est\">Petar Dimitrov Kehayov<\/a><\/strong>, l\u00e4\u00e4nemeresoome keelte professor, p\u00f5hit\u00e4itja<\/p>\n\n\n\n<p><strong><a href=\"https:\/\/www.etis.ee\/portal\/persons\/display\/bd3578fc-9997-4a9d-b435-aa35de48fda0\/est\" data-type=\"link\" data-id=\"https:\/\/www.etis.ee\/portal\/persons\/display\/bd3578fc-9997-4a9d-b435-aa35de48fda0\/est\">Miina Norvik<\/a><\/strong>, l\u00e4\u00e4nemeresoome keelte ja keelet\u00fcpoloogia kaasprofessor p\u00f5hit\u00e4itja<\/p>\n\n\n\n<p><strong><a href=\"https:\/\/www.etis.ee\/portal\/persons\/display\/61550b9b-a696-4d6e-965b-f26a62890ad4\/est\" data-type=\"link\" data-id=\"https:\/\/www.etis.ee\/portal\/persons\/display\/61550b9b-a696-4d6e-965b-f26a62890ad4\/est\">Elena Markus<\/a><\/strong>, l\u00e4\u00e4nemeresoome keelte kaasprofessor, p\u00f5hit\u00e4itja<\/p>\n\n\n\n<p><strong><a href=\"https:\/\/www.etis.ee\/portal\/persons\/display\/c8ca3574-a178-460e-b72c-af4c8d8b3bc3\/est\" data-type=\"link\" data-id=\"https:\/\/www.etis.ee\/portal\/persons\/display\/c8ca3574-a178-460e-b72c-af4c8d8b3bc3\/est\">Denys Teptiuk<\/a><\/strong>, soome-ugri keelte teadur, p\u00f5hit\u00e4itja<\/p>\n\n\n\n<p><strong><a href=\"https:\/\/www.etis.ee\/portal\/persons\/display\/c23cc201-c49f-439c-9e87-a9defbb1234f\/est\" data-type=\"link\" data-id=\"https:\/\/www.etis.ee\/portal\/persons\/display\/c23cc201-c49f-439c-9e87-a9defbb1234f\/est\">Eva Saar<\/a><\/strong>, l\u00e4\u00e4nemeresoome keelte teadur, p\u00f5hit\u00e4itja<\/p>\n\n\n\n<p><strong><a href=\"https:\/\/www.etis.ee\/portal\/persons\/display\/2bb1a9b8-2e28-49bc-ad8d-fb17f45f4df2\/est\" data-type=\"link\" data-id=\"https:\/\/www.etis.ee\/portal\/persons\/display\/2bb1a9b8-2e28-49bc-ad8d-fb17f45f4df2\/est\">Triin Todesk<\/a><\/strong>, l\u00f5unaeesti keelte teadur, p\u00f5hit\u00e4itja<\/p>\n\n\n\n<p><strong><a href=\"https:\/\/www.etis.ee\/portal\/persons\/display\/3d6fdf1c-c37a-4fe5-8641-b64da0f3f4f4\/est\" data-type=\"link\" data-id=\"https:\/\/www.etis.ee\/portal\/persons\/display\/3d6fdf1c-c37a-4fe5-8641-b64da0f3f4f4\/est\">Marili Tomingas<\/a><\/strong>, liivi keele teadur, p\u00f5hit\u00e4itja<\/p>\n\n\n\n<p><a href=\"https:\/\/www.etis.ee\/portal\/persons\/display\/a96c7c82-306d-434a-8107-08c8ff81bb83\/est\" data-type=\"link\" data-id=\"https:\/\/www.etis.ee\/portal\/persons\/display\/a96c7c82-306d-434a-8107-08c8ff81bb83\/est\"><strong>Axel Castren Jagau<\/strong>,<\/a> eesti ja soome-ugri keeleteaduse nooremteadur, t\u00e4itja<\/p>\n\n\n\n<p><strong><a href=\"https:\/\/www.etis.ee\/portal\/persons\/display\/3f6a9ee3-4f85-4587-a739-64ba8f2252ef\/est\" data-type=\"link\" data-id=\"https:\/\/www.etis.ee\/portal\/persons\/display\/3f6a9ee3-4f85-4587-a739-64ba8f2252ef\/est\">Merit Niinem\u00e4gi<\/a><\/strong>, saami keelte nooremteadur, t\u00e4itja<\/p>\n\n\n\n<p><strong><a href=\"https:\/\/www.etis.ee\/portal\/persons\/display\/e3d1f0ba-be3b-470f-b4fa-9aad6ea86f1f\/est\" data-type=\"link\" data-id=\"https:\/\/www.etis.ee\/portal\/persons\/display\/e3d1f0ba-be3b-470f-b4fa-9aad6ea86f1f\/est\">Iuliia Zubova<\/a><\/strong>, fennougristika nooremteadur, t\u00e4itja<\/p>\n\n\n\n<p><strong><a href=\"https:\/\/www.etis.ee\/portal\/persons\/display\/886a1753-b54a-4862-a9ba-bcc7695174f8\/est\" data-type=\"link\" data-id=\"https:\/\/www.etis.ee\/portal\/persons\/display\/886a1753-b54a-4862-a9ba-bcc7695174f8\/est\">Eda-Riin Tuuling<\/a><\/strong>, komi keele nooremteadur, t\u00e4itja<\/p>\n\n\n\n<p><strong><a href=\"https:\/\/www.etis.ee\/portal\/persons\/display\/95ff8330-2863-4cb1-af08-fa498d4ec3be\/est\" data-type=\"link\" data-id=\"https:\/\/www.etis.ee\/portal\/persons\/display\/95ff8330-2863-4cb1-af08-fa498d4ec3be\/est\">Patrick O\u2019Rourke<\/a><\/strong>, eesti ja soome-ugri keeleteaduse nooremteadur, t\u00e4itja<\/p>\n\n\n\n<p><strong><a href=\"https:\/\/www.etis.ee\/portal\/persons\/display\/b109855c-d71e-4068-9c9e-abe56a27a740\/est\" data-type=\"link\" data-id=\"https:\/\/www.etis.ee\/portal\/persons\/display\/b109855c-d71e-4068-9c9e-abe56a27a740\/est\">Janek Vaab<\/a><\/strong>, fennougristika nooremteadur, t\u00e4itja<\/p>\n\n\n\n<p><\/p>\n","protected":false},"excerpt":{"rendered":"<p>Lingvistika uurimisr\u00fchm koondab Tartu \u00dclikooli eesti ja \u00fcldkeeleteaduse instituudi keeleteadlasi, kelle uurimist\u00f6\u00f6 h\u00f5lmab uurali keelte grammatika ning selle kujunemise neid valdkondi, mida on v\u00e4hem kirjeldatud ja m\u00f5testatud (nt modaalpartiklite ja diskursuse organiseerimise markerite p\u00e4ritolu, funktsioon ja areng v\u00e4iksemates uurali keeltes). &#8230;<\/p>\n","protected":false},"author":745,"featured_media":1006,"parent":0,"menu_order":0,"comment_status":"closed","ping_status":"closed","template":"","meta":{"_acf_changed":false,"inline_featured_image":false,"footnotes":""},"class_list":["post-20","page","type-page","status-publish","has-post-thumbnail","hentry"],"acf":[],"_links":{"self":[{"href":"https:\/\/sisu.ut.ee\/eestijuured\/wp-json\/wp\/v2\/pages\/20","targetHints":{"allow":["GET"]}}],"collection":[{"href":"https:\/\/sisu.ut.ee\/eestijuured\/wp-json\/wp\/v2\/pages"}],"about":[{"href":"https:\/\/sisu.ut.ee\/eestijuured\/wp-json\/wp\/v2\/types\/page"}],"author":[{"embeddable":true,"href":"https:\/\/sisu.ut.ee\/eestijuured\/wp-json\/wp\/v2\/users\/745"}],"replies":[{"embeddable":true,"href":"https:\/\/sisu.ut.ee\/eestijuured\/wp-json\/wp\/v2\/comments?post=20"}],"version-history":[{"count":19,"href":"https:\/\/sisu.ut.ee\/eestijuured\/wp-json\/wp\/v2\/pages\/20\/revisions"}],"predecessor-version":[{"id":1209,"href":"https:\/\/sisu.ut.ee\/eestijuured\/wp-json\/wp\/v2\/pages\/20\/revisions\/1209"}],"wp:featuredmedia":[{"embeddable":true,"href":"https:\/\/sisu.ut.ee\/eestijuured\/wp-json\/wp\/v2\/media\/1006"}],"wp:attachment":[{"href":"https:\/\/sisu.ut.ee\/eestijuured\/wp-json\/wp\/v2\/media?parent=20"}],"curies":[{"name":"wp","href":"https:\/\/api.w.org\/{rel}","templated":true}]}}