{"id":18,"date":"2025-01-06T15:16:32","date_gmt":"2025-01-06T13:16:32","guid":{"rendered":"https:\/\/sisu.ut.ee\/eestijuured\/?page_id=18"},"modified":"2025-12-03T01:57:03","modified_gmt":"2025-12-02T23:57:03","slug":"arheozoloogia","status":"publish","type":"page","link":"https:\/\/sisu.ut.ee\/eestijuured\/arheozoloogia\/","title":{"rendered":"Arheozooloogia"},"content":{"rendered":"<p>Arheozooloogia uurimisr\u00fchm \u00fchendab kolme teadusasutuse teadlasi: Tartu \u00dclikooli \u00f6koloogia ja maateaduste instituudist, ajaloo ja arheoloogia instituudist ja Tallinna \u00dclikooli arheoloogia teaduskogust.\u00a0<\/p>\n\n\n\n<p>Arheozooloogia t\u00f6\u00f6r\u00fchma eesm\u00e4rk on uurida kodustatud loomade rolli inim\u00fchiskonna ajaloos. \u00dcks eesm\u00e4rke on arheoloogia ja geneetika meetodite abil loomaluid ja koproliite kasutades uurida meie aladele toodud erinevate koduloomade p\u00e4ritolu, nende populatsioonide j\u00e4rjepidevust ajas ja ruumis ning seda, milliseid muutusi on kaasa toonud keskkonna nihked ja inimr\u00e4nded. Samuti huvitab meid, kuidas on ajas muutunud haigused, mis kanduvad loomadelt inimesele ja vastupidi (zoonootilised haigused) ning kuidas on sellega seotud koduloomade ja zoonootiliste patogeenide leviku muutusted.\u00a0<\/p>\n\n\n<div class=\"person-card border rounded p-2 pb-4 mb-4\">\n\t<div class=\"d-flex \">\n\t\t\t\t\t<img loading=\"lazy\" decoding=\"async\" width=\"150\" height=\"150\" src=\"https:\/\/sisu.ut.ee\/wp-content\/uploads\/sites\/862\/Urmas-Saarma_foto-TK-kodulehele_9.01.2025-150x150.jpg\" class=\"flex-shrink-0 object-fit-cover person-card__image img-fluid rounded mb-2 me-2\" alt=\"\">\n\t\t\t\t<div class=\"person-card__info\">\n\t\t\t\t\t\t\t<h3 class=\"h4 mb-2\">Prof. Urmas Saarma<\/h3>\n\t\t\t\t\t\t\t\t\t\t<div class=\"mb-2\">\n\t\t\t\t\t<p>Tartu \u00dclikool, Loodus- ja t\u00e4ppisteaduste valdkond, \u00f6koloogia ja maateaduste instituut; arheozooloogia uurimisr\u00fchma juht<\/p>\n\n\t\t\t\t<\/div>\n\t\t\t\t\t\t\t\t\t\t\t\t\t\t<\/div>\n\t<\/div>\n\t<\/div>\n\n\n\n<p><\/p>\n\n\n\n<h2 class=\"wp-block-heading\">Uurimisr\u00fchma liikmed<\/h2>\n\n\n\n<p><a href=\"https:\/\/www.etis.ee\/CV\/Urmas_Saarma\/\"><strong>Urmas Saarma<\/strong><\/a>, terioloogia professor, arheozoloogia uurimisr\u00fchma juht<\/p>\n\n\n\n<p><strong><a href=\"https:\/\/www.etis.ee\/CV\/Harri_Valdmann\">Harri Valdmann<\/a><\/strong>, selgroogsete zooloogia kaasprofessor, p\u00f5hit\u00e4itja<\/p>\n\n\n\n<p><strong><a href=\"https:\/\/www.etis.ee\/CV\/Eve_Rannam%C3%A4e\/\">Eve Rannam\u00e4e<\/a><\/strong>, arheoloogia kaasprofessor, p\u00f5hit\u00e4itja<\/p>\n\n\n\n<p><strong><a href=\"https:\/\/www.etis.ee\/CV\/Liina_Kinkar\">Liina Anijalg<\/a><\/strong>, molekulaarse parasitoloogia teadur, p\u00f5hit\u00e4itja<\/p>\n\n\n\n<p><strong><a href=\"https:\/\/www.etis.ee\/CV\/Lembi_L%C3%B5ugas\/\">Lembi L\u00f5ugas<\/a><\/strong>, arheozooloogia kaasprofessor, p\u00f5hit\u00e4itja; Tallinna \u00dclikooli arheoloogia teaduskogu<\/p>\n\n\n\n<p><strong><a href=\"https:\/\/www.etis.ee\/CV\/Maris_Hindrikson\" data-type=\"link\" data-id=\"https:\/\/www.etis.ee\/CV\/Maris_Hindrikson\">Maris Hindrikson<\/a><\/strong>, terioloogia\u00a0teadur, p\u00f5hit\u00e4itja<\/p>\n\n\n\n<p><strong><a href=\"https:\/\/www.etis.ee\/CV\/Teivi_Laurim%C3%A4e\/\">Teivi Laurim\u00e4e<\/a><\/strong>, molekulaarse\u00a0parasitoloogia\u00a0teadur, p\u00f5hit\u00e4itja<\/p>\n\n\n\n<p><strong><a href=\"https:\/\/www.etis.ee\/CV\/Egle_Tammeleht\">Egle Tammeleht<\/a>, <\/strong>terioloogia teadur, p\u00f5hit\u00e4itja<\/p>\n\n\n\n<p><strong><a href=\"https:\/\/www.etis.ee\/CV\/Ants_Tull\">Ants Tull<\/a><\/strong>, terioloogia teadur, p\u00f5hit\u00e4itja<\/p>\n\n\n\n<p><strong><a href=\"https:\/\/www.etis.ee\/CV\/Anti_Biedermann\">Anti Biedermann<\/a><\/strong>, parasitoloogia nooremteadur, t\u00e4itja<\/p>\n\n\n\n<p><strong><a href=\"https:\/\/www.etis.ee\/CV\/Selena_J%C3%B5esuu\">Selena J\u00f5esuu<\/a><\/strong>, terioloogia nooremteadur, t\u00e4itja<\/p>\n","protected":false},"excerpt":{"rendered":"<p>Arheozooloogia uurimisr\u00fchm \u00fchendab kolme teadusasutuse teadlasi: Tartu \u00dclikooli \u00f6koloogia ja maateaduste instituudist, ajaloo ja arheoloogia instituudist ja Tallinna \u00dclikooli arheoloogia teaduskogust.\u00a0 Arheozooloogia t\u00f6\u00f6r\u00fchma eesm\u00e4rk on uurida kodustatud loomade rolli inim\u00fchiskonna ajaloos. \u00dcks eesm\u00e4rke on arheoloogia ja geneetika meetodite abil loomaluid &#8230;<\/p>\n","protected":false},"author":745,"featured_media":335,"parent":0,"menu_order":0,"comment_status":"closed","ping_status":"closed","template":"","meta":{"_acf_changed":false,"inline_featured_image":false,"footnotes":""},"class_list":["post-18","page","type-page","status-publish","has-post-thumbnail","hentry"],"acf":[],"_links":{"self":[{"href":"https:\/\/sisu.ut.ee\/eestijuured\/wp-json\/wp\/v2\/pages\/18","targetHints":{"allow":["GET"]}}],"collection":[{"href":"https:\/\/sisu.ut.ee\/eestijuured\/wp-json\/wp\/v2\/pages"}],"about":[{"href":"https:\/\/sisu.ut.ee\/eestijuured\/wp-json\/wp\/v2\/types\/page"}],"author":[{"embeddable":true,"href":"https:\/\/sisu.ut.ee\/eestijuured\/wp-json\/wp\/v2\/users\/745"}],"replies":[{"embeddable":true,"href":"https:\/\/sisu.ut.ee\/eestijuured\/wp-json\/wp\/v2\/comments?post=18"}],"version-history":[{"count":16,"href":"https:\/\/sisu.ut.ee\/eestijuured\/wp-json\/wp\/v2\/pages\/18\/revisions"}],"predecessor-version":[{"id":1218,"href":"https:\/\/sisu.ut.ee\/eestijuured\/wp-json\/wp\/v2\/pages\/18\/revisions\/1218"}],"wp:featuredmedia":[{"embeddable":true,"href":"https:\/\/sisu.ut.ee\/eestijuured\/wp-json\/wp\/v2\/media\/335"}],"wp:attachment":[{"href":"https:\/\/sisu.ut.ee\/eestijuured\/wp-json\/wp\/v2\/media?parent=18"}],"curies":[{"name":"wp","href":"https:\/\/api.w.org\/{rel}","templated":true}]}}