{"id":1480,"date":"2026-02-06T11:06:34","date_gmt":"2026-02-06T09:06:34","guid":{"rendered":"https:\/\/sisu.ut.ee\/eestijuured\/?page_id=1480"},"modified":"2026-03-06T15:15:00","modified_gmt":"2026-03-06T13:15:00","slug":"interdistsiplinaarne-vaade-laanemereaarsete-maade-asustusloole","status":"publish","type":"page","link":"https:\/\/sisu.ut.ee\/eestijuured\/interdistsiplinaarne-vaade-laanemereaarsete-maade-asustusloole\/","title":{"rendered":"Interdistsiplinaarne vaade L\u00e4\u00e4nemere-\u00e4\u00e4rsete maade asustusloole"},"content":{"rendered":"<div class=\"wp-block-columns is-layout-flex wp-container-core-columns-is-layout-9d6595d7 wp-block-columns-is-layout-flex\">\n<div class=\"wp-block-column is-layout-flow wp-block-column-is-layout-flow\">\n<p>Eesti Juurte tippkeskus koost\u00f6\u00f6s Tartu \u00dclikooli arheoloogia, geneetika ja lingvistika sidusuuringute kolleegiumiga korraldab sellel kevadel ingliskeelset veebikursust \u201cInterdistsiplinaarne vaade L\u00e4\u00e4nemere-\u00e4\u00e4rsete maade asustusloole\u201d.<\/p>\n\n\n\n<p>Kursus annab \u00fclevaate L\u00e4\u00e4nemere-\u00e4\u00e4rsete maade asustusloost arheoloogia, geneetika, lingvistika ja folkloristika vaatenurgast piirkondlike keskkonnaolude kontekstis. Samuti v\u00f5imaldab tutvuda teoreetiliste ja metodoloogiliste l\u00e4henemistega L\u00e4\u00e4nemere \u00fcmbruses aset leidnud kontaktide uurimisel.<\/p>\n\n\n\n<p>Kursus on Tartu \u00dclikooli kevadsemestri plaanis ning T\u00dc \u00fcli\u00f5pilastel on v\u00f5imalik saada 3EAP-d (<a href=\"https:\/\/ois2.ut.ee\/#\/courses\/LTGI.00.011\/version\/ef39d72e-dcd2-23fb-6abe-d1fd7d2bbf60\/details\" data-type=\"link\" data-id=\"https:\/\/ois2.ut.ee\/#\/courses\/LTGI.00.011\/version\/ef39d72e-dcd2-23fb-6abe-d1fd7d2bbf60\/details\">registreerumine ja t\u00e4psemad n\u00f5uded \u00d5ISis, ainekood LTGI.00.011<\/a>). Kursust pakutakse ka GLAD-v\u00f5rgustikus osalevate \u00fclikoolide \u00fcli\u00f5pilastele, kellel samuti on v\u00f5imalik saada kursuse eest ainepunkte.<\/p>\n\n\n\n<p>\u00dcli\u00f5pilastele lisaks on kursusele v\u00e4ga oodatud ka vabakuulajad, kellel palume end registreerida <a href=\"https:\/\/survey.ut.ee\/index.php\/546871?lang=et\" data-type=\"link\" data-id=\"https:\/\/survey.ut.ee\/index.php\/546871?lang=et\">SIIN<\/a>. Vormi sisestatud meiliaadressile saadetakse enne kursuse algust Zoomiga \u00fchinemise link.<\/p>\n\n\n\n<p>Loengud toimuvad kolmap\u00e4eviti kl 16.15-17.45 Zoomis. <strong>NB! <\/strong>Teine veebiloeng toimub erandkorras teisip\u00e4eval kl 16.15-17.45.<\/p>\n<\/div>\n\n\n\n<div class=\"wp-block-column is-layout-flow wp-block-column-is-layout-flow\">\n<figure class=\"wp-block-image size-large\"><img loading=\"lazy\" decoding=\"async\" width=\"1024\" height=\"721\" src=\"https:\/\/sisu.ut.ee\/wp-content\/uploads\/sites\/862\/2-1-1024x721.png\" alt=\"\" class=\"wp-image-1513\" srcset=\"https:\/\/sisu.ut.ee\/wp-content\/uploads\/sites\/862\/2-1-1024x721.png 1024w, https:\/\/sisu.ut.ee\/wp-content\/uploads\/sites\/862\/2-1-300x211.png 300w, https:\/\/sisu.ut.ee\/wp-content\/uploads\/sites\/862\/2-1-768x541.png 768w, https:\/\/sisu.ut.ee\/wp-content\/uploads\/sites\/862\/2-1-1920x1353.png 1920w, https:\/\/sisu.ut.ee\/wp-content\/uploads\/sites\/862\/2-1.png 2000w\" sizes=\"auto, (max-width: 1024px) 100vw, 1024px\"><\/figure>\n<\/div>\n<\/div>\n\n\n\n<p><\/p>\n\n\n\n<p><strong>Ajakava (inglise keeles)<\/strong><\/p>\n\n\n\n<p><\/p>\n\n\n\n<p><strong>March 4<\/strong><\/p>\n\n\n\n<p>Prof. Kristiina Tambets (University of Tartu): <strong>Introduction.<\/strong> <strong>CoE and Spatiotemporal patterns<\/strong><\/p>\n\n\n\n<p>Anneli Poska, Prof. Siim Veski (TalTech): <strong>Paleoclimate and Environment of the Baltic Sea region<\/strong>\u00a0\u00a0\u00a0\u00a0\u00a0\u00a0\u00a0\u00a0\u00a0 \u00a0\u00a0\u00a0\u00a0\u00a0\u00a0\u00a0\u00a0\u00a0\u00a0\u00a0\u00a0\u00a0\u00a0\u00a0<\/p>\n\n\n\n<p><strong>March 10 (Tuesday!)<\/strong><\/p>\n\n\n\n<p>Irina Khrustaleva (University of Tartu): <strong>Selected Aspects of the Stone Age in the Eastern Baltic<\/strong><\/p>\n\n\n\n<p>Prof. Mait Metspalu (University of Tartu): <strong>Ancient DNA perspective on Stone Age by the Baltic Sea\u00a0<\/strong><\/p>\n\n\n\n<p><strong>March 18<\/strong><\/p>\n\n\n\n<p>Prof. Gerson Klumpp (University of Tartu): <strong>Language relationship: The Uralic language family<\/strong><\/p>\n\n\n\n<p>Prof. Kristiina Tambets (University of Tartu): <strong>Reconstructing the history of Uralic language speakers using modern genomes and ancient DNA<\/strong><\/p>\n\n\n\n<p><strong>March 25<\/strong><\/p>\n\n\n\n<p>Prof. Valter Lang (University of Tartu): <strong>Introduction to Bronze and Iron Age archaeology<\/strong><\/p>\n\n\n\n<p>Lehti Saag (University of Tartu): <strong>Ancient DNA perspective on Bronze and Iron Age by the Baltic Sea<\/strong><\/p>\n\n\n\n<p>Prof. Heiki Valk (University of Tartu): <strong>\u00a0Natural and geographic factors as agents in forming the settlement, territorial units<\/strong> <strong>and cultures in the 6th-12th centuries<\/strong><\/p>\n\n\n\n<p><strong>April 8<\/strong><\/p>\n\n\n\n<p>Eve Rannam\u00e4e (University of Tartu): <strong>Archaeozoology of the Baltic region: faunal history from the Mesolithic to the Modern Period<\/strong><\/p>\n\n\n\n<p><strong>April 15<\/strong><\/p>\n\n\n\n<p>Mari T\u00f5rv, Kristiina Johanson (University of Tartu): <strong>Beyond survival: How food and subsistence define communities and places?<\/strong><\/p>\n\n\n\n<p><strong>April 22<\/strong><\/p>\n\n\n\n<p>Prof. Heiki Valk, Alena Kushniarevich: <strong>Medieval period by the Baltic Sea<\/strong><\/p>\n\n\n\n<p><strong>April 29\u00a0<\/strong><\/p>\n\n\n\n<p>Mari V\u00e4ina, Reet Hiiem\u00e4e (Estonian Literary Museum): <strong>Pathways for Reconstructing the Past: Exploring the Temporal Depth of Folklore<\/strong><\/p>\n\n\n\n<p><strong>May 6\u00a0<\/strong><\/p>\n\n\n\n<p>Prof. Karl Pajusalu, Miina Norvik (University of Tartu): <strong>Finnic languages in the Baltic Sea area<\/strong><\/p>\n\n\n\n<p><strong>May 13 <\/strong><\/p>\n\n\n\n<p>Kaarel Sikk (University of Tartu): <strong>The use of spatial models in investigating historical events in Estonia<\/strong><\/p>\n\n\n\n<p><strong>Concluding remarks<\/strong><\/p>\n\n\n\n<p><\/p>\n\n\n\n<p>.<\/p>\n\n\n\n<div class=\"wp-block-buttons is-content-justification-right is-layout-flex wp-container-core-buttons-is-layout-765c4724 wp-block-buttons-is-layout-flex\">\n<div class=\"wp-block-button\"><a class=\"wp-block-button__link wp-element-button\" href=\"https:\/\/ois2.ut.ee\/#\/courses\/LTGI.00.011\/version\/ef39d72e-dcd2-23fb-6abe-d1fd7d2bbf60\/details\">Registreerimine \u00d5IS-is (T\u00dc tudengitele)<\/a><\/div>\n\n\n\n<div class=\"wp-block-button\"><a class=\"wp-block-button__link wp-element-button\" href=\"https:\/\/survey.ut.ee\/index.php\/546871?lang=et\">Registreerumine vabakuulajatele<\/a><\/div>\n<\/div>\n\n\n\n<p><\/p>\n","protected":false},"excerpt":{"rendered":"<p>Eesti Juurte tippkeskus koost\u00f6\u00f6s Tartu \u00dclikooli arheoloogia, geneetika ja lingvistika sidusuuringute kolleegiumiga korraldab sellel kevadel ingliskeelset veebikursust \u201cInterdistsiplinaarne vaade L\u00e4\u00e4nemere-\u00e4\u00e4rsete maade asustusloole\u201d. Kursus annab \u00fclevaate L\u00e4\u00e4nemere-\u00e4\u00e4rsete maade asustusloost arheoloogia, geneetika, lingvistika ja folkloristika vaatenurgast piirkondlike keskkonnaolude kontekstis. Samuti v\u00f5imaldab tutvuda &#8230;<\/p>\n","protected":false},"author":745,"featured_media":1485,"parent":0,"menu_order":0,"comment_status":"closed","ping_status":"closed","template":"","meta":{"_acf_changed":false,"inline_featured_image":false,"footnotes":""},"class_list":["post-1480","page","type-page","status-publish","has-post-thumbnail","hentry"],"acf":[],"_links":{"self":[{"href":"https:\/\/sisu.ut.ee\/eestijuured\/wp-json\/wp\/v2\/pages\/1480","targetHints":{"allow":["GET"]}}],"collection":[{"href":"https:\/\/sisu.ut.ee\/eestijuured\/wp-json\/wp\/v2\/pages"}],"about":[{"href":"https:\/\/sisu.ut.ee\/eestijuured\/wp-json\/wp\/v2\/types\/page"}],"author":[{"embeddable":true,"href":"https:\/\/sisu.ut.ee\/eestijuured\/wp-json\/wp\/v2\/users\/745"}],"replies":[{"embeddable":true,"href":"https:\/\/sisu.ut.ee\/eestijuured\/wp-json\/wp\/v2\/comments?post=1480"}],"version-history":[{"count":14,"href":"https:\/\/sisu.ut.ee\/eestijuured\/wp-json\/wp\/v2\/pages\/1480\/revisions"}],"predecessor-version":[{"id":1624,"href":"https:\/\/sisu.ut.ee\/eestijuured\/wp-json\/wp\/v2\/pages\/1480\/revisions\/1624"}],"wp:featuredmedia":[{"embeddable":true,"href":"https:\/\/sisu.ut.ee\/eestijuured\/wp-json\/wp\/v2\/media\/1485"}],"wp:attachment":[{"href":"https:\/\/sisu.ut.ee\/eestijuured\/wp-json\/wp\/v2\/media?parent=1480"}],"curies":[{"name":"wp","href":"https:\/\/api.w.org\/{rel}","templated":true}]}}