{"id":1129,"date":"2025-10-29T13:30:56","date_gmt":"2025-10-29T11:30:56","guid":{"rendered":"https:\/\/sisu.ut.ee\/eestijuured\/?page_id=1129"},"modified":"2025-12-03T01:16:50","modified_gmt":"2025-12-02T23:16:50","slug":"arheoloogia","status":"publish","type":"page","link":"https:\/\/sisu.ut.ee\/eestijuured\/arheoloogia\/","title":{"rendered":"Arheoloogia"},"content":{"rendered":"<p>Arheoloogia t\u00f6\u00f6r\u00fchma kuuluvad Tartu \u00dclikooli arheoloogia osakonna teadlased, kelle teadust\u00f6\u00f6 katab kogu Eesti asustusloo etappe kiviajast uusajani, ulatudes eriti vanemate perioodide osas kaugele \u00fcle Eesti piiride. Arheoloogia t\u00f6\u00f6r\u00fchma eesm\u00e4rk on interdistsiplinaarse koost\u00f6\u00f6 raames tuua selgust Eesti rahva ja rahvastiku kujunemisloosse, tuginedes arheoloogilisele allikmaterjalile. Seda anal\u00fc\u00fcsitakse maastikugeograafia ja looduslike tingimuste kontekstis. Keskne uurimisk\u00fcsimus on Eesti muinasmaakondade kujunemislugu ning piirkondlike erip\u00e4rade ja identiteetide ning nende d\u00fcnaamika kajastumine arheoloogilises aineses.\u00a0<\/p>\n\n\n\n<p>Muinasaja l\u00f5ppj\u00e4rgu esmasteks k\u00f5rgema tasandi piirkondlikeks identiteedi\u00fcksusteks Eesti piires on muinasmaakonnad \u2013 L\u00e4ti Henriku kroonika \u201emaad\u201c v\u00f5i \u201eprovintsid\u201c. Kuna vastavad identiteedid olid 13. sajandi alguses k\u00f5rvaltvaataja jaoks selgesti tajutavad \u2013 vastasel juhul nad kirjalikes allikates sedav\u00f5rd selgesti ei kajastuks \u2013, v\u00f5iksid nende olemasolu ja erisused ilmneda ka arheoloogilises aineses.\u00a0<\/p>\n\n\n<div class=\"person-card border rounded p-2 pb-4 mb-4\">\n\t<div class=\"d-flex \">\n\t\t\t\t\t<img loading=\"lazy\" decoding=\"async\" width=\"150\" height=\"150\" src=\"https:\/\/sisu.ut.ee\/wp-content\/uploads\/sites\/862\/Heiki-150x150.jpg\" class=\"flex-shrink-0 object-fit-cover person-card__image img-fluid rounded mb-2 me-2\" alt=\"\">\n\t\t\t\t<div class=\"person-card__info\">\n\t\t\t\t\t\t\t<h3 class=\"h4 mb-2\">Prof. Heiki Valk<\/h3>\n\t\t\t\t\t\t\t\t\t\t<div class=\"mb-2\">\n\t\t\t\t\t<p>Tartu \u00dclikool, Humanitaarteaduste ja kunstide valdkond, ajaloo ja arheoloogia instituut, arheoloogia professor; arheoloogia uurimisr\u00fchma juht<\/p>\n\n\t\t\t\t<\/div>\n\t\t\t\t\t\t\t\t\t\t\t\t\t\t<\/div>\n\t<\/div>\n\t<\/div>\n\n\n\n<h2 class=\"wp-block-heading\">Uurimisr\u00fchma liikmed<\/h2>\n\n\n\n<p><strong><a href=\"https:\/\/www.etis.ee\/CV\/Heiki_Valk\/est\/\">Heiki Valk<\/a><\/strong>, arheoloogia professor, arheoloogia uurimisr\u00fchma juht<\/p>\n\n\n\n<p><strong><a href=\"https:\/\/www.etis.ee\/CV\/Valter_Lang\/est\/\">Valter Lang<\/a><\/strong>, arheoloogia professor, akadeemik, p\u00f5hit\u00e4itja<\/p>\n\n\n\n<p><strong><a href=\"https:\/\/www.etis.ee\/CV\/Aivar_Kriiska\">Aivar Kriiska<\/a><\/strong>, laboratoorse arheoloogia professor, p\u00f5hit\u00e4itja<\/p>\n\n\n\n<p><strong><a href=\"https:\/\/www.etis.ee\/CV\/Riina_Rammo\/\" data-type=\"link\" data-id=\"https:\/\/www.etis.ee\/CV\/Riina_Rammo\/\">Riina Rammo<\/a><\/strong>, arheoloogia kaasprofessor, p\u00f5hit\u00e4itja<\/p>\n\n\n\n<p><strong><a href=\"https:\/\/www.etis.ee\/CV\/Andres_Tvauri\/est\/\">Andres Tvauri<\/a><\/strong>, arheoloogia kaasprofessor, p\u00f5hit\u00e4itja<\/p>\n\n\n\n<p><strong><a href=\"https:\/\/www.etis.ee\/CV\/Pikne_Kama\/\">Pikne Kama<\/a><\/strong>, arheoloogia teadur, p\u00f5hit\u00e4itja<\/p>\n\n\n\n<p><strong><a href=\"https:\/\/www.etis.ee\/CV\/Ragnar_Saage\/\">Ragnar Saage<\/a><\/strong>, arheoloogia teadur, p\u00f5hit\u00e4itja<\/p>\n\n\n\n<p><strong><a href=\"https:\/\/www.etis.ee\/CV\/Martin_Malve\/\">Martin Malve<\/a><\/strong>, vana DNA teadust\u00f6\u00f6 spetsialist bioarheoloogia alal, t\u00e4itja<\/p>\n\n\n\n<p><strong><a href=\"https:\/\/www.etis.ee\/CV\/Linda_Vilumets\">Linda Vilumets<\/a><\/strong>, arheoloogia nooremteadur, t\u00e4itja<\/p>\n\n\n\n<p><strong><a href=\"https:\/\/www.etis.ee\/CV\/Maris_Niinesalu\">Maris Niinesalu-Moon<\/a><\/strong>, t\u00e4itja<\/p>\n\n\n\n<p><strong>Maria Smirnova<\/strong>, arheoloogia nooremteadur, t\u00e4itja<\/p>\n\n\n\n<p><\/p>\n\n\n\n<p><\/p>\n","protected":false},"excerpt":{"rendered":"<p>Arheoloogia t\u00f6\u00f6r\u00fchma kuuluvad Tartu \u00dclikooli arheoloogia osakonna teadlased, kelle teadust\u00f6\u00f6 katab kogu Eesti asustusloo etappe kiviajast uusajani, ulatudes eriti vanemate perioodide osas kaugele \u00fcle Eesti piiride. Arheoloogia t\u00f6\u00f6r\u00fchma eesm\u00e4rk on interdistsiplinaarse koost\u00f6\u00f6 raames tuua selgust Eesti rahva ja rahvastiku kujunemisloosse, &#8230;<\/p>\n","protected":false},"author":745,"featured_media":7,"parent":0,"menu_order":0,"comment_status":"closed","ping_status":"closed","template":"","meta":{"_acf_changed":false,"inline_featured_image":false,"footnotes":""},"class_list":["post-1129","page","type-page","status-publish","has-post-thumbnail","hentry"],"acf":[],"_links":{"self":[{"href":"https:\/\/sisu.ut.ee\/eestijuured\/wp-json\/wp\/v2\/pages\/1129","targetHints":{"allow":["GET"]}}],"collection":[{"href":"https:\/\/sisu.ut.ee\/eestijuured\/wp-json\/wp\/v2\/pages"}],"about":[{"href":"https:\/\/sisu.ut.ee\/eestijuured\/wp-json\/wp\/v2\/types\/page"}],"author":[{"embeddable":true,"href":"https:\/\/sisu.ut.ee\/eestijuured\/wp-json\/wp\/v2\/users\/745"}],"replies":[{"embeddable":true,"href":"https:\/\/sisu.ut.ee\/eestijuured\/wp-json\/wp\/v2\/comments?post=1129"}],"version-history":[{"count":6,"href":"https:\/\/sisu.ut.ee\/eestijuured\/wp-json\/wp\/v2\/pages\/1129\/revisions"}],"predecessor-version":[{"id":1210,"href":"https:\/\/sisu.ut.ee\/eestijuured\/wp-json\/wp\/v2\/pages\/1129\/revisions\/1210"}],"wp:featuredmedia":[{"embeddable":true,"href":"https:\/\/sisu.ut.ee\/eestijuured\/wp-json\/wp\/v2\/media\/7"}],"wp:attachment":[{"href":"https:\/\/sisu.ut.ee\/eestijuured\/wp-json\/wp\/v2\/media?parent=1129"}],"curies":[{"name":"wp","href":"https:\/\/api.w.org\/{rel}","templated":true}]}}