{"id":1563,"date":"2025-04-17T09:03:57","date_gmt":"2025-04-17T06:03:57","guid":{"rendered":"https:\/\/sisu.ut.ee\/eestijuured\/?page_id=1563"},"modified":"2026-02-17T13:30:00","modified_gmt":"2026-02-17T11:30:00","slug":"media-coverage-est","status":"publish","type":"page","link":"https:\/\/sisu.ut.ee\/eestijuured\/en\/media-coverage-est\/","title":{"rendered":"Media coverage (EST)"},"content":{"rendered":"<section class=\"hero-news-block page-section--wide\">\n\t<div class=\"container-fluid\">\n\t\t<div class=\"row\">\n\t\t\t\t\t\t\t<div class=\"col-12\">\n\t\t\t\t\t<div class=\"news-card-large mb-2\" style=\"background-image: url(https:\/\/sisu.ut.ee\/wp-content\/uploads\/sites\/862\/image0-1-1920x1440.jpeg);\">\n\t\t\t\t\t\t<div class=\"news-card-large__content\">\n\t\t\t\t\t\t\t\t\t\t\t\t\t\t\t<a href=\"https:\/\/kuku.pleier.ee\/podcast\/kukkuv-oun\/278320\" target=\"_blank\">\n\t\t\t\t\t\t\t\t\t\t\t\t\t\t\t\t\t\t\t<h2 class=\"h1 mb-4\">Miks oma juurte tundmine on ka julgeolekuk\u00fcsimus?<\/h2>\n\t\t\t\t\t\t\t\t\t\t\t\t\t\t\t\t\t<\/a>\n\t\t\t\t\t\t\t\t<a href=\"https:\/\/kuku.pleier.ee\/podcast\/kukkuv-oun\/278320\" class=\"btn btn-outline-light btn-icon\" target=\"_blank\">Teadussaates \"Kukkuv \u00f5un\" k\u00fclas Kristiina Tambets. Kuula siit!<\/a>\n\t\t\t\t\t\t\t\t\t\t\t\t\t<\/div>\n\t\t\t\t\t<\/div>\n\t\t\t\t<\/div>\n\t\t\t\t\t\t    <\/div>\n  <\/div>\n<\/section>\n\n\n\n<div class=\"wp-block-columns is-layout-flex wp-container-core-columns-is-layout-9d6595d7 wp-block-columns-is-layout-flex\">\n<div class=\"wp-block-column is-layout-flow wp-block-column-is-layout-flow\">\n<div class=\"wp-block-columns is-layout-flex wp-container-core-columns-is-layout-9d6595d7 wp-block-columns-is-layout-flex\">\n<div class=\"wp-block-column is-layout-flow wp-block-column-is-layout-flow\"><\/div>\n<\/div>\n<\/div>\n<\/div>\n\n\n<section class=\"page-cards-block page-section page-section--wide\">\n    <h2 class=\"visually-hidden\">Page links<\/h2>\n    <div class=\"container-fluid g-0\">\n      <div class=\"row g-0\">\n                  <div class=\"col-md-4\">\n            <div class=\"page-card d-flex justify-content-center align-items-end w-100 position-relative\" style=\"background-image: url(https:\/\/sisu.ut.ee\/wp-content\/uploads\/sites\/862\/herpesviirus.jpg);\">\n  <div class=\"page-card__content text-center w-100 p-2 p-lg-4\">\n          <h3 class=\"h4 text-white mb-2\">Laialt levinud herpesviirus vaevas inimesi juba rauaajal<\/h3>\n        <a href=\"https:\/\/novaator.err.ee\/1609906285\/laialt-levinud-herpesviirus-vaevas-inimesi-juba-rauaajal\" class=\"btn btn-outline-light btn-icon\" target=\"_blank\">Loe Novaatorist!<\/a>\n  <\/div>\n<\/div>\n          <\/div>\n                  <div class=\"col-md-4\">\n            <div class=\"page-card d-flex justify-content-center align-items-end w-100 position-relative\" style=\"background-image: url(https:\/\/sisu.ut.ee\/wp-content\/uploads\/sites\/862\/hulgekuju-1024x611.jpg);\">\n  <div class=\"page-card__content text-center w-100 p-2 p-lg-4\">\n          <h3 class=\"h4 text-white mb-2\">Pulli luuripats osutus maailmas ainulaadseks t\u00f6katist h\u00fclgekujuks<\/h3>\n        <a href=\"https:\/\/novaator.err.ee\/1609903372\/pulli-luuripats-osutus-maailmas-ainulaadseks-tokatist-hulgekujuks\" class=\"btn btn-outline-light btn-icon\" target=\"_blank\">Loe Novaatorist!<\/a>\n  <\/div>\n<\/div>\n          <\/div>\n                  <div class=\"col-md-4\">\n            <div class=\"page-card d-flex justify-content-center align-items-end w-100 position-relative\" style=\"background-image: url(https:\/\/sisu.ut.ee\/wp-content\/uploads\/sites\/862\/Varska-Jarvelill_DSC1389-1024x768.jpg);\">\n  <div class=\"page-card__content text-center w-100 p-2 p-lg-4\">\n          <h3 class=\"h4 text-white mb-2\">Kuku Raadio podcast: \"Huvitav, kas regilauludel on eestlaste genoomiga ka mingi seos?\"<\/h3>\n        <a href=\"https:\/\/kuku.pleier.ee\/podcast\/kukkuv-oun\/166462\" class=\"btn btn-outline-light btn-icon\" target=\"_blank\">Kuula j\u00e4rgi!<\/a>\n  <\/div>\n<\/div>\n          <\/div>\n              <\/div>\n    <\/div>\n  <\/section>\n\n\n<section class=\"page-cards-block page-section page-section--wide\">\n    <h2 class=\"visually-hidden\">Page links<\/h2>\n    <div class=\"container-fluid g-0\">\n      <div class=\"row g-0\">\n                  <div class=\"col-md-6 col-lg-3\">\n            <div class=\"page-card d-flex justify-content-center align-items-end w-100 position-relative\" style=\"background-image: url(https:\/\/sisu.ut.ee\/wp-content\/uploads\/sites\/862\/c1dee68a-2d3f-4a46-bfd3-84ca6dcb9637.jpg);\">\n  <div class=\"page-card__content text-center w-100 p-2 p-lg-4\">\n          <h3 class=\"h4 text-white mb-2\">Arheogeneetika n\u00e4itab eestlaste mosaiiksust t\u00e4ies hiilguses<\/h3>\n        <a href=\"https:\/\/novaator.err.ee\/1609829187\/arheogeneetika-naitab-eestlaste-mosaiiksust-taies-hiilguses\" class=\"btn btn-outline-light btn-icon\" target=\"_self\">Loe Novaatorist!<\/a>\n  <\/div>\n<\/div>\n          <\/div>\n                  <div class=\"col-md-6 col-lg-3\">\n            <div class=\"page-card d-flex justify-content-center align-items-end w-100 position-relative\" style=\"background-image: url(https:\/\/sisu.ut.ee\/wp-content\/uploads\/sites\/862\/Kohaparimus.jpg);\">\n  <div class=\"page-card__content text-center w-100 p-2 p-lg-4\">\n          <h3 class=\"h4 text-white mb-2\">Kohap\u00e4rimus keskkonnaaruteludes ehk Kelle lugusid me k\u00f5neleme?<\/h3>\n        <a href=\"https:\/\/www.sirp.ee\/kohaparimus-keskkonnaaruteludes-ehk-kelle-lugusid-me-koneleme\/\" class=\"btn btn-outline-light btn-icon\" target=\"_self\">Loe Sirbist!<\/a>\n  <\/div>\n<\/div>\n          <\/div>\n                  <div class=\"col-md-6 col-lg-3\">\n            <div class=\"page-card d-flex justify-content-center align-items-end w-100 position-relative\" style=\"background-image: url(https:\/\/sisu.ut.ee\/wp-content\/uploads\/sites\/862\/Bettany.jpg);\">\n  <div class=\"page-card__content text-center w-100 p-2 p-lg-4\">\n          <h3 class=\"h4 text-white mb-2\">\"Hidden Estonia: Land of Fire and Ice\", Bettany Hughes documentary series 4, episode 7<\/h3>\n        <a href=\"https:\/\/www.channel4.com\/programmes\/bettany-hughes-treasures-of-the-world\/on-demand\/77830-004\" class=\"btn btn-outline-light btn-icon\" target=\"_self\">Vaata Eestit puudutavat osa siit!<\/a>\n  <\/div>\n<\/div>\n          <\/div>\n                  <div class=\"col-md-6 col-lg-3\">\n            <div class=\"page-card d-flex justify-content-center align-items-end w-100 position-relative\" style=\"background-image: url(https:\/\/sisu.ut.ee\/wp-content\/uploads\/sites\/862\/Raba.jpg);\">\n  <div class=\"page-card__content text-center w-100 p-2 p-lg-4\">\n          <h3 class=\"h4 text-white mb-2\">Uuring: soojem kliima v\u00f5ib peatada Balti turbamaade kasvu<\/h3>\n        <a href=\"https:\/\/novaator.err.ee\/1609837347\/uuring-soojem-kliima-voib-peatada-balti-turbamaade-kasvu\" class=\"btn btn-outline-light btn-icon\" target=\"_self\">Loe Novaatorist!<\/a>\n  <\/div>\n<\/div>\n          <\/div>\n              <\/div>\n    <\/div>\n  <\/section>\n\n\n<section class=\"page-cards-block page-section page-section--wide\">\n    <h2 class=\"visually-hidden\">Page links<\/h2>\n    <div class=\"container-fluid g-0\">\n      <div class=\"row g-0\">\n                  <div class=\"col-md-6 col-lg-3\">\n            <div class=\"page-card d-flex justify-content-center align-items-end w-100 position-relative\" style=\"background-image: url(https:\/\/sisu.ut.ee\/wp-content\/uploads\/sites\/862\/Kuvatommis_3-12-2025_212730_www.bing_.com_.jpeg);\">\n  <div class=\"page-card__content text-center w-100 p-2 p-lg-4\">\n          <h3 class=\"h4 text-white mb-2\">Huvitaja. Kuidas elad, murdekeel?<\/h3>\n        <a href=\"https:\/\/vikerraadio.err.ee\/1609566938\/huvitaja-kuidas-elad-murdekeel\" class=\"btn btn-outline-light btn-icon\" target=\"_self\">Kuula Vikerraadiost!<\/a>\n  <\/div>\n<\/div>\n          <\/div>\n                  <div class=\"col-md-6 col-lg-3\">\n            <div class=\"page-card d-flex justify-content-center align-items-end w-100 position-relative\" style=\"background-image: url(https:\/\/sisu.ut.ee\/wp-content\/uploads\/sites\/862\/Mari-kutid-korilased.jpg);\">\n  <div class=\"page-card__content text-center w-100 p-2 p-lg-4\">\n          <h3 class=\"h4 text-white mb-2\">P\u00f5hjamaised k\u00fctid-korilased l\u00f5id keerukaid \u00fchiskondi ammu enne p\u00f5llupidamist<\/h3>\n        <a href=\"https:\/\/novaator.err.ee\/1609866150\/pohjamaised-kutid-korilased-loid-keerukaid-uhiskondi-ammu-enne-pollupidamist\" class=\"btn btn-outline-light btn-icon\" target=\"_self\">Loe Novaatorist!<\/a>\n  <\/div>\n<\/div>\n          <\/div>\n                  <div class=\"col-md-6 col-lg-3\">\n            <div class=\"page-card d-flex justify-content-center align-items-end w-100 position-relative\" style=\"background-image: url(https:\/\/sisu.ut.ee\/wp-content\/uploads\/sites\/862\/hunt.jpg);\">\n  <div class=\"page-card__content text-center w-100 p-2 p-lg-4\">\n          <h3 class=\"h4 text-white mb-2\">Hundi populatsioonigeneetika Eesti-Vene piiritara ja jahisurve m\u00f5jul<\/h3>\n        <a href=\"https:\/\/teadus.postimees.ee\/8370169\/hundi-populatsioonigeneetika-eesti-vene-piiritara-ja-jahisurve-mojul\" class=\"btn btn-outline-light btn-icon\" target=\"_self\">Loe Postimehest!<\/a>\n  <\/div>\n<\/div>\n          <\/div>\n                  <div class=\"col-md-6 col-lg-3\">\n            <div class=\"page-card d-flex justify-content-center align-items-end w-100 position-relative\" style=\"background-image: url(https:\/\/sisu.ut.ee\/wp-content\/uploads\/sites\/862\/Ragnar-Saage-1024x673.jpg);\">\n  <div class=\"page-card__content text-center w-100 p-2 p-lg-4\">\n          <h3 class=\"h4 text-white mb-2\">Kes tappis 41 viikingit Salme k\u00fclas 8. sajandil?<\/h3>\n        <a href=\"http:\/\/Kes%20tappis%2041%20viikingit%20Salme%20k%C3%BClas%208.%20sajandil?\" class=\"btn btn-outline-light btn-icon\" target=\"_self\">Loe Postimehest!<\/a>\n  <\/div>\n<\/div>\n          <\/div>\n              <\/div>\n    <\/div>\n  <\/section>\n\n\n<section class=\"page-cards-block page-section page-section--wide\">\n    <h2 class=\"visually-hidden\">Page links<\/h2>\n    <div class=\"container-fluid g-0\">\n      <div class=\"row g-0\">\n                  <div class=\"col-md-6 col-lg-3\">\n            <div class=\"page-card d-flex justify-content-center align-items-end w-100 position-relative\" style=\"background-image: url(https:\/\/sisu.ut.ee\/wp-content\/uploads\/sites\/862\/Kristiina-Tambets-04-300x300-1.jpg);\">\n  <div class=\"page-card__content text-center w-100 p-2 p-lg-4\">\n          <h3 class=\"h4 text-white mb-2\">Who were Uralic people? Researchers solve an ancient mystery<\/h3>\n        <a href=\"https:\/\/www.dw.com\/en\/who-were-uralic-people-researchers-solve-an-ancient-mystery\/a-73136278\" class=\"btn btn-outline-light btn-icon\" target=\"_self\">Loe Deutsche Welle\u00b4st!<\/a>\n  <\/div>\n<\/div>\n          <\/div>\n                  <div class=\"col-md-6 col-lg-3\">\n            <div class=\"page-card d-flex justify-content-center align-items-end w-100 position-relative\" style=\"background-image: url(https:\/\/sisu.ut.ee\/wp-content\/uploads\/sites\/862\/439412h1636t69-1024x640.jpg);\">\n  <div class=\"page-card__content text-center w-100 p-2 p-lg-4\">\n          <h3 class=\"h4 text-white mb-2\">\u00d6\u00f6\u00fclikool. Taive S\u00e4rg ja Mati Kaalep. Kas ma olen meie p\u00e4rimuskultuuri \u00f5iguslik p\u00e4rija? | Vikerraadio | ERR <\/h3>\n        <a href=\"https:\/\/vikerraadio.err.ee\/1609683860\/ooulikool-taive-sarg-ja-mati-kaalep-kas-ma-olen-meie-parimuskultuuri-oiguslik-parija\" class=\"btn btn-outline-light btn-icon\" target=\"_self\">Kuula Vikeraadiost!<\/a>\n  <\/div>\n<\/div>\n          <\/div>\n                  <div class=\"col-md-6 col-lg-3\">\n            <div class=\"page-card d-flex justify-content-center align-items-end w-100 position-relative\" style=\"background-image: url(https:\/\/sisu.ut.ee\/wp-content\/uploads\/sites\/862\/Jaanipargade-elurikkus_2025_0-816x559-1.jpg);\">\n  <div class=\"page-card__content text-center w-100 p-2 p-lg-4\">\n          <h3 class=\"h4 text-white mb-2\">Jaanip\u00e4rgade elurikkus<\/h3>\n        <a href=\"https:\/\/keskkonnaamet.ee\/woodmeadowlife#jaanipargade-elurikk\" class=\"btn btn-outline-light btn-icon\" target=\"_self\">Loe keskonnaameti blogist!<\/a>\n  <\/div>\n<\/div>\n          <\/div>\n                  <div class=\"col-md-6 col-lg-3\">\n            <div class=\"page-card d-flex justify-content-center align-items-end w-100 position-relative\" style=\"background-image: url(https:\/\/sisu.ut.ee\/wp-content\/uploads\/sites\/862\/Urvaste-kihelkonnad-2025-04-22-01-1024x833.jpg);\">\n  <div class=\"page-card__content text-center w-100 p-2 p-lg-4\">\n          <h3 class=\"h4 text-white mb-2\">EESTI KIHELKONNAD | Urvaste: kuulsate vaadetega kihelkond<\/h3>\n        <a href=\"https:\/\/www.loodusajakiri.ee\/eesti-kihelkonnad-urvaste-kuulsate-vaadetega-kihelkond\/\" class=\"btn btn-outline-light btn-icon\" target=\"_self\">Loe Eesti Loodusest!<\/a>\n  <\/div>\n<\/div>\n          <\/div>\n              <\/div>\n    <\/div>\n  <\/section>\n\n\n<section class=\"page-cards-block page-section page-section--wide\">\n    <h2 class=\"visually-hidden\">Page links<\/h2>\n    <div class=\"container-fluid g-0\">\n      <div class=\"row g-0\">\n                  <div class=\"col-md-6 col-lg-3\">\n            <div class=\"page-card d-flex justify-content-center align-items-end w-100 position-relative\" style=\"background-image: url(https:\/\/sisu.ut.ee\/wp-content\/uploads\/sites\/862\/Kuvatommis-2025-07-03-175100.png);\">\n  <div class=\"page-card__content text-center w-100 p-2 p-lg-4\">\n          <h3 class=\"h4 text-white mb-2\">VIDEOLUGU \u27e9 \u00abMuidugi on see koguteos saavutus.\u00bb Seto keele ja kultuuri raamatusse kammitsemine v\u00f5ttis 10 aastat<\/h3>\n        <a href=\"https:\/\/lounapostimees.postimees.ee\/8269917\/videolugu-muidugi-on-see-koguteos-saavutus-seto-keele-ja-kultuuri-raamatusse-kammitsemine-vottis-10-aastat\" class=\"btn btn-outline-light btn-icon\" target=\"_self\">Loe L\u00f5una-Eesti Postimehest!<\/a>\n  <\/div>\n<\/div>\n          <\/div>\n                  <div class=\"col-md-6 col-lg-3\">\n            <div class=\"page-card d-flex justify-content-center align-items-end w-100 position-relative\" style=\"background-image: url(https:\/\/sisu.ut.ee\/wp-content\/uploads\/sites\/862\/Siim-Veski-TV.png);\">\n  <div class=\"page-card__content text-center w-100 p-2 p-lg-4\">\n          <h3 class=\"h4 text-white mb-2\">\u00d5ietolm kliimauuringutel<\/h3>\n        <a href=\"https:\/\/jupiter.err.ee\/1608884135\/oietolm-kliimauuringutel\" class=\"btn btn-outline-light btn-icon\" target=\"_self\">Vaata Terevisioonist!<\/a>\n  <\/div>\n<\/div>\n          <\/div>\n                  <div class=\"col-md-6 col-lg-3\">\n            <div class=\"page-card d-flex justify-content-center align-items-end w-100 position-relative\" style=\"background-image: url(https:\/\/sisu.ut.ee\/wp-content\/uploads\/sites\/862\/Mari-Torv_Karin-Pai.jpg);\">\n  <div class=\"page-card__content text-center w-100 p-2 p-lg-4\">\n          <h3 class=\"h4 text-white mb-2\">Surmakultuurist ehk Kuidas hakkama saada elul\u00f5pu j\u00e4\u00e4vusega<\/h3>\n        <a href=\"https:\/\/www.sirp.ee\/surmakultuurist-ehk-kuidas-hakkama-saada-elulopu-jaavusega\/\" class=\"btn btn-outline-light btn-icon\" target=\"_self\">Loe Sirbist!<\/a>\n  <\/div>\n<\/div>\n          <\/div>\n                  <div class=\"col-md-6 col-lg-3\">\n            <div class=\"page-card d-flex justify-content-center align-items-end w-100 position-relative\" style=\"background-image: url(https:\/\/sisu.ut.ee\/wp-content\/uploads\/sites\/862\/Novaator.png);\">\n  <div class=\"page-card__content text-center w-100 p-2 p-lg-4\">\n          <h3 class=\"h4 text-white mb-2\">Uued murdes\u00f5nad s\u00fcnnivad ajalehtede ja keelemeistrite toel<\/h3>\n        <a href=\"https:\/\/novaator.err.ee\/1609582195\/uued-murdesonad-sunnivad-ajalehtede-ja-keelemeistrite-toel\" class=\"btn btn-outline-light btn-icon\" target=\"_self\">Kuula ja loe Novaatorist!<\/a>\n  <\/div>\n<\/div>\n          <\/div>\n              <\/div>\n    <\/div>\n  <\/section>\n\n\n<section class=\"page-cards-block page-section page-section--wide\">\n    <h2 class=\"visually-hidden\">Page links<\/h2>\n    <div class=\"container-fluid g-0\">\n      <div class=\"row g-0\">\n                  <div class=\"col-md-6 col-lg-3\">\n            <div class=\"page-card d-flex justify-content-center align-items-end w-100 position-relative\" style=\"background-image: url(https:\/\/sisu.ut.ee\/wp-content\/uploads\/sites\/862\/smartcrop.jpg);\">\n  <div class=\"page-card__content text-center w-100 p-2 p-lg-4\">\n          <h3 class=\"h4 text-white mb-2\">S\u00e4\u00e4sed andsid \u00fclevaate Eesti viimase 14 000 aasta juuliilmast<\/h3>\n        <a href=\"https:\/\/novaator.err.ee\/1609513825\/saased-andsid-ulevaate-eesti-viimase-14-000-aasta-juuliilmast\" class=\"btn btn-outline-light btn-icon\" target=\"_self\">Loe Novaatorist!<\/a>\n  <\/div>\n<\/div>\n          <\/div>\n                  <div class=\"col-md-6 col-lg-3\">\n            <div class=\"page-card d-flex justify-content-center align-items-end w-100 position-relative\" style=\"background-image: url(https:\/\/sisu.ut.ee\/wp-content\/uploads\/sites\/862\/Miina-Norvik-ekraanipilt-1024x675.png);\">\n  <div class=\"page-card__content text-center w-100 p-2 p-lg-4\">\n          <h3 class=\"h4 text-white mb-2\">Miina Norvik: oma keel annab iseolemise<\/h3>\n        <a href=\"https:\/\/novaator.err.ee\/1609492009\/miina-norvik-oma-keel-annab-iseolemise\" class=\"btn btn-outline-light btn-icon\" target=\"_self\">Vaata Novaatorist!<\/a>\n  <\/div>\n<\/div>\n          <\/div>\n                  <div class=\"col-md-6 col-lg-3\">\n            <div class=\"page-card d-flex justify-content-center align-items-end w-100 position-relative\" style=\"background-image: url(https:\/\/sisu.ut.ee\/wp-content\/uploads\/sites\/862\/Vikerraadio.jpg);\">\n  <div class=\"page-card__content text-center w-100 p-2 p-lg-4\">\n          <h3 class=\"h4 text-white mb-2\">Urmas Saarma, Egle Tammeleht. Ilvesed Eestis ja L\u00e4tis<\/h3>\n        <a href=\"https:\/\/vikerraadio.err.ee\/1609497887\/labor-ilvesed-eestis-ja-latis-lainemudelid\/e724cd2f4d07ab23499901f51ac88612\" class=\"btn btn-outline-light btn-icon\" target=\"_self\">Kuula Vikerraadiost!<\/a>\n  <\/div>\n<\/div>\n          <\/div>\n                  <div class=\"col-md-6 col-lg-3\">\n            <div class=\"page-card d-flex justify-content-center align-items-end w-100 position-relative\" style=\"background-image: url(https:\/\/sisu.ut.ee\/wp-content\/uploads\/sites\/862\/Sirp-44-24_0033__art_r1-1019x1024.jpeg);\">\n  <div class=\"page-card__content text-center w-100 p-2 p-lg-4\">\n          <h3 class=\"h4 text-white mb-2\">Kadri metamorfoosid<\/h3>\n        <a href=\"https:\/\/www.sirp.ee\/s1-artiklid\/c21-teadus\/kadri-metamorfoosid\/\" class=\"btn btn-outline-light btn-icon\" target=\"_self\">Loe Sirbist!<\/a>\n  <\/div>\n<\/div>\n          <\/div>\n              <\/div>\n    <\/div>\n  <\/section>\n\n\n\n<div class=\"wp-block-buttons is-content-justification-right is-layout-flex wp-container-core-buttons-is-layout-765c4724 wp-block-buttons-is-layout-flex\">\n<div class=\"wp-block-button\"><a class=\"wp-block-button__link has-text-align-left wp-element-button\" href=\"https:\/\/sisu.ut.ee\/eestijuured\/uudised\/\">Loe k\u00f5iki uudiseid<\/a><\/div>\n<\/div>\n\n\n\n<h2 class=\"wp-block-heading\"><\/h2>\n\n\n\n<script data-js=\"tribe-events-view-nonce-data\" type=\"application\/json\">{\"tvn1\":\"6f2648b36b\",\"tvn2\":\"\"}<\/script>\n","protected":false},"excerpt":{"rendered":"","protected":false},"author":745,"featured_media":0,"parent":0,"menu_order":0,"comment_status":"closed","ping_status":"closed","template":"","meta":{"_acf_changed":false,"inline_featured_image":false,"footnotes":""},"class_list":["post-1563","page","type-page","status-publish","hentry"],"acf":[],"_links":{"self":[{"href":"https:\/\/sisu.ut.ee\/eestijuured\/en\/wp-json\/wp\/v2\/pages\/1563","targetHints":{"allow":["GET"]}}],"collection":[{"href":"https:\/\/sisu.ut.ee\/eestijuured\/en\/wp-json\/wp\/v2\/pages"}],"about":[{"href":"https:\/\/sisu.ut.ee\/eestijuured\/en\/wp-json\/wp\/v2\/types\/page"}],"author":[{"embeddable":true,"href":"https:\/\/sisu.ut.ee\/eestijuured\/en\/wp-json\/wp\/v2\/users\/745"}],"replies":[{"embeddable":true,"href":"https:\/\/sisu.ut.ee\/eestijuured\/en\/wp-json\/wp\/v2\/comments?post=1563"}],"version-history":[{"count":2,"href":"https:\/\/sisu.ut.ee\/eestijuured\/en\/wp-json\/wp\/v2\/pages\/1563\/revisions"}],"predecessor-version":[{"id":1566,"href":"https:\/\/sisu.ut.ee\/eestijuured\/en\/wp-json\/wp\/v2\/pages\/1563\/revisions\/1566"}],"wp:attachment":[{"href":"https:\/\/sisu.ut.ee\/eestijuured\/en\/wp-json\/wp\/v2\/media?parent=1563"}],"curies":[{"name":"wp","href":"https:\/\/api.w.org\/{rel}","templated":true}]}}