{"id":1073,"date":"2025-05-13T15:20:23","date_gmt":"2025-05-13T12:20:23","guid":{"rendered":"https:\/\/sisu.ut.ee\/eestijuured\/?page_id=1073"},"modified":"2026-02-17T12:33:15","modified_gmt":"2026-02-17T10:33:15","slug":"regional-and-local-studies","status":"publish","type":"page","link":"https:\/\/sisu.ut.ee\/eestijuured\/en\/regional-and-local-studies\/","title":{"rendered":"Regional and Local Studies"},"content":{"rendered":"<blockquote class=\"wp-block-quote is-layout-flow wp-block-quote-is-layout-flow\">\n<p>Every village, ancient settlement site, lake, and forest edge has its own story. To uncover these stories more deeply, we weave together insights from archaeology, dialects, folklore, and landscapes. At the same time, we explore how people have shaped their living environment\u2014and how that environment, in turn, has influenced language, genetic heritage, and identity.<\/p>\n<\/blockquote>\n\n\n\n<h3 class=\"wp-block-heading\">Ongoing Case Studies<\/h3>\n\n\n\n<div style=\"height:16px\" aria-hidden=\"true\" class=\"wp-block-spacer\"><\/div>\n\n\n\n<h4 class=\"wp-block-heading\">1. Mobility in the 13th Century: The Case of the Veibri Mass Grave<\/h4>\n\n\n\n<div class=\"wp-block-group is-vertical is-layout-flex wp-container-core-group-is-layout-8cf370e7 wp-block-group-is-layout-flex\">\n<p><strong>Lead:<\/strong> Raivo Suni<br><strong>Members:<\/strong> \u00dclle\u2011Aguraiuja L\u00e4tti, Stefania Sasso (archaeogenomics), Alena Kushniarevich (archaeogenomics), Kristiina Tambets (archaeogenomics), Ester Oras (archaeochemistry), Mari T\u00f5rv (archaeochemistry), Martin Malve (osteology)<\/p>\n\n\n\n<details class=\"wp-block-details\"><summary><strong><mark style=\"background-color:rgba(0, 0, 0, 0)\" class=\"has-inline-color has-primary-color is-layout-flow wp-block-details-is-layout-flow\"><strong>DESCRIPTION<\/strong><\/mark><\/strong><\/summary>\n<p>In 2010, a mass grave discovered in Veibri near Tartu revealed the remains of ten men who had died violently. The position of the bodies already suggested that they may have been \u201coutsiders\u201d: the men appeared to have been thrown into the grave, likely carried by their hands and feet, their skeletons piled atop one another, and no objects had been buried with them. Initial isotope analyses also pointed to a non\u2011local origin.<br>This study combines multiple isotope analyses (Sr, S, O, N, and C) with ancient DNA research to determine where these men came from. Answering this question will allow further insights into mobility and social contacts in the region during that period.<\/p>\n<\/details>\n<\/div>\n\n\n\n<div style=\"height:30px\" aria-hidden=\"true\" class=\"wp-block-spacer\"><\/div>\n\n\n\n<h4 class=\"wp-block-heading\">2. Sub\u2011study of \u201cIslands and the Gulf of Riga\u201d: Archaeogenomic Study of the Livonians<\/h4>\n\n\n\n<div class=\"wp-block-group is-vertical is-layout-flex wp-container-core-group-is-layout-8cf370e7 wp-block-group-is-layout-flex\">\n<p><strong>Leads:<\/strong> Alena Kushniarevich (archaeogenomics), Karl Pajusalu (linguistics)<br><strong>Members:<\/strong> Heiki Valk (archaeology), Miina Norvik (linguistics), Kristiina Tambets (archaeogenomics), Alena Kushniarevich (archaeogenomics), Lehti Saag (archaeogenomics), Erkin Alacamli (archaeogenomics)<\/p>\n<\/div>\n\n\n\n<div style=\"height:11px\" aria-hidden=\"true\" class=\"wp-block-spacer\"><\/div>\n\n\n\n<p><\/p>\n\n\n\n<details class=\"wp-block-details\"><summary><strong><mark style=\"background-color:rgba(0, 0, 0, 0)\" class=\"has-inline-color has-primary-color is-layout-flow wp-block-details-is-layout-flow\"><strong>DESCRIPTION<\/strong><\/mark><\/strong><\/summary>\n<p>In the Late Iron Age and Early Middle Ages, the eastern coast of the Baltic Sea was home to several ethnic groups, fostering cultural exchange and interaction. Among these groups were the Livonians\u2014a Finnic\u2011speaking people living along the eastern Baltic coast, particularly in the lower reaches of the Daugava and Gauja rivers. Understanding the formation, genetic history, and cultural development of Finnic\u2011 and Baltic\u2011speaking groups requires a detailed investigation of Livonian origins and their interactions with neighbouring Baltic populations.<\/p>\n\n\n\n<p>The aim of this case study is to reconstruct changes in the genetic landscape of the eastern Baltic coast from the Late Iron Age to the present. Our analysis uses newly generated ancient DNA data from human remains excavated in present\u2011day Latvia in Finnic (Livonian) or Baltic cultural contexts. These are complemented by comparative data from other ancient and modern populations in the region. We compare these genetic \u201cmaps\u201d with linguistic evidence to identify parallels and divergences between genetic patterns and cultural developments. Archaeological and historical data further enrich the interdisciplinary perspective.<\/p>\n\n\n\n<p>Drawing on genetics, linguistics, archaeology, and history, we aim to provide a more comprehensive overview of demographic changes along the eastern Baltic coast, particularly those connected to the spread of Finnic languages.<\/p>\n<\/details>\n\n\n\n<div style=\"height:30px\" aria-hidden=\"true\" class=\"wp-block-spacer\"><\/div>\n\n\n\n<h4 class=\"wp-block-heading\">3. Estonian\u2013Latvian Cultural Unity<\/h4>\n\n\n\n<div class=\"wp-block-group is-vertical is-layout-flex wp-container-core-group-is-layout-8cf370e7 wp-block-group-is-layout-flex\">\n<p><strong>Leads:<\/strong> Miina Norvik, Mari V\u00e4ina<br><strong>Participating groups:<\/strong> linguistics, folkloristics, archaeology, genetics<br><strong>Members:<\/strong> Anne\u2011Mai Ilum\u00e4e, Pikne Kama, Heiki Valk, Mari T\u00f5rv, Karl Pajusalu, Uldis Balodis, Denys Teptiuk, Gerson Klumpp, Mari V\u00e4ina, Liina Saarlo, K\u00e4rri Toomeos\u2011Orglaan<\/p>\n<\/div>\n\n\n\n<div style=\"height:11px\" aria-hidden=\"true\" class=\"wp-block-spacer\"><\/div>\n\n\n\n<details class=\"wp-block-details\"><summary><strong><mark style=\"background-color:rgba(0, 0, 0, 0)\" class=\"has-inline-color has-primary-color is-layout-flow wp-block-details-is-layout-flow\">DESCRIPTION<\/mark><\/strong><\/summary>\n<p>The aim of this case study is to clarify the settlement areas, contacts, and intermingling of Estonian\u2014particularly South Estonian\u2014and Latvian populations (with a broader Finnic\u2013Baltic background), as well as the outcomes of these processes as reflected in the datasets of the various <em>Estonian Roots<\/em> working groups.<\/p>\n<\/details>\n\n\n\n<p><\/p>\n","protected":false},"excerpt":{"rendered":"<p>Every village, ancient settlement site, lake, and forest edge has its own story. To uncover these stories more deeply, we weave together insights from archaeology, dialects, folklore, and landscapes. At the same time, we explore how people have shaped their &#8230;<\/p>\n","protected":false},"author":745,"featured_media":237,"parent":0,"menu_order":0,"comment_status":"closed","ping_status":"closed","template":"","meta":{"_acf_changed":false,"inline_featured_image":false,"footnotes":""},"class_list":["post-1073","page","type-page","status-publish","has-post-thumbnail","hentry"],"acf":[],"_links":{"self":[{"href":"https:\/\/sisu.ut.ee\/eestijuured\/en\/wp-json\/wp\/v2\/pages\/1073","targetHints":{"allow":["GET"]}}],"collection":[{"href":"https:\/\/sisu.ut.ee\/eestijuured\/en\/wp-json\/wp\/v2\/pages"}],"about":[{"href":"https:\/\/sisu.ut.ee\/eestijuured\/en\/wp-json\/wp\/v2\/types\/page"}],"author":[{"embeddable":true,"href":"https:\/\/sisu.ut.ee\/eestijuured\/en\/wp-json\/wp\/v2\/users\/745"}],"replies":[{"embeddable":true,"href":"https:\/\/sisu.ut.ee\/eestijuured\/en\/wp-json\/wp\/v2\/comments?post=1073"}],"version-history":[{"count":2,"href":"https:\/\/sisu.ut.ee\/eestijuured\/en\/wp-json\/wp\/v2\/pages\/1073\/revisions"}],"predecessor-version":[{"id":1537,"href":"https:\/\/sisu.ut.ee\/eestijuured\/en\/wp-json\/wp\/v2\/pages\/1073\/revisions\/1537"}],"wp:featuredmedia":[{"embeddable":true,"href":"https:\/\/sisu.ut.ee\/eestijuured\/en\/wp-json\/wp\/v2\/media\/237"}],"wp:attachment":[{"href":"https:\/\/sisu.ut.ee\/eestijuured\/en\/wp-json\/wp\/v2\/media?parent=1073"}],"curies":[{"name":"wp","href":"https:\/\/api.w.org\/{rel}","templated":true}]}}