{"id":8,"date":"2024-04-04T06:13:46","date_gmt":"2024-04-04T03:13:46","guid":{"rendered":"https:\/\/sisu.ut.ee\/eestigeol\/l_m_parastj\/"},"modified":"2024-04-04T06:14:07","modified_gmt":"2024-04-04T03:14:07","slug":"l_m_parastj","status":"publish","type":"page","link":"https:\/\/sisu.ut.ee\/eestigeol\/l_m_parastj\/","title":{"rendered":"L\u00e4\u00e4nemeri j\u00e4\u00e4ajaj\u00e4rgsel ajal"},"content":{"rendered":"<p>\n\tSeoses maakoore vertikaalliikumiste ja h\u00fcdroloogiliste tingimuste muutumisega leidsid ka\u00a0<a data-url=\"https:\/\/sisu.ut.ee\/eestigeol\/holotseen\" href=\"https:\/\/sisu.ut.ee\/eestigeol\/holotseen\" target=\"_blank\" title=\"\" rel=\"noopener\">Holotseenis<\/a>\u00a0(viimase 11 700 aasta jooksul) aset olulised muutused L\u00e4\u00e4nemere arenguloos. Paleogeograafilised rekonstruktsioonid L\u00e4\u00e4nemere arengu kohta Holotseenis on v\u00f5rdlemisi detailsed, sest setetes leidub ohtralt floora ja fauna s\u00e4ilmeid, mis v\u00f5imaldavad kindlaks m\u00e4\u00e4rata looduslikke tingimusi. L\u00e4\u00e4nemere arengustaadiumid Holotseenis on saanud oma nimetused t\u00fc\u00fcpiliste\u00a0<b>subfossiilsete limuseliikide<\/b>\u00a0j\u00e4rgi. Mererannikul laiunud metsade koostise seadusp\u00e4rased muutused abistavad samuti L\u00e4\u00e4nemere arenguloo selgitamist. J\u00e4\u00e4ajaj\u00e4rgsete veekogude soolsuse muutuste selgitamisel on heaks abimeheks stabiilsete isotoopide hulga m\u00e4\u00e4ramine limuste kodades.\n<\/p>\n<p>\n\t\u00a0\n<\/p>\n<table class=\"table table-hover\" border=\"0\">\n<tbody>\n<tr>\n<td>\n\t\t\t\t\t<a data-url=\"https:\/\/sisu.ut.ee\/eestigeol\/joldiameri\" href=\"https:\/\/sisu.ut.ee\/eestigeol\/joldiameri\" target=\"_blank\" title=\"\" rel=\"noopener\">Joldiameri<\/a>\n<p>\n\t\t\t\t\t\t<a data-url=\"https:\/\/sisu.ut.ee\/eestigeol\/antsulusjarv\" href=\"https:\/\/sisu.ut.ee\/eestigeol\/antsulusjarv\" target=\"_blank\" title=\"\" rel=\"noopener\">Ants\u00fclusj\u00e4rv<\/a>\n\t\t\t\t\t<\/p>\n<p>\n\t\t\t\t\t\t<a data-url=\"https:\/\/sisu.ut.ee\/eestigeol\/litoriinameri\" href=\"https:\/\/sisu.ut.ee\/eestigeol\/litoriinameri\" target=\"_blank\" title=\"\" rel=\"noopener\">Litoriinameri<\/a>\n\t\t\t\t\t<\/p>\n<p>\n\t\t\t\t\t\t<a data-url=\"https:\/\/sisu.ut.ee\/eestigeol\/limneameri\" href=\"https:\/\/sisu.ut.ee\/eestigeol\/limneameri\" target=\"_blank\" title=\"\" rel=\"noopener\">Limneameri<\/a>\n\t\t\t\t\t<\/p>\n<\/td>\n<\/tr>\n<\/tbody>\n<\/table>\n","protected":false},"excerpt":{"rendered":"<p>Seoses maakoore vertikaalliikumiste ja h\u00fcdroloogiliste tingimuste muutumisega leidsid ka\u00a0Holotseenis\u00a0(viimase 11 700 aasta jooksul) aset olulised muutused L\u00e4\u00e4nemere arenguloos. Paleogeograafilised rekonstruktsioonid L\u00e4\u00e4nemere arengu kohta Holotseenis on v\u00f5rdlemisi detailsed, sest setetes leidub ohtralt floora ja fauna s\u00e4ilmeid, mis v\u00f5imaldavad kindlaks m\u00e4\u00e4rata looduslikke &#8230;<\/p>\n","protected":false},"author":226,"featured_media":0,"parent":0,"menu_order":0,"comment_status":"closed","ping_status":"closed","template":"","meta":{"_acf_changed":false,"inline_featured_image":false,"footnotes":""},"class_list":["post-8","page","type-page","status-publish","hentry"],"acf":[],"_links":{"self":[{"href":"https:\/\/sisu.ut.ee\/eestigeol\/wp-json\/wp\/v2\/pages\/8","targetHints":{"allow":["GET"]}}],"collection":[{"href":"https:\/\/sisu.ut.ee\/eestigeol\/wp-json\/wp\/v2\/pages"}],"about":[{"href":"https:\/\/sisu.ut.ee\/eestigeol\/wp-json\/wp\/v2\/types\/page"}],"author":[{"embeddable":true,"href":"https:\/\/sisu.ut.ee\/eestigeol\/wp-json\/wp\/v2\/users\/226"}],"replies":[{"embeddable":true,"href":"https:\/\/sisu.ut.ee\/eestigeol\/wp-json\/wp\/v2\/comments?post=8"}],"version-history":[{"count":1,"href":"https:\/\/sisu.ut.ee\/eestigeol\/wp-json\/wp\/v2\/pages\/8\/revisions"}],"predecessor-version":[{"id":209,"href":"https:\/\/sisu.ut.ee\/eestigeol\/wp-json\/wp\/v2\/pages\/8\/revisions\/209"}],"wp:attachment":[{"href":"https:\/\/sisu.ut.ee\/eestigeol\/wp-json\/wp\/v2\/media?parent=8"}],"curies":[{"name":"wp","href":"https:\/\/api.w.org\/{rel}","templated":true}]}}