{"id":6,"date":"2024-04-04T06:13:46","date_gmt":"2024-04-04T03:13:46","guid":{"rendered":"https:\/\/sisu.ut.ee\/eestigeol\/eemi_meri\/"},"modified":"2024-04-04T06:14:07","modified_gmt":"2024-04-04T03:14:07","slug":"eemi_meri","status":"publish","type":"page","link":"https:\/\/sisu.ut.ee\/eestigeol\/eemi_meri\/","title":{"rendered":"L\u00e4\u00e4nemeri varasematel j\u00e4\u00e4vaheaegadel"},"content":{"rendered":"<p>\n\t<b>Holsteini j\u00e4\u00e4vaheaeg (424 000-374 000 a.t.) ja Holsteini meri<\/b>\n<\/p>\n<p>\n\tHolsteini j\u00e4\u00e4vaheaeg oli pikim j\u00e4\u00e4vaheaeg Pleistotseenis, mis j\u00e4rgnes k\u00f5ige ulatuslikumale Elsteri j\u00e4\u00e4ajale. Holsteini j\u00e4\u00e4vaheaega peetakse praegu kestva Holotseeni j\u00e4\u00e4vaheaja analoogiks, seda eelk\u00f5ige sarnase Maa orbiidi konfiguratsiooni ja kasvuhoonegaaside kontsentratsiooni n\u00e4itajatelt. Kliima n\u00e4itajaid on aga raske v\u00f5rrelda, kuna Holsteini j\u00e4\u00e4vaheaeg oli v\u00e4ga pikk ja andmed ekstreemsetest kliimamuutustest siiani puuduvad. Holsteini j\u00e4\u00e4vaheajale oli iseloomulik m\u00f5\u00f5dukas kliima, mis esimesel poolel oli m\u00f5neti soojem kui t\u00e4nap\u00e4eval. Loode- ja Kesk-Euroopas levisid laialdased parasv\u00f6\u00f6tme segametsad.\n<\/p>\n<p>\n\t<b>Holsteini meri<\/b>\u00a0laius praeguse L\u00e4\u00e4ne- ja P\u00f5hjamere basseinides. Meresetteid on leitud Leedust, P\u00f5hja-Saksa madaliku p\u00f5hjaosast, Taani l\u00e4\u00e4nerannikult, Eestist pole seni leitud. Sellest ajast on s\u00e4ilinud paksud liivade ja savide kompleksid, milles leiduvad subfossiilsete limuste\u00a0<i>Portlandia (Yoldia) arctica<\/i>,\u00a0<i>Modiola modiolus<\/i>,\u00a0<i>Mytilus edulis<\/i>,\u00a0<i>Cardium edule<\/i>,\u00a0<i>Littorina littorea<\/i>\u00a0jt kojad viitavad sellele, et tolleaegsed kliimatingimused olid v\u00f5rreldavad n\u00fc\u00fcdisaegsetega v\u00f5i isegi soojemad.\n<\/p>\n<p>\n\tHolsteini j\u00e4\u00e4vaheaja kontinentaalsete setete (soo- ja j\u00e4rvesetted) stratot\u00fc\u00fcbiks on Karuk\u00fcla l\u00e4bil\u00f5ige.\n<\/p>\n<p>\n\t<b>Eemi j\u00e4\u00e4vaheaeg (130 000-114 000 a.t.) ja Eemimeri<\/b>\n<\/p>\n<p>\n\tP\u00e4rast Saale j\u00e4\u00e4aja mandrij\u00e4\u00e4 taandumist toimus maailmamere veepinna kiire t\u00f5us ning vesi ujutas \u00fcle nii n\u00fc\u00fcdisaegse L\u00e4\u00e4nemere n\u00f5o kui ka k\u00fclgnevad madalamad rannikualad. Eemimere arengus oli esimesed 300 aastat j\u00e4rveline staadium, mageveeline k\u00fclm j\u00e4rv, millel puudus \u00fchendus maailmaookeaniga (andmed Taanist, Hollandist). Seoses maakoore liikumistega tekkis seej\u00e4rel \u00fchendus Barentsi\/Valge merega Laadoga ja \u00c4\u00e4nisj\u00e4rve piirkonnas, Skandinaavia poolsaarest sai saar, mis eksisteeris j\u00e4rgnevad 2500 aastat. Sellega sai alguse n\u00f6 t\u00f5eline\u00a0<b>Eemimeri<\/b>. Vesi muutus soolasemaks ja \u00fchenduse kaudu levisid Eemimerre k\u00fclmaveelised limused\u00a0<i>Portlandia (Yoldia) arctica<\/i>. Eemimere veepinna temperatuur ja soolsus palju k\u00f5rgemad kui t\u00e4nap\u00e4eval, vastavalt 6\u00b0C ja 15\u2030, sellele viitavad seterest leitud sooja- ja soolaseveelisi r\u00e4nivetikaid (<i>Coscinodiscus antiquus<\/i>,\u00a0<i>Navicula abrypta<\/i>\u00a0jmt).\n<\/p>\n<p>\n\tEestis on Eemimere setteid (Prangli kihistu) leitud P\u00f5hja-Eesti saartel, Kihnus ja Liivi lahes.\n<\/p>\n<p>\n\tEemi j\u00e4\u00e4vaheaja maksimumil (126 000 aastat tagasi) olid p\u00f5hjapoolkera talved 4-8 kraadi soojemad ja niiskemad kui t\u00e4nap\u00e4eval, Kesk-Euroopas (p\u00f5hjapool Alpide m\u00e4estiku) 1-2 kraadi soojem. Sademete hulk vesikonna l\u00f5unaosas \u00fcletas n\u00fc\u00fcdisaegse sademete hulga 200-500 mm, p\u00f5hjaosas 100 mm v\u00f5rra.\n<\/p>\n<p>\n\tMetsad levisid p\u00f5hjapolaarjoonest palju kaugemale. Eesti alal levisid laialehised tamme-segametsad ja valgep\u00f6\u00f6gi salud. Looduskeskkond oli igati soodne ka meie eellastele, miks pidanuksid Euraasias laialdasetel aladel elanud neandertallased seda piirkonda v\u00e4ltima.\n<\/p>\n<p>\n\tEemi j\u00e4\u00e4vaheaja kontinentaalsete setete (soo- ja j\u00e4rvesetted) stratot\u00fc\u00fcbiks on R\u00f5ngu l\u00e4bil\u00f5ige.\n<\/p>\n<p>\n\t\u00a0\n<\/p>\n<p>\t<img loading=\"lazy\" decoding=\"async\" width=\"354\" height=\"480\" class=\"alignnone wp-image-39\" src=\"https:\/\/sisu.ut.ee\/wp-content\/uploads\/sites\/435\/eemi_meri.jpg\" title=\"eemi_meri.jpg\" alt=\"eemi_meri\" srcset=\"https:\/\/sisu.ut.ee\/wp-content\/uploads\/sites\/435\/eemi_meri.jpg 354w, https:\/\/sisu.ut.ee\/wp-content\/uploads\/sites\/435\/eemi_meri-221x300.jpg 221w\" sizes=\"auto, (max-width: 354px) 100vw, 354px\"><\/p>\n<p>\n\t\tJoonis. Eemi mere levik (<a data-url=\"https:\/\/sisu.ut.ee\/eestigeol\/kirjandust\" href=\"https:\/\/sisu.ut.ee\/eestigeol\/kirjandust\" target=\"_blank\" title=\"\" rel=\"noopener\">Kessel, 1995<\/a>)\n\t<\/p>\n","protected":false},"excerpt":{"rendered":"<p>Holsteini j\u00e4\u00e4vaheaeg (424 000-374 000 a.t.) ja Holsteini meri Holsteini j\u00e4\u00e4vaheaeg oli pikim j\u00e4\u00e4vaheaeg Pleistotseenis, mis j\u00e4rgnes k\u00f5ige ulatuslikumale Elsteri j\u00e4\u00e4ajale. Holsteini j\u00e4\u00e4vaheaega peetakse praegu kestva Holotseeni j\u00e4\u00e4vaheaja analoogiks, seda eelk\u00f5ige sarnase Maa orbiidi konfiguratsiooni ja kasvuhoonegaaside kontsentratsiooni n\u00e4itajatelt. Kliima &#8230;<\/p>\n","protected":false},"author":226,"featured_media":0,"parent":0,"menu_order":0,"comment_status":"closed","ping_status":"closed","template":"","meta":{"_acf_changed":false,"inline_featured_image":false,"footnotes":""},"class_list":["post-6","page","type-page","status-publish","hentry"],"acf":[],"_links":{"self":[{"href":"https:\/\/sisu.ut.ee\/eestigeol\/wp-json\/wp\/v2\/pages\/6","targetHints":{"allow":["GET"]}}],"collection":[{"href":"https:\/\/sisu.ut.ee\/eestigeol\/wp-json\/wp\/v2\/pages"}],"about":[{"href":"https:\/\/sisu.ut.ee\/eestigeol\/wp-json\/wp\/v2\/types\/page"}],"author":[{"embeddable":true,"href":"https:\/\/sisu.ut.ee\/eestigeol\/wp-json\/wp\/v2\/users\/226"}],"replies":[{"embeddable":true,"href":"https:\/\/sisu.ut.ee\/eestigeol\/wp-json\/wp\/v2\/comments?post=6"}],"version-history":[{"count":1,"href":"https:\/\/sisu.ut.ee\/eestigeol\/wp-json\/wp\/v2\/pages\/6\/revisions"}],"predecessor-version":[{"id":211,"href":"https:\/\/sisu.ut.ee\/eestigeol\/wp-json\/wp\/v2\/pages\/6\/revisions\/211"}],"wp:attachment":[{"href":"https:\/\/sisu.ut.ee\/eestigeol\/wp-json\/wp\/v2\/media?parent=6"}],"curies":[{"name":"wp","href":"https:\/\/api.w.org\/{rel}","templated":true}]}}