{"id":4,"date":"2024-04-04T06:13:46","date_gmt":"2024-04-04T03:13:46","guid":{"rendered":"https:\/\/sisu.ut.ee\/eestigeol\/puursudamik\/"},"modified":"2024-04-16T13:26:48","modified_gmt":"2024-04-16T10:26:48","slug":"puursudamik","status":"publish","type":"page","link":"https:\/\/sisu.ut.ee\/eestigeol\/puursudamik\/","title":{"rendered":"Puurs\u00fcdamik"},"content":{"rendered":"<p><b>Puurauk<\/b>\u00a0on maakoorde puuritud silindriline \u00f5\u00f5s, mille l\u00e4bim\u00f5\u00f5t on m\u00f5nest sentimeetrist kuni meetriteni, s\u00fcgavus kuni 10 km. Puurauke rajatakse maakoore geoloogilise ehituse tundma\u00f5ppimiseks, maavarade otsimiseks ja uurimiseks, ehitiste aluste uurimisteks, vee v\u00e4ljamiseks jne. Eestis on s\u00fcgavaim puurauk (815 m) Hiiumaal K\u00e4rdla l\u00e4hedal.\u00a0<b>Puurs\u00fcdamik<\/b>\u00a0saadakse geoloogilise puurimise k\u00e4igus.<\/p>\n<p><img loading=\"lazy\" decoding=\"async\" width=\"120\" height=\"90\" class=\"alignnone wp-image-37\" title=\"puursyd1a.jpg\" src=\"https:\/\/sisu.ut.ee\/wp-content\/uploads\/sites\/435\/puursyd1a.jpg\" alt=\"puursyda1\"><img loading=\"lazy\" decoding=\"async\" width=\"90\" height=\"120\" class=\"alignnone wp-image-38\" title=\"puursyd2a.jpg\" src=\"https:\/\/sisu.ut.ee\/wp-content\/uploads\/sites\/435\/puursyd2a.jpg\" alt=\"puursyda2\"><\/p>\n<p>Fotod. Kaugatuma puurs\u00fcdamik on TT\u00dc Geoloogia Instituudi S\u00e4rghaua v\u00e4libaasis proovimiseks hoidlast v\u00e4lja t\u00f5stetud<\/p>\n","protected":false},"excerpt":{"rendered":"<p>Puurauk\u00a0on maakoorde puuritud silindriline \u00f5\u00f5s, mille l\u00e4bim\u00f5\u00f5t on m\u00f5nest sentimeetrist kuni meetriteni, s\u00fcgavus kuni 10 km. Puurauke rajatakse maakoore geoloogilise ehituse tundma\u00f5ppimiseks, maavarade otsimiseks ja uurimiseks, ehitiste aluste uurimisteks, vee v\u00e4ljamiseks jne. Eestis on s\u00fcgavaim puurauk (815 m) Hiiumaal K\u00e4rdla &#8230;<\/p>\n","protected":false},"author":226,"featured_media":0,"parent":0,"menu_order":0,"comment_status":"closed","ping_status":"closed","template":"","meta":{"_acf_changed":false,"inline_featured_image":false,"footnotes":""},"class_list":["post-4","page","type-page","status-publish","hentry"],"acf":[],"_links":{"self":[{"href":"https:\/\/sisu.ut.ee\/eestigeol\/wp-json\/wp\/v2\/pages\/4","targetHints":{"allow":["GET"]}}],"collection":[{"href":"https:\/\/sisu.ut.ee\/eestigeol\/wp-json\/wp\/v2\/pages"}],"about":[{"href":"https:\/\/sisu.ut.ee\/eestigeol\/wp-json\/wp\/v2\/types\/page"}],"author":[{"embeddable":true,"href":"https:\/\/sisu.ut.ee\/eestigeol\/wp-json\/wp\/v2\/users\/226"}],"replies":[{"embeddable":true,"href":"https:\/\/sisu.ut.ee\/eestigeol\/wp-json\/wp\/v2\/comments?post=4"}],"version-history":[{"count":2,"href":"https:\/\/sisu.ut.ee\/eestigeol\/wp-json\/wp\/v2\/pages\/4\/revisions"}],"predecessor-version":[{"id":231,"href":"https:\/\/sisu.ut.ee\/eestigeol\/wp-json\/wp\/v2\/pages\/4\/revisions\/231"}],"wp:attachment":[{"href":"https:\/\/sisu.ut.ee\/eestigeol\/wp-json\/wp\/v2\/media?parent=4"}],"curies":[{"name":"wp","href":"https:\/\/api.w.org\/{rel}","templated":true}]}}