{"id":31,"date":"2024-04-04T06:13:48","date_gmt":"2024-04-04T03:13:48","guid":{"rendered":"https:\/\/sisu.ut.ee\/eestigeol\/silur\/"},"modified":"2024-04-04T06:14:06","modified_gmt":"2024-04-04T03:14:06","slug":"silur","status":"publish","type":"page","link":"https:\/\/sisu.ut.ee\/eestigeol\/silur\/","title":{"rendered":"Silur"},"content":{"rendered":"<p>\n\t<b>Siluri ajastu<\/b>\u00a0algas 443 ja l\u00f5ppes 419 miljoni aasta eest, kestes seega umbes 24 miljonit aastat. Baltika j\u00e4i kogu Siluri jooksul palavv\u00f6\u00f6tmesse. Keskmine temperatuur \u00fcletas t\u00e4nap\u00e4evast kuni k\u00fcmne kraadi v\u00f5rra. Mandriservadel paiknenud soojades meredes settisid laialdaselt lubisetendid ja vohas rikkalik mereelustik.\n<\/p>\n<p>\n\tSiluri ajastul ei t\u00e4ienenud mereelustik eriti suurel m\u00e4\u00e4ral uute loomar\u00fchmadega. Meredes kasvas korallide (<a data-url=\"https:\/\/sisu.ut.ee\/eluarengmaal\/tabulaadid-0\" href=\"https:\/\/sisu.ut.ee\/eluarengmaal\/tabulaadid-0\" target=\"_blank\" title=\"\" rel=\"noopener\">tabulaatide\u00a0ja\u00a0<\/a><a data-url=\"https:\/\/sisu.ut.ee\/eluarengmaal\/rugoosid\" href=\"https:\/\/sisu.ut.ee\/eluarengmaal\/rugoosid\" target=\"_blank\" title=\"\" rel=\"noopener\">rugooside<\/a>) ja peagi v\u00e4ljasurnud\u00a0<a data-url=\"https:\/\/sisu.ut.ee\/eluarengmaal\/stromatopoorid\" href=\"https:\/\/sisu.ut.ee\/eluarengmaal\/stromatopoorid\" target=\"_blank\" title=\"\" rel=\"noopener\">kihtpoorsete k\u00e4snade ehk stromatopooride<\/a>\u00a0mitmekesisus ning osat\u00e4htsus riffide moodustamisel j\u00f5udsasti. Tekkisid esimesed t\u00e4nap\u00e4evastega v\u00f5rreldavad, sadade kilomeetrite pikkused vallrahud ehk barj\u00e4\u00e4rrifid.\n<\/p>\n<p>\n\tOkasnahksete seas loovutasid primitiivsemad, varreta\u00a0<a data-url=\"https:\/\/sisu.ut.ee\/eluarengmaal\/merikera\" href=\"https:\/\/sisu.ut.ee\/eluarengmaal\/merikera\" target=\"_blank\" title=\"\" rel=\"noopener\">merikerad (ts\u00fcstiidid)<\/a>, juhtpositsiooni pikavarrelistele\u00a0<a data-url=\"https:\/\/sisu.ut.ee\/eluarengmaal\/meriliiliad\" href=\"https:\/\/sisu.ut.ee\/eluarengmaal\/meriliiliad\" target=\"_blank\" title=\"\" rel=\"noopener\">meriliiliatele (krinoididele)<\/a>. L\u00fclijalgsete seas v\u00e4henes pidevalt\u00a0<a data-url=\"https:\/\/sisu.ut.ee\/eluarengmaal\/trilobiidid\" href=\"https:\/\/sisu.ut.ee\/eluarengmaal\/trilobiidid\" target=\"_blank\" title=\"\" rel=\"noopener\">trilobiitide<\/a>\u00a0mitmekesisus ja esinemissagedus, kuid tekkisid sootuks uued evolutsiooni harud, n\u00e4iteks\u00a0<a data-url=\"https:\/\/sisu.ut.ee\/eluarengmaal\/l%C3%B5ugtundlased\" href=\"https:\/\/sisu.ut.ee\/eluarengmaal\/l%C3%B5ugtundlased\" target=\"_blank\" title=\"\" rel=\"noopener\">meriskorpionid (eur\u00fcpteriidid)<\/a>, kes suutsid elada magedaveelistes laguunides ja saavutada aukartust \u00e4ratavaid m\u00f5\u00f5tmeid.\n<\/p>\n<p>\n\tUmbes samast perioodist on teada juba \u00fcsna palju maismaataimede kivististe leide. Need lubavad oletada, et Siluri ajastu teisel poolel hakkas tekkima algeline h\u00f5re maismaataimestik, mis koosnes primitiivsete eostaimede \u2013 \u00fcrgraigaste (psilof\u00fc\u00fctide) esindajatest.\n<\/p>\n<p>\n\tOrdoviitsiumi ajastu l\u00f5ppes Sahara j\u00e4\u00e4tumise t\u00f5ttu \u00fcle\u00fcldise merede madaldumise ja regressiooniga. Kogu P\u00f5hja-Eesti muutus m\u00f5neks ajaks maismaaks.\n<\/p>\n<p>\n\tSiluri ajastu alguses valitsesid v\u00e4ga muutlikud tingimused \u2013 meri kord madaldus, kord s\u00fcgavnes (foto 1).\u00a0<b>Juuru eal<\/b>\u00a0tekkisid Kesk-Eestis mergli vahekihtidega muguljad mudalis-detriitsed lubjakivid. Juuru ea teises pooles meri madaldus ning Kesk-Eestis tekkis Hiiumaalt Alutaguseni ulatuv k\u00e4sijalgse\u00a0<i>Borealis<\/i>\u00a0kodadest koosnev karplubjakivi hiigellasund, mille maksimaalne paksus Pandivere k\u00f5rgustikul ulatub 13 meetrini.\n<\/p>\n<p>\n\tMeri muutus m\u00e4rgatavalt s\u00fcgavamaks Vara-Siluri keskel,\u00a0<a data-fid=\"52148\" href=\"https:\/\/sisu.ut.ee\/wp-content\/uploads\/sites\/435\/silur.jpg\">Adavere eal<\/a>, kui hakkasid tekkima s\u00fcgavaveelised merglid v\u00f5i mergelsavid. Jaani ea teisel poolel aga madaldus meri j\u00e4rsult, mida n\u00e4itab savikate merglite asendumine\u00a0<a data-url=\"https:\/\/sisu.ut.ee\/mineraalid-ja-kivimid\/lubjakivi\" href=\"https:\/\/sisu.ut.ee\/mineraalid-ja-kivimid\/lubjakivi\" target=\"_blank\" title=\"\" rel=\"noopener\">puhaste lubjakividega<\/a>\u00a0(skeem 1). Siluri ajastu keskel aeglustus Baltika mandri liikumine p\u00f5hja, kuna ta p\u00f5rkas kokku Laurentiaga (P\u00f5hja-Ameerikaga). Sellest ajast peale hakkas meri l\u00f5plikult taanduma edela suunas. Mere taandumiste aegu tekkisid v\u00e4ga madala vee setendid, nagu Rootsik\u00fcla lademe laguunidolomiidid, milles on j\u00e4lgitavad kuival\u00f5hed ja kus leidub mageveeliste\u00a0<a data-url=\"https:\/\/sisu.ut.ee\/eluarengmaal\/l%C3%B5ugtundlased\" href=\"https:\/\/sisu.ut.ee\/eluarengmaal\/l%C3%B5ugtundlased\" target=\"_blank\" title=\"\" rel=\"noopener\">eur\u00fcpteriidide<\/a>\u00a0ja\u00a0<a data-url=\"https:\/\/sisu.ut.ee\/eluarengmaal\/l%C3%B5uatud\" href=\"https:\/\/sisu.ut.ee\/eluarengmaal\/l%C3%B5uatud\" target=\"_blank\" title=\"\" rel=\"noopener\">l\u00f5uatute<\/a>\u00a0kivistisi. Tuli ette ka ajutisi mere pealetunge, kuid Siluri l\u00f5puks taandus meri meie alalt t\u00e4ielikult (skeem 2a, b).\n<\/p>\n<p>\n\tSiluri ladestu lasub r\u00f6\u00f6pselt Ordoviitsiumi ladestul ja\u00a0<a data-fid=\"52149\" href=\"https:\/\/sisu.ut.ee\/wp-content\/uploads\/sites\/435\/s_avamus.jpg\">avaneb Kesk-Eestis ning L\u00e4\u00e4ne-Eesti saartel<\/a>. Ladestu koosneb v\u00e4ga erinevaist\u00a0<a data-url=\"https:\/\/sisu.ut.ee\/mineraalid-ja-kivimid\/lubjakivi\" href=\"https:\/\/sisu.ut.ee\/mineraalid-ja-kivimid\/lubjakivi\" target=\"_blank\" title=\"\" rel=\"noopener\">karbonaatkivimeist<\/a>. Mudalis-detriitsete lubjakivide k\u00f5rval leidub ka lubiliivast tekkinud lausdetriitseid lubjakive, aga ka puhtast lubimudast moodustunud afaniitseid lubjakive. K\u00f5ige paksem (450 m) on Siluri l\u00e4bil\u00f5ige S\u00f5rve poolsaarel, seal on ta ka k\u00f5ige t\u00e4ielikum. Ida pool on Siluri setendid \u00e4ra kulutatud ja \u00dclem-Siluri kivimeid paikneb mandril ainult v\u00e4ga v\u00e4ikesel alal T\u00f5stamaa poolsaare l\u00e4\u00e4neosas.\n<\/p>\n<p>\n\t<img loading=\"lazy\" decoding=\"async\" width=\"480\" height=\"317\" class=\"alignnone wp-image-86\" src=\"https:\/\/sisu.ut.ee\/wp-content\/uploads\/sites\/435\/suuriku1.jpg\" title=\"suuriku1.jpg\" alt=\"suuriku1\" srcset=\"https:\/\/sisu.ut.ee\/wp-content\/uploads\/sites\/435\/suuriku1.jpg 480w, https:\/\/sisu.ut.ee\/wp-content\/uploads\/sites\/435\/suuriku1-300x198.jpg 300w\" sizes=\"auto, (max-width: 480px) 100vw, 480px\">\u00a0a\u00a0<img loading=\"lazy\" decoding=\"async\" width=\"307\" height=\"480\" class=\"alignnone wp-image-87\" src=\"https:\/\/sisu.ut.ee\/wp-content\/uploads\/sites\/435\/suuriku2.jpg\" title=\"suuriku2.jpg\" alt=\"suuriku2\" srcset=\"https:\/\/sisu.ut.ee\/wp-content\/uploads\/sites\/435\/suuriku2.jpg 307w, https:\/\/sisu.ut.ee\/wp-content\/uploads\/sites\/435\/suuriku2-192x300.jpg 192w\" sizes=\"auto, (max-width: 307px) 100vw, 307px\">b\u00a0<img loading=\"lazy\" decoding=\"async\" width=\"480\" height=\"322\" class=\"alignnone wp-image-88\" src=\"https:\/\/sisu.ut.ee\/wp-content\/uploads\/sites\/435\/kuriku1.jpg\" title=\"kuriku1.jpg\" alt=\"kuriku1\" srcset=\"https:\/\/sisu.ut.ee\/wp-content\/uploads\/sites\/435\/kuriku1.jpg 480w, https:\/\/sisu.ut.ee\/wp-content\/uploads\/sites\/435\/kuriku1-300x201.jpg 300w\" sizes=\"auto, (max-width: 480px) 100vw, 480px\">\u00a0c\u00a0<img loading=\"lazy\" decoding=\"async\" width=\"480\" height=\"319\" class=\"alignnone wp-image-89\" src=\"https:\/\/sisu.ut.ee\/wp-content\/uploads\/sites\/435\/kuriku2.jpg\" title=\"kuriku2.jpg\" alt=\"kuriku2\" srcset=\"https:\/\/sisu.ut.ee\/wp-content\/uploads\/sites\/435\/kuriku2.jpg 480w, https:\/\/sisu.ut.ee\/wp-content\/uploads\/sites\/435\/kuriku2-300x199.jpg 300w\" sizes=\"auto, (max-width: 480px) 100vw, 480px\">d\u00a0<img loading=\"lazy\" decoding=\"async\" width=\"480\" height=\"323\" class=\"alignnone wp-image-90\" src=\"https:\/\/sisu.ut.ee\/wp-content\/uploads\/sites\/435\/kogula1.jpg\" title=\"kogula1.jpg\" alt=\"kogula1\" srcset=\"https:\/\/sisu.ut.ee\/wp-content\/uploads\/sites\/435\/kogula1.jpg 480w, https:\/\/sisu.ut.ee\/wp-content\/uploads\/sites\/435\/kogula1-300x202.jpg 300w\" sizes=\"auto, (max-width: 480px) 100vw, 480px\">e\u00a0<img loading=\"lazy\" decoding=\"async\" width=\"480\" height=\"331\" class=\"alignnone wp-image-91\" src=\"https:\/\/sisu.ut.ee\/wp-content\/uploads\/sites\/435\/kogula2.jpg\" title=\"kogula2.jpg\" alt=\"kogula2\" srcset=\"https:\/\/sisu.ut.ee\/wp-content\/uploads\/sites\/435\/kogula2.jpg 480w, https:\/\/sisu.ut.ee\/wp-content\/uploads\/sites\/435\/kogula2-300x207.jpg 300w\" sizes=\"auto, (max-width: 480px) 100vw, 480px\">f\u00a0<img loading=\"lazy\" decoding=\"async\" width=\"480\" height=\"328\" class=\"alignnone wp-image-92\" src=\"https:\/\/sisu.ut.ee\/wp-content\/uploads\/sites\/435\/kaugatuma2.jpg\" title=\"kaugatuma2.jpg\" alt=\"kaugatuma2\" srcset=\"https:\/\/sisu.ut.ee\/wp-content\/uploads\/sites\/435\/kaugatuma2.jpg 480w, https:\/\/sisu.ut.ee\/wp-content\/uploads\/sites\/435\/kaugatuma2-300x205.jpg 300w\" sizes=\"auto, (max-width: 480px) 100vw, 480px\">\u00a0g\u00a0\u00a0<img loading=\"lazy\" decoding=\"async\" width=\"480\" height=\"325\" class=\"alignnone wp-image-93\" src=\"https:\/\/sisu.ut.ee\/wp-content\/uploads\/sites\/435\/ohesaare1.jpg\" title=\"ohesaare1.jpg\" alt=\"ohesaare1\" srcset=\"https:\/\/sisu.ut.ee\/wp-content\/uploads\/sites\/435\/ohesaare1.jpg 480w, https:\/\/sisu.ut.ee\/wp-content\/uploads\/sites\/435\/ohesaare1-300x203.jpg 300w\" sizes=\"auto, (max-width: 480px) 100vw, 480px\">h\u00a0<img loading=\"lazy\" decoding=\"async\" width=\"480\" height=\"330\" class=\"alignnone wp-image-94\" src=\"https:\/\/sisu.ut.ee\/wp-content\/uploads\/sites\/435\/ohesaare2.jpg\" title=\"ohesaare2.jpg\" alt=\"ohesaare2\" srcset=\"https:\/\/sisu.ut.ee\/wp-content\/uploads\/sites\/435\/ohesaare2.jpg 480w, https:\/\/sisu.ut.ee\/wp-content\/uploads\/sites\/435\/ohesaare2-300x206.jpg 300w\" sizes=\"auto, (max-width: 480px) 100vw, 480px\">\u00a0i<br>Foto 1. Siluri ladestu paljandeid Saaremaal: a, b \u2013 Suuriku pank; c, d \u2013 Kuriku pank, m\u00f5lemal pangal paljandub Jaani lademe lubjakivi; e, f \u2013 Kogula paemurd, paljandub Paadla lademe lubjakivi; g \u2013 Kaugatuma pank, paljandub Kaugatuma lademe lubjakivi; h, i \u2013 Ohesaare pank, paljandub Ohesaare lademe lubjakivi<br><img loading=\"lazy\" decoding=\"async\" width=\"200\" height=\"150\" class=\"alignnone wp-image-95\" src=\"https:\/\/sisu.ut.ee\/wp-content\/uploads\/sites\/435\/jaani1a.jpg\" title=\"jaani1a.jpg\" alt=\"jaani1\"><br>Skeem 1. Jaani ea faatsiesed<br><img loading=\"lazy\" decoding=\"async\" width=\"200\" height=\"150\" class=\"alignnone wp-image-96\" src=\"https:\/\/sisu.ut.ee\/wp-content\/uploads\/sites\/435\/paadla1a.jpg\" title=\"paadla1a.jpg\" alt=\"paadla1\">a\u00a0<img loading=\"lazy\" decoding=\"async\" width=\"200\" height=\"150\" class=\"alignnone wp-image-97\" src=\"https:\/\/sisu.ut.ee\/wp-content\/uploads\/sites\/435\/kaugatuma1a.jpg\" title=\"kaugatuma1a.jpg\" alt=\"kaugutuma1\">\u00a0b<br>Skeem 2. a \u2013 Paadla ea faatsiesed; b \u2013 Kaugatuma ea faatsiesed\n<\/p>\n<p>\n\t\u00a0\n<\/p>\n<p>\n\t<strong>Vaata videot Siluri kivimeist <a data-url=\"https:\/\/www.uttv.ee\/naita?id=16836\" href=\"https:\/\/www.uttv.ee\/naita?id=16836\" target=\"_blank\" title=\"\" rel=\"noopener\">SIIT<\/a><\/strong><\/p>\n","protected":false},"excerpt":{"rendered":"<p>Siluri ajastu\u00a0algas 443 ja l\u00f5ppes 419 miljoni aasta eest, kestes seega umbes 24 miljonit aastat. Baltika j\u00e4i kogu Siluri jooksul palavv\u00f6\u00f6tmesse. Keskmine temperatuur \u00fcletas t\u00e4nap\u00e4evast kuni k\u00fcmne kraadi v\u00f5rra. Mandriservadel paiknenud soojades meredes settisid laialdaselt lubisetendid ja vohas rikkalik mereelustik. &#8230;<\/p>\n","protected":false},"author":226,"featured_media":0,"parent":0,"menu_order":0,"comment_status":"closed","ping_status":"closed","template":"","meta":{"_acf_changed":false,"inline_featured_image":false,"footnotes":""},"class_list":["post-31","page","type-page","status-publish","hentry"],"acf":[],"_links":{"self":[{"href":"https:\/\/sisu.ut.ee\/eestigeol\/wp-json\/wp\/v2\/pages\/31","targetHints":{"allow":["GET"]}}],"collection":[{"href":"https:\/\/sisu.ut.ee\/eestigeol\/wp-json\/wp\/v2\/pages"}],"about":[{"href":"https:\/\/sisu.ut.ee\/eestigeol\/wp-json\/wp\/v2\/types\/page"}],"author":[{"embeddable":true,"href":"https:\/\/sisu.ut.ee\/eestigeol\/wp-json\/wp\/v2\/users\/226"}],"replies":[{"embeddable":true,"href":"https:\/\/sisu.ut.ee\/eestigeol\/wp-json\/wp\/v2\/comments?post=31"}],"version-history":[{"count":1,"href":"https:\/\/sisu.ut.ee\/eestigeol\/wp-json\/wp\/v2\/pages\/31\/revisions"}],"predecessor-version":[{"id":186,"href":"https:\/\/sisu.ut.ee\/eestigeol\/wp-json\/wp\/v2\/pages\/31\/revisions\/186"}],"wp:attachment":[{"href":"https:\/\/sisu.ut.ee\/eestigeol\/wp-json\/wp\/v2\/media?parent=31"}],"curies":[{"name":"wp","href":"https:\/\/api.w.org\/{rel}","templated":true}]}}