{"id":30,"date":"2024-04-04T06:13:48","date_gmt":"2024-04-04T03:13:48","guid":{"rendered":"https:\/\/sisu.ut.ee\/eestigeol\/ordoviitsium\/"},"modified":"2024-04-04T06:14:06","modified_gmt":"2024-04-04T03:14:06","slug":"ordoviitsium","status":"publish","type":"page","link":"https:\/\/sisu.ut.ee\/eestigeol\/ordoviitsium\/","title":{"rendered":"Ordoviitsium"},"content":{"rendered":"<table class=\"table table-hover\" border=\"0\" cellpadding=\"0\" cellspacing=\"0\" width=\"534\">\n<tbody>\n<tr>\n<td valign=\"top\" width=\"534\">\n<table class=\"table table-hover\" border=\"0\">\n<tbody>\n<tr>\n<td>\n<p>\n\t\t\t\t\t\t\t\t\tKambriumi l\u00fcnklik ja episoodiline purdsetete (<b>liivakivid, savid, kiltsavid<\/b>) kujunemine j\u00e4tkus ka Ordoviitsiumi algul, kuid setetesse ilmunud tumedad orgaanikarikkad savikivimid (nn dikt\u00fconeemaargilliit, foto 1) annavad tunnistust juba kuivemast ja soojemast kliimast. T\u00e4htsaks s\u00fcndmuseks Baltimaade geoloogilises arenguloos oli karbonaatse settimise algus umbes 485 miljonit aastat tagasi (<a data-fid=\"52146\" href=\"https:\/\/sisu.ut.ee\/wp-content\/uploads\/sites\/435\/ordoviitsium.jpg\">Hunnebergi eal<\/a>).\n\t\t\t\t\t\t\t\t<\/p>\n<p>\n\t\t\t\t\t\t\t\t\t<a data-fid=\"52147\" href=\"https:\/\/sisu.ut.ee\/wp-content\/uploads\/sites\/435\/o_avamus.jpg\">Ordoviitsiumi lademete avamused<\/a>\u00a0paiknevad P\u00f5hja-Eestis, Vormsil ja Hiiumaa p\u00f5hjaosas, kulgedes seal enam-v\u00e4hem ida-l\u00e4\u00e4ne sihiliste v\u00f6\u00f6nditena. Alam-Ordoviitsiumi Pakerordi, Varangu ja Hunnebergi lademes on terrigeensed kivimid \u2013 Pakerordi lademe \u00fclemises osas\u00a0<b>dikt\u00fconeemaargilliit<\/b>\u00a0ja Varangu lademes\u00a0<b>liivakivid<\/b>,\u00a0<b>aleuroliidid<\/b>\u00a0ning\u00a0<b>savid<\/b>\u00a0(fotod 2, 3, 4 ja 5). \u00dclej\u00e4\u00e4nud Ordoviitsiumi lademed koosnevad\u00a0<b>karbonaatkivimeist<\/b>, so enamasti organismide skeletiosistest ja lubimudast tekkinud mudalis-detriitsetest lubjakividest, mis sisaldavad erinaval m\u00e4\u00e4ral saviainest, peamiselt mergli vahekihtidena.\n\t\t\t\t\t\t\t\t<\/p>\n<p>\n\t\t\t\t\t\t\t\t\tOrdoviitsiumi ladestu\u00a0<b>paksus<\/b>\u00a0k\u00f5igub 70-180 m vahel, olles suurim Kesk-Eesti l\u00e4bil\u00f5igetes.\n\t\t\t\t\t\t\t\t<\/p>\n<p>\n\t\t\t\t\t\t\t\t\tBaltika manner asus Ordoviitsiumi alguses l\u00f5unapoolkera parasv\u00f6\u00f6tmes ja triivis ajastu l\u00f5puks troopilistele laiuskraadidele. Mandrit kattev ulatuslik madalmeri laius Moskva piirkonnast kuni Poola ja L\u00e4\u00e4ne-Skandinaaviani, kus ta avanes Iapetuse ookeani (vt Ordoviitsiumi\u00a0<a href=\"http:\/\/www.scotese.com\/newpage1.htm\" target=\"_blank\" rel=\"noopener\">paleogeograafiline kaart<\/a>).\n\t\t\t\t\t\t\t\t<\/p>\n<p>\n\t\t\t\t\t\t\t\t\tOrdoviitsiumi meri saavutas Eesti piires oma suurima s\u00fcgavuse ajastu keskel,\u00a0<a data-fid=\"52146\" href=\"https:\/\/sisu.ut.ee\/wp-content\/uploads\/sites\/435\/ordoviitsium.jpg\">Haljala eal,<\/a>\u00a0mil hakkasid moodustuma tugevasti savikad\u00a0<a data-url=\"https:\/\/sisu.ut.ee\/mineraalid-ja-kivimid\/lubjakivi\" href=\"https:\/\/sisu.ut.ee\/mineraalid-ja-kivimid\/lubjakivi\" target=\"_blank\" title=\"\" rel=\"noopener\">lubjakivid<\/a>\u00a0ja\u00a0<a data-url=\"https:\/\/sisu.ut.ee\/mineraalid-ja-kivimid\/mergel\" href=\"https:\/\/sisu.ut.ee\/mineraalid-ja-kivimid\/mergel\" target=\"_blank\" title=\"\" rel=\"noopener\">merglid.<\/a>\u00a0Selles meres on eraldatavad kaldast eri kaugusele j\u00e4\u00e4vad eri s\u00fcgavusega v\u00f6\u00f6ndid, mis on eristatavad nii settekivimite kui fossiilide koosseisu alusel (M\u00e4nnil, 1966; Jaanusson, 1995). P\u00f5hja-Eestis levib selle mere madalam, kaldal\u00e4hedasem v\u00f6\u00f6nd (P\u00f5hja-Eesti faatsies), kus moodustusid mitmesugused lubisetted, L\u00f5una-Eestis aga basseini s\u00fcgavam osa, nn Liivi keel, kus moodustusid mitmesugused savikad setendid \u2013 merglid ja savid (joonis 1). Ordoviitsiumi ajastu setendite paiknemine on kujutatud joonistel 2, 3, 4 ja 5. Parasv\u00f6\u00f6tmeline savilisandiga lubimuda settimine j\u00e4tkus l\u00e4bi kogu\u00a0<a data-fid=\"52146\" href=\"https:\/\/sisu.ut.ee\/wp-content\/uploads\/sites\/435\/ordoviitsium.jpg\">Kesk-<\/a>\u00a0ja varase\u00a0<a data-fid=\"52146\" href=\"https:\/\/sisu.ut.ee\/wp-content\/uploads\/sites\/435\/ordoviitsium.jpg\">Hilis-Ordoviitsiumi.<\/a>\u00a0Hilis-Ordoviitsiumis (umbes 440 miljonit aastat tagasi) oli Baltika kontinent juba piisavalt l\u00e4henenud ekvatoriaalsele troopilisele v\u00f6\u00f6ndile ja sealt alates hakkas setetes valdama \u00fclipeen puhas soojaveelise tekkega lubimuda.\n\t\t\t\t\t\t\t\t<\/p>\n<p>\n\t\t\t\t\t\t\t\t\t\u00dcleminekut parasv\u00f6\u00f6tmest troopikasse t\u00e4histab korallide (nii\u00a0<a data-url=\"https:\/\/sisu.ut.ee\/eluarengmaal\/tabulaadid-0\" href=\"https:\/\/sisu.ut.ee\/eluarengmaal\/tabulaadid-0\" target=\"_blank\" title=\"\" rel=\"noopener\">tabulaatide<\/a>\u00a0kui ka\u00a0<a data-url=\"https:\/\/sisu.ut.ee\/eluarengmaal\/rugoosid\" href=\"https:\/\/sisu.ut.ee\/eluarengmaal\/rugoosid\" target=\"_blank\" title=\"\" rel=\"noopener\">rugooside<\/a>),\u00a0<a data-url=\"https:\/\/sisu.ut.ee\/eluarengmaal\/stromatopoorid\" href=\"https:\/\/sisu.ut.ee\/eluarengmaal\/stromatopoorid\" target=\"_blank\" title=\"\" rel=\"noopener\">kihtpoorsete<\/a>\u00a0(<a data-url=\"https:\/\/sisu.ut.ee\/eluarengmaal\/stromatopoorid\" href=\"https:\/\/sisu.ut.ee\/eluarengmaal\/stromatopoorid\" target=\"_blank\" title=\"\" rel=\"noopener\">stromatopooride<\/a>)\u00a0ja vanimate riffmoodustiste ilmumine meie geoloogilises l\u00e4bil\u00f5ikes\u00a0<a data-fid=\"52146\" href=\"https:\/\/sisu.ut.ee\/wp-content\/uploads\/sites\/435\/ordoviitsium.jpg\">Keila-Oandu eal.<\/a>\u00a0Ordoviitsiumi l\u00f5pus alanes merevee tase 50-100 meetrit. Seda p\u00f5hjustas umbes 440 miljonit aastat tagasi toimunud nn Sahara j\u00e4\u00e4aeg l\u00f5unapooluse l\u00e4histel paikneval Gondwana mandril.\n\t\t\t\t\t\t\t\t<\/p>\n<p>\n\t\t\t\t\t\t\t\t\t\u00a0\n\t\t\t\t\t\t\t\t<\/p>\n<p>\t\t\t\t\t\t\t\t\t<img loading=\"lazy\" decoding=\"async\" width=\"480\" height=\"388\" class=\"alignnone wp-image-76\" src=\"https:\/\/sisu.ut.ee\/wp-content\/uploads\/sites\/435\/ordoviitsium1.jpg\" title=\"ordoviitsium1.jpg\" alt=\"ordoviitsium1\" srcset=\"https:\/\/sisu.ut.ee\/wp-content\/uploads\/sites\/435\/ordoviitsium1.jpg 480w, https:\/\/sisu.ut.ee\/wp-content\/uploads\/sites\/435\/ordoviitsium1-300x243.jpg 300w\" sizes=\"auto, (max-width: 480px) 100vw, 480px\"><br>Joonis 1. P\u00f5hja-Eesti faatsies ja Liivi keel<\/p>\n<p>\n\t\t\t\t\t\t\t\t\t\t\u00a0\n\t\t\t\t\t\t\t\t\t<\/p>\n<\/td>\n<\/tr>\n<\/tbody>\n<\/table>\n<\/td>\n<\/tr>\n<tr>\n<td colspan=\"2\">\n<table class=\"table table-hover\" border=\"0\" cellpadding=\"0\" cellspacing=\"0\" width=\"624\">\n<tbody>\n<tr>\n<td>\n<p>\t\t\t\t\t\t\t\t\t<img loading=\"lazy\" decoding=\"async\" width=\"624\" height=\"360\" class=\"alignnone wp-image-77\" src=\"https:\/\/sisu.ut.ee\/wp-content\/uploads\/sites\/435\/ordoviitsium2.jpg\" title=\"ordoviitsium2.jpg\" alt=\"ordoviitsium2\" srcset=\"https:\/\/sisu.ut.ee\/wp-content\/uploads\/sites\/435\/ordoviitsium2.jpg 624w, https:\/\/sisu.ut.ee\/wp-content\/uploads\/sites\/435\/ordoviitsium2-300x173.jpg 300w\" sizes=\"auto, (max-width: 624px) 100vw, 624px\"><br>Joonis 2. Volhovi ea setendite paiknemine (Nestor &amp; Einasto, 1997)<\/p>\n<p>\n\t\t\t\t\t\t\t\t\t\t<img loading=\"lazy\" decoding=\"async\" width=\"624\" height=\"360\" class=\"alignnone wp-image-78\" src=\"https:\/\/sisu.ut.ee\/wp-content\/uploads\/sites\/435\/ordoviitsium3.jpg\" title=\"ordoviitsium3.jpg\" alt=\"ordoviitsium3\" srcset=\"https:\/\/sisu.ut.ee\/wp-content\/uploads\/sites\/435\/ordoviitsium3.jpg 624w, https:\/\/sisu.ut.ee\/wp-content\/uploads\/sites\/435\/ordoviitsium3-300x173.jpg 300w\" sizes=\"auto, (max-width: 624px) 100vw, 624px\"><br>Joonis 3. Kukruse ea setendite paiknemine (Nestor &amp; Einasto, 1997)\n\t\t\t\t\t\t\t\t\t<\/p>\n<p>\n\t\t\t\t\t\t\t\t\t\t<img loading=\"lazy\" decoding=\"async\" width=\"624\" height=\"360\" class=\"alignnone wp-image-79\" src=\"https:\/\/sisu.ut.ee\/wp-content\/uploads\/sites\/435\/ordoviitsium4.jpg\" title=\"ordoviitsium4.jpg\" alt=\"ordoviitsium4\" srcset=\"https:\/\/sisu.ut.ee\/wp-content\/uploads\/sites\/435\/ordoviitsium4.jpg 624w, https:\/\/sisu.ut.ee\/wp-content\/uploads\/sites\/435\/ordoviitsium4-300x173.jpg 300w\" sizes=\"auto, (max-width: 624px) 100vw, 624px\"><br>Joonis 4. Vormsi ea setendite paiknemine (Nestor &amp; Einasto, 1997)\n\t\t\t\t\t\t\t\t\t<\/p>\n<p>\n\t\t\t\t\t\t\t\t\t\t<img loading=\"lazy\" decoding=\"async\" width=\"624\" height=\"360\" class=\"alignnone wp-image-80\" src=\"https:\/\/sisu.ut.ee\/wp-content\/uploads\/sites\/435\/ordoviitsium5.jpg\" title=\"ordoviitsium5.jpg\" alt=\"ordoviitsium5\" srcset=\"https:\/\/sisu.ut.ee\/wp-content\/uploads\/sites\/435\/ordoviitsium5.jpg 624w, https:\/\/sisu.ut.ee\/wp-content\/uploads\/sites\/435\/ordoviitsium5-300x173.jpg 300w\" sizes=\"auto, (max-width: 624px) 100vw, 624px\"><br>Joonis 5. Porkuni ea setendite paiknemine (Nestor &amp; Einasto, 1997)\n\t\t\t\t\t\t\t\t\t<\/p>\n<\/td>\n<\/tr>\n<\/tbody>\n<\/table>\n<\/td>\n<\/tr>\n<\/tbody>\n<\/table>\n<p>\n\t<img loading=\"lazy\" decoding=\"async\" width=\"480\" height=\"372\" class=\"alignnone wp-image-81\" src=\"https:\/\/sisu.ut.ee\/wp-content\/uploads\/sites\/435\/ordoviitsium6.jpg\" title=\"ordoviitsium6.jpg\" alt=\"ordoviitsium6\" srcset=\"https:\/\/sisu.ut.ee\/wp-content\/uploads\/sites\/435\/ordoviitsium6.jpg 480w, https:\/\/sisu.ut.ee\/wp-content\/uploads\/sites\/435\/ordoviitsium6-300x233.jpg 300w\" sizes=\"auto, (max-width: 480px) 100vw, 480px\"><br>Foto 1. Dikt\u00fconeemaargilliit. Kihipind p\u00fcriidiga, Pakerordi lade, M\u00e4ekalda\n<\/p>\n<p>\n\t<img loading=\"lazy\" decoding=\"async\" width=\"480\" height=\"360\" class=\"alignnone wp-image-82\" src=\"https:\/\/sisu.ut.ee\/wp-content\/uploads\/sites\/435\/ordoviitsium7.jpg\" title=\"ordoviitsium7.jpg\" alt=\"ordoviitsium7\" srcset=\"https:\/\/sisu.ut.ee\/wp-content\/uploads\/sites\/435\/ordoviitsium7.jpg 480w, https:\/\/sisu.ut.ee\/wp-content\/uploads\/sites\/435\/ordoviitsium7-300x225.jpg 300w\" sizes=\"auto, (max-width: 480px) 100vw, 480px\"><br>Foto 2. Argilliit Kunstimuuseumi s\u00fcvendis, Pakerordi lade, M\u00e4ekalda, j\u00e4lgitav on peenkihilisus\n<\/p>\n<p>\n\t<img loading=\"lazy\" decoding=\"async\" width=\"709\" height=\"360\" class=\"alignnone wp-image-83\" src=\"https:\/\/sisu.ut.ee\/wp-content\/uploads\/sites\/435\/ordoviitsium8.jpg\" title=\"ordoviitsium8.jpg\" alt=\"ordoviitsium8\" srcset=\"https:\/\/sisu.ut.ee\/wp-content\/uploads\/sites\/435\/ordoviitsium8.jpg 709w, https:\/\/sisu.ut.ee\/wp-content\/uploads\/sites\/435\/ordoviitsium8-300x152.jpg 300w\" sizes=\"auto, (max-width: 709px) 100vw, 709px\"><br>Foto 3. Dikt\u00fconeemaargilliidi v\u00e4ljavedu s\u00fcvendist, Pakerordi lade, M\u00e4ekalda\n<\/p>\n<p>\n\t<img loading=\"lazy\" decoding=\"async\" width=\"467\" height=\"480\" class=\"alignnone wp-image-84\" src=\"https:\/\/sisu.ut.ee\/wp-content\/uploads\/sites\/435\/ordoviitsium9.jpg\" title=\"ordoviitsium9.jpg\" alt=\"ordoviitsium9\" srcset=\"https:\/\/sisu.ut.ee\/wp-content\/uploads\/sites\/435\/ordoviitsium9.jpg 467w, https:\/\/sisu.ut.ee\/wp-content\/uploads\/sites\/435\/ordoviitsium9-292x300.jpg 292w\" sizes=\"auto, (max-width: 467px) 100vw, 467px\"><br>Foto 4. Glaukoniitliivakivi, Hunnebergi lade, M\u00e4ekalda\n<\/p>\n<p>\n\t<img loading=\"lazy\" decoding=\"async\" width=\"480\" height=\"437\" class=\"alignnone wp-image-85\" src=\"https:\/\/sisu.ut.ee\/wp-content\/uploads\/sites\/435\/ordoviitsium10.jpg\" title=\"ordoviitsium10.jpg\" alt=\"ordoviitsium10\" srcset=\"https:\/\/sisu.ut.ee\/wp-content\/uploads\/sites\/435\/ordoviitsium10.jpg 480w, https:\/\/sisu.ut.ee\/wp-content\/uploads\/sites\/435\/ordoviitsium10-300x273.jpg 300w\" sizes=\"auto, (max-width: 480px) 100vw, 480px\"><br>Foto 5. Ordoviitsiumi l\u00e4bil\u00f5ike alumine osa, M\u00e4ekalda, Kunstimuuseumi s\u00fcvend\n<\/p>\n<p>\n\t\u00a0\n<\/p>\n<p>\n\t<strong>Vaata\u00a0Videot Ordoviitsiumi kivimeist\u00a0<\/strong><a data-url=\"https:\/\/www.uttv.ee\/naita?id=16834\" href=\"https:\/\/www.uttv.ee\/naita?id=16834\" target=\"_blank\" title=\"\" rel=\"noopener\">SIIT<\/a><\/p>\n","protected":false},"excerpt":{"rendered":"<p>Kambriumi l\u00fcnklik ja episoodiline purdsetete (liivakivid, savid, kiltsavid) kujunemine j\u00e4tkus ka Ordoviitsiumi algul, kuid setetesse ilmunud tumedad orgaanikarikkad savikivimid (nn dikt\u00fconeemaargilliit, foto 1) annavad tunnistust juba kuivemast ja soojemast kliimast. T\u00e4htsaks s\u00fcndmuseks Baltimaade geoloogilises arenguloos oli karbonaatse settimise algus umbes &#8230;<\/p>\n","protected":false},"author":226,"featured_media":0,"parent":0,"menu_order":0,"comment_status":"closed","ping_status":"closed","template":"","meta":{"_acf_changed":false,"inline_featured_image":false,"footnotes":""},"class_list":["post-30","page","type-page","status-publish","hentry"],"acf":[],"_links":{"self":[{"href":"https:\/\/sisu.ut.ee\/eestigeol\/wp-json\/wp\/v2\/pages\/30","targetHints":{"allow":["GET"]}}],"collection":[{"href":"https:\/\/sisu.ut.ee\/eestigeol\/wp-json\/wp\/v2\/pages"}],"about":[{"href":"https:\/\/sisu.ut.ee\/eestigeol\/wp-json\/wp\/v2\/types\/page"}],"author":[{"embeddable":true,"href":"https:\/\/sisu.ut.ee\/eestigeol\/wp-json\/wp\/v2\/users\/226"}],"replies":[{"embeddable":true,"href":"https:\/\/sisu.ut.ee\/eestigeol\/wp-json\/wp\/v2\/comments?post=30"}],"version-history":[{"count":1,"href":"https:\/\/sisu.ut.ee\/eestigeol\/wp-json\/wp\/v2\/pages\/30\/revisions"}],"predecessor-version":[{"id":187,"href":"https:\/\/sisu.ut.ee\/eestigeol\/wp-json\/wp\/v2\/pages\/30\/revisions\/187"}],"wp:attachment":[{"href":"https:\/\/sisu.ut.ee\/eestigeol\/wp-json\/wp\/v2\/media?parent=30"}],"curies":[{"name":"wp","href":"https:\/\/api.w.org\/{rel}","templated":true}]}}