{"id":25,"date":"2024-04-04T06:13:48","date_gmt":"2024-04-04T03:13:48","guid":{"rendered":"https:\/\/sisu.ut.ee\/eestigeol\/pleistotseen\/"},"modified":"2024-04-04T06:14:06","modified_gmt":"2024-04-04T03:14:06","slug":"pleistotseen","status":"publish","type":"page","link":"https:\/\/sisu.ut.ee\/eestigeol\/pleistotseen\/","title":{"rendered":"Pleistotseen"},"content":{"rendered":"<p>\n\tKvaternaari setete seas valdavad Pleistotseeni ehk j\u00e4\u00e4aja setted. Pleistotseeni ajastu algas 2 588 000 aastat tagasi ja l\u00f5pps 11700 aastat tagasi. Pleistotseeni liustikulisi setteid katavad laiguti kontinentaalsed Holotseeni setted.\n<\/p>\n<p>\n\tViimasele j\u00e4\u00e4tumisele eelnenud j\u00e4\u00e4aegade setted on Eestis s\u00e4ilinud vaid mattunud orgudes, L\u00f5una-Eesti k\u00f5rgustikel, Vooremaal ja P\u00f5hja-Eesti klindieelsel madalikul.\n<\/p>\n<p>\n\tKvaternaarile eelnenud\u00a0<a data-url=\"https:\/\/sisu.ut.ee\/eluarengmaal\/neogeen\" href=\"https:\/\/sisu.ut.ee\/eluarengmaal\/neogeen\" target=\"_blank\" title=\"\" rel=\"noopener\">Neogeeni ajastul<\/a>\u00a0tekkisid n\u00fc\u00fcdisaegsed taimkattev\u00f6\u00f6ndid (tundrav\u00f6\u00f6ndit veel polnud). Ka tolleaegne loomastik oli n\u00fc\u00fcdisaegsele l\u00e4hedane. Neogeeni l\u00f5pus ja Kvaternaari alguses kliima halvenes j\u00e4rsult ja p\u00f5hjapoolkeral algas laiaulatuslik mandrij\u00e4\u00e4tumine. J\u00e4\u00e4tumiste ja j\u00e4\u00e4vaheaegade arvu kohta ei ole \u00fchtseid seisukohti.\n<\/p>\n<p>\n\tP\u00f5hja-Euroopa j\u00e4\u00e4kilbi paksus oli hinnanguliselt 2000-3000 meetrit, Eestis v\u00f5is see viimase suurima mandrij\u00e4\u00e4tumise ajal olla umbes 1500 meetrit.\n<\/p>\n<p>\n\t\u00a0\n<\/p>\n<p>\t<img loading=\"lazy\" decoding=\"async\" width=\"493\" height=\"416\" class=\"alignnone wp-image-64\" src=\"https:\/\/sisu.ut.ee\/wp-content\/uploads\/sites\/435\/pleistotseen.jpg\" title=\"pleistotseen.jpg\" alt=\"pleistotseen\" srcset=\"https:\/\/sisu.ut.ee\/wp-content\/uploads\/sites\/435\/pleistotseen.jpg 493w, https:\/\/sisu.ut.ee\/wp-content\/uploads\/sites\/435\/pleistotseen-300x253.jpg 300w\" sizes=\"auto, (max-width: 493px) 100vw, 493px\"><\/p>\n<p>\n\t\tJoonis. Pleistotseeni setete stratigraafiline liigestus\n\t<\/p>\n","protected":false},"excerpt":{"rendered":"<p>Kvaternaari setete seas valdavad Pleistotseeni ehk j\u00e4\u00e4aja setted. Pleistotseeni ajastu algas 2 588 000 aastat tagasi ja l\u00f5pps 11700 aastat tagasi. Pleistotseeni liustikulisi setteid katavad laiguti kontinentaalsed Holotseeni setted. Viimasele j\u00e4\u00e4tumisele eelnenud j\u00e4\u00e4aegade setted on Eestis s\u00e4ilinud vaid mattunud orgudes, &#8230;<\/p>\n","protected":false},"author":226,"featured_media":0,"parent":0,"menu_order":0,"comment_status":"closed","ping_status":"closed","template":"","meta":{"_acf_changed":false,"inline_featured_image":false,"footnotes":""},"class_list":["post-25","page","type-page","status-publish","hentry"],"acf":[],"_links":{"self":[{"href":"https:\/\/sisu.ut.ee\/eestigeol\/wp-json\/wp\/v2\/pages\/25","targetHints":{"allow":["GET"]}}],"collection":[{"href":"https:\/\/sisu.ut.ee\/eestigeol\/wp-json\/wp\/v2\/pages"}],"about":[{"href":"https:\/\/sisu.ut.ee\/eestigeol\/wp-json\/wp\/v2\/types\/page"}],"author":[{"embeddable":true,"href":"https:\/\/sisu.ut.ee\/eestigeol\/wp-json\/wp\/v2\/users\/226"}],"replies":[{"embeddable":true,"href":"https:\/\/sisu.ut.ee\/eestigeol\/wp-json\/wp\/v2\/comments?post=25"}],"version-history":[{"count":1,"href":"https:\/\/sisu.ut.ee\/eestigeol\/wp-json\/wp\/v2\/pages\/25\/revisions"}],"predecessor-version":[{"id":192,"href":"https:\/\/sisu.ut.ee\/eestigeol\/wp-json\/wp\/v2\/pages\/25\/revisions\/192"}],"wp:attachment":[{"href":"https:\/\/sisu.ut.ee\/eestigeol\/wp-json\/wp\/v2\/media?parent=25"}],"curies":[{"name":"wp","href":"https:\/\/api.w.org\/{rel}","templated":true}]}}