{"id":24,"date":"2024-04-04T06:13:48","date_gmt":"2024-04-04T03:13:48","guid":{"rendered":"https:\/\/sisu.ut.ee\/eestigeol\/holotseen\/"},"modified":"2024-04-04T06:14:06","modified_gmt":"2024-04-04T03:14:06","slug":"holotseen","status":"publish","type":"page","link":"https:\/\/sisu.ut.ee\/eestigeol\/holotseen\/","title":{"rendered":"Holotseen"},"content":{"rendered":"<p>\n\tPleistotseeni ajastikule (nn j\u00e4\u00e4ajale) j\u00e4rgnenud ja t\u00e4naseni 10 000 radios\u00fcsiniku aastat (see t\u00e4hendab 11 700 aastat) kestnud Holotseeni (nn p\u00e4rastj\u00e4\u00e4aega) iseloomustab mandrij\u00e4\u00e4tumise taandumine p\u00f5hjapoolkera kontinentidelt. Holotseen on seni kestev j\u00e4\u00e4vaheaeg.\n<\/p>\n<p>\n\t\u00a0\n<\/p>\n<p>\t<img loading=\"lazy\" decoding=\"async\" width=\"429\" height=\"470\" class=\"alignnone wp-image-63\" src=\"https:\/\/sisu.ut.ee\/wp-content\/uploads\/sites\/435\/holotseen.jpg\" title=\"holotseen.jpg\" alt=\"holotseen\" srcset=\"https:\/\/sisu.ut.ee\/wp-content\/uploads\/sites\/435\/holotseen.jpg 429w, https:\/\/sisu.ut.ee\/wp-content\/uploads\/sites\/435\/holotseen-274x300.jpg 274w\" sizes=\"auto, (max-width: 429px) 100vw, 429px\"><\/p>\n<p>\n\t\tJoonis. Holotseeni setete stratigraafiline liigestus\n\t<\/p>\n","protected":false},"excerpt":{"rendered":"<p>Pleistotseeni ajastikule (nn j\u00e4\u00e4ajale) j\u00e4rgnenud ja t\u00e4naseni 10 000 radios\u00fcsiniku aastat (see t\u00e4hendab 11 700 aastat) kestnud Holotseeni (nn p\u00e4rastj\u00e4\u00e4aega) iseloomustab mandrij\u00e4\u00e4tumise taandumine p\u00f5hjapoolkera kontinentidelt. Holotseen on seni kestev j\u00e4\u00e4vaheaeg. \u00a0 Joonis. Holotseeni setete stratigraafiline liigestus<\/p>\n","protected":false},"author":226,"featured_media":0,"parent":0,"menu_order":0,"comment_status":"closed","ping_status":"closed","template":"","meta":{"_acf_changed":false,"inline_featured_image":false,"footnotes":""},"class_list":["post-24","page","type-page","status-publish","hentry"],"acf":[],"_links":{"self":[{"href":"https:\/\/sisu.ut.ee\/eestigeol\/wp-json\/wp\/v2\/pages\/24","targetHints":{"allow":["GET"]}}],"collection":[{"href":"https:\/\/sisu.ut.ee\/eestigeol\/wp-json\/wp\/v2\/pages"}],"about":[{"href":"https:\/\/sisu.ut.ee\/eestigeol\/wp-json\/wp\/v2\/types\/page"}],"author":[{"embeddable":true,"href":"https:\/\/sisu.ut.ee\/eestigeol\/wp-json\/wp\/v2\/users\/226"}],"replies":[{"embeddable":true,"href":"https:\/\/sisu.ut.ee\/eestigeol\/wp-json\/wp\/v2\/comments?post=24"}],"version-history":[{"count":1,"href":"https:\/\/sisu.ut.ee\/eestigeol\/wp-json\/wp\/v2\/pages\/24\/revisions"}],"predecessor-version":[{"id":193,"href":"https:\/\/sisu.ut.ee\/eestigeol\/wp-json\/wp\/v2\/pages\/24\/revisions\/193"}],"wp:attachment":[{"href":"https:\/\/sisu.ut.ee\/eestigeol\/wp-json\/wp\/v2\/media?parent=24"}],"curies":[{"name":"wp","href":"https:\/\/api.w.org\/{rel}","templated":true}]}}