{"id":19,"date":"2024-04-04T06:13:47","date_gmt":"2024-04-04T03:13:47","guid":{"rendered":"https:\/\/sisu.ut.ee\/eestigeol\/maarajad_oppevahendid\/"},"modified":"2024-04-16T13:21:23","modified_gmt":"2024-04-16T10:21:23","slug":"maarajad_oppevahendid","status":"publish","type":"page","link":"https:\/\/sisu.ut.ee\/eestigeol\/maarajad_oppevahendid\/","title":{"rendered":"M\u00e4\u00e4rajad ja \u00f5ppevahendid"},"content":{"rendered":"<h1><\/h1>\n<p><a href=\"https:\/\/sisu.ut.ee\/wp-content\/uploads\/sites\/435\/narva.pdf\" target=\"_blank\" rel=\"noopener\" data-fid=\"51995\">Narva pank<\/a><\/p>\n<p><a href=\"https:\/\/sisu.ut.ee\/wp-content\/uploads\/sites\/435\/sinimaed.pdf\" target=\"_blank\" rel=\"noopener\" data-fid=\"51996\">Sinim\u00e4ed<\/a><\/p>\n<p><a href=\"https:\/\/sisu.ut.ee\/wp-content\/uploads\/sites\/435\/udria.pdf\" target=\"_blank\" rel=\"noopener\" data-fid=\"51997\">Udria pank<\/a><\/p>\n<p><a href=\"https:\/\/sisu.ut.ee\/wp-content\/uploads\/sites\/435\/vanakyla.pdf\" target=\"_blank\" rel=\"noopener\" data-fid=\"51998\">Kohtla-N\u00f5mme Vanak\u00fcla karj\u00e4\u00e4r<\/a><\/p>\n<p><a href=\"https:\/\/sisu.ut.ee\/wp-content\/uploads\/sites\/435\/reinu.pdf\" target=\"_blank\" rel=\"noopener\" data-fid=\"51999\">Reinu murd<\/a><\/p>\n<p><a href=\"https:\/\/sisu.ut.ee\/wp-content\/uploads\/sites\/435\/ambose.pdf\" target=\"_blank\" rel=\"noopener\" data-fid=\"52000\">Ambose murd<\/a><\/p>\n<p><a href=\"https:\/\/sisu.ut.ee\/wp-content\/uploads\/sites\/435\/saviranna.pdf\" target=\"_blank\" rel=\"noopener\" data-fid=\"52001\">Saviranna paljandid<\/a><\/p>\n<p><a href=\"https:\/\/sisu.ut.ee\/wp-content\/uploads\/sites\/435\/ylgase.pdf\" target=\"_blank\" rel=\"noopener\" data-fid=\"52002\">\u00dclgase fosforiidikaevandus<\/a><\/p>\n<p><a href=\"https:\/\/sisu.ut.ee\/wp-content\/uploads\/sites\/435\/tabina.pdf\" target=\"_blank\" rel=\"noopener\" data-fid=\"52003\">Tabina karj\u00e4\u00e4r<\/a><\/p>\n<p><a href=\"https:\/\/sisu.ut.ee\/wp-content\/uploads\/sites\/435\/marinova.pdf\" target=\"_blank\" rel=\"noopener\" data-fid=\"52004\">Marinova murd<\/a><\/p>\n<p><a href=\"https:\/\/sisu.ut.ee\/wp-content\/uploads\/sites\/435\/haanja.pdf\" target=\"_blank\" rel=\"noopener\" data-fid=\"52005\">Haanja k\u00f5rgustik<\/a><\/p>\n<p><a href=\"https:\/\/sisu.ut.ee\/wp-content\/uploads\/sites\/435\/liustike.pdf\" target=\"_blank\" rel=\"noopener\" data-fid=\"52006\">Liustike sorteeritud setted ja pinnavormid<\/a><\/p>\n<p><a href=\"https:\/\/sisu.ut.ee\/wp-content\/uploads\/sites\/435\/nogopalu.pdf\" target=\"_blank\" rel=\"noopener\" data-fid=\"52007\">Nogopalu karj\u00e4\u00e4r<\/a><\/p>\n","protected":false},"excerpt":{"rendered":"<p>Narva pank Sinim\u00e4ed Udria pank Kohtla-N\u00f5mme Vanak\u00fcla karj\u00e4\u00e4r Reinu murd Ambose murd Saviranna paljandid \u00dclgase fosforiidikaevandus Tabina karj\u00e4\u00e4r Marinova murd Haanja k\u00f5rgustik Liustike sorteeritud setted ja pinnavormid Nogopalu karj\u00e4\u00e4r<\/p>\n","protected":false},"author":226,"featured_media":0,"parent":0,"menu_order":0,"comment_status":"closed","ping_status":"closed","template":"","meta":{"_acf_changed":false,"inline_featured_image":false,"footnotes":""},"class_list":["post-19","page","type-page","status-publish","hentry"],"acf":[],"_links":{"self":[{"href":"https:\/\/sisu.ut.ee\/eestigeol\/wp-json\/wp\/v2\/pages\/19","targetHints":{"allow":["GET"]}}],"collection":[{"href":"https:\/\/sisu.ut.ee\/eestigeol\/wp-json\/wp\/v2\/pages"}],"about":[{"href":"https:\/\/sisu.ut.ee\/eestigeol\/wp-json\/wp\/v2\/types\/page"}],"author":[{"embeddable":true,"href":"https:\/\/sisu.ut.ee\/eestigeol\/wp-json\/wp\/v2\/users\/226"}],"replies":[{"embeddable":true,"href":"https:\/\/sisu.ut.ee\/eestigeol\/wp-json\/wp\/v2\/comments?post=19"}],"version-history":[{"count":2,"href":"https:\/\/sisu.ut.ee\/eestigeol\/wp-json\/wp\/v2\/pages\/19\/revisions"}],"predecessor-version":[{"id":227,"href":"https:\/\/sisu.ut.ee\/eestigeol\/wp-json\/wp\/v2\/pages\/19\/revisions\/227"}],"wp:attachment":[{"href":"https:\/\/sisu.ut.ee\/eestigeol\/wp-json\/wp\/v2\/media?parent=19"}],"curies":[{"name":"wp","href":"https:\/\/api.w.org\/{rel}","templated":true}]}}