{"id":18,"date":"2024-04-04T06:13:47","date_gmt":"2024-04-04T03:13:47","guid":{"rendered":"https:\/\/sisu.ut.ee\/eestigeol\/toolehed\/"},"modified":"2024-04-16T13:01:34","modified_gmt":"2024-04-16T10:01:34","slug":"toolehed","status":"publish","type":"page","link":"https:\/\/sisu.ut.ee\/eestigeol\/toolehed\/","title":{"rendered":"Iseseisva t\u00f6\u00f6 lehed paljandites"},"content":{"rendered":"<ol>\n<li><strong style=\"text-align: var(--bs-body-text-align);\"><a href=\"https:\/\/sisu.ut.ee\/wp-content\/uploads\/sites\/435\/tqqleht_narva.pdf\" data-fid=\"51991\">Paljandi t\u00f6\u00f6leht \u2013 Narva panga kirjeldamine<\/a><\/strong><\/li>\n<li><strong><a href=\"https:\/\/sisu.ut.ee\/wp-content\/uploads\/sites\/435\/tqqleht_udria.pdf\" data-fid=\"51990\">Paljandi t\u00f6\u00f6leht \u2013 Udria panga kirjeldamine<\/a><\/strong><\/li>\n<li><a href=\"https:\/\/sisu.ut.ee\/wp-content\/uploads\/sites\/435\/tqqleht_reinu.pdf\" data-fid=\"51989\"><b>Paljandi t\u00f6\u00f6leht \u2013 Reinu karj\u00e4\u00e4ri kirjeldamine<\/b><\/a><\/li>\n<li><a href=\"https:\/\/sisu.ut.ee\/wp-content\/uploads\/sites\/435\/tqqleht_saviranna.pdf\" data-fid=\"51988\"><b>Paljandi t\u00f6\u00f6leht \u2013 Saviranna ja \u00dclgase fosforiidikaevanduse kirjeldamine<\/b><\/a><\/li>\n<li><a href=\"https:\/\/sisu.ut.ee\/wp-content\/uploads\/sites\/435\/tqqleht_marinova.pdf\" data-fid=\"51987\"><b>Paljandi t\u00f6\u00f6leht \u2013 Tabina liivakarj\u00e4\u00e4ri, Marinova dolomiidikarj\u00e4\u00e4ri ja Nogopalu liiva-kruusakarj\u00e4\u00e4ri kirjeldamine<\/b><\/a><\/li>\n<\/ol>\n","protected":false},"excerpt":{"rendered":"<p>Paljandi t\u00f6\u00f6leht \u2013 Narva panga kirjeldamine Paljandi t\u00f6\u00f6leht \u2013 Udria panga kirjeldamine Paljandi t\u00f6\u00f6leht \u2013 Reinu karj\u00e4\u00e4ri kirjeldamine Paljandi t\u00f6\u00f6leht \u2013 Saviranna ja \u00dclgase fosforiidikaevanduse kirjeldamine Paljandi t\u00f6\u00f6leht \u2013 Tabina liivakarj\u00e4\u00e4ri, Marinova dolomiidikarj\u00e4\u00e4ri ja Nogopalu liiva-kruusakarj\u00e4\u00e4ri kirjeldamine<\/p>\n","protected":false},"author":226,"featured_media":0,"parent":0,"menu_order":0,"comment_status":"closed","ping_status":"closed","template":"","meta":{"_acf_changed":false,"inline_featured_image":false,"footnotes":""},"class_list":["post-18","page","type-page","status-publish","hentry"],"acf":[],"_links":{"self":[{"href":"https:\/\/sisu.ut.ee\/eestigeol\/wp-json\/wp\/v2\/pages\/18","targetHints":{"allow":["GET"]}}],"collection":[{"href":"https:\/\/sisu.ut.ee\/eestigeol\/wp-json\/wp\/v2\/pages"}],"about":[{"href":"https:\/\/sisu.ut.ee\/eestigeol\/wp-json\/wp\/v2\/types\/page"}],"author":[{"embeddable":true,"href":"https:\/\/sisu.ut.ee\/eestigeol\/wp-json\/wp\/v2\/users\/226"}],"replies":[{"embeddable":true,"href":"https:\/\/sisu.ut.ee\/eestigeol\/wp-json\/wp\/v2\/comments?post=18"}],"version-history":[{"count":3,"href":"https:\/\/sisu.ut.ee\/eestigeol\/wp-json\/wp\/v2\/pages\/18\/revisions"}],"predecessor-version":[{"id":225,"href":"https:\/\/sisu.ut.ee\/eestigeol\/wp-json\/wp\/v2\/pages\/18\/revisions\/225"}],"wp:attachment":[{"href":"https:\/\/sisu.ut.ee\/eestigeol\/wp-json\/wp\/v2\/media?parent=18"}],"curies":[{"name":"wp","href":"https:\/\/api.w.org\/{rel}","templated":true}]}}