{"id":16,"date":"2024-04-04T06:13:47","date_gmt":"2024-04-04T03:13:47","guid":{"rendered":"https:\/\/sisu.ut.ee\/eestigeol\/tanuavaldused\/"},"modified":"2024-04-16T12:59:13","modified_gmt":"2024-04-16T09:59:13","slug":"tanuavaldused","status":"publish","type":"page","link":"https:\/\/sisu.ut.ee\/eestigeol\/tanuavaldused\/","title":{"rendered":"T\u00e4nuavaldused"},"content":{"rendered":"<p style=\"text-align: start;\"><span style=\"color: #000000;\"><span style=\"font-style: normal;\"><span style=\"font-weight: 400;\"><span style=\"letter-spacing: normal;\"><span style=\"text-transform: none;\"><span style=\"background-color: #ffffff;\">Kodulehe valmimise eest olen v\u00e4ga t\u00e4nulik kolleegidele\u00a0<b>Juho Kirsile<\/b>\u00a0ja\u00a0<b>Maris Rattasele<\/b>\u00a0(<a style=\"text-decoration: none;\" href=\"http:\/\/www.ut.ee\/et\/\" target=\"_blank\" rel=\"noopener\"><span style=\"color: #000000;\">Tartu \u00dclikooli geoloogia osakonnast<\/span><\/a>). Isiklikult t\u00e4nan koolitustel osalenud ja oma fotosid jaganud \u00f5petajat\u00a0<b>Lemmi Oravat<\/b>\u00a0ning kolleege geoloogiamuuseumist:\u00a0<b>K\u00fclli K\u00fcbarat<\/b>,\u00a0<b>Mai Seppelit<\/b>,\u00a0<b>Ivo Paalitsat<\/b>\u00a0ja\u00a0<b>T\u00f5nu Pani<\/b>. V\u00e4ga t\u00e4nulik olen erinevate firmade esindajatele ja m\u00e4emeestele, kes v\u00f5imaldasid meile sissep\u00e4\u00e4su karj\u00e4\u00e4ridesse:\u00a0<b>Raul Aalde<\/b>\u00a0(Reinu karj\u00e4\u00e4r, TREV2),\u00a0<b>Halvar Laomets<\/b>\u00a0(Marinova karj\u00e4\u00e4r, TREV2);\u00a0<b>Vello Veinberg<\/b>\u00a0(Imara-Tabina karj\u00e4\u00e4r, O-I Production Estonia ) ja\u00a0<b>Priit Friidemann<\/b>\u00a0(Ambose karj\u00e4\u00e4r, AS Kiirkandur).<\/span><\/span><\/span><\/span><\/span><\/span><\/p>\n<p style=\"text-align: start;\"><span style=\"color: #000000;\"><span style=\"font-style: normal;\"><span style=\"font-weight: 400;\"><span style=\"letter-spacing: normal;\"><span style=\"text-transform: none;\"><span style=\"background-color: #ffffff;\">Eriti t\u00e4nan\u00a0<a style=\"text-decoration: none;\" href=\"http:\/\/www.kik.ee\/et\" target=\"_blank\" rel=\"noopener\"><span style=\"color: #000000;\">Keskonnainvesteeringute Keskust (KIK)<\/span><\/a>, kelle vahendite abil viidi l\u00e4bi k\u00f5ik koolitused, v\u00e4lit\u00f6\u00f6d ja valmis koduleht.<\/span><\/span><\/span><\/span><\/span><\/span><\/p>\n<p style=\"text-align: start;\">\n<\/p><p><img loading=\"lazy\" decoding=\"async\" width=\"520\" height=\"390\" class=\"alignnone wp-image-51\" title=\"reinu1a.jpg\" src=\"https:\/\/sisu.ut.ee\/wp-content\/uploads\/sites\/435\/reinu1a.jpg\" alt=\"reinu1\" srcset=\"https:\/\/sisu.ut.ee\/wp-content\/uploads\/sites\/435\/reinu1a.jpg 520w, https:\/\/sisu.ut.ee\/wp-content\/uploads\/sites\/435\/reinu1a-300x225.jpg 300w\" sizes=\"auto, (max-width: 520px) 100vw, 520px\"><\/p>\n<p>Reinu karj\u00e4\u00e4r<\/p>\n<p><img loading=\"lazy\" decoding=\"async\" width=\"520\" height=\"390\" class=\"alignnone wp-image-52\" title=\"ambose1a.jpg\" src=\"https:\/\/sisu.ut.ee\/wp-content\/uploads\/sites\/435\/ambose1a.jpg\" alt=\"ambose1\" srcset=\"https:\/\/sisu.ut.ee\/wp-content\/uploads\/sites\/435\/ambose1a.jpg 520w, https:\/\/sisu.ut.ee\/wp-content\/uploads\/sites\/435\/ambose1a-300x225.jpg 300w\" sizes=\"auto, (max-width: 520px) 100vw, 520px\"><\/p>\n<p>Ambose karj\u00e4\u00e4r<\/p>\n<p><img loading=\"lazy\" decoding=\"async\" width=\"520\" height=\"390\" class=\"alignnone wp-image-53\" title=\"tabina1a.jpg\" src=\"https:\/\/sisu.ut.ee\/wp-content\/uploads\/sites\/435\/tabina1a.jpg\" alt=\"tabina1\" srcset=\"https:\/\/sisu.ut.ee\/wp-content\/uploads\/sites\/435\/tabina1a.jpg 520w, https:\/\/sisu.ut.ee\/wp-content\/uploads\/sites\/435\/tabina1a-300x225.jpg 300w\" sizes=\"auto, (max-width: 520px) 100vw, 520px\"><\/p>\n<p>Tabina karj\u00e4\u00e4r<\/p>\n<p><img loading=\"lazy\" decoding=\"async\" width=\"520\" height=\"390\" class=\"alignnone wp-image-54\" title=\"marinova1a.jpg\" src=\"https:\/\/sisu.ut.ee\/wp-content\/uploads\/sites\/435\/marinova1a.jpg\" alt=\"Marinova1\" srcset=\"https:\/\/sisu.ut.ee\/wp-content\/uploads\/sites\/435\/marinova1a.jpg 520w, https:\/\/sisu.ut.ee\/wp-content\/uploads\/sites\/435\/marinova1a-300x225.jpg 300w\" sizes=\"auto, (max-width: 520px) 100vw, 520px\"><\/p>\n<p>Marinova karj\u00e4\u00e4r<\/p>\n","protected":false},"excerpt":{"rendered":"<p>Kodulehe valmimise eest olen v\u00e4ga t\u00e4nulik kolleegidele\u00a0Juho Kirsile\u00a0ja\u00a0Maris Rattasele\u00a0(Tartu \u00dclikooli geoloogia osakonnast). Isiklikult t\u00e4nan koolitustel osalenud ja oma fotosid jaganud \u00f5petajat\u00a0Lemmi Oravat\u00a0ning kolleege geoloogiamuuseumist:\u00a0K\u00fclli K\u00fcbarat,\u00a0Mai Seppelit,\u00a0Ivo Paalitsat\u00a0ja\u00a0T\u00f5nu Pani. V\u00e4ga t\u00e4nulik olen erinevate firmade esindajatele ja m\u00e4emeestele, kes v\u00f5imaldasid meile sissep\u00e4\u00e4su &#8230;<\/p>\n","protected":false},"author":226,"featured_media":0,"parent":0,"menu_order":0,"comment_status":"closed","ping_status":"closed","template":"","meta":{"_acf_changed":false,"inline_featured_image":false,"footnotes":""},"class_list":["post-16","page","type-page","status-publish","hentry"],"acf":[],"_links":{"self":[{"href":"https:\/\/sisu.ut.ee\/eestigeol\/wp-json\/wp\/v2\/pages\/16","targetHints":{"allow":["GET"]}}],"collection":[{"href":"https:\/\/sisu.ut.ee\/eestigeol\/wp-json\/wp\/v2\/pages"}],"about":[{"href":"https:\/\/sisu.ut.ee\/eestigeol\/wp-json\/wp\/v2\/types\/page"}],"author":[{"embeddable":true,"href":"https:\/\/sisu.ut.ee\/eestigeol\/wp-json\/wp\/v2\/users\/226"}],"replies":[{"embeddable":true,"href":"https:\/\/sisu.ut.ee\/eestigeol\/wp-json\/wp\/v2\/comments?post=16"}],"version-history":[{"count":2,"href":"https:\/\/sisu.ut.ee\/eestigeol\/wp-json\/wp\/v2\/pages\/16\/revisions"}],"predecessor-version":[{"id":222,"href":"https:\/\/sisu.ut.ee\/eestigeol\/wp-json\/wp\/v2\/pages\/16\/revisions\/222"}],"wp:attachment":[{"href":"https:\/\/sisu.ut.ee\/eestigeol\/wp-json\/wp\/v2\/media?parent=16"}],"curies":[{"name":"wp","href":"https:\/\/api.w.org\/{rel}","templated":true}]}}