{"id":15,"date":"2024-04-04T06:13:47","date_gmt":"2024-04-04T03:13:47","guid":{"rendered":"https:\/\/sisu.ut.ee\/eestigeol\/avaleht\/"},"modified":"2024-04-16T12:58:48","modified_gmt":"2024-04-16T09:58:48","slug":"avaleht","status":"publish","type":"page","link":"https:\/\/sisu.ut.ee\/eestigeol\/","title":{"rendered":"Avaleht"},"content":{"rendered":"<h1 style=\"text-align: center;\"><span style=\"font-size: 24px;\"><b>Eesti geoloogiline ehitus ja arengulugu<\/b><\/span><\/h1>\n<p>Oma geoloogiliselt asendilt kuulub Eesti\u00a0<b>Ida-Euroopa platvormi<\/b>\u00a0(ehk\u00a0<a title=\"\" href=\"https:\/\/sisu.ut.ee\/eestigeol\/kraaton\" target=\"_blank\" rel=\"noopener\" data-url=\"https:\/\/sisu.ut.ee\/eestigeol\/kraaton\">kraatoni<\/a>) loodeossa, k\u00fclgnedes vahetult Skandinaavia poolsaart ja Soomet h\u00f5lmava\u00a0<a href=\"https:\/\/sisu.ut.ee\/wp-content\/uploads\/sites\/435\/fennoskandia.jpg\" data-fid=\"52466\">Fennoskandia (Balti) kilbiga<\/a>.<\/p>\n<p>Struktuurselt jaotub Eesti\u00a0<b>alusp\u00f5hi<\/b>\u00a0kaheks korruseks \u2013\u00a0<b>alus- ja pealiskorraks.<\/b><\/p>\n<p><img loading=\"lazy\" decoding=\"async\" width=\"448\" height=\"331\" class=\"alignnone wp-image-50\" title=\"aluspohi.jpg\" src=\"https:\/\/sisu.ut.ee\/wp-content\/uploads\/sites\/435\/aluspohi.jpg\" alt=\"aluspohi\" srcset=\"https:\/\/sisu.ut.ee\/wp-content\/uploads\/sites\/435\/aluspohi.jpg 448w, https:\/\/sisu.ut.ee\/wp-content\/uploads\/sites\/435\/aluspohi-300x222.jpg 300w\" sizes=\"auto, (max-width: 448px) 100vw, 448px\"><\/p>\n<p>Mandrilise maakoore kujunemine Eesti alal toimus\u00a0<a href=\"https:\/\/sisu.ut.ee\/wp-content\/uploads\/sites\/435\/proteros_0.jpg\" data-fid=\"52465\">Proterosoikumis<\/a>,\u00a0ligi 2 miljardit aastat tagasi ja sellest ajast on p\u00e4rit meie ala kristalse aluskorra tard- ja moondekivimid.\u00a0<a title=\"\" href=\"https:\/\/sisu.ut.ee\/eestigeol\/aluskord\" target=\"_blank\" rel=\"noopener\" data-url=\"https:\/\/sisu.ut.ee\/eestigeol\/aluskord\">Kristalse aluskorra<\/a>\u00a0pealispind nagu seda katvad settekivimikihidki on k\u00f5ik\u00a0<a href=\"https:\/\/sisu.ut.ee\/wp-content\/uploads\/sites\/435\/e_geol_kaart.jpg\" data-fid=\"52445\">6-13 minutilise nurga all l\u00f5una poole kaldu<\/a>,\u00a0mis t\u00e4hendab kihtide 2-4 m langust 1 km kohta. Hilisematest \u0161elfimerede perioodidest on p\u00e4rit\u00a0<a href=\"https:\/\/sisu.ut.ee\/wp-content\/uploads\/sites\/435\/paleos_0.jpg\" data-fid=\"52464\">Paleosoikumi (Vanaaegkonna)<\/a>\u00a0settekivimid, mis moodustavad\u00a0<a title=\"\" href=\"https:\/\/sisu.ut.ee\/eestigeol\/pealiskord\" target=\"_blank\" rel=\"noopener\" data-url=\"https:\/\/sisu.ut.ee\/eestigeol\/pealiskord\">pealiskorra<\/a>.\u00a0Peaaegu horisontaalsed Ediacara ja Paleosoikumi vanusega settekivimid kogupaksusega 100-800 m lasuvad Proterosoikumi vanusega kristalsel aluskorral. J\u00e4rgnenud pikaajalise kulutusperioodi j\u00e4rel kattus ala\u00a0<a href=\"https:\/\/sisu.ut.ee\/wp-content\/uploads\/sites\/435\/kvaternaar1_1.jpg\" data-fid=\"52446\">Kvaternaari<\/a>\u00a0j\u00e4\u00e4aegsete ja j\u00e4\u00e4ajaj\u00e4rgsete setetega, mis moodustavad\u00a0<a title=\"\" href=\"https:\/\/sisu.ut.ee\/eestigeol\/pinnakate\" target=\"_blank\" rel=\"noopener\" data-url=\"https:\/\/sisu.ut.ee\/eestigeol\/pinnakate\">pinnakatte<\/a>.\u00a0<a title=\"\" href=\"https:\/\/sisu.ut.ee\/eestigeol\/laanemere-areng\" target=\"_blank\" rel=\"noopener\" data-url=\"https:\/\/sisu.ut.ee\/eestigeol\/laanemere-areng\">L\u00e4\u00e4nemere areng<\/a>\u00a0on viimasel aastamiljonil oluliselt s\u00f5ltunud mandrij\u00e4\u00e4tumise d\u00fcnaamikast.<\/p>\n<p>Eesti geoloogilises ehituses eralduvad selgesti\u00a0<b>kolm<\/b>\u00a0oma iseloomult tugevasti erinevat kivimite kompleksi:<\/p>\n<ul>\n<li><b>kristallilistest kivimitest (graniit, gneiss jt) koosnev\u00a0<\/b><a title=\"\" href=\"https:\/\/sisu.ut.ee\/eestigeol\/aluskord\" target=\"_blank\" rel=\"noopener\" data-url=\"https:\/\/sisu.ut.ee\/eestigeol\/aluskord\">aluskord<\/a><\/li>\n<li><b>settekivimiline (lubjakivid, liivakivid jt)\u00a0<\/b><a title=\"\" href=\"https:\/\/sisu.ut.ee\/eestigeol\/pealiskord\" target=\"_blank\" rel=\"noopener\" data-url=\"https:\/\/sisu.ut.ee\/eestigeol\/pealiskord\">pealiskord<\/a><\/li>\n<li><b>enamasti kobedatest, veel k\u00f5vastumata setetest (kruusad, liivad, savid) koosnev\u00a0<\/b><a title=\"\" href=\"https:\/\/sisu.ut.ee\/eestigeol\/pinnakate\" target=\"_blank\" rel=\"noopener\" data-url=\"https:\/\/sisu.ut.ee\/eestigeol\/pinnakate\">pinnakate<\/a><\/li>\n<\/ul>\n<p>Need kompleksid on kujunenud kolmel meie ala geoloogilise arengu etapil: esimene Proterosoikumis, teine Paleosoikumis ja kolmas Kainosoikumis, so Kvaternaari ajastul. Nimetatud etappe eraldavad \u00fcksteisest k\u00fcllaltki pikad ajavahemikud (Devoni l\u00f5pust Kvaternaari alguseni m\u00f6\u00f6dus umbes 350 miljonit aastat), millal Eesti ala oli maismaa ning settimise asemel toimusid valdavalt kulutusprotsessid, mille tulemusena h\u00e4vitati suur osa varem tekkinud setetest. Kulutatud setete \u00fcldmahtu pole v\u00f5imalik m\u00e4\u00e4ratleda.<\/p>\n<table class=\"table table-hover\">\n<tbody>\n<tr>\n<td><a title=\"\" href=\"https:\/\/sisu.ut.ee\/eestigeol\/maarajad_oppevahendid\" target=\"_blank\" rel=\"noopener\" data-url=\"https:\/\/sisu.ut.ee\/eestigeol\/maarajad_oppevahendid\">M\u00e4\u00e4rajad ja \u00f5ppevahendid<\/a><a title=\"\" href=\"https:\/\/sisu.ut.ee\/eestigeol\/toolehed\" target=\"_blank\" rel=\"noopener\" data-url=\"https:\/\/sisu.ut.ee\/eestigeol\/toolehed\">Iseseisva t\u00f6\u00f6 lehed paljandis<\/a>\n<p><a title=\"\" href=\"https:\/\/sisu.ut.ee\/eestigeol\/kirjandust\" target=\"_blank\" rel=\"noopener\" data-url=\"https:\/\/sisu.ut.ee\/eestigeol\/kirjandust\">Kirjandust Eesti geoloogiast<\/a><\/p>\n<p><a title=\"\" href=\"https:\/\/sisu.ut.ee\/eestigeol\/tanuavaldused\" target=\"_blank\" rel=\"noopener\" data-url=\"https:\/\/sisu.ut.ee\/eestigeol\/tanuavaldused\">T\u00e4nuavaldused<\/a><\/p><\/td>\n<\/tr>\n<\/tbody>\n<\/table>\n<p>\u00d5ppematerjalide koostamist toetas Keskkonnainsvesteeringute Keskus.<\/p>\n<p><img loading=\"lazy\" decoding=\"async\" class=\"alignnone size-medium wp-image-220\" src=\"https:\/\/sisu.ut.ee\/wp-content\/uploads\/sites\/435\/KIK-logo-300x41.png\" alt=\"\" width=\"300\" height=\"41\" srcset=\"https:\/\/sisu.ut.ee\/wp-content\/uploads\/sites\/435\/KIK-logo-300x41.png 300w, https:\/\/sisu.ut.ee\/wp-content\/uploads\/sites\/435\/KIK-logo.png 600w\" sizes=\"auto, (max-width: 300px) 100vw, 300px\"><\/p>\n<p>Mineraalide ja kivimite \u00f5ppematerjali\u00a0koostaja on Mare Isakar.<br>\nCopyright \u00a9 2013 Mare Isakar<\/p>\n","protected":false},"excerpt":{"rendered":"<p>Eesti geoloogiline ehitus ja arengulugu Oma geoloogiliselt asendilt kuulub Eesti\u00a0Ida-Euroopa platvormi\u00a0(ehk\u00a0kraatoni) loodeossa, k\u00fclgnedes vahetult Skandinaavia poolsaart ja Soomet h\u00f5lmava\u00a0Fennoskandia (Balti) kilbiga. Struktuurselt jaotub Eesti\u00a0alusp\u00f5hi\u00a0kaheks korruseks \u2013\u00a0alus- ja pealiskorraks. Mandrilise maakoore kujunemine Eesti alal toimus\u00a0Proterosoikumis,\u00a0ligi 2 miljardit aastat tagasi ja sellest &#8230;<\/p>\n","protected":false},"author":226,"featured_media":0,"parent":0,"menu_order":0,"comment_status":"closed","ping_status":"closed","template":"","meta":{"_acf_changed":false,"inline_featured_image":false,"footnotes":""},"class_list":["post-15","page","type-page","status-publish","hentry"],"acf":[],"_links":{"self":[{"href":"https:\/\/sisu.ut.ee\/eestigeol\/wp-json\/wp\/v2\/pages\/15","targetHints":{"allow":["GET"]}}],"collection":[{"href":"https:\/\/sisu.ut.ee\/eestigeol\/wp-json\/wp\/v2\/pages"}],"about":[{"href":"https:\/\/sisu.ut.ee\/eestigeol\/wp-json\/wp\/v2\/types\/page"}],"author":[{"embeddable":true,"href":"https:\/\/sisu.ut.ee\/eestigeol\/wp-json\/wp\/v2\/users\/226"}],"replies":[{"embeddable":true,"href":"https:\/\/sisu.ut.ee\/eestigeol\/wp-json\/wp\/v2\/comments?post=15"}],"version-history":[{"count":3,"href":"https:\/\/sisu.ut.ee\/eestigeol\/wp-json\/wp\/v2\/pages\/15\/revisions"}],"predecessor-version":[{"id":221,"href":"https:\/\/sisu.ut.ee\/eestigeol\/wp-json\/wp\/v2\/pages\/15\/revisions\/221"}],"wp:attachment":[{"href":"https:\/\/sisu.ut.ee\/eestigeol\/wp-json\/wp\/v2\/media?parent=15"}],"curies":[{"name":"wp","href":"https:\/\/api.w.org\/{rel}","templated":true}]}}