{"id":14,"date":"2024-04-04T06:13:47","date_gmt":"2024-04-04T03:13:47","guid":{"rendered":"https:\/\/sisu.ut.ee\/eestigeol\/mandrijaa_eestis\/"},"modified":"2024-04-04T06:14:07","modified_gmt":"2024-04-04T03:14:07","slug":"mandrijaa_eestis","status":"publish","type":"page","link":"https:\/\/sisu.ut.ee\/eestigeol\/mandrijaa_eestis\/","title":{"rendered":"Eestimaa mandrij\u00e4\u00e4st vabanemine"},"content":{"rendered":"<p>\n\tLigi 13 500 aastat tagasi kujunesid Riia ja Pihkva liustikuvoolude kokkupuutealal Haanja k\u00f5rgustiku mandrij\u00e4\u00e4 moodustised. Haanja staadiumi ajal liikusid liustikukeeled l\u00f5unasse ja edelasse (skeem 1).<br><img loading=\"lazy\" decoding=\"async\" width=\"765\" height=\"395\" class=\"alignnone wp-image-46\" src=\"https:\/\/sisu.ut.ee\/wp-content\/uploads\/sites\/435\/haanja1.jpg\" title=\"haanja1.jpg\" alt=\"1\" srcset=\"https:\/\/sisu.ut.ee\/wp-content\/uploads\/sites\/435\/haanja1.jpg 765w, https:\/\/sisu.ut.ee\/wp-content\/uploads\/sites\/435\/haanja1-300x155.jpg 300w\" sizes=\"auto, (max-width: 765px) 100vw, 765px\"><br>Skeem 1. Mandrij\u00e4\u00e4 h\u00e4\u00e4bumine Haanja staadiumil (K. Kajaku j\u00e4rgi)\n<\/p>\n<p>\n\tUmbes 12 400 kuni 12 600 aastat tagasi toimus uus, Otep\u00e4\u00e4 staadiumi mandrij\u00e4\u00e4 pealetung. Voorte orientatsiooni j\u00e4rgi v\u00f5ib oletada, et Peipsi liustikuvool liikus l\u00f5una-edela, V\u00f5rtsj\u00e4rve liustikukeel aga l\u00f5una-kagu suunas (skeem 2). Peale aktiivse j\u00e4\u00e4 etendas Haanja ja Otep\u00e4\u00e4 k\u00f5rgustiku kujunemisel olulist osa irdj\u00e4\u00e4 (setete alla mattunult v\u00f5isid j\u00e4\u00e4pangad s\u00e4iluda aastatuhandeid).<br><img loading=\"lazy\" decoding=\"async\" width=\"765\" height=\"390\" class=\"alignnone wp-image-47\" src=\"https:\/\/sisu.ut.ee\/wp-content\/uploads\/sites\/435\/otepaa1.jpg\" title=\"otepaa1.jpg\" alt=\"otepaa2\" srcset=\"https:\/\/sisu.ut.ee\/wp-content\/uploads\/sites\/435\/otepaa1.jpg 765w, https:\/\/sisu.ut.ee\/wp-content\/uploads\/sites\/435\/otepaa1-300x153.jpg 300w\" sizes=\"auto, (max-width: 765px) 100vw, 765px\"><br>Skeem 2. Mandrij\u00e4\u00e4 h\u00e4\u00e4bumine Otep\u00e4\u00e4 staadiumil (K. Kajaku j\u00e4rgi)\n<\/p>\n<p>\n\tUmbes 11 800 kuni 12 200 aastat tagasi kujunesid Pandivere staadiumi mandrij\u00e4\u00e4 moodustised (skeem 3). Mandrij\u00e4\u00e4 maksimaalset levikut sellel staadiumil t\u00e4histavad kaarjalt \u00fcmber Peipsi n\u00f5o l\u00f5unaosa asuvad servamoodustised. Samasuguste servamoodustiste levik j\u00e4tkub \u00fcle Pandivere k\u00f5rgustiku p\u00f5hjaosa, P\u00e4rnust kirde ja loode suunas ning Ida-Saaremaal.<br><img loading=\"lazy\" decoding=\"async\" width=\"765\" height=\"395\" class=\"alignnone wp-image-48\" src=\"https:\/\/sisu.ut.ee\/wp-content\/uploads\/sites\/435\/pandivere1.jpg\" title=\"pandivere1.jpg\" alt=\"pandivere1\" srcset=\"https:\/\/sisu.ut.ee\/wp-content\/uploads\/sites\/435\/pandivere1.jpg 765w, https:\/\/sisu.ut.ee\/wp-content\/uploads\/sites\/435\/pandivere1-300x155.jpg 300w\" sizes=\"auto, (max-width: 765px) 100vw, 765px\"><br>Skeem 3. Mandrij\u00e4\u00e4 h\u00e4\u00e4bumine Pandivere staadiumil (K. Kajaku j\u00e4rgi)\n<\/p>\n<p>\n\tMandrij\u00e4\u00e4 viimane pealetung toimus umbes 11 200 aastat tagasi. Palivere staadiumis kujunesid servamoodustised L\u00e4\u00e4ne-Saaremaa \u2013 Hiiumaa \u2013 Palivere \u2013 Tallinn \u2013 Kunda \u2013 Sinim\u00e4ed \u2013 Narva joonel (skeem 4). Palivere liustiku sulamisel toimus Pandivere k\u00f5rgustikust itta ja l\u00e4\u00e4nde j\u00e4\u00e4vate j\u00e4\u00e4j\u00e4rvede \u00fchinemine ning moodustus \u00fchtne Balti j\u00e4\u00e4j\u00e4rv.<br><img loading=\"lazy\" decoding=\"async\" width=\"765\" height=\"390\" class=\"alignnone wp-image-49\" src=\"https:\/\/sisu.ut.ee\/wp-content\/uploads\/sites\/435\/palivere1.jpg\" title=\"palivere1.jpg\" alt=\"palivere\" srcset=\"https:\/\/sisu.ut.ee\/wp-content\/uploads\/sites\/435\/palivere1.jpg 765w, https:\/\/sisu.ut.ee\/wp-content\/uploads\/sites\/435\/palivere1-300x153.jpg 300w\" sizes=\"auto, (max-width: 765px) 100vw, 765px\"><br>Skeem 4. Mandrij\u00e4\u00e4 h\u00e4\u00e4bumine Palivere staadiumil (K. Kajaku j\u00e4rgi)\n<\/p>\n<p>\n\tKoostanud \u00a9 2003 Mare Isakar<\/p>\n","protected":false},"excerpt":{"rendered":"<p>Ligi 13 500 aastat tagasi kujunesid Riia ja Pihkva liustikuvoolude kokkupuutealal Haanja k\u00f5rgustiku mandrij\u00e4\u00e4 moodustised. Haanja staadiumi ajal liikusid liustikukeeled l\u00f5unasse ja edelasse (skeem 1).Skeem 1. Mandrij\u00e4\u00e4 h\u00e4\u00e4bumine Haanja staadiumil (K. Kajaku j\u00e4rgi) Umbes 12 400 kuni 12 600 aastat &#8230;<\/p>\n","protected":false},"author":226,"featured_media":0,"parent":0,"menu_order":0,"comment_status":"closed","ping_status":"closed","template":"","meta":{"_acf_changed":false,"inline_featured_image":false,"footnotes":""},"class_list":["post-14","page","type-page","status-publish","hentry"],"acf":[],"_links":{"self":[{"href":"https:\/\/sisu.ut.ee\/eestigeol\/wp-json\/wp\/v2\/pages\/14","targetHints":{"allow":["GET"]}}],"collection":[{"href":"https:\/\/sisu.ut.ee\/eestigeol\/wp-json\/wp\/v2\/pages"}],"about":[{"href":"https:\/\/sisu.ut.ee\/eestigeol\/wp-json\/wp\/v2\/types\/page"}],"author":[{"embeddable":true,"href":"https:\/\/sisu.ut.ee\/eestigeol\/wp-json\/wp\/v2\/users\/226"}],"replies":[{"embeddable":true,"href":"https:\/\/sisu.ut.ee\/eestigeol\/wp-json\/wp\/v2\/comments?post=14"}],"version-history":[{"count":1,"href":"https:\/\/sisu.ut.ee\/eestigeol\/wp-json\/wp\/v2\/pages\/14\/revisions"}],"predecessor-version":[{"id":203,"href":"https:\/\/sisu.ut.ee\/eestigeol\/wp-json\/wp\/v2\/pages\/14\/revisions\/203"}],"wp:attachment":[{"href":"https:\/\/sisu.ut.ee\/eestigeol\/wp-json\/wp\/v2\/media?parent=14"}],"curies":[{"name":"wp","href":"https:\/\/api.w.org\/{rel}","templated":true}]}}