{"id":6,"date":"2024-04-04T07:18:49","date_gmt":"2024-04-04T04:18:49","guid":{"rendered":"https:\/\/sisu.ut.ee\/edutegu\/eesmargid\/"},"modified":"2024-04-09T14:29:05","modified_gmt":"2024-04-09T11:29:05","slug":"eesmargid","status":"publish","type":"page","link":"https:\/\/sisu.ut.ee\/edutegu\/eesmargid\/","title":{"rendered":"Metoodika"},"content":{"rendered":"<h1 class=\"wp-block-heading\"><img loading=\"lazy\" decoding=\"async\" title=\"sissejuhatus_01.png\" width=\"40\" height=\"40\" class=\"alignnone wp-image-21\" src=\"https:\/\/sisu.ut.ee\/wp-content\/uploads\/sites\/507\/sissejuhatus_01.png\" alt=\"sissejuhatus\"> <span style=\"color: #28aae1;\">METOODIKA<\/span><\/h1>\n\n\n<p><span style=\"color: #333333;\"><span style=\"background-color: #ffffff;\">Edu ja Tegu v\u00e4ljat\u00f6\u00f6tatud ettev\u00f5tlus\u00f5ppe metoodika tugineb ettev\u00f5tlusp\u00e4devuse mudelile ehk omaduste kogumile, mida on oluline \u00f5ppet\u00f6\u00f6s arendada:<\/span><\/span><\/p>\n<p><img loading=\"lazy\" decoding=\"async\" width=\"949\" height=\"784\" class=\"alignnone wp-image-10\" title=\"mudel.png\" src=\"https:\/\/sisu.ut.ee\/wp-content\/uploads\/sites\/508\/mudel.png\" alt=\"mudel\" srcset=\"https:\/\/sisu.ut.ee\/wp-content\/uploads\/sites\/508\/mudel.png 949w, https:\/\/sisu.ut.ee\/wp-content\/uploads\/sites\/508\/mudel-300x248.png 300w, https:\/\/sisu.ut.ee\/wp-content\/uploads\/sites\/508\/mudel-768x634.png 768w\" sizes=\"auto, (max-width: 949px) 100vw, 949px\"><\/p>\n<p>\u00a0<\/p>\n<p>K\u00f5igile haridustasemetele ja -liikidele m\u00f5eldud ettev\u00f5tlus\u00f5ppe metoodika materjalid baseeruvad ettev\u00f5tlusp\u00e4devuste mudelil ja sisaldavad:<\/p>\n<ul>\n<li>ettev\u00f5tlus\u00f5ppe teoreetilist raamistikku (dokument \u201c<a href=\"https:\/\/xn--ettevtluspe-jfbe.ee\/ettevotlikkuse-ja-ettevotlusoppe-susteemne-arendamine-eestis\/\" target=\"_blank\" rel=\"noopener noreferrer\">Ettev\u00f5tlikkuse ja ettev\u00f5tlus\u00f5ppe s\u00fcsteemne arendamine Eestis<\/a>\u201c);<\/li>\n<li><a href=\"https:\/\/xn--ettevtluspe-jfbe.ee\/ettevotluspadevuse-mudel\/\" target=\"_blank\" rel=\"noopener noreferrer\">ettev\u00f5tlusp\u00e4devuse mudelit<\/a>\u00a0(<a href=\"https:\/\/issuu.com\/liinapissarev\/docs\/raamdokument_web_3\/22\" target=\"_blank\" rel=\"noopener noreferrer\">loe mudeli kohta t\u00e4psemalt);<\/a><\/li>\n<li><a href=\"https:\/\/issuu.com\/liinapissarev\/docs\/raamdokument_web_3\/36\" target=\"_blank\" rel=\"noopener noreferrer\">ettev\u00f5tlusp\u00e4devuse alap\u00e4devuste kirjeldusi;<\/a><\/li>\n<li><a href=\"https:\/\/issuu.com\/liinapissarev\/docs\/raamdokument_web_3\/172\" target=\"_blank\" rel=\"noopener noreferrer\">\u00f5piv\u00e4ljundeid;<\/a><\/li>\n<li><a href=\"https:\/\/issuu.com\/liinapissarev\/docs\/raamdokument_web_3\/86\" target=\"_blank\" rel=\"noopener noreferrer\">ettev\u00f5tlus\u00f5ppe mooduleid nii \u00fcld, kutse, ja k\u00f5rgharidusele, sh \u00f5petajahariduse moodulit;<\/a><\/li>\n<li><a href=\"https:\/\/issuu.com\/liinapissarev\/docs\/raamdokument_web_3\" target=\"_blank\" rel=\"noopener noreferrer\">m\u00f5istete selgitusi;<\/a><\/li>\n<li><a href=\"https:\/\/xn--ettevtluspe-jfbe.ee\/ettevotlusoppe-moodulid\/\" target=\"_blank\" rel=\"noopener noreferrer\">e-kursuseid v\u00e4ljat\u00f6\u00f6tatud moodulitele<\/a><\/li>\n<\/ul>\n<p>\u00a0<\/p>","protected":false},"excerpt":{"rendered":"<p>METOODIKA Edu ja Tegu v\u00e4ljat\u00f6\u00f6tatud ettev\u00f5tlus\u00f5ppe metoodika tugineb ettev\u00f5tlusp\u00e4devuse mudelile ehk omaduste kogumile, mida on oluline \u00f5ppet\u00f6\u00f6s arendada: \u00a0 K\u00f5igile haridustasemetele ja -liikidele m\u00f5eldud ettev\u00f5tlus\u00f5ppe metoodika materjalid baseeruvad ettev\u00f5tlusp\u00e4devuste mudelil ja sisaldavad: ettev\u00f5tlus\u00f5ppe teoreetilist raamistikku (dokument \u201cEttev\u00f5tlikkuse ja ettev\u00f5tlus\u00f5ppe s\u00fcsteemne &#8230;<\/p>\n","protected":false},"author":263,"featured_media":0,"parent":0,"menu_order":0,"comment_status":"closed","ping_status":"closed","template":"","meta":{"_acf_changed":false,"inline_featured_image":false,"footnotes":""},"class_list":["post-6","page","type-page","status-publish","hentry"],"acf":[],"_links":{"self":[{"href":"https:\/\/sisu.ut.ee\/edutegu\/wp-json\/wp\/v2\/pages\/6","targetHints":{"allow":["GET"]}}],"collection":[{"href":"https:\/\/sisu.ut.ee\/edutegu\/wp-json\/wp\/v2\/pages"}],"about":[{"href":"https:\/\/sisu.ut.ee\/edutegu\/wp-json\/wp\/v2\/types\/page"}],"author":[{"embeddable":true,"href":"https:\/\/sisu.ut.ee\/edutegu\/wp-json\/wp\/v2\/users\/263"}],"replies":[{"embeddable":true,"href":"https:\/\/sisu.ut.ee\/edutegu\/wp-json\/wp\/v2\/comments?post=6"}],"version-history":[{"count":3,"href":"https:\/\/sisu.ut.ee\/edutegu\/wp-json\/wp\/v2\/pages\/6\/revisions"}],"predecessor-version":[{"id":67,"href":"https:\/\/sisu.ut.ee\/edutegu\/wp-json\/wp\/v2\/pages\/6\/revisions\/67"}],"wp:attachment":[{"href":"https:\/\/sisu.ut.ee\/edutegu\/wp-json\/wp\/v2\/media?parent=6"}],"curies":[{"name":"wp","href":"https:\/\/api.w.org\/{rel}","templated":true}]}}