{"id":4,"date":"2024-04-04T07:18:49","date_gmt":"2024-04-04T04:18:49","guid":{"rendered":"https:\/\/sisu.ut.ee\/edutegu\/programmist\/"},"modified":"2024-04-09T14:21:04","modified_gmt":"2024-04-09T11:21:04","slug":"programmist","status":"publish","type":"page","link":"https:\/\/sisu.ut.ee\/edutegu\/programmist\/","title":{"rendered":"Programmist"},"content":{"rendered":"<h1 class=\"wp-block-heading\"><img loading=\"lazy\" decoding=\"async\" title=\"sissejuhatus_01.png\" width=\"40\" height=\"40\" class=\"alignnone wp-image-21\" src=\"https:\/\/sisu.ut.ee\/wp-content\/uploads\/sites\/507\/sissejuhatus_01.png\" alt=\"sissejuhatus\"> <span style=\"color: #28aae1;\">PROGRAMMIST<\/span><\/h1>\n\n\n<p>Ettev\u00f5tlus- ja karj\u00e4\u00e4\u00f5ppe programm Edu ja Tegu on aastatel 2016\u20132023 alguses Haridus- ja Teadusministeeriumi ning hetkel Haridus- ja Noorteameti eestvedamisel ellu viidav programm eesm\u00e4rgiga edendada ettev\u00f5tlus- ja karj\u00e4\u00e4ri\u00f5pet ning ettev\u00f5tlikku hoiakut k\u00f5igil haridustasemetel- ja liikides.<\/p>\n<p><strong>Programmi strateegiline eesm\u00e4rk<\/strong>\u00a0on rakendada ettev\u00f5tlikkust arendav \u00f5pik\u00e4situs ning ettev\u00f5tlus- ja karj\u00e4\u00e4ri\u00f5pe s\u00fcsteemselt k\u00f5igil haridustasemetel ja -liikides selliselt, et see\u00a0 oleks hariduss\u00fcsteemi loomulik osa. Selleks on t\u00f6\u00f6tatud v\u00e4lja\u00a0<a href=\"https:\/\/xn--ettevtluspe-jfbe.ee\/metoodika\/\" target=\"_blank\" rel=\"noopener\">ettev\u00f5tlus ja karj\u00e4\u00e4rip\u00e4devust arendav metoodika<\/a>, \u00f5ppevara ja toetavad juhendmaterjalid ning\u00a0<a href=\"https:\/\/xn--ettevtluspe-jfbe.ee\/koolitused\/\" target=\"_blank\" rel=\"noopener noreferrer\">koolitusprogrammid ja koolitused<\/a>, et koolidel oleks v\u00f5imalik luua k\u00f5igile \u00f5ppijaile v\u00f5imalus \u00f5ppe l\u00e4bimiseks.<\/p>\n<p><strong>Toetatavate tegevuste eelarve<\/strong>\u00a0on 11 924 660eurot, mida rahastatakse j\u00e4rgnevalt: Euroopa Sotsiaalfondist (edaspidi ESF) 10 135 961 eurot\u00a0ja riiklik kaasfinantseering 1 788 699 eurot.<\/p>\n<p>Toetatavate tegevuste elluviimisse kaasatakse tegevuskava alusel partnerid: k\u00f5rgkoolid: Tartu \u00dclikool, Tallinna \u00dclikool, Tallinna Tehnika\u00fclikool, Eesti Maa\u00fclikool, Eesti Kunstiakadeemia, Eesti Muusika- ja Teatriakadeemia, Estonian Business School, Eesti Ettev\u00f5tlusk\u00f5rgkool Mainor, Maakondlike Arenduskeskuste V\u00f5rgustik MT\u00dc ja Sihtasustus Junior Achievement Eesti.<\/p>\n<p><strong>Meie visioon\u00a0<\/strong>on, et ettev\u00f5tlus- ja karj\u00e4\u00e4rip\u00e4devuste arendamine annab igale inimesele vabamad k\u00e4ed oma karj\u00e4\u00e4ri kujundamisel, olenemata sellest, kas on soov olla ettev\u00f5tlik t\u00f6\u00f6taja, ettev\u00f5tja v\u00f5i lihtsalt tegus kodanik. Toetame juba koolis ennastjuhtiva inimese kujunemist, kes tahab ja oskab oma ideid ellu viia ning loome selleks vajalikud metoodikad ja materjalid \u00f5petajatele.<\/p>","protected":false},"excerpt":{"rendered":"<p>PROGRAMMIST Ettev\u00f5tlus- ja karj\u00e4\u00e4\u00f5ppe programm Edu ja Tegu on aastatel 2016\u20132023 alguses Haridus- ja Teadusministeeriumi ning hetkel Haridus- ja Noorteameti eestvedamisel ellu viidav programm eesm\u00e4rgiga edendada ettev\u00f5tlus- ja karj\u00e4\u00e4ri\u00f5pet ning ettev\u00f5tlikku hoiakut k\u00f5igil haridustasemetel- ja liikides. Programmi strateegiline eesm\u00e4rk\u00a0on rakendada &#8230;<\/p>\n","protected":false},"author":263,"featured_media":0,"parent":0,"menu_order":0,"comment_status":"closed","ping_status":"closed","template":"","meta":{"_acf_changed":false,"inline_featured_image":false,"footnotes":""},"class_list":["post-4","page","type-page","status-publish","hentry"],"acf":[],"_links":{"self":[{"href":"https:\/\/sisu.ut.ee\/edutegu\/wp-json\/wp\/v2\/pages\/4","targetHints":{"allow":["GET"]}}],"collection":[{"href":"https:\/\/sisu.ut.ee\/edutegu\/wp-json\/wp\/v2\/pages"}],"about":[{"href":"https:\/\/sisu.ut.ee\/edutegu\/wp-json\/wp\/v2\/types\/page"}],"author":[{"embeddable":true,"href":"https:\/\/sisu.ut.ee\/edutegu\/wp-json\/wp\/v2\/users\/263"}],"replies":[{"embeddable":true,"href":"https:\/\/sisu.ut.ee\/edutegu\/wp-json\/wp\/v2\/comments?post=4"}],"version-history":[{"count":2,"href":"https:\/\/sisu.ut.ee\/edutegu\/wp-json\/wp\/v2\/pages\/4\/revisions"}],"predecessor-version":[{"id":63,"href":"https:\/\/sisu.ut.ee\/edutegu\/wp-json\/wp\/v2\/pages\/4\/revisions\/63"}],"wp:attachment":[{"href":"https:\/\/sisu.ut.ee\/edutegu\/wp-json\/wp\/v2\/media?parent=4"}],"curies":[{"name":"wp","href":"https:\/\/api.w.org\/{rel}","templated":true}]}}