{"id":3,"date":"2024-04-04T07:18:49","date_gmt":"2024-04-04T04:18:49","guid":{"rendered":"https:\/\/sisu.ut.ee\/edutegu\/objektid\/"},"modified":"2024-05-02T09:40:07","modified_gmt":"2024-05-02T06:40:07","slug":"objektid","status":"publish","type":"page","link":"https:\/\/sisu.ut.ee\/edutegu\/objektid\/","title":{"rendered":"\u00d5piobjektid"},"content":{"rendered":"<h1 class=\"wp-block-heading\"><img loading=\"lazy\" decoding=\"async\" title=\"sissejuhatus_01.png\" width=\"40\" height=\"40\" class=\"alignnone wp-image-21\" src=\"https:\/\/sisu.ut.ee\/wp-content\/uploads\/sites\/507\/sissejuhatus_01.png\" alt=\"sissejuhatus\"> <span style=\"color: #28aae1;\">\u00d5PIOBJEKTID<\/span><\/h1>\n\n\n\n<p class=\"has-text-align-center\"><\/p><div class=\"ratio ratio-16x9 mb-3\"><div class=\"video-placeholder-wrapper video-placeholder-wrapper--16x9\">\n\t\t\t    <div class=\"video-placeholder d-flex justify-content-center align-items-center\">\n\t\t\t        <div class=\"overlay text-white p-2 w-100 text-center d-block justify-content-center align-items-center\">\n\t\t\t            <div>Kolmandate osapoolte sisu n\u00e4gemiseks palun n\u00f5ustu k\u00fcpsistega.<\/div>\n\t\t\t            <button class=\"btn btn-secondary btn-sm mt-1 consent-change\">Muuda n\u00f5usolekut<\/button>\n\t\t\t        <\/div>\n\t\t\t    <\/div>\n\t\t\t<\/div>\n<\/div>\n\n\n\n<p><strong>Programmis on valminud 39\u00a0\u00f5piobjekti:<\/strong><\/p>\n\n\n\n<figure class=\"wp-block-table\"><table class=\"table table-hover\"><thead><tr><th><strong>\u00d5piobjekti nimi<\/strong><\/th><th><strong>Autorid<\/strong><\/th><th><strong>Asutus<\/strong><\/th><th><strong>Aasta<\/strong><\/th><\/tr><\/thead><tbody><tr><td><a title=\"\" href=\"https:\/\/sisu.ut.ee\/tunnetejuhtimine\/avaleht\" target=\"_blank\" rel=\"noopener\" data-url=\"https:\/\/sisu.ut.ee\/tunnetejuhtimine\/avaleht\">Kuidas tundeid\u00a0tunda ja juhtida?<\/a><\/td><td>Autorid: Helen Uusberg, Maria Kraju\u0161kina, Andero Uusberg<\/td><td>Tartu \u00dclikool<\/td><td>2023<\/td><\/tr><tr><td><a title=\"\" href=\"https:\/\/sisu.ut.ee\/edujategu20\" target=\"_blank\" rel=\"noopener\" data-url=\"https:\/\/sisu.ut.ee\/edujategu20\">Abiks kandideerimisdokumentide t\u00e4itmisel<\/a><\/td><td>Autorid: Kristel Ainsalu ja Heidi-Maarja Melts<\/td><td>Karj\u00e4\u00e4rin\u00f5ustajate \u00dching<\/td><td>2023<\/td><\/tr><tr><td><a title=\"\" href=\"https:\/\/sisu.ut.ee\/edujategu22\" target=\"_blank\" rel=\"noopener\" data-url=\"https:\/\/sisu.ut.ee\/edujategu22\">Karj\u00e4\u00e4riinfo olulisus karj\u00e4\u00e4rivalikute tegemisel<\/a><\/td><td>Autorid: \u00a0Ave Szymanel ja Signe Reppo<\/td><td>Tartu \u00dclikool<\/td><td>2023<\/td><\/tr><tr><td>\n<div>\n<p style=\"margin: 0px;\"><a title=\"\" href=\"https:\/\/www.tlu.ee\/opmat\/HTI\/uurimistoo_protsess\/index.html\" target=\"_blank\" rel=\"noopener\" data-url=\"https:\/\/www.tlu.ee\/opmat\/HTI\/uurimistoo_protsess\/index.html\">Probleemilahendus- ja planeerimisoskuste toetamine l\u00e4bi g\u00fcmnaasiumi UPT<\/a><\/p>\n<\/div>\n<\/td><td>Autorid:\u00a0Anna-Liisa J\u00f5gi ja Meril \u00dcmarik<\/td><td>Tallinna \u00dclikool<\/td><td>2023<\/td><\/tr><tr><td><p style=\"margin: 0cm7.5pt5pt0cm;\"><\/p><p style=\"margin: 0cm 7.5pt 5pt 0cm;\"><a title=\"\" data-url=\"https:\/\/rise.articulate.com\/share\/1RT8ENPn2skTukAfmnVJUiSEWgUSum18#\/\" href=\"https:\/\/rise.articulate.com\/share\/1RT8ENPn2skTukAfmnVJUiSEWgUSum18#\/\" target=\"_blank\" rel=\"noopener\">Edu&amp;Tegu Ettev\u00f5tlusp\u00e4devuse mudel: Enesejuhtimise valdkond<\/a><\/p> <\/td><td>Autorid: Marianne Kallaste<span lang=\"ET\" style=\"color: inherit;\">, <\/span><span style=\"color: inherit;\">Katrin Arvola<\/span><span lang=\"ET\" style=\"color: inherit;\">, <\/span><span style=\"color: inherit;\">Elina Malleus-Kot\u0161egarov<\/span><span lang=\"ET\" style=\"color: inherit;\">, <\/span><span style=\"color: inherit;\">Urve Venesaar<\/span><\/td><td> <p>Tallinna Tehnika\u00fclikool<\/p><\/td><td>2023<\/td><\/tr><tr><td><p style=\"margin: 0cm 7.5pt 5pt 0cm;\"><a title=\"\" data-url=\"https:\/\/rise.articulate.com\/share\/GUYDgSDXGJs43n2K5j1TKSkMphztHtw3#\/\" href=\"https:\/\/rise.articulate.com\/share\/GUYDgSDXGJs43n2K5j1TKSkMphztHtw3#\/\" target=\"_blank\" rel=\"noopener\">Edu&amp;Tegu Ettev\u00f5tlusp\u00e4devuse mudel: V\u00e4\u00e4rtust loova m\u00f5tlemise ja lahenduste leidmise\u00a0valdkond<\/a><\/p><\/td><td>Autorid: Marianne Kallaste<span lang=\"ET\" style=\"color: inherit;\">, <\/span><span style=\"color: inherit;\">Katrin Arvola<\/span><span lang=\"ET\" style=\"color: inherit;\">, <\/span><span style=\"color: inherit;\">Elina Malleus-Kot\u0161egarov<\/span><span lang=\"ET\" style=\"color: inherit;\">, <\/span><span style=\"color: inherit;\">Urve Venesaar<\/span><\/td><td> <p>Tallinna Tehnika\u00fclikool<\/p><\/td><td>2023<\/td><\/tr><tr><td> <p style=\"margin: 0cm 7.5pt 5pt 0cm;\"><a title=\"\" data-url=\"https:\/\/rise.articulate.com\/share\/OI0x4ay3IErXYb7WQ5rBPlM1N1wY3Elx#\/\" href=\"https:\/\/rise.articulate.com\/share\/OI0x4ay3IErXYb7WQ5rBPlM1N1wY3Elx#\/\" target=\"_blank\" rel=\"noopener\">Edu&amp;Tegu Ettev\u00f5tlusp\u00e4devuse mudel: Sotsiaalsete olukordade lahendamise valdkond<\/a><\/p><\/td><td>Autorid: Marianne Kallaste<span lang=\"ET\" style=\"color: inherit;\">, <\/span><span style=\"color: inherit;\">Katrin Arvola<\/span><span lang=\"ET\" style=\"color: inherit;\">, <\/span><span style=\"color: inherit;\">Elina Malleus-Kot\u0161egarov<\/span><span lang=\"ET\" style=\"color: inherit;\">, <\/span><span style=\"color: inherit;\">Urve Venesaar<\/span><\/td><td> <p>Tallinna Tehnika\u00fclikool<\/p><\/td><td>2023<\/td><\/tr><tr><td>\n<p style=\"margin: 0cm 7.5pt 5pt 0cm;\"><a title=\"\" href=\"https:\/\/rise.articulate.com\/share\/Xiapy9sCDWpYTexlfjD3iYK0pSTvSO2Q#\/\" target=\"_blank\" rel=\"noopener\" data-url=\"https:\/\/rise.articulate.com\/share\/Xiapy9sCDWpYTexlfjD3iYK0pSTvSO2Q#\/\">Edu&amp;Tegu Ettev\u00f5tlusp\u00e4devuse mudel: \u00c4riideede elluviimise valdkond<\/a><\/p>\n<\/td><td>Autorid: Marianne Kallaste<span lang=\"ET\" style=\"color: inherit;\">, <\/span><span style=\"color: inherit;\">Katrin Arvola<\/span><span lang=\"ET\" style=\"color: inherit;\">, <\/span><span style=\"color: inherit;\">Elina Malleus-Kot\u0161egarov<\/span><span lang=\"ET\" style=\"color: inherit;\">, <\/span><span style=\"color: inherit;\">Urve Venesaar<\/span><\/td><td> <p>Tallinna Tehnika\u00fclikool<\/p><\/td><td>2023<\/td><\/tr><tr><td><a title=\"\" href=\"https:\/\/sisu.ut.ee\/edujategu23\/avaleht\" target=\"_blank\" rel=\"noopener\" data-url=\"https:\/\/sisu.ut.ee\/edujategu23\/avaleht\">V\u00e4\u00e4rtuste loojana t\u00f6\u00f6maailma<\/a><\/td><td>Autor: Virve Kinkar<\/td><td>HARNO<\/td><td>2023<\/td><\/tr><tr><td><a title=\"\" href=\"https:\/\/sisu.ut.ee\/edujategu24\/avaleht\" target=\"_blank\" rel=\"noopener\" data-url=\"https:\/\/sisu.ut.ee\/edujategu24\/avaleht\">Meistrina elukestvas \u00f5ppes \u2013 kutsealase arengu teejuht<\/a><\/td><td>Autor: Virve Kinkar<\/td><td>HARNO<\/td><td>2023<\/td><\/tr><tr><td><a title=\"\" href=\"http:\/\/www.tlu.ee\/opmat\/HTI\/loov_ja_uurimistood\/index.html\" target=\"_blank\" rel=\"noopener\" data-url=\"http:\/\/www.tlu.ee\/opmat\/HTI\/loov_ja_uurimistood\/index.html\">Loov- ja uurimist\u00f6\u00f6de protsessi kujundamise v\u00f5imalused \u00fcldhariduskoolis<\/a><\/td><td>Autorid:\u00a0Terje Tuisk, Elina Malleus-Kot\u0161egarov ja Kati Aus<\/td><td>Tallinna \u00dclikool<\/td><td>2023<\/td><\/tr><tr><td><a title=\"\" href=\"https:\/\/sisu.ut.ee\/enesejuhtimine\" target=\"_blank\" rel=\"noopener\" data-url=\"https:\/\/sisu.ut.ee\/enesejuhtimine\">Enesejuhtimine<\/a><\/td><td>Autor: <span style=\"vertical-align: baseline;\">Juko-Mart K\u00f5lar<\/span><\/td><td>Tartu \u00dclikool<\/td><td>2022<\/td><\/tr><tr><td><a title=\"\" href=\"https:\/\/www.tlu.ee\/opmat\/HTI\/osk_ope\/?fbclid=IwAR0vG3nx68ipmya6N_xFWXcoFycsMmgMHYMutAzSSFZjzDVCO5Wqz5F39Yc\" target=\"_blank\" rel=\"noopener\" data-url=\"https:\/\/www.tlu.ee\/opmat\/HTI\/osk_ope\/?fbclid=IwAR0vG3nx68ipmya6N_xFWXcoFycsMmgMHYMutAzSSFZjzDVCO5Wqz5F39Yc\">Oskuste \u00f5ppe metoodika kasutamine sotsiaalsete oskuste arendamisel<\/a>\u00a0<\/td><td>Autorid: <span style=\"color: #333333;\"><span style=\"background-color: #ffffff;\">Tiiu Tammem\u00e4e ja Lii Lilleoja<\/span><\/span><\/td><td>Tallinna \u00dclikool<\/td><td>2022<\/td><\/tr><tr><td><p dir=\"ltr\"><a title=\"\" data-url=\"https:\/\/opik.emu.ee\/courses\/a-business-plan\/\" href=\"https:\/\/opik.emu.ee\/courses\/a-business-plan\/\" target=\"_blank\" rel=\"noopener\">A Business Plan<\/a><\/p><\/td><td>Autor: Anne P\u00f5der<\/td><td>Eesti Maa\u00fclikool<\/td><td>2022<\/td><\/tr><tr><td><a title=\"\" href=\"http:\/\/www.tlu.ee\/opmat\/HTI\/vaartuste_loomine\/\" target=\"_blank\" rel=\"noopener\" data-url=\"http:\/\/www.tlu.ee\/opmat\/HTI\/vaartuste_loomine\/\">V\u00e4\u00e4rtuste loomine<\/a><\/td><td>Autorid: <span style=\"color: #333333;\"><span style=\"background-color: #ffffff;\"><span style=\"vertical-align: baseline;\">Sirje Rekkor ja Jane M\u00e4gi<\/span><\/span><\/span><\/td><td>Tallinna \u00dclikool<\/td><td>2022<\/td><\/tr><tr><td><a title=\"\" href=\"http:\/\/www.tlu.ee\/opmat\/HTI\/enesejuhtimine_ja_metatunnetus\/\" target=\"_blank\" rel=\"noopener\" data-url=\"http:\/\/www.tlu.ee\/opmat\/HTI\/enesejuhtimine_ja_metatunnetus\/\">Enesejuhtimise ja metatunnetuse olulisus ettev\u00f5tlusp\u00e4devuste arendamisel<\/a><\/td><td>Autorid: <span style=\"vertical-align: baseline;\">Mairi Matrov ja Maile K\u00e4sper<\/span><\/td><td>Tallinna \u00dclikool<\/td><td>2022<\/td><\/tr><tr><td><a title=\"\" href=\"https:\/\/www.tlu.ee\/opmat\/HTI\/koostoo\/\" target=\"_blank\" rel=\"noopener\" data-url=\"https:\/\/www.tlu.ee\/opmat\/HTI\/koostoo\/\">Koost\u00f6\u00f6oskuse arendamise v\u00f5imalused \u00fcldhariduskoolis<\/a><\/td><td><span style=\"vertical-align: baseline;\">Autorid: Elina Malleus-Kot\u0161egarov ja Kristiina Treial<\/span><\/td><td>Tallinna \u00dclikool<\/td><td>2022<\/td><\/tr><tr><td><header id=\"nodeDecoration\"><p id=\"nodeTitle\"><a title=\"\" data-url=\"http:\/\/www.tlu.ee\/opmat\/HTI\/piobjekt_petajate_parimad_praktikad_ettevtliku_hoiaku_kujundamisel_-_2\/\" href=\"http:\/\/www.tlu.ee\/opmat\/HTI\/piobjekt_petajate_parimad_praktikad_ettevtliku_hoiaku_kujundamisel_-_2\/\" target=\"_blank\" rel=\"noopener\">\u00d5petajate parimad praktikad ettev\u00f5tliku hoiaku kujundamisel<\/a><\/p><\/header><\/td><td>Autorid : Meidi Sirk ja Sirje Rekkor<\/td><td>Tallinna \u00dclikool<\/td><td>2022<\/td><\/tr><tr><td><a title=\"\" href=\"https:\/\/www.tlu.ee\/opmat\/HTI\/projektope\/index.html%20\" target=\"_blank\" rel=\"noopener\" data-url=\"https:\/\/www.tlu.ee\/opmat\/HTI\/projektope\/index.html \">Projekt\u00f5pe ettev\u00f5tlusp\u00e4devuse arendamiseks<\/a><\/td><td>Autorid: <span style=\"text-align: justify;\"><span style=\"color: #333333;\"><span style=\"background-color: #ffffff;\">Sirje Rekkor ja Birgit Peterson<\/span><\/span><\/span><\/td><td>Tallinna \u00dclikool<\/td><td>2022<\/td><\/tr><tr><td><a title=\"\" href=\"https:\/\/sisu.ut.ee\/infosoda%20\" target=\"_blank\" rel=\"noopener\" data-url=\"https:\/\/sisu.ut.ee\/infosoda \">Infos\u00f5da ja infokorratus<\/a><\/td><td>Autorid: Maria Murumaa-Mengel, Diana Poudel<\/td><td>Tartu \u00dclikool<\/td><td>2022<\/td><\/tr><tr><td><a title=\"\" href=\"https:\/\/sisu.ut.ee\/ideedetestimine\/\" target=\"_blank\" rel=\"noopener\" data-url=\"https:\/\/sisu.ut.ee\/ideedetestimine\/\">\u00c4riideede testimine<\/a><\/td><td>Autor: <span style=\"vertical-align: baseline;\">Juko-Mart K\u00f5lar<\/span><\/td><td>Tartu \u00dclikool<\/td><td>2022<\/td><\/tr><tr><td><p><a title=\"\" data-url=\"https:\/\/sisu.ut.ee\/edujategu19\" href=\"https:\/\/sisu.ut.ee\/edujategu19\" target=\"_blank\" rel=\"noopener\">Kuidas olla produktiivne?<\/a><\/p><\/td><td>\u00a0<\/td><td> <p>Produktiivsusklubi<\/p><\/td><td>2022<\/td><\/tr><tr><td><a title=\"\" href=\"https:\/\/sisu.ut.ee\/edujategu21\" target=\"_blank\" rel=\"noopener\" data-url=\"https:\/\/sisu.ut.ee\/edujategu21\">Motivatsioon<\/a>\u00a0<\/td><td>Autorid:\u00a0Kadri Treial ja Triin Tiitsmaa<\/td><td>Ps\u00fchhobuss<\/td><td>2022<\/td><\/tr><tr><td><a title=\"https:\/\/sisu.ut.ee\/edujategu18\" href=\"https:\/\/sisu.ut.ee\/edujategu18\" target=\"_blank\" rel=\"noopener\" data-url=\"https:\/\/sisu.ut.ee\/edujategu18\">V\u00f5imaluste tundmine<\/a><\/td><td>Autorid:\u00a0Kadri Treial ja Triin Tiitsmaa<\/td><td>Ps\u00fchhobuss<\/td><td>2022<\/td><\/tr><tr><td><a title=\"\" href=\"https:\/\/sisu.ut.ee\/edujategu17\" target=\"_blank\" rel=\"noopener\" data-url=\"https:\/\/sisu.ut.ee\/edujategu17\">Karj\u00e4\u00e4ri kujundamine ja karj\u00e4\u00e4riplaan<\/a><\/td><td>Autor: Marju P\u00f5ld<\/td><td>Karj\u00e4\u00e4rip\u00f5ld O\u00dc<\/td><td>2022<\/td><\/tr><tr><td><a title=\"\" href=\"https:\/\/sisu.ut.ee\/edujategu11\" target=\"_blank\" rel=\"noopener\" data-url=\"https:\/\/sisu.ut.ee\/edujategu11\">Info haldamise p\u00e4devus ja kriitiline m\u00f5tlemine<\/a><\/td><td>Autorid: Maria Murumaa-Mengel ja Maia Klaassen<\/td><td>Tartu \u00dclikool<\/td><td>2022<\/td><\/tr><tr><td><a title=\"\" href=\"https:\/\/sisu.ut.ee\/edujategu16\" target=\"_blank\" rel=\"noopener\" data-url=\"https:\/\/sisu.ut.ee\/edujategu16\">\u00c4rieetika ja j\u00e4tkusuutlik ettev\u00f5tlus\u00a0<\/a><\/td><td>Autor: Piia Vettik-Leemet<\/td><td>Tartu \u00dclikool<\/td><td>2022<\/td><\/tr><tr><td><a title=\"\" href=\"https:\/\/sisu.ut.ee\/edujategu14\/avaleht\" target=\"_blank\" rel=\"noopener\" data-url=\"https:\/\/sisu.ut.ee\/edujategu14\/avaleht\">Eneseteadlikuna kutseoskuseid omandamas<\/a><\/td><td>Autor: Virve Kinkar<\/td><td>HARNO<\/td><td>2022<\/td><\/tr><tr><td><a title=\"\" href=\"https:\/\/sisu.ut.ee\/edujategu15\" target=\"_blank\" rel=\"noopener\" data-url=\"https:\/\/sisu.ut.ee\/edujategu15\">Eesm\u00e4rkidest tegudeni: \u00f5pitee kavandamine kutse\u00f5ppes<\/a><\/td><td>Autor: Virve Kinkar<\/td><td>HARNO<\/td><td>2022<\/td><\/tr><tr><td><a title=\"\" href=\"http:\/\/www.tlu.ee\/opmat\/HTI\/opiobjekt_Motteviis_2022\/\" target=\"_blank\" rel=\"noopener\" data-url=\"http:\/\/www.tlu.ee\/opmat\/HTI\/opiobjekt_Motteviis_2022\/\">M\u00f5tteviis<\/a><\/td><td>Autorid : Meidi Sirk ja Sirje Rekkor<\/td><td>Tallinna \u00dclikool<\/td><td>2022<\/td><\/tr><tr><td><a title=\"\" href=\"http:\/\/www.tlu.ee\/opmat\/HTI\/ettevotlik_motteviis\/\" target=\"_blank\" rel=\"noopener\" data-url=\"http:\/\/www.tlu.ee\/opmat\/HTI\/ettevotlik_motteviis\/\">\u00d5petaja ettev\u00f5tlik m\u00f5tteviis<\/a><\/td><td>Autorid : Meidi Sirk ja Sirje Rekkor<\/td><td>Tallinna \u00dclikool<\/td><td>2022<\/td><\/tr><tr><td><a title=\"\" href=\"https:\/\/sisu.ut.ee\/edujategu2\/home-0\" target=\"_blank\" rel=\"noopener\" data-url=\"https:\/\/sisu.ut.ee\/edujategu2\/home-0\">Informatsiooniline intervjuu \u2013 karj\u00e4\u00e4riplaneerija t\u00f6\u00f6riist<\/a><\/td><td>Autorid: Triin Liin, Triin Peitel<\/td><td>Tartu \u00dclikool<\/td><td>2021<\/td><\/tr><tr><td><a title=\"\" href=\"https:\/\/sisu.ut.ee\/edujategu5\/avaleht\" target=\"_blank\" rel=\"noopener\" data-url=\"https:\/\/sisu.ut.ee\/edujategu5\/avaleht\">Kuidas efektiivselt ja motiveeritult \u00f5ppida<\/a><\/td><td>Autor: Juta Jaani<\/td><td>Tartu \u00dclikool<\/td><td>2021<\/td><\/tr><tr><td><a title=\"\" href=\"https:\/\/sisu.ut.ee\/edujategu4\/avaleht\" target=\"_blank\" rel=\"noopener\" data-url=\"https:\/\/sisu.ut.ee\/edujategu4\/avaleht\">Alustava ettev\u00f5tte eelarve koostamine<\/a><\/td><td>Autor: Piia Vettik-Leemet<\/td><td>Tartu \u00dclikool<\/td><td>2021<\/td><\/tr><tr><td><a title=\"\" href=\"https:\/\/sisu.ut.ee\/edujategu10\/avaleht\" target=\"_blank\" rel=\"noopener\" data-url=\"https:\/\/sisu.ut.ee\/edujategu10\/avaleht\">Enesekindlus ja eba\u00f5nnestumise hirm: Milles seisneb enesekindlus ja kuidas seda saavutada?<\/a><\/td><td>Autor: Aave Hannus, PhD, spordips\u00fchholoog<\/td><td>Tartu \u00dclikool<\/td><td>2021<\/td><\/tr><tr><td><a title=\"\" href=\"https:\/\/sisu.ut.ee\/edujategu8\/avaleht\" target=\"_blank\" rel=\"noopener\" data-url=\"https:\/\/sisu.ut.ee\/edujategu8\/avaleht\">S\u00fcndmuse korraldamine ja l\u00fchipraktika rakendamine ettev\u00f5tlus\u00f5ppes<\/a><\/td><td>Autor: Birgit Peterson<\/td><td>Tallinna \u00dclikool<\/td><td>2021<\/td><\/tr><tr><td><a title=\"\" href=\"https:\/\/sisu.ut.ee\/edujategu6\/avaleht\" target=\"_blank\" rel=\"noopener\" data-url=\"https:\/\/sisu.ut.ee\/edujategu6\/avaleht\">Ettev\u00f5tlikkus kui isiksuseomadus, m\u00f5tte- ja teguviis ning hoiak<\/a><\/td><td>Autor: Marju P\u00f5ld<\/td><td>Karj\u00e4\u00e4rip\u00f5ld O\u00dc<\/td><td>2021<\/td><\/tr><tr><td><a title=\"\" href=\"https:\/\/sisu.ut.ee\/edujategu7\/avaleht\" target=\"_blank\" rel=\"noopener\" data-url=\"https:\/\/sisu.ut.ee\/edujategu7\/avaleht\">Kunst ettev\u00f5tlikkuse vaatenurgast<\/a><\/td><td>Autorid: Jane Remm, Helen Arov<\/td><td>Tallinna \u00dclikool<\/td><td>2021<\/td><\/tr><tr><td><a title=\"\" href=\"https:\/\/sisu.ut.ee\/edujategu9\/avaleht\" target=\"_blank\" rel=\"noopener\" data-url=\"https:\/\/sisu.ut.ee\/edujategu9\/avaleht\">Introduction to entrepreneurship and innovation<\/a><\/td><td>Autor: Anne P\u00f5der<\/td><td>Eesti Maa\u00fclikool<\/td><td>2021<\/td><\/tr><\/tbody><\/table><\/figure>\n","protected":false},"excerpt":{"rendered":"<p>\u00d5PIOBJEKTID Kolmandate osapoolte sisu n\u00e4gemiseks palun n\u00f5ustu k\u00fcpsistega. Muuda n\u00f5usolekut Programmis on valminud 39\u00a0\u00f5piobjekti: \u00d5piobjekti nimi Autorid Asutus Aasta Kuidas tundeid\u00a0tunda ja juhtida? Autorid: Helen Uusberg, Maria Kraju\u0161kina, Andero Uusberg Tartu \u00dclikool 2023 Abiks kandideerimisdokumentide t\u00e4itmisel Autorid: Kristel Ainsalu ja &#8230;<\/p>\n","protected":false},"author":263,"featured_media":0,"parent":0,"menu_order":0,"comment_status":"closed","ping_status":"closed","template":"","meta":{"_acf_changed":false,"inline_featured_image":false,"footnotes":""},"class_list":["post-3","page","type-page","status-publish","hentry"],"acf":[],"_links":{"self":[{"href":"https:\/\/sisu.ut.ee\/edutegu\/wp-json\/wp\/v2\/pages\/3","targetHints":{"allow":["GET"]}}],"collection":[{"href":"https:\/\/sisu.ut.ee\/edutegu\/wp-json\/wp\/v2\/pages"}],"about":[{"href":"https:\/\/sisu.ut.ee\/edutegu\/wp-json\/wp\/v2\/types\/page"}],"author":[{"embeddable":true,"href":"https:\/\/sisu.ut.ee\/edutegu\/wp-json\/wp\/v2\/users\/263"}],"replies":[{"embeddable":true,"href":"https:\/\/sisu.ut.ee\/edutegu\/wp-json\/wp\/v2\/comments?post=3"}],"version-history":[{"count":7,"href":"https:\/\/sisu.ut.ee\/edutegu\/wp-json\/wp\/v2\/pages\/3\/revisions"}],"predecessor-version":[{"id":74,"href":"https:\/\/sisu.ut.ee\/edutegu\/wp-json\/wp\/v2\/pages\/3\/revisions\/74"}],"wp:attachment":[{"href":"https:\/\/sisu.ut.ee\/edutegu\/wp-json\/wp\/v2\/media?parent=3"}],"curies":[{"name":"wp","href":"https:\/\/api.w.org\/{rel}","templated":true}]}}