{"id":8,"date":"2024-04-04T07:38:43","date_gmt":"2024-04-04T04:38:43","guid":{"rendered":"https:\/\/sisu.ut.ee\/edujategu9\/bibliograafia\/"},"modified":"2024-05-02T11:06:03","modified_gmt":"2024-05-02T08:06:03","slug":"bibliograafia","status":"publish","type":"page","link":"https:\/\/sisu.ut.ee\/edujategu9\/bibliograafia\/","title":{"rendered":"References"},"content":{"rendered":"<h1 class=\"wp-block-heading\"><img loading=\"lazy\" decoding=\"async\" width=\"50\" height=\"50\" class=\"wp-image-14\" style=\"width: 50px;\" src=\"https:\/\/sisu.ut.ee\/wp-content\/uploads\/sites\/535\/sissejuhatus.png\" alt=\"sissejuhatus\" srcset=\"https:\/\/sisu.ut.ee\/wp-content\/uploads\/sites\/535\/sissejuhatus.png 1080w, https:\/\/sisu.ut.ee\/wp-content\/uploads\/sites\/535\/sissejuhatus-300x300.png 300w, https:\/\/sisu.ut.ee\/wp-content\/uploads\/sites\/535\/sissejuhatus-1024x1024.png 1024w, https:\/\/sisu.ut.ee\/wp-content\/uploads\/sites\/535\/sissejuhatus-150x150.png 150w, https:\/\/sisu.ut.ee\/wp-content\/uploads\/sites\/535\/sissejuhatus-768x768.png 768w\" sizes=\"auto, (max-width: 50px) 100vw, 50px\"> <span style=\"color: #28aae1;\">REFERENCES<\/span><\/h1>\n\n<p class=\"MsoBibliography\" style=\"margin-left:36.0pt\">\n\t\u00a0\n<\/p>\n\n<p>\n\tAbreu, M., &amp; Grinevich, V. (2013). The nature of academic entrepreneurship in the UK: Widening the focus on entrepreneurial activities. Research Policy, 42(2), 408- 422.\n<\/p>\n\n<p>\n\tAdel Rastkhiz, S. E., Mobini Dehkordi, A., Yadollahi Farsi, J., &amp; Azar, A. (2019). A new approach to evaluating entrepreneurial opportunities. Journal of Small Business and Enterprise Development, 26(1), 67- 84.\n<\/p>\n\n<p>\n\tBaregheh, A., Rowley, J., &amp; Sambrook, S. (2009). Towards a multidisciplinary definition of innovation. Management Decision, 47(8), 1323-1339.\n<\/p>\n\n<p>\n\tBhave, M. P. (1994). A process model of entrepreneurial venture creation. Journal of Business Venturing(9), 223- 242.\n<\/p>\n\n<p>\n\tBosma, N., Stam, E., &amp; Schutjens, V. (2011). Creative destruction and regional productivity growth: evidence from the Dutch manufacturing and services industries. Small Business Economics, 36(4), 401- 418.\n<\/p>\n\n<p>\n\tBronstein, J., &amp; Reihlen, M. (2014). Entrepreneurial University Archetypes: A Meta-Synthesis of Case Study Literature. Industry and Higher Education, 28(4), 245-262.\n<\/p>\n\n<p>\n\tCantaragiu, R. (2012). Towards a conceptual delimitation of academic entrepreneurship. Management &amp; Marketing, 7(4), 683-700.\n<\/p>\n\n<p>\n\tChais, C., Ganzer, P., &amp; Munhoz Olea, P. (2018). Technology transfer between universities and companies: Two cases of Brazilian universities. Innovation &amp; Management Review, 15(1), 20-40.\n<\/p>\n\n<p>\n\tChang,, Y. Y., &amp; Chen, M. H. (2020). Creative entrepreneurs\u2019 creativity, opportunity recognition, and career success: Is resource availability a double-edged sword? European Management Journal, 38(5), 750- 762.\n<\/p>\n\n<p>\n\tCrespi, G. A., Geuna,, A., Nomaler, \u00d6., &amp; Verspagen, B. (2010). University IPRs and knowledge transfer: is university ownership more efficient? Economics of Innovation and New Technology, 19(7), 627- 648.\n<\/p>\n\n<p>\n\tCuervo, A. (2005). Individual and Environmental Determinants of Entrepreneurship. International Entrepreneurship and Management Journal, 1(3), 293- 311.\n<\/p>\n\n<p>\n\tDe Prato, G., &amp; Nepelski, D. (2014). Global technological collaboration network: network analysis of international co-inventions. Journal of Technology Transfer, 39, 358- 375.\n<\/p>\n\n<p>\n\tDekkers, R., Talbot, S., Thomson, J., &amp; Whittam, G. (2014). Does Schumpeter still rule? Reflections on the current epoch. Journal of Innovation Economics, 13(1), 7-36.\n<\/p>\n\n<p>\n\tDeTienne, D. R. (2010). Entrepreneurial exit as a critical component of the entrepreneurial process: Theoretical development. Journal of Business Venturing, 25(2), 203-215.\n<\/p>\n\n<p>\n\tDimov, D. (2020). Entrepreneurial process: Mapping a multiplicity of conversations. (W. B. Gartner, &amp; B. T. Teague, Eds.) Research Handbook of Entrepreneurial Behavior, Practice, and Process, pp. 56- 81.\n<\/p>\n\n<p>\n\tDodgson, M., Gann, D. M., &amp; Phillips, N. (2013). Perspectives on Innovation Management. (M. Dodgson, D. M. Gann, &amp; N. Phillips, Eds.) The Oxford handbook of innovation management, pp. 3- 25.\n<\/p>\n\n<p>\n\tEstonian Patent Office. (2021). Patent or Utility Model . Retrieved from https:\/\/www.epa.ee\/en\/protection-inventions\/patent-or-utility-model (03.05.21)\n<\/p>\n\n<p>\n\tEtzkowitz, H. (2003). Research groups as \u2019quasi-firms\u2019: the invention of the entrepreneurial university. Research Policy, 32(1), 109\u2013123.\n<\/p>\n\n<p>\n\tEttlie, J. E., &amp; Rubenstein, A. H. (1987). Firm size and product innovation. Journal of Product Innovation Management, 4(2), 89- 108.\n<\/p>\n\n<p>\n\tEuropean Commission. (2009). Metrics for Knowledge Transfer from Public Research Organisations in Europe. Brussels: Directorate-General for Research.\n<\/p>\n\n<p>\n\tFoss, N. J., &amp; Saebi, T. (2017). Fifteen years of research on business model innovation: How far have we come, and where should we go? Journal of Management, 43(1), 200- 227.\n<\/p>\n\n<p>\n\tGarcia, R., &amp; Calantone, R. (2002). A critical look at technological innovation typology and innovativeness terminology: A literature review. The Journal of Product Innovation Management, 19, 110-132.\n<\/p>\n\n<p>\n\tGarcia, R., &amp; Calantone, R. (2002). A critical look at technological innovation typology and innovativeness terminology: A literature review. The Journal of Product Innovation Management, 19, 110- 132.\n<\/p>\n\n<p>\n\tGoffin, K., &amp; Mitchell, R. (2016). Innnovation Management. Effective strategy and implementation. Red Globe Press.\n<\/p>\n\n<p>\n\tGoffin, K., &amp; Pfeiffer, R. (1999). Innovation Management in UK and German Manufacturing Companies. London: Anglo-German Foundation.\n<\/p>\n\n<p>\n\tGoldfarb, B., &amp; Henrekson, M. (2003). Bottom-Up versus Top-Down Policies towards the Commercialization of University Intellectual Property. Research Policy, 32(4), 639- 658.\n<\/p>\n\n<p>\n\tHebert, R., &amp; Link, A. (1989). In Search of The Meaning of Entrepreneurship. Small Business Economics, 1(1), 39- 49.\n<\/p>\n\n<p>\n\tHindle, K., &amp; Yencken, J. (2004). Public research commercialisation, entrepreneurship and new technology based firms: an integrated model. Technovation, 24, 793-804.\n<\/p>\n\n<p>\n\tHisrich, R. D., Peters, M. P., &amp; Shepherd, D. A. (2017). Entrepreneurship (10th ed.). New York: McGraw-Hill.\n<\/p>\n\n<p>\n\tHisrich, R. D., Stanco, T., &amp; Wisniewski , H. S. (2020). Academic Entrepreneurship: Creating the Ecosystem for Your University,. New Jersey: World Scientific Publishing.\n<\/p>\n\n<p>\n\tKeeley, L., Walters, H., Pikkel, R., &amp; Quinn, B. (2018). Ten Types of Innovation: The Discipline of Building Breakthroughs. Wiley.\n<\/p>\n\n<p>\n\tKerzner, H. (2019). Innovation project management. Wiley.\n<\/p>\n\n<p>\n\tKirzner, I. M. (1973). Competition and Entrepreneurship. Chicago: Chicago University Press.\n<\/p>\n\n<p>\n\tKirzner, I. M. (1997). Entrepreneurial Discovery and the Competitive Market Process: An Austrian Approach. Journal of Economic Literature, 35(1), 60-85.\n<\/p>\n\n<p>\n\tMa, R., Huang, Y. C., &amp; Shenkar, O. (2011). Social networks and opportunity recognition: A cultural comparison between Taiwan and the United States. Stategic Management Journal, 32(11), 1183- 1205.\n<\/p>\n\n<p>\n\tOECD. (2018). Oslo Manual 2018: Guidelines for Collecting, Reporting and Using Data on Innovation. The Measurement of Scientific, Technological and Innovation Activities. Paris, Luxembourg: OECD Publishing, Eurostat.\n<\/p>\n\n<p>\n\tP\u00e9rez-Hern\u00e1ndez, P., Calder\u00f3n, G., &amp; Noriega, E. (2021). Generation of University Spin Off Companies: Challenges from Mexico. Journal of Technology Management &amp; Innovation, 16(1), 14-21.\n<\/p>\n\n<p>\n\tPhilpott, K., Dooley, L., O\u2019Reilly, C., &amp; Lupton, G. (2011). The entrepreneurial university: Examining the underlying academic tensions. Technovation, 31(4), 161-170.\n<\/p>\n\n<p>\n\tPilegaard, M., Moroz, P. W., &amp; Neergaard, H. (2010). An Auto-Ethnographic Perspective on Academic Entrepreneurship: Implications for Research in the Social Sciences and Humanities. Academy of Management Perspectives, 24, 46- 61.\n<\/p>\n\n<p>\n\tPirnay, F., Surlemont, B., &amp; Nlemvo, F. (2003). Toward a Typology of University Spin-offs. Small Business Economics, 21, 355-369.\n<\/p>\n\n<p>\n\tProdan, I., Drnovsek, M., &amp; Ulijn, J. (2009). A Conceptual Framework for Studying a Technology Transfer from Academia to New Firm. (R. Oakey, A. Groen, G. Cook, &amp; P. van der Sijde, Eds.) New Technology-Based Firms in the New Millennium. Vol. II: The Production and Distribution of Knowledge., pp. 185-203.\n<\/p>\n\n<p>\n\tPryor, C., Webb, J. W., Ireland, R. D., &amp; Ketchen, D. J. (2016). Toward An Integration of the Behavioral and Cognitive Influences on the Entrepreneurship Process. Strategic Entrepreneurship Journal, 10, 21- 42.\n<\/p>\n\n<p>\n\tQuetglas, B. M., &amp; Grau, B. C. (2002). Aspects of university research and technology transfer to private industry. Journal of Business Ethics, 39(1), 51-58.\n<\/p>\n\n<p>\n\tRestriction of Unfair Competition and Protection of Business Secrets Act. (2018). Riigi Teataja I 07.12.2018, 2.\n<\/p>\n\n<p>\n\tRogers, E. M. (2003). Diffusion of Innovations (5th ed.). New York: Free Press.\n<\/p>\n\n<p>\n\tSalter, A., &amp; Alexy, O. (2013). The Nature of Innovation. (M. Dodgson, D. M. Gann, &amp; N. Phillips, Eds.) The Oxford handbook of innovation management, pp. 26-52.\n<\/p>\n\n<p>\n\tSandstr\u00f6m, C., Wennberg, K., Wallin, M. W., &amp; Zherlygina, Y. (2018). Public policy for academic entrepreneurship initiatives: a review and critical discussion. The Journal of Technology Transfer, 43, 1232-1256.\n<\/p>\n\n<p>\n\tSchilling, M. (2013). Strategic Management of Technological Innovation (4th ed.). New York: McGraw-Hill.\n<\/p>\n\n<p>\n\tSchumpeter, J. A. (1934). The Theory of Economic Development. Cambridge: Harvard University Press.\n<\/p>\n\n<p>\n\tSchumpeter, J. A. (1942). Capitalism, Socialism and Democracy. New York: Harper and Row.\n<\/p>\n\n<p>\n\tSecundo, G., &amp; Elia, G. (2014). A performance measurement system for academic entrepreneurship: a case study. Measuring Business Excellence, 18(3), 23- 37.\n<\/p>\n\n<p>\n\tShane, S. (2003). A General Theory of Entrepreneurship: the Individual-Opportunity Nexus. Cheltenham: Edward Elgar.\n<\/p>\n\n<p>\n\tShane, S. (2004). Academic Entrepreneurship: University Spinoffs and Wealth Creation. Cheltenham: Edward Elgar.\n<\/p>\n\n<p>\n\tShane, S., &amp; Venkataraman, S. (2000). The Promise of Entrepreneurship as a Field of Research. Academy of Management Review, 25(1), 217- 226.\n<\/p>\n\n<p>\n\tSiegel, D. S., Veugelers, R., &amp; Wright, M. (2007). Technology transfer offices and commercialization of university intellectual property: Performance and policy implications. Oxford Review of Economic Policy, 23(4), 640- 660.\n<\/p>\n\n<p>\n\tSilvestre, B. S., &amp; T\u00eerc\u0103, D. M. (2018). Innovations for sustainable development: Moving toward a sustainable future. Journal of Cleaner Production, 208, 325-332.\n<\/p>\n\n<p>\n\tSternberg, R. (2009). Regional Dimensions of Entrepreneurship. Foundations and Trends in Entrepreneurship, 5(4), 211- 340.\n<\/p>\n\n<p>\n\tSternberg, R., &amp; Wennekers, S. (2005). Determinants and effects of new business creation using Global Entrepreneurship Monitor data. Small Business Economics, 24(3), 193- 203.\n<\/p>\n\n<p>\n\tZacharakis, A., Bygrave , W. D., &amp; Corbett, A. C. (2016). Entrepreneurship (4th ed.). Hoboken: Wiley.\n<\/p>\n\n<p>\n\tZhao, F. (2005). Exploring the synergy between entrepreneurship and innovation. International Journal of Entrepreneurial Behavior &amp; Research, 11(1), 25-41.\n<\/p>\n\n<p>\n\tTidd, J., &amp; Bessant, J. (2018). Managing Innovation: Integrating technological, market and organizational change (6th ed.). Hoboken: Wiley.\n<\/p>\n\n<p>\n\tTrott, P. (2017). Innovation Management and New Product Development (6th ed.). Harlow: Pearson.\n<\/p>\n\n<p>\n\tUnited Nations. (2012). Virtual Institute Teaching Material on Transfer of Technology. New York: United Nations.\n<\/p>\n\n<p>\n\tVan Praag, M. (1999). Some Classical Views on Entrepreneurship. De Economist, 147(3), 311- 335.\n<\/p>\n\n<p>\n\tVenkataraman, S. (1997). The distinctive domain of entrepreneurship research: An editor\u2019s perspective. (J. Katz, &amp; R. Brockhaus, Eds.) Advances in Entrepreneurship, Firm Emergence and, 3, 119- 138.\n<\/p>\n\n<p>\n\tWennekers, S., &amp; Thurik, R. (1999). Linking Entrepreneurship and Economic Growth. Small Business Economics, 13(1), 27-55.\n<\/p>\n\n<p>\n\t\u00a0\n<\/p>\n\n<p>\n\t\u00a0\n<\/p>\n","protected":false},"excerpt":{"rendered":"<p>REFERENCES \u00a0 Abreu, M., &amp; Grinevich, V. (2013). The nature of academic entrepreneurship in the UK: Widening the focus on entrepreneurial activities. Research Policy, 42(2), 408- 422. Adel Rastkhiz, S. E., Mobini Dehkordi, A., Yadollahi Farsi, J., &amp; Azar, A. &#8230;<\/p>\n","protected":false},"author":263,"featured_media":0,"parent":0,"menu_order":0,"comment_status":"closed","ping_status":"closed","template":"","meta":{"_acf_changed":false,"inline_featured_image":false,"footnotes":""},"class_list":["post-8","page","type-page","status-publish","hentry"],"acf":[],"_links":{"self":[{"href":"https:\/\/sisu.ut.ee\/edujategu9\/wp-json\/wp\/v2\/pages\/8","targetHints":{"allow":["GET"]}}],"collection":[{"href":"https:\/\/sisu.ut.ee\/edujategu9\/wp-json\/wp\/v2\/pages"}],"about":[{"href":"https:\/\/sisu.ut.ee\/edujategu9\/wp-json\/wp\/v2\/types\/page"}],"author":[{"embeddable":true,"href":"https:\/\/sisu.ut.ee\/edujategu9\/wp-json\/wp\/v2\/users\/263"}],"replies":[{"embeddable":true,"href":"https:\/\/sisu.ut.ee\/edujategu9\/wp-json\/wp\/v2\/comments?post=8"}],"version-history":[{"count":3,"href":"https:\/\/sisu.ut.ee\/edujategu9\/wp-json\/wp\/v2\/pages\/8\/revisions"}],"predecessor-version":[{"id":68,"href":"https:\/\/sisu.ut.ee\/edujategu9\/wp-json\/wp\/v2\/pages\/8\/revisions\/68"}],"wp:attachment":[{"href":"https:\/\/sisu.ut.ee\/edujategu9\/wp-json\/wp\/v2\/media?parent=8"}],"curies":[{"name":"wp","href":"https:\/\/api.w.org\/{rel}","templated":true}]}}