{"id":9,"date":"2024-04-04T07:38:27","date_gmt":"2024-04-04T04:38:27","guid":{"rendered":"https:\/\/sisu.ut.ee\/edujategu8\/34-sundmuse-kavandamine\/"},"modified":"2024-04-24T16:06:45","modified_gmt":"2024-04-24T13:06:45","slug":"34-sundmuse-kavandamine","status":"publish","type":"page","link":"https:\/\/sisu.ut.ee\/edujategu8\/34-sundmuse-kavandamine\/","title":{"rendered":"3.4 S\u00fcndmuse kavandamine"},"content":{"rendered":"<h1 class=\"wp-block-heading\"><img decoding=\"async\" class=\"wp-image-185\" style=\"width: 40px;\" src=\"https:\/\/sisu.ut.ee\/wp-content\/uploads\/sites\/598\/sissejuhatus.png\" alt=\"\"> <span style=\"color: #28aae1;\">3.4. S\u00dcNDMUSTE KAVANDAMINE<\/span><\/h1>\n\n\n<p style=\"text-align: justify;\"><span style=\"line-height: 150%;\"><span lang=\"et\"><span style=\"line-height: 150%;\">Kui esialgne s\u00fcndmuse kava \u00f5pilasgruppidel on loodud, v\u00f5iks \u00f5petaja suunata \u00f5pilasi planeerima detailsemat tegevuskava, et kaardistada konkreetsed t\u00f6\u00f6\u00fclesanded meeskonnas, need ajastada ning jagada vastutus meeskonnaliikmete vahel. Selleks v\u00f5ib kasutada v\u00f5i endale sobivalt modifitseerida j\u00e4rgmist tegevuskava vormi:<\/span><\/span><\/span><\/p>\n<p style=\"text-align: justify;\">Allalaetav fail asub siin:\u00a0<span class=\"file media-element file-os-files-link\" data-file_info=\"%7B%22fid%22:%2266786%22,%22view_mode%22:%22os_files_link%22,%22type%22:%22media%22%7D\"><img decoding=\"async\" class=\"file-icon\" src=\"\/profiles\/openscholar\/modules\/os\/modules\/os_files\/icons\/x-office-document.svg\" alt=\"\"> <a href=\"https:\/\/sisu.ut.ee\/wp-content\/uploads\/sites\/534\/tegevuskava_vorm.docx\">tegevuskava_vorm.docx<\/a><\/span><\/p>\n<table class=\"table table-hover\" style=\"border-collapse: collapse; border: solidblack1.0pt;\" border=\"1\" width=\"885\">\n<tbody>\n<tr style=\"height: 44.0pt;\">\n<td style=\"width: 117.0pt; border: solidblack1.0pt;\" width=\"156\">\n<p style=\"border: none; text-align: center;\"><span style=\"height: 44.0pt;\"><b><span lang=\"et\"><span style=\"line-height: 115%;\"><span style=\"color: #002060;\">Tegevuse kirjeldus<\/span><\/span><\/span><\/b><\/span><\/p>\n<\/td>\n<td style=\"width: 84.0pt; border: solidblack1.0pt; border-left: none;\" width=\"112\">\n<p style=\"border: none; text-align: center;\"><span style=\"height: 44.0pt;\"><b><span lang=\"et\"><span style=\"line-height: 115%;\"><span style=\"color: #002060;\">Aeg<\/span><\/span><\/span><\/b><\/span><\/p>\n<\/td>\n<td style=\"width: 99.0pt; border: solidblack1.0pt; border-left: none;\" width=\"132\">\n<p style=\"border: none; text-align: center;\"><span style=\"height: 44.0pt;\"><b><span lang=\"et\"><span style=\"line-height: 115%;\"><span style=\"color: #002060;\">Vastutaja(d)<\/span><\/span><\/span><\/b><\/span><\/p>\n<\/td>\n<td style=\"width: 97.5pt; border: solidblack1.0pt; border-left: none;\" width=\"130\">\n<p style=\"border: none; text-align: center;\"><span style=\"height: 44.0pt;\"><b><span lang=\"et\"><span style=\"line-height: 115%;\"><span style=\"color: #002060;\">Vajalikud ressursid <\/span><\/span><\/span><\/b><\/span><\/p>\n<\/td>\n<td style=\"width: 108.0pt; border: solidblack1.0pt; border-left: none;\" width=\"144\">\n<p style=\"border: none; text-align: center;\"><span style=\"height: 44.0pt;\"><b><span lang=\"et\"><span style=\"line-height: 115%;\"><span style=\"color: #002060;\">Vajalikud ettevalmistused<\/span><\/span><\/span><\/b><\/span><\/p>\n<\/td>\n<td style=\"width: 76.5pt; border: solidblack1.0pt; border-left: none;\" width=\"102\">\n<p style=\"border: none; text-align: center;\"><span style=\"height: 44.0pt;\"><b><span lang=\"et\"><span style=\"line-height: 115%;\"><span style=\"color: #002060;\">Edukuse indikaator<\/span><\/span><\/span><\/b><\/span><\/p>\n<\/td>\n<td style=\"width: 81.75pt; border: solidblack1.0pt; border-left: none;\" width=\"109\">\n<p style=\"border: none; text-align: center;\"><span style=\"height: 44.0pt;\"><b><span lang=\"et\"><span style=\"line-height: 115%;\"><span style=\"color: #002060;\">Progressi n\u00e4itaja<\/span><\/span><\/span><\/b><\/span><\/p>\n<\/td>\n<\/tr>\n<tr style=\"height: 86.75pt;\">\n<td style=\"width: 117.0pt; border: solidblack1.0pt; border-top: none;\" width=\"156\">\n<p style=\"border: none; padding: 1.0pt1.0pt5.0pt1.0pt;\"><span style=\"height: 86.75pt;\"><i><span lang=\"et\"><span style=\"line-height: 115%;\">Suuna \u00f5pilasi kaardistama k\u00f5iki olulisi vajalikke tegevusi enne ja p\u00e4rast s\u00fcndmust, mis h\u00f5lmavad ettevalmistust, turundamist, korraldamist, koost\u00f6\u00f6partnerite ja rahaliste vahendite kaasamist, tagasiside ja tulemuslikkuse hindamist jm olulisi aspekte.<\/span><\/span><\/i><\/span><\/p>\n<\/td>\n<td style=\"width: 84.0pt; border-top: none; border-left: none; border-bottom: solidblack1.0pt; border-right: solidblack1.0pt;\" width=\"112\">\n<p style=\"border: none; padding: 1.0pt1.0pt5.0pt1.0pt;\"><span style=\"height: 86.75pt;\"><i><span lang=\"et\"><span style=\"line-height: 115%;\">Suuna \u00f5pilasi ajastama antud tegevus \u2013 mis ajaperioodil tegevus ellu viiakse?<\/span><\/span><\/i><\/span><\/p>\n<\/td>\n<td style=\"width: 99.0pt; border-top: none; border-left: none; border-bottom: solidblack1.0pt; border-right: solidblack1.0pt;\" width=\"132\">\n<p style=\"border: none; padding: 1.0pt1.0pt5.0pt1.0pt;\"><span style=\"height: 86.75pt;\"><i><span lang=\"et\"><span style=\"line-height: 115%;\">Kes meeskonna-<\/span><\/span><\/i><\/span><\/p>\n<p style=\"border: none; padding: 1.0pt1.0pt5.0pt1.0pt;\"><span style=\"height: 86.75pt;\"><i><span lang=\"et\"><span style=\"line-height: 115%;\">liikmetest vastutab tegevuse elluviimise eest? Milliste tegevuste eest meeskonnaliige vastutab?<\/span><\/span><\/i><\/span><\/p>\n<\/td>\n<td style=\"width: 97.5pt; border-top: none; border-left: none; border-bottom: solidblack1.0pt; border-right: solidblack1.0pt;\" width=\"130\">\n<p style=\"border: none; padding: 1.0pt1.0pt5.0pt1.0pt;\"><span style=\"height: 86.75pt;\"><i><span lang=\"et\"><span style=\"line-height: 115%;\">Milliseid (rahalisi) vahendeid on vaja tegevuse elluviimiseks?<\/span><\/span><\/i><\/span><\/p>\n<\/td>\n<td style=\"width: 108.0pt; border-top: none; border-left: none; border-bottom: solidblack1.0pt; border-right: solidblack1.0pt;\" width=\"144\">\n<p style=\"border: none; padding: 1.0pt1.0pt5.0pt1.0pt;\"><span style=\"height: 86.75pt;\"><i><span lang=\"et\"><span style=\"line-height: 115%;\">Milliseid tegevusi, ettevalmistusi on vaja teha tegevuse elluviimiseks?<\/span><\/span><\/i><\/span><\/p>\n<\/td>\n<td style=\"width: 76.5pt; border-top: none; border-left: none; border-bottom: solidblack1.0pt; border-right: solidblack1.0pt;\" width=\"102\">\n<p style=\"border: none; padding: 1.0pt1.0pt5.0pt1.0pt;\"><span style=\"height: 86.75pt;\"><i><span lang=\"et\"><span style=\"line-height: 115%;\">Millise indikaatori \/ tulemuse abil m\u00f5\u00f5dan tegevuse edukust?<\/span><\/span><\/i><\/span><\/p>\n<\/td>\n<td style=\"width: 81.75pt; border-top: none; border-left: none; border-bottom: solidblack1.0pt; border-right: solidblack1.0pt;\" width=\"109\">\n<p style=\"border: none; padding: 1.0pt1.0pt5.0pt1.0pt;\"><span style=\"height: 86.75pt;\"><i><span lang=\"et\"><span style=\"line-height: 115%;\">Milline peab olema indikaatori suurus kindlaks ajaperioodiks, et m\u00f5ista tegevuse edenemist? <\/span><\/span><\/i><\/span><\/p>\n<\/td>\n<\/tr>\n<tr style=\"height: 86.75pt;\">\n<td style=\"width: 117.0pt; border: solidblack1.0pt; border-top: none;\" width=\"156\">\n<p style=\"border: none; padding: 1.0pt1.0pt5.0pt1.0pt;\"><span style=\"height: 86.75pt;\"><b><span lang=\"et\"><span style=\"line-height: 115%;\"><span style=\"color: #002060;\">N\u00c4IDE 1<\/span><\/span><\/span><\/b><\/span><\/p>\n<p style=\"border: none; padding: 1.0pt1.0pt5.0pt1.0pt;\"><span style=\"height: 86.75pt;\"><span lang=\"et\"><span style=\"line-height: 115%;\">Sobiva ruumi leidmine s\u00fcndmuse korraldamiseks<\/span><\/span><\/span><\/p>\n<\/td>\n<td style=\"width: 84.0pt; border-top: none; border-left: none; border-bottom: solidblack1.0pt; border-right: solidblack1.0pt;\" width=\"112\">\n<p style=\"border: none; padding: 1.0pt1.0pt5.0pt1.0pt;\">\n<\/p><p style=\"border: none; padding: 1.0pt1.0pt5.0pt1.0pt;\"><span style=\"height: 86.75pt;\"><b><span lang=\"et\"><span style=\"line-height: 115%;\">03.-14.01.22<\/span><\/span><\/b><\/span><\/p>\n<\/td>\n<td style=\"width: 99.0pt; border-top: none; border-left: none; border-bottom: solidblack1.0pt; border-right: solidblack1.0pt;\" width=\"132\">\n<p style=\"border: none; padding: 1.0pt1.0pt5.0pt1.0pt;\">\n<\/p><p style=\"border: none; padding: 1.0pt1.0pt5.0pt1.0pt;\"><span style=\"height: 86.75pt;\"><b><span lang=\"et\"><span style=\"line-height: 115%;\">PEETER<\/span><\/span><\/b><\/span><\/p>\n<\/td>\n<td style=\"width: 97.5pt; border-top: none; border-left: none; border-bottom: solidblack1.0pt; border-right: solidblack1.0pt;\" width=\"130\">\n<p style=\"border: none; padding: 1.0pt1.0pt5.0pt1.0pt;\"><span style=\"height: 86.75pt;\">Maksimaalne ruumi rendi eelarve 20 eurot. <\/span><\/p>\n<\/td>\n<td style=\"width: 108.0pt; border-top: none; border-left: none; border-bottom: solidblack1.0pt; border-right: solidblack1.0pt;\" width=\"144\">\n<p style=\"border: none; padding: 1.0pt1.0pt5.0pt1.0pt;\"><span style=\"height: 86.75pt;\"><span lang=\"et\"><span style=\"line-height: 115%;\">Kaardistada \u00e4ra v\u00f5imalikud koost\u00f6\u00f6partnerid, kes v\u00f5iksid olla huvitatud \u00fcrituse toimumisest ning kes omavad sobivat ruumi s\u00fcndmuse elluviimiseks.<\/span><\/span><\/span><\/p>\n<\/td>\n<td style=\"width: 76.5pt; border-top: none; border-left: none; border-bottom: solidblack1.0pt; border-right: solidblack1.0pt;\" width=\"102\">\n<p style=\"border: none; padding: 1.0pt1.0pt5.0pt1.0pt;\"><span style=\"height: 86.75pt;\"><span lang=\"et\"><span style=\"line-height: 115%;\">Sobiva ruumi leidmine<\/span><\/span><\/span><\/p>\n<\/td>\n<td style=\"width: 81.75pt; border-top: none; border-left: none; border-bottom: solidblack1.0pt; border-right: solidblack1.0pt;\" width=\"109\">\n<p style=\"border: none; padding: 1.0pt1.0pt5.0pt1.0pt;\"><span style=\"height: 86.75pt;\"><span lang=\"et\"><span style=\"line-height: 115%;\">14. jaanuariks on leitud sobiv ruum ning selle kasutamine koosk\u00f5lastatud.<\/span><\/span><\/span><\/p>\n<\/td>\n<\/tr>\n<tr style=\"height: 86.75pt;\">\n<td style=\"width: 117.0pt; border: solidblack1.0pt; border-top: none;\" width=\"156\">\n<p style=\"border: none; padding: 1.0pt1.0pt5.0pt1.0pt;\"><span style=\"height: 86.75pt;\"><b><span lang=\"et\"><span style=\"line-height: 115%;\"><span style=\"color: #002060;\">N\u00c4IDE 2<\/span><\/span><\/span><\/b><\/span><\/p>\n<p style=\"border: none; padding: 1.0pt1.0pt5.0pt1.0pt;\"><span style=\"height: 86.75pt;\"><span lang=\"et\"><span style=\"line-height: 115%;\">Auhinnam\u00e4ng \u00fcrituse lehe levitamiseks sotsiaalmeedias <i>(Facebookis)<\/i><\/span><\/span><\/span><\/p>\n<\/td>\n<td style=\"width: 84.0pt; border-top: none; border-left: none; border-bottom: solidblack1.0pt; border-right: solidblack1.0pt;\" width=\"112\">\n<p style=\"border: none; padding: 1.0pt1.0pt5.0pt1.0pt;\"><span style=\"height: 86.75pt;\"><b><span lang=\"et\"><span style=\"line-height: 115%;\">12.02.22 \u2013 19.03.22<\/span><\/span><\/b><\/span><\/p>\n<p style=\"border: none; padding: 1.0pt1.0pt5.0pt1.0pt;\">\n<\/p><p style=\"border: none; padding: 1.0pt1.0pt5.0pt1.0pt;\"><span style=\"height: 86.75pt;\"><span lang=\"et\"><span style=\"line-height: 115%;\">26.02.22 \u2013 Mari on saanud sponsorilt sobiva atraktiivse meene m\u00e4ngu v\u00f5itjale<\/span><\/span><\/span><\/p>\n<p style=\"border: none; padding: 1.0pt1.0pt5.0pt1.0pt;\"><span style=\"height: 86.75pt;\"><span lang=\"et\"><span style=\"line-height: 115%;\">12.03.22 \u2013 Auhinnam\u00e4ng sotsiaalmeedias on l\u00e4bi viidud ning v\u00f5itja v\u00e4lja kuulutatud 19.03.22 \u2013 V\u00f5itjale meene edastatud<\/span><\/span><\/span><\/p>\n<\/td>\n<td style=\"width: 99.0pt; border-top: none; border-left: none; border-bottom: solidblack1.0pt; border-right: solidblack1.0pt;\" width=\"132\">\n<p style=\"border: none; padding: 1.0pt1.0pt5.0pt1.0pt;\"><span style=\"height: 86.75pt;\"><b><span lang=\"et\"><span style=\"line-height: 115%;\">MARI<\/span><\/span><\/b><span lang=\"et\"><span style=\"line-height: 115%;\"> \u2013 <i>sponsori leidmine auhinnam\u00e4ngu meene jaoks, meene transport v\u00f5itjale<\/i><\/span><\/span><\/span><\/p>\n<p style=\"border: none; padding: 1.0pt1.0pt5.0pt1.0pt;\"><span style=\"height: 86.75pt;\"><b><span lang=\"et\"><span style=\"line-height: 115%;\">J\u00dcRI <\/span><\/span><\/b><span lang=\"et\"><span style=\"line-height: 115%;\">\u2013 <i>auhinnam\u00e4ngu postitused sotsiaalmeedias<\/i><\/span><\/span><\/span><\/p>\n<p style=\"border: none; padding: 1.0pt1.0pt5.0pt1.0pt;\">\n<\/p><\/td>\n<td style=\"width: 97.5pt; border-top: none; border-left: none; border-bottom: solidblack1.0pt; border-right: solidblack1.0pt;\" width=\"130\">\n<p style=\"border: none; padding: 1.0pt1.0pt5.0pt1.0pt;\"><span style=\"height: 86.75pt;\"><span lang=\"et\"><span style=\"line-height: 115%;\">1. Auhind m\u00e4ngule sponsorilt \u2013 eelarve 0 eurot.<\/span><\/span><\/span><\/p>\n<p style=\"border: none; padding: 1.0pt1.0pt5.0pt1.0pt;\">\n<\/p><p style=\"border: none; padding: 1.0pt1.0pt5.0pt1.0pt;\"><span style=\"height: 86.75pt;\"><span lang=\"et\"><span style=\"line-height: 115%;\">2. Auhinna transport (pakiautomaat) v\u00f5itjale \u2013 eelarve 3 eurot <\/span><\/span><\/span><\/p>\n<p style=\"border: none; padding: 1.0pt1.0pt5.0pt1.0pt;\">\n<\/p><p style=\"border: none; padding: 1.0pt1.0pt5.0pt1.0pt;\">\n<\/p><\/td>\n<td style=\"width: 108.0pt; border-top: none; border-left: none; border-bottom: solidblack1.0pt; border-right: solidblack1.0pt;\" width=\"144\">\n<p style=\"border: none; padding: 1.0pt1.0pt5.0pt1.0pt;\"><span style=\"height: 86.75pt;\"><span lang=\"et\"><span style=\"line-height: 115%;\">Leida sponsor auhinnam\u00e4ngu meene jaoks.<\/span><\/span><\/span><\/p>\n<p style=\"border: none; padding: 1.0pt1.0pt5.0pt1.0pt;\"><span style=\"height: 86.75pt;\"><span lang=\"et\"><span style=\"line-height: 115%;\">Auhinnam\u00e4ngu postituse loomine. Auhinnam\u00e4ngu postituse jagamine, uuendamine, esilet\u00f5stmine. Auhinnam\u00e4ngu v\u00f5itja v\u00e4ljakuulutamine. Meene transpordi korraldamine v\u00f5itjale.<\/span><\/span><\/span><\/p>\n<\/td>\n<td style=\"width: 76.5pt; border-top: none; border-left: none; border-bottom: solidblack1.0pt; border-right: solidblack1.0pt;\" width=\"102\">\n<p style=\"border: none; padding: 1.0pt1.0pt5.0pt1.0pt;\"><span style=\"height: 86.75pt;\"><span lang=\"et\"><span style=\"line-height: 115%;\">1. Atraktiivne auhinnam\u00e4ngu meene <\/span><\/span><\/span><\/p>\n<p style=\"border: none; padding: 1.0pt1.0pt5.0pt1.0pt;\">\n<\/p><p style=\"border: none; padding: 1.0pt1.0pt5.0pt1.0pt;\"><span style=\"height: 86.75pt;\"><span lang=\"et\"><span style=\"line-height: 115%;\">2. Osalejate ja huvitatute arv s\u00fcndmuse lehel<\/span><\/span><\/span><\/p>\n<\/td>\n<td style=\"width: 81.75pt; border-top: none; border-left: none; border-bottom: solidblack1.0pt; border-right: solidblack1.0pt;\" width=\"109\">\n<p style=\"border: none; padding: 1.0pt1.0pt5.0pt1.0pt;\"><span style=\"height: 86.75pt;\"><span lang=\"et\"><span style=\"line-height: 115%;\">26. veebruariks on saadud atraktiivne meene m\u00e4ngu v\u00f5itjale sponsorilt<\/span><\/span><\/span><\/p>\n<p style=\"border: none; padding: 1.0pt1.0pt5.0pt1.0pt;\">\n<\/p><p style=\"border: none; padding: 1.0pt1.0pt5.0pt1.0pt;\"><span style=\"height: 86.75pt;\"><span lang=\"et\"><span style=\"line-height: 115%;\">Auhinnam\u00e4ngu tulemusena on 12. m\u00e4rtsiks kasvanud \u00fcrituse sotsiaalmeedia lehel huvitatute arv 60ni ning osalejate arv 20ni.<\/span><\/span><\/span><\/p>\n<p style=\"border: none; padding: 1.0pt1.0pt5.0pt1.0pt;\">\n<\/p><\/td>\n<\/tr>\n<tr style=\"height: 67.25pt;\">\n<td style=\"width: 117.0pt; border: solidblack1.0pt; border-top: none;\" width=\"156\">\n<p style=\"border: none; padding: 1.0pt1.0pt5.0pt1.0pt;\">\n<\/p><\/td>\n<td style=\"width: 84.0pt; border-top: none; border-left: none; border-bottom: solidblack1.0pt; border-right: solidblack1.0pt;\" width=\"112\">\n<p style=\"border: none; padding: 1.0pt1.0pt5.0pt1.0pt;\">\n<\/p><\/td>\n<td style=\"width: 99.0pt; border-top: none; border-left: none; border-bottom: solidblack1.0pt; border-right: solidblack1.0pt;\" width=\"132\">\n<p style=\"border: none; padding: 1.0pt1.0pt5.0pt1.0pt;\">\n<\/p><\/td>\n<td style=\"width: 97.5pt; border-top: none; border-left: none; border-bottom: solidblack1.0pt; border-right: solidblack1.0pt;\" width=\"130\">\n<p style=\"border: none; padding: 1.0pt1.0pt5.0pt1.0pt;\">\n<\/p><\/td>\n<td style=\"width: 108.0pt; border-top: none; border-left: none; border-bottom: solidblack1.0pt; border-right: solidblack1.0pt;\" width=\"144\">\n<p style=\"border: none; padding: 1.0pt1.0pt5.0pt1.0pt;\">\n<\/p><\/td>\n<td style=\"width: 76.5pt; border-top: none; border-left: none; border-bottom: solidblack1.0pt; border-right: solidblack1.0pt;\" width=\"102\">\n<p style=\"border: none; padding: 1.0pt1.0pt5.0pt1.0pt;\">\n<\/p><\/td>\n<td style=\"width: 81.75pt; border-top: none; border-left: none; border-bottom: solidblack1.0pt; border-right: solidblack1.0pt;\" width=\"109\">\n<p style=\"border: none; padding: 1.0pt1.0pt5.0pt1.0pt;\">\n<\/p><\/td>\n<\/tr>\n<\/tbody>\n<\/table>\n<p style=\"text-align: justify;\">\n<\/p><p style=\"text-align: justify;\">\n<\/p><p style=\"text-align: justify;\"><span style=\"line-height: 150%;\"><span lang=\"et\"><span style=\"line-height: 150%;\">P\u00f6\u00f6ra t\u00e4helepanu tegevuste kaardistamisel avalike \u00fcrituste puhul turundustegevustele, et need oleksid lahti kirjeldatud detailselt, h\u00f5lmates detailset tegevuste kirjeldust erinevates kanalites. Kui \u00f5pilastele tundub see keeruline, v\u00f5ib paluda turundustegevuste jaoks eraldi plaani luua. N\u00e4iteks kui peamine roll s\u00fcndmuse turundamisel on sotsiaalmeedial, siis suuna \u00f5pilasi kaardistama detailsed tegevused igan\u00e4dalaselt, mis tagavad s\u00fcndmuse laiema leviku \u2013 nt palu ajastada eraldi sisupostitused, auhinnam\u00e4ngud, tasulised reklaamid, esinejate avaldamine jne. <\/span><\/span><\/span><\/p>\n<p style=\"text-align: justify;\">\n<\/p><p style=\"text-align: justify;\"><span style=\"line-height: 150%;\"><span lang=\"et\"><span style=\"line-height: 150%;\">Tegevuskava koostamisel juhi t\u00e4helepanu ka tegevustele, mida on oluline ellu viia p\u00e4rast \u00fcrituse toimumist \u2013 n\u00e4iteks kuidas hinnatakse s\u00fcndmuse edukust? Kui on oluline k\u00fcsida tagasisidet osalejatelt s\u00fcndmuse \u00f5nnestumise anal\u00fc\u00fcsimiseks, siis suuna \u00f5pilasi kavandama tegevusi, et sobivat tagasisidet koguda \u2013 n\u00e4iteks v\u00e4lja t\u00f6\u00f6tama tagasiside ankeeti osalejatele. Kui s\u00fcndmusel on olulisi koost\u00f6\u00f6partnereid, suuna \u00f5pilasi m\u00f5tlema v\u00f5imalustele, kuidas neid t\u00e4nada ja tunnustada. <\/span><\/span><\/span><\/p>\n<hr>\n<p style=\"text-align: justify;\"><span style=\"font-size: 18px;\"><img loading=\"lazy\" decoding=\"async\" class=\"\" title=\"\" src=\"https:\/\/sisu.ut.ee\/wp-content\/uploads\/sites\/534\/motlemiseks.png\" alt=\"motlemiseks\" width=\"32\" height=\"32\" data-file_info=\"%7B%22fid%22:%2266791%22,%22view_mode%22:%22default%22,%22type%22:%22media%22%7D\">\u00a0<span style=\"color: #e31c79;\"><span style=\"line-height: 150%;\"><b><span lang=\"et\"><span style=\"line-height: 150%;\">Iseseisvaks m\u00f5tlemiseks:<\/span><\/span><\/b><\/span><\/span><\/span><\/p>\n<p style=\"text-align: justify;\"><span style=\"line-height: 150%;\"><b><span lang=\"et\"><span style=\"line-height: 150%;\"><span style=\"color: #002060;\">Milliste ettev\u00f5tlusp\u00e4devuse alap\u00e4devusi arendavad \u00f5pilased s\u00fcndmuse kavandamise faasis?<\/span><\/span><\/span><\/b><\/span><\/p>","protected":false},"excerpt":{"rendered":"<p>3.4. S\u00dcNDMUSTE KAVANDAMINE Kui esialgne s\u00fcndmuse kava \u00f5pilasgruppidel on loodud, v\u00f5iks \u00f5petaja suunata \u00f5pilasi planeerima detailsemat tegevuskava, et kaardistada konkreetsed t\u00f6\u00f6\u00fclesanded meeskonnas, need ajastada ning jagada vastutus meeskonnaliikmete vahel. Selleks v\u00f5ib kasutada v\u00f5i endale sobivalt modifitseerida j\u00e4rgmist tegevuskava vormi: Allalaetav &#8230;<\/p>\n","protected":false},"author":263,"featured_media":0,"parent":0,"menu_order":0,"comment_status":"closed","ping_status":"closed","template":"","meta":{"_acf_changed":false,"inline_featured_image":false,"footnotes":""},"class_list":["post-9","page","type-page","status-publish","hentry"],"acf":[],"_links":{"self":[{"href":"https:\/\/sisu.ut.ee\/edujategu8\/wp-json\/wp\/v2\/pages\/9","targetHints":{"allow":["GET"]}}],"collection":[{"href":"https:\/\/sisu.ut.ee\/edujategu8\/wp-json\/wp\/v2\/pages"}],"about":[{"href":"https:\/\/sisu.ut.ee\/edujategu8\/wp-json\/wp\/v2\/types\/page"}],"author":[{"embeddable":true,"href":"https:\/\/sisu.ut.ee\/edujategu8\/wp-json\/wp\/v2\/users\/263"}],"replies":[{"embeddable":true,"href":"https:\/\/sisu.ut.ee\/edujategu8\/wp-json\/wp\/v2\/comments?post=9"}],"version-history":[{"count":4,"href":"https:\/\/sisu.ut.ee\/edujategu8\/wp-json\/wp\/v2\/pages\/9\/revisions"}],"predecessor-version":[{"id":109,"href":"https:\/\/sisu.ut.ee\/edujategu8\/wp-json\/wp\/v2\/pages\/9\/revisions\/109"}],"wp:attachment":[{"href":"https:\/\/sisu.ut.ee\/edujategu8\/wp-json\/wp\/v2\/media?parent=9"}],"curies":[{"name":"wp","href":"https:\/\/api.w.org\/{rel}","templated":true}]}}