{"id":7,"date":"2024-04-04T07:38:26","date_gmt":"2024-04-04T04:38:26","guid":{"rendered":"https:\/\/sisu.ut.ee\/edujategu8\/32-kuidas-planeerida-sundmust\/"},"modified":"2024-04-24T16:03:50","modified_gmt":"2024-04-24T13:03:50","slug":"32-kuidas-planeerida-sundmust","status":"publish","type":"page","link":"https:\/\/sisu.ut.ee\/edujategu8\/32-kuidas-planeerida-sundmust\/","title":{"rendered":"3.2 Kuidas planeerida s\u00fcndmust?"},"content":{"rendered":"<h1 class=\"wp-block-heading\"><img loading=\"lazy\" decoding=\"async\" width=\"40\" height=\"40\" class=\"wp-image-84\" style=\"width: 40px;\" src=\"https:\/\/sisu.ut.ee\/wp-content\/uploads\/sites\/534\/sissejuhatus.png\" alt=\"\" srcset=\"https:\/\/sisu.ut.ee\/wp-content\/uploads\/sites\/534\/sissejuhatus.png 1080w, https:\/\/sisu.ut.ee\/wp-content\/uploads\/sites\/534\/sissejuhatus-300x300.png 300w, https:\/\/sisu.ut.ee\/wp-content\/uploads\/sites\/534\/sissejuhatus-1024x1024.png 1024w, https:\/\/sisu.ut.ee\/wp-content\/uploads\/sites\/534\/sissejuhatus-150x150.png 150w, https:\/\/sisu.ut.ee\/wp-content\/uploads\/sites\/534\/sissejuhatus-768x768.png 768w\" sizes=\"auto, (max-width: 40px) 100vw, 40px\"> <span style=\"color: #28aae1;\">3.2. KUIDAS PLANEERIDA S\u00dcNDMUST?<\/span><\/h1>\n\n\n<p style=\"text-align: justify;\"><span style=\"line-height: 150%;\"><span lang=\"et\"><span style=\"line-height: 150%;\">Hea oleks kommunikeerida kursuse\/\u00f5ppeaine eesm\u00e4rk ja l\u00e4henemine v\u00f5imalikult varakult, et \u00f5pilased saaksid m\u00f5elda, millist s\u00fcndmust nad ellu viia sooviksid ning kellega koos meeskonnas olla. Hea on esimestes tundides v\u00f5tta aega koos grupiga ideede genereerimiseks, kuna osadel \u00f5pilastel v\u00f5ib olla keeruline iseseisvalt sobivat ideed leida.<\/span><\/span><\/span><\/p>\n<p style=\"text-align: justify;\"><span style=\"line-height: 150%;\"><span lang=\"et\"><span style=\"line-height: 150%;\">Ideede genereerimiseks v\u00f5ib kasutada n\u00e4iteks ajur\u00fcnnaku harjutust. Selleks on mitmeid v\u00f5imalusi, kuid toon \u00fche n\u00e4ite, kuidas ajur\u00fcnnakut klassis l\u00e4bi viia. N\u00e4iteks v\u00f5ib paluda esmalt individuaalselt vastata piiratud aja jooksul (nt 3-4 minutit) allpool toodud k\u00fcsimustele, pannes kirja nii palju erinevaid m\u00f5tteid kui p\u00e4he tuleb. Enne j\u00e4rgmise k\u00fcsimuse juurde liikumist palu \u00f5pilasel valida v\u00e4lja k\u00f5ige olulisem \/ enim k\u00f5netav vastus k\u00fcsimusele, millega j\u00e4rgmise k\u00fcsimuse juures edasi liikuda.<\/span><\/span><\/span><\/p>\n<ol>\n<li style=\"text-align: justify;\"><span style=\"line-height: 150%;\"><span lang=\"et\"><span style=\"line-height: 150%;\">Kes on <b>sihtr\u00fchm<\/b>, kellele ma s\u00fcndmust korraldada soovin?<\/span><\/span><\/span><\/li>\n<li style=\"text-align: justify;\"><span style=\"line-height: 150%;\"><span lang=\"et\"><span style=\"line-height: 150%;\">Millised on need <b>kohad<\/b>, kus sihtr\u00fchm enim aega veedab?<\/span><\/span><\/span><\/li>\n<li style=\"text-align: justify;\"><span style=\"line-height: 150%;\"><span lang=\"et\"><span style=\"line-height: 150%;\">Millised on <b>tegevused<\/b>, mida sihtr\u00fchm seal teeb?<\/span><\/span><\/span><\/li>\n<li style=\"text-align: justify;\"><span style=\"line-height: 150%;\"><span lang=\"et\"><span style=\"line-height: 150%;\">Millised on <b>probleemid<\/b> \/ <b>kitsaskohad<\/b> nende tegevuste juures, mida saaksid lahendada?<\/span><\/span><\/span><\/li>\n<li style=\"text-align: justify;\"><span style=\"line-height: 150%;\"><span lang=\"et\"><span style=\"line-height: 150%;\">Kuidas saaksid Sina \u00fche s\u00fcndmusega neid probleeme <b>lahendada<\/b>?<\/span><\/span><\/span><\/li>\n<\/ol>\n<p style=\"text-align: justify;\"><span style=\"line-height: 150%;\"><span lang=\"et\"><span style=\"line-height: 150%;\">N\u00e4iteks v\u00f5ib ajur\u00fcnnaku tulemusena kooruda v\u00e4lja esmane idee luua kasu <b>lastele<\/b>, kes peavad veetma palju aega <b>haiglas<\/b>, kus puuduvad meelelahutuslikud tegevused peale <b>televiisori vaatamise \/ m\u00e4ngutoas m\u00e4ngimise<\/b>, mis j\u00e4\u00e4vad <b>\u00fcksluiseks<\/b> ega paku piisavalt <b>positiivset emotsiooni<\/b>. Lahenduseks v\u00f5ib meeskond pakkuda <b>meelelahutusliku p\u00e4eva<\/b> korraldamise haiglas, et tuua r\u00f5\u00f5mu seal viibivatele lastele \u2013 nt \u00fchistegevused \/ meisterdamine, esinejate kaasamine. <i>(p\u00e4riselus \u00f5pilaste poolt genereeritud ja realiseeritud idee)<\/i><\/span><\/span><\/span><\/p>\n<p style=\"text-align: justify;\"><span style=\"line-height: 150%;\"><span lang=\"et\"><span style=\"line-height: 150%;\">V\u00f5ib ka juhtuda, et harjutusest ei kooru v\u00e4lja konkreetset ideed v\u00f5i toimivat lahendust, mida edasi sobivaks s\u00fcndmuseks arendada, siis saab \u00f5pilane liikuda tagasi ajur\u00fcnnaku eelnevate k\u00fcsimuste juurde ning valida uus sihtr\u00fchm \/ koht \/ tegevus, millega uuesti harjutus l\u00e4bi teha.<\/span><\/span><\/span><\/p>\n<hr>\n<p style=\"text-align: justify;\"><span style=\"font-size: 18px;\"><img loading=\"lazy\" decoding=\"async\" title=\"\" src=\"https:\/\/sisu.ut.ee\/wp-content\/uploads\/sites\/534\/motlemiseks.png\" alt=\"motlemiseks\" width=\"32\" height=\"32\" data-file_info=\"%7B%22fid%22:%2266791%22,%22view_mode%22:%22default%22,%22type%22:%22media%22%7D\">\u00a0<span style=\"color: #e31c79;\"><span style=\"line-height: 150%;\"><b><span lang=\"et\"><span style=\"line-height: 150%;\">Iseseisvaks m\u00f5tlemiseks:<\/span><\/span><\/b><\/span><\/span><\/span><\/p>\n<p style=\"text-align: justify;\"><span style=\"line-height: 150%;\"><b><span lang=\"et\"><span style=\"line-height: 150%;\"><span style=\"color: #002060;\">Proovi ise l\u00e4bi teha ajur\u00fcnnaku harjutus \u2013 kas Sinul koorub v\u00e4lja idee, millega edasi liikuda?<\/span><\/span><\/span><\/b><\/span><\/p>\n<hr>\n<p style=\"text-align: justify;\"><span style=\"line-height: 150%;\"><span lang=\"et\"><span style=\"line-height: 150%;\">Kui \u00f5pilased on individuaalselt leidnud esialgse idee, tuleks liikuda edasi grupis ning paluda \u00fchiselt jagada oma ideid ning anda \u00fcksteisele tagasisidet idee edasiarenduseks. Seej\u00e4rel v\u00f5iks grupp \u00fchiselt otsustada, millise ideega meeskonnas edasi minna. <\/span><\/span><\/span><\/p>\n<p style=\"text-align: justify;\"><span style=\"line-height: 150%;\"><span lang=\"et\"><span style=\"line-height: 150%;\">Edasistes tundides saab idee olemasolul tegeleda edasi ideede vormimisega ning s\u00fcndmuse detailsema planeerimisega.<b> <\/b>Planeerimisetapis on hea anal\u00fc\u00fcsida \u00f5pilastega koos ka koolis, regioonis v\u00f5i riiklikul tasemel toimunud s\u00fcndmuseid, mis on \u00f5pilastele tuttavad ning leida nii toimunud \u00fcrituste kitsaskohad kui ka \u00f5nnestumised. S\u00fcndmuste anal\u00fc\u00fcs v\u00f5ib anda \u00f5ppijale inspiratsiooni, aitab ideid arendada ning paneb m\u00f5tlema erinevatele n\u00fcanssidele, mis on s\u00fcndmuse \u00f5nnestumisel eriti olulised. <\/span><\/span><\/span><\/p>\n<hr>\n<p style=\"text-align: justify;\"><img loading=\"lazy\" decoding=\"async\" title=\"\" src=\"https:\/\/sisu.ut.ee\/wp-content\/uploads\/sites\/534\/motlemiseks.png\" alt=\"motlemiseks\" width=\"32\" height=\"32\" data-file_info=\"%7B%22fid%22:%2266791%22,%22view_mode%22:%22default%22,%22type%22:%22media%22%7D\"><span style=\"font-size: 18px;\">\u00a0<span style=\"color: #e31c79;\"><span style=\"line-height: 150%;\"><b><span lang=\"et\"><span style=\"line-height: 150%;\">Iseseisvaks m\u00f5tlemiseks:<\/span><\/span><\/b><\/span><\/span><\/span><\/p>\n<p style=\"text-align: justify;\"><span style=\"line-height: 150%;\"><b><span lang=\"et\"><span style=\"line-height: 150%;\"><span style=\"color: #002060;\">Millised suunavad k\u00fcsimused v\u00f5iks anda \u00f5pilasele toimunud s\u00fcndmuste anal\u00fc\u00fcsimisel?<\/span><\/span><\/span><\/b><\/span><\/p>\n<hr>\n<p><span lang=\"et\"><span style=\"line-height: 115%;\">Milliseid s\u00fcndmuseid anal\u00fc\u00fcsida? L\u00e4htuda v\u00f5iks \u00f5pilaste huvidest, nende planeeritava s\u00fcndmuse sihtr\u00fchmast v\u00f5i tuua n\u00e4iteid suurematest s\u00fcndmustest. Juhtumiteks v\u00f5ib valida avalikult k\u00e4ttesaadava infoga s\u00fcndmused, n\u00e4iteks Singapuri investeerimiskonverentsi korraldamine:\u00a0 <\/span><\/span><span lang=\"et\"><span style=\"line-height: 115%;\"><a href=\"https:\/\/arileht.delfi.ee\/artikkel\/80887867\/eestlaste-uleshaibitud-investeerimiskonverents-kukkus-kolinal-kahjumisse-algselt-loodetud-10-000-kulalise-asemel-tuli-kohale-tuhatkond-inimest\" target=\"_blank\" rel=\"noopener\"><span style=\"line-height: 115%;\"><span style=\"color: #1155cc;\">https:\/\/arileht.delfi.ee\/artikkel\/80887867\/eestlaste-uleshaibitud-investeerimiskonverents-kukkus-kolinal-kahjumisse-algselt-loodetud-10-000-kulalise-asemel-tuli-kohale-tuhatkond-inimest<\/span><\/span><\/a><\/span><\/span><\/p>\n<p style=\"margin-left: 80px;\"><img loading=\"lazy\" decoding=\"async\" width=\"500\" height=\"500\" class=\"alignnone wp-image-23\" title=\"joonis4.png\" src=\"https:\/\/sisu.ut.ee\/wp-content\/uploads\/sites\/534\/joonis4.png\" alt=\"joonis4\" srcset=\"https:\/\/sisu.ut.ee\/wp-content\/uploads\/sites\/534\/joonis4.png 500w, https:\/\/sisu.ut.ee\/wp-content\/uploads\/sites\/534\/joonis4-300x300.png 300w, https:\/\/sisu.ut.ee\/wp-content\/uploads\/sites\/534\/joonis4-150x150.png 150w\" sizes=\"auto, (max-width: 500px) 100vw, 500px\"><\/p>","protected":false},"excerpt":{"rendered":"<p>3.2. KUIDAS PLANEERIDA S\u00dcNDMUST? Hea oleks kommunikeerida kursuse\/\u00f5ppeaine eesm\u00e4rk ja l\u00e4henemine v\u00f5imalikult varakult, et \u00f5pilased saaksid m\u00f5elda, millist s\u00fcndmust nad ellu viia sooviksid ning kellega koos meeskonnas olla. Hea on esimestes tundides v\u00f5tta aega koos grupiga ideede genereerimiseks, kuna osadel &#8230;<\/p>\n","protected":false},"author":263,"featured_media":0,"parent":0,"menu_order":0,"comment_status":"closed","ping_status":"closed","template":"","meta":{"_acf_changed":false,"inline_featured_image":false,"footnotes":""},"class_list":["post-7","page","type-page","status-publish","hentry"],"acf":[],"_links":{"self":[{"href":"https:\/\/sisu.ut.ee\/edujategu8\/wp-json\/wp\/v2\/pages\/7","targetHints":{"allow":["GET"]}}],"collection":[{"href":"https:\/\/sisu.ut.ee\/edujategu8\/wp-json\/wp\/v2\/pages"}],"about":[{"href":"https:\/\/sisu.ut.ee\/edujategu8\/wp-json\/wp\/v2\/types\/page"}],"author":[{"embeddable":true,"href":"https:\/\/sisu.ut.ee\/edujategu8\/wp-json\/wp\/v2\/users\/263"}],"replies":[{"embeddable":true,"href":"https:\/\/sisu.ut.ee\/edujategu8\/wp-json\/wp\/v2\/comments?post=7"}],"version-history":[{"count":4,"href":"https:\/\/sisu.ut.ee\/edujategu8\/wp-json\/wp\/v2\/pages\/7\/revisions"}],"predecessor-version":[{"id":103,"href":"https:\/\/sisu.ut.ee\/edujategu8\/wp-json\/wp\/v2\/pages\/7\/revisions\/103"}],"wp:attachment":[{"href":"https:\/\/sisu.ut.ee\/edujategu8\/wp-json\/wp\/v2\/media?parent=7"}],"curies":[{"name":"wp","href":"https:\/\/api.w.org\/{rel}","templated":true}]}}