{"id":4,"date":"2024-04-04T07:38:26","date_gmt":"2024-04-04T04:38:26","guid":{"rendered":"https:\/\/sisu.ut.ee\/edujategu8\/2-ettevotluspadevus\/"},"modified":"2024-04-24T15:53:09","modified_gmt":"2024-04-24T12:53:09","slug":"2-ettevotluspadevus","status":"publish","type":"page","link":"https:\/\/sisu.ut.ee\/edujategu8\/avaleht\/2-ettevotluspadevus\/","title":{"rendered":"2.\tEttev\u00f5tlusp\u00e4devus"},"content":{"rendered":"<h1 class=\"wp-block-heading\"><img loading=\"lazy\" decoding=\"async\" width=\"40\" height=\"40\" class=\"wp-image-84\" style=\"width: 40px;\" src=\"https:\/\/sisu.ut.ee\/wp-content\/uploads\/sites\/534\/sissejuhatus.png\" alt=\"\" srcset=\"https:\/\/sisu.ut.ee\/wp-content\/uploads\/sites\/534\/sissejuhatus.png 1080w, https:\/\/sisu.ut.ee\/wp-content\/uploads\/sites\/534\/sissejuhatus-300x300.png 300w, https:\/\/sisu.ut.ee\/wp-content\/uploads\/sites\/534\/sissejuhatus-1024x1024.png 1024w, https:\/\/sisu.ut.ee\/wp-content\/uploads\/sites\/534\/sissejuhatus-150x150.png 150w, https:\/\/sisu.ut.ee\/wp-content\/uploads\/sites\/534\/sissejuhatus-768x768.png 768w\" sizes=\"auto, (max-width: 40px) 100vw, 40px\"> <span style=\"color: #28aae1;\">2. ETTEV\u00d5TLUSP\u00c4DEVUS<\/span><\/h1>\n\n\n<p style=\"text-align: justify;\"><span style=\"color: #e31c79;\"><span style=\"font-size: 18px;\"><img loading=\"lazy\" decoding=\"async\" class=\"alignnone wp-image-21\" title=\"motlemiseks.png\" src=\"https:\/\/sisu.ut.ee\/wp-content\/uploads\/sites\/534\/motlemiseks.png\" alt=\"motlemiseks\" width=\"40\" height=\"40\" srcset=\"https:\/\/sisu.ut.ee\/wp-content\/uploads\/sites\/534\/motlemiseks.png 1080w, https:\/\/sisu.ut.ee\/wp-content\/uploads\/sites\/534\/motlemiseks-300x300.png 300w, https:\/\/sisu.ut.ee\/wp-content\/uploads\/sites\/534\/motlemiseks-1024x1024.png 1024w, https:\/\/sisu.ut.ee\/wp-content\/uploads\/sites\/534\/motlemiseks-150x150.png 150w, https:\/\/sisu.ut.ee\/wp-content\/uploads\/sites\/534\/motlemiseks-768x768.png 768w\" sizes=\"auto, (max-width: 40px) 100vw, 40px\">\u00a0<span style=\"line-height: 150%;\"><b><span lang=\"et\"><span style=\"line-height: 150%;\">Iseseisvaks m\u00f5tlemiseks:<\/span><\/span><\/b><\/span><\/span><\/span><\/p>\n<p style=\"text-align: justify;\"><span style=\"color: #00afd7;\"><span style=\"line-height: 150%;\"><b><span lang=\"et\"><span style=\"line-height: 150%;\">Kuidas m\u00f5istad Sina ettev\u00f5tlusp\u00e4devust?<\/span><\/span><\/b><\/span><\/span><\/p>\n<hr>\n<p style=\"text-align: justify;\"><span style=\"line-height: 150%;\"><span lang=\"et\"><span style=\"line-height: 150%;\">Ettev\u00f5tlusp\u00e4devust v\u00f5ime \u00fchise m\u00e4\u00e4ratluse puudumisel m\u00f5ista erinevalt ning sellest tingituna p\u00f6\u00f6rata ka ettev\u00f5tlus\u00f5ppes r\u00f5hku erinevatele aspektidele ning omandada \u00f5ppele erinevaid v\u00e4ljundeid. \u00dchise arusaamise kujundamiseks on antud minikursusel ettev\u00f5tlusp\u00e4devuse defineerimisel aluseks v\u00f5etud ettev\u00f5tlus- ja karj\u00e4\u00e4ri\u00f5ppe programmi Edu ja Tegu<a title=\"\" href=\"#_ftn1\" name=\"_ftnref1\"><sup><sup><span lang=\"et\"><span style=\"line-height: 115%;\">[1]<\/span><\/span><\/sup><\/sup><\/a> raames v\u00e4lja t\u00f6\u00f6tatud ettev\u00f5tlusp\u00e4devuse m\u00e4\u00e4ratlus. Ettevo\u0303tluspa\u0308devuse definitsiooni kohaselt on ettevo\u0303tluspa\u0308devus teadmiste, oskuste ja hoiakute terviklik kogum, mis on vajalik va\u0308a\u0308rtuse loomiseks ideede elluviimisel, o\u0303ppija ettevo\u0303tlikkuse arenguks ning ja\u0308tkusuutlikuks toimetulekuks to\u0308o\u0308s ja igapa\u0308evaelus<a title=\"\" href=\"#_ftn2\" name=\"_ftnref2\"><sup><sup><span lang=\"et\"><span style=\"line-height: 115%;\">[2]<\/span><\/span><\/sup><\/sup><\/a>. Ettev\u00f5tlusp\u00e4devust aitab paremini m\u00f5ista programmi raames v\u00e4lja t\u00f6\u00f6tatud ettev\u00f5tlusp\u00e4devuse mudel, mida k\u00e4sitletakse kui teadmiste, oskuste ja hoiakute terviklikku kogumit. Mudel h\u00f5lmab 14 alap\u00e4devust, mis jagunevad nelja p\u00e4devusvaldkonda.<\/span><\/span><\/span><\/p>\n<div>\n<p style=\"margin-left: 80px;\"><img loading=\"lazy\" decoding=\"async\" width=\"2034\" height=\"2048\" class=\"alignnone wp-image-19\" title=\"Joonis 1. Ettev\u00f5tlusp\u00e4devuse mudel.\" src=\"https:\/\/sisu.ut.ee\/wp-content\/uploads\/sites\/534\/joonis2.jpg\" alt=\"joonis2\" srcset=\"https:\/\/sisu.ut.ee\/wp-content\/uploads\/sites\/534\/joonis2.jpg 2034w, https:\/\/sisu.ut.ee\/wp-content\/uploads\/sites\/534\/joonis2-298x300.jpg 298w, https:\/\/sisu.ut.ee\/wp-content\/uploads\/sites\/534\/joonis2-1017x1024.jpg 1017w, https:\/\/sisu.ut.ee\/wp-content\/uploads\/sites\/534\/joonis2-150x150.jpg 150w, https:\/\/sisu.ut.ee\/wp-content\/uploads\/sites\/534\/joonis2-768x773.jpg 768w, https:\/\/sisu.ut.ee\/wp-content\/uploads\/sites\/534\/joonis2-1526x1536.jpg 1526w, https:\/\/sisu.ut.ee\/wp-content\/uploads\/sites\/534\/joonis2-1920x1933.jpg 1920w\" sizes=\"auto, (max-width: 2034px) 100vw, 2034px\"><\/p>\n<p style=\"text-align: justify;\"><span style=\"color: #e31c79;\"><img loading=\"lazy\" decoding=\"async\" class=\"alignnone wp-image-21\" title=\"motlemiseks.png\" src=\"https:\/\/sisu.ut.ee\/wp-content\/uploads\/sites\/534\/motlemiseks.png\" alt=\"motlemiseks\" width=\"40\" height=\"40\" srcset=\"https:\/\/sisu.ut.ee\/wp-content\/uploads\/sites\/534\/motlemiseks.png 1080w, https:\/\/sisu.ut.ee\/wp-content\/uploads\/sites\/534\/motlemiseks-300x300.png 300w, https:\/\/sisu.ut.ee\/wp-content\/uploads\/sites\/534\/motlemiseks-1024x1024.png 1024w, https:\/\/sisu.ut.ee\/wp-content\/uploads\/sites\/534\/motlemiseks-150x150.png 150w, https:\/\/sisu.ut.ee\/wp-content\/uploads\/sites\/534\/motlemiseks-768x768.png 768w\" sizes=\"auto, (max-width: 40px) 100vw, 40px\"><span style=\"font-size: 18px;\">\u00a0<\/span><span style=\"font-size: 18px;\"><span style=\"line-height: 150%;\"><b><span lang=\"et\"><span style=\"line-height: 150%;\">Iseseisvaks m\u00f5tlemiseks<\/span><\/span><\/b><\/span><\/span><\/span><\/p>\n<p style=\"text-align: justify;\"><span style=\"line-height: 150%;\"><b><span lang=\"et\"><span style=\"line-height: 150%;\"><span style=\"color: #002060;\">Kuidas m\u00f5istad Sina mudelis toodud alap\u00e4devusi?<\/span><\/span><\/span><\/b><\/span><\/p>\n<p style=\"text-align: justify;\"><span style=\"line-height: 150%;\"><b><span lang=\"et\"><span style=\"line-height: 150%;\"><span style=\"color: #002060;\">Millist p\u00e4devusvaldkonda pead ettev\u00f5tlus\u00f5ppes k\u00f5ige t\u00e4htsamaks?<\/span><\/span><\/span><\/b><\/span><\/p>\n<hr>\n<p style=\"text-align: justify;\"><img loading=\"lazy\" decoding=\"async\" class=\"alignnone wp-image-20\" title=\"test.png\" src=\"https:\/\/sisu.ut.ee\/wp-content\/uploads\/sites\/534\/test.png\" alt=\"test\" width=\"40\" height=\"40\" srcset=\"https:\/\/sisu.ut.ee\/wp-content\/uploads\/sites\/534\/test.png 1080w, https:\/\/sisu.ut.ee\/wp-content\/uploads\/sites\/534\/test-300x300.png 300w, https:\/\/sisu.ut.ee\/wp-content\/uploads\/sites\/534\/test-1024x1024.png 1024w, https:\/\/sisu.ut.ee\/wp-content\/uploads\/sites\/534\/test-150x150.png 150w, https:\/\/sisu.ut.ee\/wp-content\/uploads\/sites\/534\/test-768x768.png 768w\" sizes=\"auto, (max-width: 40px) 100vw, 40px\">\u00a0<span style=\"line-height: 150%;\"><span lang=\"et\"><span style=\"line-height: 150%;\">M\u00f5istmaks paremini p\u00e4devusmudelis toodud alap\u00e4devuste t\u00e4hendust, palun Sul sooritada <b>interaktiivne harjutus:<\/b> <\/span><\/span><\/span><\/p>\n<p style=\"text-align: justify;\">\u00a0<\/p>\n<\/div>\n\n\n<div class=\"h5p-content\" data-content-id=\"2\"><\/div>\n\n\n<hr>\n<p style=\"text-align: justify;\"><span style=\"line-height: 150%;\"><span lang=\"et\"><span style=\"line-height: 150%;\">Kui tunned, et vajad abi alap\u00e4devuste lahtim\u00f5testamisel, v\u00f5id lugeda ettev\u00f5tlus- ja karj\u00e4\u00e4ri\u00f5ppe programmi Edu ja Tegu raamdokumendist<a title=\"\" href=\"#_ftn1\" name=\"_ftnref1\"><sup><sup><span lang=\"et\"><span style=\"line-height: 115%;\">[1]<\/span><\/span><\/sup><\/sup><\/a> alap\u00e4devusi puudutavat infot, selle leiad lk 37-53 : <\/span><\/span><\/span><\/p>\n<p style=\"text-align: justify;\"><span style=\"line-height: 150%;\"><a href=\"https:\/\/xn--ettevtluspe-jfbe.ee\/wp-content\/uploads\/2018\/12\/Raamdokument_web_3.pdf\" target=\"_blank\" rel=\"noopener\"><span style=\"line-height: 150%;\"><span style=\"color: #1155cc;\">https:\/\/ettev\u00f5tlus\u00f5pe.ee\/wp-content\/uploads\/2018\/12\/Raamdokument_web_3.pdf<\/span><\/span><\/a>\u00a0 <\/span><\/p>\n<hr align=\"left\" size=\"1\" width=\"33%\">\n<div id=\"ftn1\">\n<p><span style=\"line-height: normal;\"><a title=\"\" href=\"#_ftnref1\" name=\"_ftn1\"><sup><sup><span lang=\"et\"><span style=\"line-height: 115%;\">[1]<\/span><\/span><\/sup><\/sup><\/a><span lang=\"et\"> Ettev\u00f5tlus- ja karj\u00e4\u00e4ri\u00f5ppe programm Edu Ja Tegu: <\/span><a href=\"https:\/\/ettevotlusope.edu.ee\" target=\"_blank\" rel=\"noopener\"><span style=\"color: #1155cc;\">https:\/\/ettevotlusope.edu.ee<\/span><\/a> <\/span><\/p>\n<\/div>\n<div id=\"ftn2\">\n<p><span style=\"line-height: normal;\"><a title=\"\" href=\"#_ftnref2\" name=\"_ftn2\"><sup><sup><span lang=\"et\"><span style=\"line-height: 115%;\">[2]<\/span><\/span><\/sup><\/sup><\/a><span lang=\"et\"> Arro, G.; Jaani, J.; Loogma, K.; Malleus, E.; Titov, E.; Toding, M.; T\u00e4ks, M. &amp; Venesaar, U. (2018). Ettev\u00f5tlikkuse ja ettev\u00f5tlus\u00f5ppe s\u00fcsteemne arendamine Eestis. Tartu: Haridus- ja Teadusministeerium.<\/span><\/span><\/p>\n<p><sup><sup>[3]<\/sup><\/sup> Arro, G.; Jaani, J.; Loogma, K.; Malleus, E.; Titov, E.; Toding, M.; T\u00e4ks, M. &amp; Venesaar, U. (2018). Ettev\u00f5tlikkuse ja ettev\u00f5tlus\u00f5ppe s\u00fcsteemne arendamine Eestis. Tartu: Haridus- ja Teadusministeerium.<\/p>\n<\/div>","protected":false},"excerpt":{"rendered":"<p>2. ETTEV\u00d5TLUSP\u00c4DEVUS \u00a0Iseseisvaks m\u00f5tlemiseks: Kuidas m\u00f5istad Sina ettev\u00f5tlusp\u00e4devust? Ettev\u00f5tlusp\u00e4devust v\u00f5ime \u00fchise m\u00e4\u00e4ratluse puudumisel m\u00f5ista erinevalt ning sellest tingituna p\u00f6\u00f6rata ka ettev\u00f5tlus\u00f5ppes r\u00f5hku erinevatele aspektidele ning omandada \u00f5ppele erinevaid v\u00e4ljundeid. \u00dchise arusaamise kujundamiseks on antud minikursusel ettev\u00f5tlusp\u00e4devuse defineerimisel aluseks v\u00f5etud ettev\u00f5tlus- &#8230;<\/p>\n","protected":false},"author":263,"featured_media":0,"parent":3,"menu_order":0,"comment_status":"closed","ping_status":"closed","template":"","meta":{"_acf_changed":false,"inline_featured_image":false,"footnotes":""},"class_list":["post-4","page","type-page","status-publish","hentry"],"acf":[],"_links":{"self":[{"href":"https:\/\/sisu.ut.ee\/edujategu8\/wp-json\/wp\/v2\/pages\/4","targetHints":{"allow":["GET"]}}],"collection":[{"href":"https:\/\/sisu.ut.ee\/edujategu8\/wp-json\/wp\/v2\/pages"}],"about":[{"href":"https:\/\/sisu.ut.ee\/edujategu8\/wp-json\/wp\/v2\/types\/page"}],"author":[{"embeddable":true,"href":"https:\/\/sisu.ut.ee\/edujategu8\/wp-json\/wp\/v2\/users\/263"}],"replies":[{"embeddable":true,"href":"https:\/\/sisu.ut.ee\/edujategu8\/wp-json\/wp\/v2\/comments?post=4"}],"version-history":[{"count":16,"href":"https:\/\/sisu.ut.ee\/edujategu8\/wp-json\/wp\/v2\/pages\/4\/revisions"}],"predecessor-version":[{"id":94,"href":"https:\/\/sisu.ut.ee\/edujategu8\/wp-json\/wp\/v2\/pages\/4\/revisions\/94"}],"up":[{"embeddable":true,"href":"https:\/\/sisu.ut.ee\/edujategu8\/wp-json\/wp\/v2\/pages\/3"}],"wp:attachment":[{"href":"https:\/\/sisu.ut.ee\/edujategu8\/wp-json\/wp\/v2\/media?parent=4"}],"curies":[{"name":"wp","href":"https:\/\/api.w.org\/{rel}","templated":true}]}}