{"id":16,"date":"2024-04-04T07:38:27","date_gmt":"2024-04-04T04:38:27","guid":{"rendered":"https:\/\/sisu.ut.ee\/edujategu8\/sissejuhatus\/"},"modified":"2024-04-24T15:47:07","modified_gmt":"2024-04-24T12:47:07","slug":"sissejuhatus","status":"publish","type":"page","link":"https:\/\/sisu.ut.ee\/edujategu8\/sissejuhatus\/","title":{"rendered":"Sissejuhatus"},"content":{"rendered":"<h1 class=\"wp-block-heading\"><img loading=\"lazy\" decoding=\"async\" width=\"40\" height=\"40\" class=\"wp-image-84\" style=\"width: 40px;\" src=\"https:\/\/sisu.ut.ee\/wp-content\/uploads\/sites\/534\/sissejuhatus.png\" alt=\"\" srcset=\"https:\/\/sisu.ut.ee\/wp-content\/uploads\/sites\/534\/sissejuhatus.png 1080w, https:\/\/sisu.ut.ee\/wp-content\/uploads\/sites\/534\/sissejuhatus-300x300.png 300w, https:\/\/sisu.ut.ee\/wp-content\/uploads\/sites\/534\/sissejuhatus-1024x1024.png 1024w, https:\/\/sisu.ut.ee\/wp-content\/uploads\/sites\/534\/sissejuhatus-150x150.png 150w, https:\/\/sisu.ut.ee\/wp-content\/uploads\/sites\/534\/sissejuhatus-768x768.png 768w\" sizes=\"auto, (max-width: 40px) 100vw, 40px\"> <span style=\"color: #28aae1;\">1. SISSEJUHATUS<\/span><\/h1>\n\n\n<p><b>Tere tulemast minikursusele\u00a0<i>s\u00fcndmuse korraldamine ja l\u00fchipraktika rakendamine ettev\u00f5tlus\u00f5ppes<\/i>!<\/b><\/p>\n<p>\u00a0<\/p>\n<p style=\"margin-left: 120px;\"><img loading=\"lazy\" decoding=\"async\" class=\"wp-image-29 aligncenter\" title=\"screenshot_2022-01-09_at_12.19.14.png\" src=\"https:\/\/sisu.ut.ee\/wp-content\/uploads\/sites\/534\/screenshot_2022-01-09_at_12.19.14.png\" alt=\"kivi\" width=\"658\" height=\"396\" srcset=\"https:\/\/sisu.ut.ee\/wp-content\/uploads\/sites\/534\/screenshot_2022-01-09_at_12.19.14.png 988w, https:\/\/sisu.ut.ee\/wp-content\/uploads\/sites\/534\/screenshot_2022-01-09_at_12.19.14-300x180.png 300w, https:\/\/sisu.ut.ee\/wp-content\/uploads\/sites\/534\/screenshot_2022-01-09_at_12.19.14-768x462.png 768w\" sizes=\"auto, (max-width: 658px) 100vw, 658px\"><\/p>\n<p>K\u00e4esolev kursus on loodud eesm\u00e4rgiga toetada ettev\u00f5tlus\u00f5petajat praktiliste l\u00e4henemiste kasutamisel \u00f5ppet\u00f6\u00f6s. Esmalt m\u00f5testatakse kursusel lahti ettev\u00f5tlusp\u00e4devuse olemus ning antakse \u00fclevaade alap\u00e4devustest, mille arendamine ettev\u00f5tlus\u00f5ppe fookuses peaks olema.<\/p>\n<p>Kursusel k\u00e4sitletakse kahte praktilist l\u00e4henemist \u2013 s\u00fcndmuse korraldamist ning l\u00fchipraktika rakendamist ettev\u00f5tlus\u00f5ppes. Kursusel osaleja saab \u00fclevaate, kuidas planeerida \u00f5ppet\u00f6\u00f6d antud l\u00e4henemiste kasutamisel ning juhendi soovituste ning \u00f5ppe\u00fclesannete n\u00e4idistega, mida \u00f5ppet\u00f6\u00f6s kasutada.\u00a0<\/p>\n<p style=\"text-align: center;\"><strong>KOOS \u00d5PPIMISENI!<\/strong><\/p>\n<p>\u00a0<\/p>\n<p>\u00a0<\/p>","protected":false},"excerpt":{"rendered":"<p>1. SISSEJUHATUS Tere tulemast minikursusele\u00a0s\u00fcndmuse korraldamine ja l\u00fchipraktika rakendamine ettev\u00f5tlus\u00f5ppes! \u00a0 K\u00e4esolev kursus on loodud eesm\u00e4rgiga toetada ettev\u00f5tlus\u00f5petajat praktiliste l\u00e4henemiste kasutamisel \u00f5ppet\u00f6\u00f6s. Esmalt m\u00f5testatakse kursusel lahti ettev\u00f5tlusp\u00e4devuse olemus ning antakse \u00fclevaade alap\u00e4devustest, mille arendamine ettev\u00f5tlus\u00f5ppe fookuses peaks olema. Kursusel k\u00e4sitletakse &#8230;<\/p>\n","protected":false},"author":263,"featured_media":0,"parent":0,"menu_order":0,"comment_status":"closed","ping_status":"closed","template":"","meta":{"_acf_changed":false,"inline_featured_image":false,"footnotes":""},"class_list":["post-16","page","type-page","status-publish","hentry"],"acf":[],"_links":{"self":[{"href":"https:\/\/sisu.ut.ee\/edujategu8\/wp-json\/wp\/v2\/pages\/16","targetHints":{"allow":["GET"]}}],"collection":[{"href":"https:\/\/sisu.ut.ee\/edujategu8\/wp-json\/wp\/v2\/pages"}],"about":[{"href":"https:\/\/sisu.ut.ee\/edujategu8\/wp-json\/wp\/v2\/types\/page"}],"author":[{"embeddable":true,"href":"https:\/\/sisu.ut.ee\/edujategu8\/wp-json\/wp\/v2\/users\/263"}],"replies":[{"embeddable":true,"href":"https:\/\/sisu.ut.ee\/edujategu8\/wp-json\/wp\/v2\/comments?post=16"}],"version-history":[{"count":4,"href":"https:\/\/sisu.ut.ee\/edujategu8\/wp-json\/wp\/v2\/pages\/16\/revisions"}],"predecessor-version":[{"id":87,"href":"https:\/\/sisu.ut.ee\/edujategu8\/wp-json\/wp\/v2\/pages\/16\/revisions\/87"}],"wp:attachment":[{"href":"https:\/\/sisu.ut.ee\/edujategu8\/wp-json\/wp\/v2\/media?parent=16"}],"curies":[{"name":"wp","href":"https:\/\/api.w.org\/{rel}","templated":true}]}}