{"id":14,"date":"2024-04-04T07:38:27","date_gmt":"2024-04-04T04:38:27","guid":{"rendered":"https:\/\/sisu.ut.ee\/edujategu8\/5-testi-ennast\/"},"modified":"2024-04-24T16:13:08","modified_gmt":"2024-04-24T13:13:08","slug":"5-testi-ennast","status":"publish","type":"page","link":"https:\/\/sisu.ut.ee\/edujategu8\/5-testi-ennast\/","title":{"rendered":"5. Testi ennast"},"content":{"rendered":"<h1 class=\"wp-block-heading\"><img decoding=\"async\" class=\"wp-image-185\" style=\"width: 40px;\" src=\"https:\/\/sisu.ut.ee\/wp-content\/uploads\/sites\/598\/sissejuhatus.png\" alt=\"\"> <span style=\"color: #28aae1;\">5. TESTI ENNAST<\/span><\/h1>\n\n<p style=\"text-align: justify;\"><img loading=\"lazy\" decoding=\"async\" class=\"alignnone wp-image-20\" title=\"test.png\" src=\"https:\/\/sisu.ut.ee\/wp-content\/uploads\/sites\/534\/test.png\" alt=\"test\" width=\"40\" height=\"40\" srcset=\"https:\/\/sisu.ut.ee\/wp-content\/uploads\/sites\/534\/test.png 1080w, https:\/\/sisu.ut.ee\/wp-content\/uploads\/sites\/534\/test-300x300.png 300w, https:\/\/sisu.ut.ee\/wp-content\/uploads\/sites\/534\/test-1024x1024.png 1024w, https:\/\/sisu.ut.ee\/wp-content\/uploads\/sites\/534\/test-150x150.png 150w, https:\/\/sisu.ut.ee\/wp-content\/uploads\/sites\/534\/test-768x768.png 768w\" sizes=\"auto, (max-width: 40px) 100vw, 40px\"><span style=\"color: #e31c79;\">\u00a0<span style=\"line-height: 150%;\"><span lang=\"et\"><span style=\"line-height: 150%;\">Oled j\u00f5udnud kursuse l\u00e4bimisel peaaegu l\u00f5ppu. Selleks, et l\u00e4bida edukalt kursus, palun sooritada enesekontrolli test, milles on 15 k\u00fcsimust. Testis n\u00e4ed \u00f5igeid vastuseid k\u00fcsimustele ning seda v\u00f5id sooritada korduvalt. <\/span><\/span><\/span><\/span><\/p>\n<p>\u00a0<\/p>\n\n\n<div class=\"h5p-content\" data-content-id=\"1\"><\/div>\n\n\n\n<p>\n\t\u00a0\n<\/p>\n<p align=\"center\" style=\"text-align:center\">\n\t\u00a0\n<\/p>\n<p align=\"center\" style=\"text-align:center\">\n\t<b><span lang=\"et\"><span style=\"line-height:115%\"><span style=\",serif\">EDU JA \u00d5NNESTUMISI PRAKTILISTES ETTEV\u00d5TLUS\u00d5PPE TUNDIDES!<\/span><\/span><\/span><\/b>\n<\/p>\n<p>\n\t\u00a0\n<\/p>","protected":false},"excerpt":{"rendered":"<p>5. TESTI ENNAST \u00a0Oled j\u00f5udnud kursuse l\u00e4bimisel peaaegu l\u00f5ppu. Selleks, et l\u00e4bida edukalt kursus, palun sooritada enesekontrolli test, milles on 15 k\u00fcsimust. Testis n\u00e4ed \u00f5igeid vastuseid k\u00fcsimustele ning seda v\u00f5id sooritada korduvalt. \u00a0 \u00a0 \u00a0 EDU JA \u00d5NNESTUMISI PRAKTILISTES ETTEV\u00d5TLUS\u00d5PPE &#8230;<\/p>\n","protected":false},"author":263,"featured_media":0,"parent":0,"menu_order":0,"comment_status":"closed","ping_status":"closed","template":"","meta":{"_acf_changed":false,"inline_featured_image":false,"footnotes":""},"class_list":["post-14","page","type-page","status-publish","hentry"],"acf":[],"_links":{"self":[{"href":"https:\/\/sisu.ut.ee\/edujategu8\/wp-json\/wp\/v2\/pages\/14","targetHints":{"allow":["GET"]}}],"collection":[{"href":"https:\/\/sisu.ut.ee\/edujategu8\/wp-json\/wp\/v2\/pages"}],"about":[{"href":"https:\/\/sisu.ut.ee\/edujategu8\/wp-json\/wp\/v2\/types\/page"}],"author":[{"embeddable":true,"href":"https:\/\/sisu.ut.ee\/edujategu8\/wp-json\/wp\/v2\/users\/263"}],"replies":[{"embeddable":true,"href":"https:\/\/sisu.ut.ee\/edujategu8\/wp-json\/wp\/v2\/comments?post=14"}],"version-history":[{"count":5,"href":"https:\/\/sisu.ut.ee\/edujategu8\/wp-json\/wp\/v2\/pages\/14\/revisions"}],"predecessor-version":[{"id":119,"href":"https:\/\/sisu.ut.ee\/edujategu8\/wp-json\/wp\/v2\/pages\/14\/revisions\/119"}],"wp:attachment":[{"href":"https:\/\/sisu.ut.ee\/edujategu8\/wp-json\/wp\/v2\/media?parent=14"}],"curies":[{"name":"wp","href":"https:\/\/api.w.org\/{rel}","templated":true}]}}