{"id":13,"date":"2024-04-04T07:38:27","date_gmt":"2024-04-04T04:38:27","guid":{"rendered":"https:\/\/sisu.ut.ee\/edujategu8\/41-kuidas-rakendada-praktikat-koolis\/"},"modified":"2024-04-24T16:11:51","modified_gmt":"2024-04-24T13:11:51","slug":"41-kuidas-rakendada-praktikat-koolis","status":"publish","type":"page","link":"https:\/\/sisu.ut.ee\/edujategu8\/41-kuidas-rakendada-praktikat-koolis\/","title":{"rendered":"4.1 Kuidas rakendada praktikat koolis?"},"content":{"rendered":"<h1 class=\"wp-block-heading\"><img loading=\"lazy\" decoding=\"async\" width=\"40\" height=\"40\" class=\"wp-image-84\" style=\"width: 40px;\" src=\"https:\/\/sisu.ut.ee\/wp-content\/uploads\/sites\/534\/sissejuhatus.png\" alt=\"\" srcset=\"https:\/\/sisu.ut.ee\/wp-content\/uploads\/sites\/534\/sissejuhatus.png 1080w, https:\/\/sisu.ut.ee\/wp-content\/uploads\/sites\/534\/sissejuhatus-300x300.png 300w, https:\/\/sisu.ut.ee\/wp-content\/uploads\/sites\/534\/sissejuhatus-1024x1024.png 1024w, https:\/\/sisu.ut.ee\/wp-content\/uploads\/sites\/534\/sissejuhatus-150x150.png 150w, https:\/\/sisu.ut.ee\/wp-content\/uploads\/sites\/534\/sissejuhatus-768x768.png 768w\" sizes=\"auto, (max-width: 40px) 100vw, 40px\"> <span style=\"color: #28aae1;\">4.1. KUIDAS RAKENDADA PRAKTIKAT KOOLIS?<\/span><\/h1>\n\n\n<p style=\"text-align: justify;\"><span style=\"line-height: 150%;\"><span lang=\"et\"><span style=\"line-height: 150%;\">Praktika rakendamiseks \u00f5ppet\u00f6\u00f6s on mitmeid v\u00f5imalusi \u2013 n\u00e4iteks v\u00f5ib seda pakkuda valikainena. Eeldusel, et aine maht on 35 akadeemilist tundi, v\u00f5iks \u00f5pilane ettev\u00f5ttes v\u00f5i organisatsioonis praktikal viibida neist 32 akadeemilist tundi, s.o 24 astronoomilist tundi ehk n\u00e4iteks 4 pikemat (6-tunnist) praktika p\u00e4eva. \u00dclej\u00e4\u00e4nud 3 akadeemilise tunni raames v\u00f5iks kavandada \u00f5ppet\u00f6\u00f6s praktika eesm\u00e4rkide seadmise, praktikakogemuse anal\u00fc\u00fcsimise ning praktika suulise kaitsmise, et jagada oma \u00f5pikogemust teiste \u00f5pilastega. <\/span><\/span><\/span><\/p>\n<p style=\"text-align: justify;\"><span style=\"line-height: 150%;\"><span lang=\"et\"><span style=\"line-height: 150%;\">Korralduslikult on m\u00f5istlik leida sobivaimad variandid kursuse elluviimiseks arvestades kooli \u00f5ppet\u00f6\u00f6 erip\u00e4ra. Kui toimuvad valikainete n\u00e4dalad, on v\u00f5imalik praktikat sooritada organisatsioonis j\u00e4rjestikku pikemate p\u00e4evadena. V\u00f5imalik on \u00f5pilasel ka m\u00f5ne tunni kaupa k\u00e4ia praktikal tunni v\u00e4listel aegadel v\u00f5i planeerida \u00f5ppet\u00f6\u00f6s sobiv aeg praktika sooritajatele. <\/span><\/span><\/span><\/p>\n<p style=\"text-align: justify;\"><span style=\"line-height: 150%;\"><span lang=\"et\"><span style=\"line-height: 150%;\">\u00d5ppet\u00f6\u00f6s praktikat kavandades tuleks l\u00e4bi m\u00f5elda, mis on selle rakendamise eesm\u00e4rk ja \u00f5piv\u00e4ljund ehk leida, miks on oluline seda \u00f5ppet\u00f6\u00f6s rakendada. Eesm\u00e4rgiks v\u00f5ib n\u00e4iteks seada j\u00e4rgneva: praktika k\u00e4igus t\u00e4iendab \u00f5pilane teoreetilises \u00f5ppet\u00f6\u00f6s omandatud teadmisi ja arendab praktilisi oskusi t\u00f6\u00f6keskkonnas, kujundab sotsiaalseid oskuseid ning teeb praktika tulemusel teadlikumaid karj\u00e4\u00e4rivalikuid. Praktika eesm\u00e4rgi seadmisse v\u00f5ib kaasata ka \u00f5pilase, et tagada individuaalse huvi ja eesm\u00e4rgi arvestamine. Praktika eesm\u00e4rgist ning \u00f5pilase konkreetsest huvist l\u00e4htuvalt (nt \u00f5pilane tahab praktika k\u00e4igus saada \u00fclevaate, milline on igap\u00e4evat\u00f6\u00f6 turundusvaldkonnas ning veenduda, kas t\u00f6\u00f6 antud valdkonnas v\u00f5iks talle sobida) tuleks \u00f5pilast suunata sobiva praktikakoha leidmisel. Selleks v\u00f5ib olla abi kooliv\u00e4liste partnerite kaasamisel, nt v\u00f5ib kaasata maakondlikke arenduskeskuseid. Praktikakohti vaba\u00fchendustes vahendab kogukonnapraktika programm (lisainfo: <\/span><\/span><a href=\"https:\/\/heakodanik.ee\/kogukonnapraktika\/\" target=\"_blank\" rel=\"noopener\"><span style=\"line-height: 150%;\"><span style=\"color: #1155cc;\">https:\/\/heakodanik.ee\/kogukonnapraktika\/<\/span><\/span><\/a><span lang=\"et\"><span style=\"line-height: 150%;\">). Sobiva praktikakoha leidmisel tasuks organisatsiooni poolsele juhendajale kommunikeerida aegsasti praktika eesm\u00e4rk ja \u00fclesanded, et tagada praktika vastavus ootustele.<\/span><\/span><\/span><\/p>\n<p style=\"text-align: justify;\"><span style=\"line-height: 150%;\"><span lang=\"et\"><span style=\"line-height: 150%;\">Selleks, et \u00f5pilane j\u00f5uaks praktika eesm\u00e4rgi saavutamiseni, tuleks seada praktikaperioodile konkreetsed \u00fclesanded, millest oleks teadlikud nii \u00f5pilane kui ka praktika juhendaja. Kui eesm\u00e4rgiks on valdkonnaga ning ametikoha igap\u00e4evase t\u00f6\u00f6ga tutvumine, v\u00f5ivad praktika \u00fclesanded s\u00f5ltuvalt valdkonnast olla n\u00e4iteks j\u00e4rgmised:<\/span><\/span><\/span><\/p>\n<ul style=\"margin-left: 40px;\">\n<li><span style=\"line-height: 150%;\"><span lang=\"et\"><span style=\"line-height: 150%;\">Ettev\u00f5tte\/organisatsiooni poolt osutavate teenuste \/ valmistavate toodetega, sh tootmisprotsessiga tutvumine,<\/span><\/span><\/span><\/li>\n<li><span style=\"line-height: 150%;\"><span lang=\"et\"><span style=\"line-height: 150%;\">ettev\u00f5tte\/organisatsiooni m\u00fc\u00fcgi- ja turundustegevuste korraldusega tutvumine,<\/span><\/span><\/span><\/li>\n<li><span style=\"line-height: 150%;\"><span lang=\"et\"><span style=\"line-height: 150%;\">personalipoliitikaga tutvumine,<\/span><\/span><\/span><\/li>\n<li><span style=\"line-height: 150%;\"><span lang=\"et\"><span style=\"line-height: 150%;\">finantsjuhtimise ja eelarvestamisega tutvumine,<\/span><\/span><\/span><\/li>\n<li><span style=\"line-height: 150%;\"><span lang=\"et\"><span style=\"line-height: 150%;\">juhtimise ja organisatsiooni struktuuriga tutvumine,<\/span><\/span><\/span><\/li>\n<li><span style=\"line-height: 150%;\"><span lang=\"et\"><span style=\"line-height: 150%;\">meeskonnat\u00f6\u00f6 kogemuse omandamine,<\/span><\/span><\/span><\/li>\n<li><span style=\"line-height: 150%;\"><span lang=\"et\"><span style=\"line-height: 150%;\">ametikoha ametijuhendiga tutvumine,<\/span><\/span><\/span><\/li>\n<li><span style=\"line-height: 150%;\"><span lang=\"et\"><span style=\"line-height: 150%;\">ametikoha igap\u00e4evase t\u00f6\u00f6ga tutvumine ning t\u00f6\u00f6\u00fclesannetes kaasa l\u00f6\u00f6mine.<\/span><\/span><\/span><\/li>\n<\/ul>\n<p style=\"text-align: justify;\"><span style=\"line-height: 150%;\"><span lang=\"et\"><span style=\"line-height: 150%;\">Kui praktikat sooritavate \u00f5pilaste huvid kattuvad ning praktikaperioodile seatavad eesm\u00e4rgid on sarnased, v\u00f5ib ettev\u00f5tetes v\u00f5i organisatsioonides t\u00f6\u00f6tavatele praktika juhendajatele korraldada l\u00fchikese koolitussessiooni, selgitamaks praktika sooritamise eesm\u00e4rke, \u00fclesandeid ning andmaks soovitusi praktikaperioodi \u00f5nnestumiseks. <\/span><\/span><\/span><\/p>\n<p style=\"text-align: justify;\"><span style=\"line-height: 150%;\"><span lang=\"et\"><span style=\"line-height: 150%;\">Praktikakogemuse paremaks anal\u00fc\u00fcsimiseks ning hindamiseks tuleks suunata \u00f5pilasi, t\u00f6\u00f6tades selleks v\u00e4lja sobivad t\u00f6\u00f6lehed\/dokumendid \u2013 nt praktikakogemuse anal\u00fc\u00fcs ning praktikap\u00e4evik.<\/span><\/span><\/span><\/p>\n<p style=\"text-align: justify;\"><span style=\"line-height: 150%;\"><span lang=\"et\"><span style=\"line-height: 150%;\">Praktikap\u00e4evik v\u00f5ib olla \u00fchest k\u00fcljest dokument, mis v\u00f5imaldab veenduda, et praktikale kavandatud \u00fclesanded said sooritatud. Teisest k\u00fcljest v\u00f5imaldab \u00f5pilasel j\u00e4rjepidevalt m\u00e4rkida \u00fcles oma olulised t\u00e4helepanekud \u00f5pikogemuse anal\u00fc\u00fcsimiseks. N\u00e4ide, milline praktikap\u00e4evik v\u00f5iks v\u00e4lja n\u00e4ha:\u00a0 <\/span><\/span><\/span><\/p>\n<p style=\"text-align: justify;\"><span style=\"line-height: 150%;\"><span lang=\"et\"><span style=\"line-height: 150%;\">Allalaetav vorm asub siin:\u00a0<\/span><\/span><\/span><span class=\"file media-element file-os-files-link\" data-file_info=\"%7B%22fid%22:%2266788%22,%22view_mode%22:%22os_files_link%22,%22type%22:%22media%22%7D\"><img decoding=\"async\" class=\"file-icon\" src=\"\/profiles\/openscholar\/modules\/os\/modules\/os_files\/icons\/x-office-document.svg\" alt=\"\"> <a href=\"https:\/\/sisu.ut.ee\/wp-content\/uploads\/sites\/534\/praktikapaeviku_naide.docx\">praktikapaeviku_naide.docx<\/a><\/span><\/p>\n<p style=\"text-align: justify;\"><img loading=\"lazy\" decoding=\"async\" width=\"1726\" height=\"446\" class=\"alignnone wp-image-25\" title=\"screenshot_2022-01-08_at_16.12.25.png\" src=\"https:\/\/sisu.ut.ee\/wp-content\/uploads\/sites\/534\/screenshot_2022-01-08_at_16.12.25.png\" alt=\"tabel\" srcset=\"https:\/\/sisu.ut.ee\/wp-content\/uploads\/sites\/534\/screenshot_2022-01-08_at_16.12.25.png 1726w, https:\/\/sisu.ut.ee\/wp-content\/uploads\/sites\/534\/screenshot_2022-01-08_at_16.12.25-300x78.png 300w, https:\/\/sisu.ut.ee\/wp-content\/uploads\/sites\/534\/screenshot_2022-01-08_at_16.12.25-1024x265.png 1024w, https:\/\/sisu.ut.ee\/wp-content\/uploads\/sites\/534\/screenshot_2022-01-08_at_16.12.25-768x198.png 768w, https:\/\/sisu.ut.ee\/wp-content\/uploads\/sites\/534\/screenshot_2022-01-08_at_16.12.25-1536x397.png 1536w\" sizes=\"auto, (max-width: 1726px) 100vw, 1726px\"><\/p>\n<hr>\n<p style=\"text-align: justify;\">Lisaks praktikap\u00e4eviku pidamisele v\u00f5iks \u00f5pilane oma \u00f5pikogemust, selle eesm\u00e4rgip\u00e4rasust ja \u00fclesannete t\u00e4itmist \u00f5ppeprotsessis ka sisulisemalt anal\u00fc\u00fcsida. Selleks v\u00f5iks \u00f5petaja suunata \u00f5pilast koostama eneseanal\u00fc\u00fcsi. Abistamaks \u00f5pilast, v\u00f5ib v\u00e4lja t\u00f6\u00f6tada n\u00e4iteks praktikaaruande v\u00f5i eneseanal\u00fc\u00fcsi vormi ning tuua \u00f5pilase jaoks v\u00e4lja suunavad aspektid, mis aitavad \u00f5pilast kogemuse anal\u00fc\u00fcsimisel. \u00d5ppija praktikaaruanne \/ eneseanal\u00fc\u00fcs v\u00f5iks n\u00e4iteks sisaldada:<\/p>\n<ul style=\"margin-left: 40px;\">\n<li style=\"text-align: justify;\"><span style=\"line-height: 150%;\"><span lang=\"et\"><span style=\"line-height: 150%;\">\u00fclevaade praktikakohast,<\/span><\/span><\/span><\/li>\n<li style=\"text-align: justify;\"><span style=\"line-height: 150%;\"><span lang=\"et\"><span style=\"line-height: 150%;\">praktikale seatud eesm\u00e4rk ja \u00fclesanded,<\/span><\/span><\/span><\/li>\n<li style=\"text-align: justify;\"><span style=\"line-height: 150%;\"><span lang=\"et\"><span style=\"line-height: 150%;\">hinnang praktika eesm\u00e4rgi ja \u00fclesannete t\u00e4itmise kohta,<\/span><\/span><\/span><\/li>\n<li style=\"text-align: justify;\"><span style=\"line-height: 150%;\"><span lang=\"et\"><span style=\"line-height: 150%;\">hinnang praktika k\u00e4igus saadud teadmistele ja kogemustele,<\/span><\/span><\/span><\/li>\n<li style=\"text-align: justify;\"><span style=\"line-height: 150%;\"><span lang=\"et\"><span style=\"line-height: 150%;\">praktika k\u00e4igus kasutatud seadmete, tehnoloogiate, tarkvara kirjeldus,<\/span><\/span><\/span><\/li>\n<li style=\"text-align: justify;\"><span style=\"line-height: 150%;\"><span lang=\"et\"><span style=\"line-height: 150%;\">hinnang ettev\u00f5ttele\/organisatsiooni poolt pakutavatele v\u00f5imalustele praktika sooritamisel,<\/span><\/span><\/span><\/li>\n<li style=\"text-align: justify;\"><span style=\"line-height: 150%;\"><span lang=\"et\"><span style=\"line-height: 150%;\">hinnang praktika juhendaja koost\u00f6\u00f6valmidusele ning toetusele \u00f5ppeprotsessis,<\/span><\/span><\/span><\/li>\n<li style=\"text-align: justify;\"><span style=\"line-height: 150%;\"><span lang=\"et\"><span style=\"line-height: 150%;\">\u00f5pilase hinnang ja kommentaarid praktikajuhendaja poolsele hinnangule,<\/span><\/span><\/span><\/li>\n<li style=\"text-align: justify;\"><span style=\"line-height: 150%;\"><span lang=\"et\"><span style=\"line-height: 150%;\">ettepanekud praktikakohale t\u00f6\u00f6- ja praktikakorralduse ning protsesside parendamise kohta.<\/span><\/span><\/span><\/li>\n<\/ul>\n<p style=\"text-align: justify;\"><span style=\"line-height: 150%;\"><span lang=\"et\"><span style=\"line-height: 150%;\">\u00d5pilast v\u00f5ib aidata oma \u00f5pikogemuse anal\u00fc\u00fcsimisel k\u00f5rvaltvaataja hinnang \u2013 seet\u00f5ttu v\u00f5iks hindamisse kaasata ka ettev\u00f5tte\/organisatsiooni poolse praktika juhendaja. \u00d5pilane v\u00f5iks oma eneseanal\u00fc\u00fcsis anda hinnangu ka juhendaja poolsele tagasisidele ja hinnangule. Selleks, et koguda praktika juhendajalt asjakohast hinnangut, oleks m\u00f5istlik v\u00e4lja t\u00f6\u00f6tada sobiv vorm tagasisideks. L\u00e4htuvalt \u00f5ppeaine hindamisprotsessist, tasuks l\u00e4bi m\u00f5elda, kas vajatakse vaid kvalitatiivset hinnangut v\u00f5i hindelise hindamise korral oodatakse ka juhendajalt kvantitatiivset hinnangut. Juhendaja tagasiside k\u00fcsimiseks v\u00f5ib kasutada v\u00f5i kohendada oma vajadustele vastavaks n\u00e4iteks allpool toodud vormi:<\/span><\/span><\/span><\/p>\n<p style=\"text-align: justify;\"><span style=\"line-height: 150%;\"><span lang=\"et\"><span style=\"line-height: 150%;\">Allalaetav vorm asub siin:\u00a0<\/span><\/span><\/span><span class=\"file media-element file-os-files-link\" data-file_info=\"%7B%22fid%22:%2266790%22,%22view_mode%22:%22os_files_link%22,%22type%22:%22media%22%7D\"><img decoding=\"async\" class=\"file-icon\" src=\"\/profiles\/openscholar\/modules\/os\/modules\/os_files\/icons\/x-office-document.svg\" alt=\"\"> <a href=\"https:\/\/sisu.ut.ee\/wp-content\/uploads\/sites\/534\/juhendaja_vorm.docx\">juhendaja_vorm.docx<\/a><\/span><\/p>\n<p style=\"text-align: justify;\"><img loading=\"lazy\" decoding=\"async\" width=\"2030\" height=\"1030\" class=\"alignnone wp-image-27\" title=\"screenshot_2022-01-08_at_16.19.08.png\" src=\"https:\/\/sisu.ut.ee\/wp-content\/uploads\/sites\/534\/screenshot_2022-01-08_at_16.19.08.png\" alt=\"paevik\" srcset=\"https:\/\/sisu.ut.ee\/wp-content\/uploads\/sites\/534\/screenshot_2022-01-08_at_16.19.08.png 2030w, https:\/\/sisu.ut.ee\/wp-content\/uploads\/sites\/534\/screenshot_2022-01-08_at_16.19.08-300x152.png 300w, https:\/\/sisu.ut.ee\/wp-content\/uploads\/sites\/534\/screenshot_2022-01-08_at_16.19.08-1024x520.png 1024w, https:\/\/sisu.ut.ee\/wp-content\/uploads\/sites\/534\/screenshot_2022-01-08_at_16.19.08-768x390.png 768w, https:\/\/sisu.ut.ee\/wp-content\/uploads\/sites\/534\/screenshot_2022-01-08_at_16.19.08-1536x779.png 1536w, https:\/\/sisu.ut.ee\/wp-content\/uploads\/sites\/534\/screenshot_2022-01-08_at_16.19.08-1920x974.png 1920w\" sizes=\"auto, (max-width: 2030px) 100vw, 2030px\"><b><span lang=\"et\"><span style=\"line-height: 150%;\">*Kriteeriumid:<\/span><\/span><\/b><\/p>\n<p style=\"text-align: justify;\"><span style=\"line-height: 150%;\"><span lang=\"et\"><span style=\"line-height: 150%;\">VH \u2013 v\u00e4ga hea\u00a0\u00a0\u00a0\u00a0 H \u2013 hea\u00a0\u00a0\u00a0\u00a0\u00a0\u00a0\u00a0 R \u2013 rahuldav\u00a0\u00a0\u00a0\u00a0\u00a0\u00a0\u00a0\u00a0\u00a0\u00a0 P \u2013 puudulik<\/span><\/span> <\/span><\/p>\n<p style=\"text-align: justify;\"><span style=\"line-height: 150%;\"><span lang=\"et\"><span style=\"line-height: 150%;\">V\u00f5ib paluda juhendajalt ka t\u00e4iendavaid kommentaare ja hinnanguid, kui seda peetakse vajalikuks, n\u00e4iteks anda hinnang oskuste ja teadmiste kohta, mida \u00f5pilane praktika k\u00e4igus enim arendas ning soovitused \/ ettepanekud enda edasi arendamiseks. <\/span><\/span><\/span><\/p>\n<p style=\"text-align: justify;\"><span style=\"line-height: 150%;\"><span lang=\"et\"><span style=\"line-height: 150%;\">Oma individuaalse \u00f5pikogemuse avamiseks v\u00f5ib n\u00e4iteks koolis korraldada praktika suulise esitlemise, et jagada \u00fchiselt kaas\u00f5pilastega oma kogemust. <\/span><\/span><\/span><\/p>\n<hr>\n<p style=\"text-align: justify;\"><img loading=\"lazy\" decoding=\"async\" title=\"\" src=\"https:\/\/sisu.ut.ee\/wp-content\/uploads\/sites\/534\/motlemiseks.png\" alt=\"motlemiseks\" width=\"32\" height=\"32\" data-file_info=\"%7B%22fid%22:%2266791%22,%22view_mode%22:%22default%22,%22type%22:%22media%22%7D\"><span style=\"font-size: 18px;\">\u00a0<span style=\"color: #e31c79;\"><span style=\"line-height: 150%;\"><b><span lang=\"et\"><span style=\"line-height: 150%;\">Iseseisvaks m\u00f5tlemiseks:<\/span><\/span><\/b><\/span><\/span><\/span><\/p>\n<p style=\"text-align: justify;\"><span style=\"line-height: 150%;\"><b><span lang=\"et\"><span style=\"line-height: 150%;\"><span style=\"color: #002060;\">Milliseid ettev\u00f5tlusp\u00e4devuse alap\u00e4devusi arendavad \u00f5pilased l\u00fchipraktikat sooritades?<\/span><\/span><\/span><\/b><\/span><\/p>\n<p style=\"margin-left: -35.0pt; text-align: justify;\">\u00a0<\/p>","protected":false},"excerpt":{"rendered":"<p>4.1. KUIDAS RAKENDADA PRAKTIKAT KOOLIS? Praktika rakendamiseks \u00f5ppet\u00f6\u00f6s on mitmeid v\u00f5imalusi \u2013 n\u00e4iteks v\u00f5ib seda pakkuda valikainena. Eeldusel, et aine maht on 35 akadeemilist tundi, v\u00f5iks \u00f5pilane ettev\u00f5ttes v\u00f5i organisatsioonis praktikal viibida neist 32 akadeemilist tundi, s.o 24 astronoomilist tundi &#8230;<\/p>\n","protected":false},"author":263,"featured_media":0,"parent":0,"menu_order":0,"comment_status":"closed","ping_status":"closed","template":"","meta":{"_acf_changed":false,"inline_featured_image":false,"footnotes":""},"class_list":["post-13","page","type-page","status-publish","hentry"],"acf":[],"_links":{"self":[{"href":"https:\/\/sisu.ut.ee\/edujategu8\/wp-json\/wp\/v2\/pages\/13","targetHints":{"allow":["GET"]}}],"collection":[{"href":"https:\/\/sisu.ut.ee\/edujategu8\/wp-json\/wp\/v2\/pages"}],"about":[{"href":"https:\/\/sisu.ut.ee\/edujategu8\/wp-json\/wp\/v2\/types\/page"}],"author":[{"embeddable":true,"href":"https:\/\/sisu.ut.ee\/edujategu8\/wp-json\/wp\/v2\/users\/263"}],"replies":[{"embeddable":true,"href":"https:\/\/sisu.ut.ee\/edujategu8\/wp-json\/wp\/v2\/comments?post=13"}],"version-history":[{"count":3,"href":"https:\/\/sisu.ut.ee\/edujategu8\/wp-json\/wp\/v2\/pages\/13\/revisions"}],"predecessor-version":[{"id":118,"href":"https:\/\/sisu.ut.ee\/edujategu8\/wp-json\/wp\/v2\/pages\/13\/revisions\/118"}],"wp:attachment":[{"href":"https:\/\/sisu.ut.ee\/edujategu8\/wp-json\/wp\/v2\/media?parent=13"}],"curies":[{"name":"wp","href":"https:\/\/api.w.org\/{rel}","templated":true}]}}