{"id":12,"date":"2024-04-04T07:38:27","date_gmt":"2024-04-04T04:38:27","guid":{"rendered":"https:\/\/sisu.ut.ee\/edujategu8\/4-luhipraktika-rakendamine-ettevotlusoppes\/"},"modified":"2024-04-24T16:10:23","modified_gmt":"2024-04-24T13:10:23","slug":"4-luhipraktika-rakendamine-ettevotlusoppes","status":"publish","type":"page","link":"https:\/\/sisu.ut.ee\/edujategu8\/4-luhipraktika-rakendamine-ettevotlusoppes\/","title":{"rendered":"4.\tL\u00fchipraktika rakendamine ettev\u00f5tlus\u00f5ppes"},"content":{"rendered":"<h1 class=\"wp-block-heading\"><img loading=\"lazy\" decoding=\"async\" width=\"40\" height=\"40\" class=\"wp-image-84\" style=\"width: 40px;\" src=\"https:\/\/sisu.ut.ee\/wp-content\/uploads\/sites\/534\/sissejuhatus.png\" alt=\"\" srcset=\"https:\/\/sisu.ut.ee\/wp-content\/uploads\/sites\/534\/sissejuhatus.png 1080w, https:\/\/sisu.ut.ee\/wp-content\/uploads\/sites\/534\/sissejuhatus-300x300.png 300w, https:\/\/sisu.ut.ee\/wp-content\/uploads\/sites\/534\/sissejuhatus-1024x1024.png 1024w, https:\/\/sisu.ut.ee\/wp-content\/uploads\/sites\/534\/sissejuhatus-150x150.png 150w, https:\/\/sisu.ut.ee\/wp-content\/uploads\/sites\/534\/sissejuhatus-768x768.png 768w\" sizes=\"auto, (max-width: 40px) 100vw, 40px\"> <span style=\"color: #28aae1;\">4. L\u00dcHIPRAKTIKA RAKENDAMINE ETTEV\u00d5TLUS\u00d5PPES<\/span><\/h1>\n\n\n<p style=\"text-align: justify;\"><span style=\"line-height: 150%;\"><span lang=\"et\"><span style=\"line-height: 150%;\">Praktilise kogemuse omandamiseks g\u00fcmnaasiumiastmes v\u00f5i p\u00f5hikooli vanemas astmes v\u00f5ib kaaluda ka l\u00fchiajalise ettev\u00f5tte- v\u00f5i kogukonnapraktika rakendamist \u00f5ppet\u00f6\u00f6s. L\u00e4henemine v\u00f5ib lisaks praktilise kogemuse omandamisele olla abiks n\u00e4iteks p\u00f5hikooli v\u00f5i g\u00fcmnaasiumi l\u00f5petajale edasise haridus- ja karj\u00e4\u00e4ritee planeerimisel, et \u00f5ppijad teeksid teadlikumaid otsuseid. Praktikakogemus v\u00f5imaldab veenduda, kas igap\u00e4evat\u00f6\u00f6 \u00f5pilast huvitavas valdkonnas on talle sobiv ning vastab ettekujutusele. <\/span><\/span><\/span><\/p>\n<p style=\"text-align: justify;\"><span style=\"line-height: 150%;\"><span lang=\"et\"><span style=\"line-height: 150%;\">M\u00f5istagi ei ole tavap\u00e4raselt p\u00f5hikooli v\u00f5i g\u00fcmnaasiumi \u00f5pilasel veel suurt kogemuste pagasit t\u00f6\u00f6turul ega praktilisi oskuseid. Seet\u00f5ttu ei saa sooritatav praktika olla v\u00f5rreldav kutsehariduse omandajatega mahu ja sisu poolest. Samas v\u00f5imaldab praktika sooritamine saada ettekujutuse igap\u00e4evat\u00f6\u00f6st ametikohal. <\/span><\/span><\/span><\/p>","protected":false},"excerpt":{"rendered":"<p>4. L\u00dcHIPRAKTIKA RAKENDAMINE ETTEV\u00d5TLUS\u00d5PPES Praktilise kogemuse omandamiseks g\u00fcmnaasiumiastmes v\u00f5i p\u00f5hikooli vanemas astmes v\u00f5ib kaaluda ka l\u00fchiajalise ettev\u00f5tte- v\u00f5i kogukonnapraktika rakendamist \u00f5ppet\u00f6\u00f6s. L\u00e4henemine v\u00f5ib lisaks praktilise kogemuse omandamisele olla abiks n\u00e4iteks p\u00f5hikooli v\u00f5i g\u00fcmnaasiumi l\u00f5petajale edasise haridus- ja karj\u00e4\u00e4ritee planeerimisel, et &#8230;<\/p>\n","protected":false},"author":263,"featured_media":0,"parent":0,"menu_order":0,"comment_status":"closed","ping_status":"closed","template":"","meta":{"_acf_changed":false,"inline_featured_image":false,"footnotes":""},"class_list":["post-12","page","type-page","status-publish","hentry"],"acf":[],"_links":{"self":[{"href":"https:\/\/sisu.ut.ee\/edujategu8\/wp-json\/wp\/v2\/pages\/12","targetHints":{"allow":["GET"]}}],"collection":[{"href":"https:\/\/sisu.ut.ee\/edujategu8\/wp-json\/wp\/v2\/pages"}],"about":[{"href":"https:\/\/sisu.ut.ee\/edujategu8\/wp-json\/wp\/v2\/types\/page"}],"author":[{"embeddable":true,"href":"https:\/\/sisu.ut.ee\/edujategu8\/wp-json\/wp\/v2\/users\/263"}],"replies":[{"embeddable":true,"href":"https:\/\/sisu.ut.ee\/edujategu8\/wp-json\/wp\/v2\/comments?post=12"}],"version-history":[{"count":3,"href":"https:\/\/sisu.ut.ee\/edujategu8\/wp-json\/wp\/v2\/pages\/12\/revisions"}],"predecessor-version":[{"id":116,"href":"https:\/\/sisu.ut.ee\/edujategu8\/wp-json\/wp\/v2\/pages\/12\/revisions\/116"}],"wp:attachment":[{"href":"https:\/\/sisu.ut.ee\/edujategu8\/wp-json\/wp\/v2\/media?parent=12"}],"curies":[{"name":"wp","href":"https:\/\/api.w.org\/{rel}","templated":true}]}}