{"id":11,"date":"2024-04-04T07:38:27","date_gmt":"2024-04-04T04:38:27","guid":{"rendered":"https:\/\/sisu.ut.ee\/edujategu8\/36-sundmuse-hindamine\/"},"modified":"2024-04-24T16:09:11","modified_gmt":"2024-04-24T13:09:11","slug":"36-sundmuse-hindamine","status":"publish","type":"page","link":"https:\/\/sisu.ut.ee\/edujategu8\/36-sundmuse-hindamine\/","title":{"rendered":"3.6 S\u00fcndmuse hindamine"},"content":{"rendered":"<h1 class=\"wp-block-heading\"><img loading=\"lazy\" decoding=\"async\" width=\"40\" height=\"40\" class=\"wp-image-84\" style=\"width: 40px;\" src=\"https:\/\/sisu.ut.ee\/wp-content\/uploads\/sites\/534\/sissejuhatus.png\" alt=\"\" srcset=\"https:\/\/sisu.ut.ee\/wp-content\/uploads\/sites\/534\/sissejuhatus.png 1080w, https:\/\/sisu.ut.ee\/wp-content\/uploads\/sites\/534\/sissejuhatus-300x300.png 300w, https:\/\/sisu.ut.ee\/wp-content\/uploads\/sites\/534\/sissejuhatus-1024x1024.png 1024w, https:\/\/sisu.ut.ee\/wp-content\/uploads\/sites\/534\/sissejuhatus-150x150.png 150w, https:\/\/sisu.ut.ee\/wp-content\/uploads\/sites\/534\/sissejuhatus-768x768.png 768w\" sizes=\"auto, (max-width: 40px) 100vw, 40px\"> <span style=\"color: #28aae1;\">3.6. S\u00dcNDMUSE HINDAMINE<\/span><\/h1>\n\n\n<p style=\"text-align: justify;\"><span style=\"line-height: 150%;\"><span lang=\"et\"><span style=\"line-height: 150%;\">S\u00fcndmuse hindamisel \u00f5ppet\u00f6\u00f6s v\u00f5iks olla hea meetod eneseanal\u00fc\u00fcs, et v\u00f5imaldada \u00f5ppijal paremini anal\u00fc\u00fcsida oma \u00f5pikogemust, leida v\u00f5imalused arenguks ning tunnustada individuaalseid ja meeskondlikke kordaminekuid. S\u00fcndmuse edukuste ja \u00f5pikogemuse anal\u00fc\u00fcsimisel on hea arvestada ka osalejate tagasisidet, et veenduda, kas korraldusmeeskonna arvamus \u00fchtib osalejate omaga. Eneseanal\u00fc\u00fcs v\u00f5ib sisaldada ka meeskonnaliikmete panuse hindamist, et \u00f5petajal\/mentoril tekiks parem arusaam iga meeskonnaliikme individuaalsest panusest ja \u00f5pikogemusest. Eneseanal\u00fc\u00fcsi p\u00f5hjal v\u00f5ib \u00f5petaja\/mentor l\u00e4bi viia individuaalse v\u00f5i meeskondliku vestluse, et toetada paremini \u00f5ppeprotsessi ning juhtida t\u00e4helepanu olulisele, kui see tundub vajalik. Kogemuse jagamiseks v\u00f5ib paluda s\u00fcndmust korraldanud meeskondadel lisaks individuaalsele eneseanal\u00fc\u00fcsile esitleda oma ellu viidud s\u00fcndmust kaas\u00f5pilastele ning jagada oma \u00f5pikogemust. <\/span><\/span><\/span><\/p>\n<hr>\n<p style=\"text-align: justify;\"><span style=\"font-size: 18px;\"><img loading=\"lazy\" decoding=\"async\" class=\"\" title=\"\" src=\"https:\/\/sisu.ut.ee\/wp-content\/uploads\/sites\/534\/motlemiseks.png\" alt=\"motlemiseks\" width=\"32\" height=\"32\" data-file_info=\"%7B%22fid%22:%2266791%22,%22view_mode%22:%22default%22,%22type%22:%22media%22%7D\">\u00a0<span style=\"color: #e31c79;\"><span style=\"line-height: 150%;\"><b><span lang=\"et\"><span style=\"line-height: 150%;\">Iseseisvaks m\u00f5tlemiseks:<\/span><\/span><\/b><\/span><\/span><\/span><\/p>\n<p style=\"text-align: justify;\"><span style=\"line-height: 150%;\"><b><span lang=\"et\"><span style=\"line-height: 150%;\"><span style=\"color: #002060;\">Millised suunavad k\u00fcsimused v\u00f5iks anda \u00f5pilastele eneseanal\u00fc\u00fcsi koostamisel?<\/span><\/span><\/span><\/b><\/span><\/p>","protected":false},"excerpt":{"rendered":"<p>3.6. S\u00dcNDMUSE HINDAMINE S\u00fcndmuse hindamisel \u00f5ppet\u00f6\u00f6s v\u00f5iks olla hea meetod eneseanal\u00fc\u00fcs, et v\u00f5imaldada \u00f5ppijal paremini anal\u00fc\u00fcsida oma \u00f5pikogemust, leida v\u00f5imalused arenguks ning tunnustada individuaalseid ja meeskondlikke kordaminekuid. S\u00fcndmuse edukuste ja \u00f5pikogemuse anal\u00fc\u00fcsimisel on hea arvestada ka osalejate tagasisidet, et veenduda, &#8230;<\/p>\n","protected":false},"author":263,"featured_media":0,"parent":0,"menu_order":0,"comment_status":"closed","ping_status":"closed","template":"","meta":{"_acf_changed":false,"inline_featured_image":false,"footnotes":""},"class_list":["post-11","page","type-page","status-publish","hentry"],"acf":[],"_links":{"self":[{"href":"https:\/\/sisu.ut.ee\/edujategu8\/wp-json\/wp\/v2\/pages\/11","targetHints":{"allow":["GET"]}}],"collection":[{"href":"https:\/\/sisu.ut.ee\/edujategu8\/wp-json\/wp\/v2\/pages"}],"about":[{"href":"https:\/\/sisu.ut.ee\/edujategu8\/wp-json\/wp\/v2\/types\/page"}],"author":[{"embeddable":true,"href":"https:\/\/sisu.ut.ee\/edujategu8\/wp-json\/wp\/v2\/users\/263"}],"replies":[{"embeddable":true,"href":"https:\/\/sisu.ut.ee\/edujategu8\/wp-json\/wp\/v2\/comments?post=11"}],"version-history":[{"count":3,"href":"https:\/\/sisu.ut.ee\/edujategu8\/wp-json\/wp\/v2\/pages\/11\/revisions"}],"predecessor-version":[{"id":114,"href":"https:\/\/sisu.ut.ee\/edujategu8\/wp-json\/wp\/v2\/pages\/11\/revisions\/114"}],"wp:attachment":[{"href":"https:\/\/sisu.ut.ee\/edujategu8\/wp-json\/wp\/v2\/media?parent=11"}],"curies":[{"name":"wp","href":"https:\/\/api.w.org\/{rel}","templated":true}]}}