{"id":9,"date":"2024-04-04T07:37:59","date_gmt":"2024-04-04T04:37:59","guid":{"rendered":"https:\/\/sisu.ut.ee\/edujategu7\/24-probleemilahendusoskus\/"},"modified":"2024-04-30T10:16:29","modified_gmt":"2024-04-30T07:16:29","slug":"24-probleemilahendusoskus","status":"publish","type":"page","link":"https:\/\/sisu.ut.ee\/edujategu7\/24-probleemilahendusoskus\/","title":{"rendered":"2.4. Probleemilahendusoskus"},"content":{"rendered":"<h1 class=\"wp-block-heading\"><img loading=\"lazy\" decoding=\"async\" width=\"40\" height=\"40\" class=\"wp-image-26\" style=\"width: 40px;\" src=\"https:\/\/sisu.ut.ee\/wp-content\/uploads\/sites\/533\/sissejuhatus.png\" alt=\"sissejuhatus\" srcset=\"https:\/\/sisu.ut.ee\/wp-content\/uploads\/sites\/533\/sissejuhatus.png 1080w, https:\/\/sisu.ut.ee\/wp-content\/uploads\/sites\/533\/sissejuhatus-300x300.png 300w, https:\/\/sisu.ut.ee\/wp-content\/uploads\/sites\/533\/sissejuhatus-1024x1024.png 1024w, https:\/\/sisu.ut.ee\/wp-content\/uploads\/sites\/533\/sissejuhatus-150x150.png 150w, https:\/\/sisu.ut.ee\/wp-content\/uploads\/sites\/533\/sissejuhatus-768x768.png 768w\" sizes=\"auto, (max-width: 40px) 100vw, 40px\"> <span style=\"color: #28aae1;\">2.4. PROBLEEMILAHENDUSOSKUS<\/span><\/h1>\n\n\n<p><span style=\"vertical-align: baseline;\">Oleme riukalike probleemide tormituules. Riukalikeks v\u00f5i ka nurjatuteks probleemideks (<\/span><span style=\"font-style: italic;\"><span style=\"vertical-align: baseline;\">wicked problems<\/span><\/span><span style=\"vertical-align: baseline;\">) nimetatakse probleeme, mis on kas raskesti hoomatavad v\u00f5i mille lahti harutamine vajab v\u00e4ga erinevate osapoolte koost\u00f6\u00f6d ja panust. Selliste probleemide lahendamine eeldab h\u00e4id koost\u00f6\u00f6oskusi, seostamisoskust, loovust, empaatiat ja kriitilist m\u00f5tlemist. Samas ka teatavat vastuhakku ja meelekindlust ebamugavaid k\u00fcsimusi k\u00fcsida ning muutusi ellu viia. <\/span><\/p>\n<hr>\n<p><img loading=\"lazy\" decoding=\"async\" title=\"\" src=\"https:\/\/sisu.ut.ee\/wp-content\/uploads\/sites\/533\/esitlus.png\" alt=\"n\u00e4ide\" width=\"32\" height=\"32\" data-file_info=\"%7B%22fid%22:%2266644%22,%22view_mode%22:%22default%22,%22type%22:%22media%22%7D\"><span style=\"color: #e1cd00;\"><strong>\u00a0Kunsti n\u00e4ide \u2013 nt Olafur Eliasson the Ice watch<\/strong><\/span><\/p>\n<p>Olafur Eliassoni ja Minik Rosingu t\u00f6\u00f6 soovis t\u00f5statada teadlikkust kliimamuutustest, pakkudes vahetut ja k\u00e4egakatsutavat kogemust arktilise j\u00e4\u00e4 sulamise tegelikkusest. Kaksteist suurt Gr\u00f6\u00f6nimaa j\u00e4\u00e4kilbist eraldunud j\u00e4\u00e4plokki korjati Nuuki l\u00e4hedal asuvast fjordist ja esitati kellakujuliselt avalikel platsidel \u00fcle Euroopa. Ice Watch paigaldati kolme kohta. Esmaesitlus toimus\u00a0 26.\u201329. oktoobril 2014 Kopenhaageni Raekoja platsil, m\u00e4rkimaks ka \u00dcRO IPCC viienda kliimamuutuste hindamisaruande avaldamist. Teine \u00fclespanek toimus Pariisis 2015. aastal markeerimaks \u00dcRO kliimakonverentsi COP21. Kolmas versioon toimus aastavahetusel vastu 2019. a Londonis.<\/p>\n<p style=\"margin-left: 80px;\"><img loading=\"lazy\" decoding=\"async\" width=\"1080\" height=\"761\" class=\"alignnone wp-image-34\" style=\"width: 600px; height: 423px;\" title=\"Olafur Eliasson ja Minik Rosing, Ice Watch, 2014, Place du Panth\u00e9on, Paris, 2015  Foto: Martin Argyroglo, https:\/\/olafureliasson.net\/archive\/artwork\/WEK109190\/ice-watch\" src=\"https:\/\/sisu.ut.ee\/wp-content\/uploads\/sites\/533\/foto6.png\" alt=\"foto6\" srcset=\"https:\/\/sisu.ut.ee\/wp-content\/uploads\/sites\/533\/foto6.png 1080w, https:\/\/sisu.ut.ee\/wp-content\/uploads\/sites\/533\/foto6-300x211.png 300w, https:\/\/sisu.ut.ee\/wp-content\/uploads\/sites\/533\/foto6-1024x722.png 1024w, https:\/\/sisu.ut.ee\/wp-content\/uploads\/sites\/533\/foto6-768x541.png 768w\" sizes=\"auto, (max-width: 1080px) 100vw, 1080px\"><\/p>\n<p>\u00a0<\/p>\n<p dir=\"ltr\" style=\"margin-top: 0pt; margin-bottom: 0pt;\">\u00a0<\/p>\n<div><hr>\n<p><img loading=\"lazy\" decoding=\"async\" title=\"\" src=\"https:\/\/sisu.ut.ee\/wp-content\/uploads\/sites\/533\/uued_moisted.png\" alt=\"uued m\u00f5isted\" width=\"32\" height=\"32\" data-file_info=\"%7B%22fid%22:%2266439%22,%22view_mode%22:%22default%22,%22type%22:%22media%22%7D\">\u00a0<span style=\"line-height: 1.38;\"><span style=\"vertical-align: baseline;\"><span style=\"color: #e1cd00;\"><strong>Disainiprobleemide<\/strong> <\/span><\/span><\/span>nimistusse on lisandunud ka keerukad sotsiaalsed, keskkondlikud ja majanduslikud probleemid, mis on mitmekihilised ja mille puhul \u00fchest juurp\u00f5hjust on sageli keerukas tuvastada. Iga sellise olukorra avamine on unikaalne protsess, milles probleemi s\u00f5nastamine ning fookuse valik hakkab j\u00f5uliselt kujundama ka selle lahendusviise.<\/p>\n<\/div>\n<div>\n<div><img loading=\"lazy\" decoding=\"async\" title=\"\" src=\"https:\/\/sisu.ut.ee\/wp-content\/uploads\/sites\/533\/esitlus.png\" alt=\"n\u00e4ide\" width=\"32\" height=\"32\" data-file_info=\"%7B%22fid%22:%2266644%22,%22view_mode%22:%22default%22,%22type%22:%22media%22%7D\">\u00a0<strong><span style=\"color: #e1cd00;\">Disaini n\u00e4ide. Philips MyVision LED-pirn.<\/span><\/strong> <span style=\"vertical-align: baseline;\">2012. aastal turule toodud LED-pirn lubas kasutajale v\u00f5rreldes tavap\u00e4rase h\u00f5\u00f5glambiga 80% v\u00e4iksemat energiakulu ja 25% pikemat eluiga. K\u00fcll aga s\u00e4ilitati ka LED-pirni puhul traditsioonilise koduse h\u00f5\u00f5glambi vorm. <\/span><\/div>\n<\/div>\n<p style=\"margin-left: 280px;\"><img loading=\"lazy\" decoding=\"async\" class=\"alignnone wp-image-35\" title=\"Philips MyVision LED-pirn Tootefoto: http:\/\/www.atr.com.my\/store\/index.php?main_page=product_info&amp;products_id=707\" src=\"https:\/\/sisu.ut.ee\/wp-content\/uploads\/sites\/533\/led_pirn.png\" alt=\"led\" width=\"211\" height=\"367\" srcset=\"https:\/\/sisu.ut.ee\/wp-content\/uploads\/sites\/533\/led_pirn.png 418w, https:\/\/sisu.ut.ee\/wp-content\/uploads\/sites\/533\/led_pirn-173x300.png 173w\" sizes=\"auto, (max-width: 211px) 100vw, 211px\"><\/p>\n<p style=\"margin-left: 120px;\">\u00a0<\/p>\n<div dir=\"ltr\">\u00a0<\/div>\n<p style=\"margin-left: 120px;\">\u00a0<\/p>\n<p><img loading=\"lazy\" decoding=\"async\" title=\"\" src=\"https:\/\/sisu.ut.ee\/wp-content\/uploads\/sites\/533\/motlemiseks.png\" alt=\"m\u00f5tlemiseks\" width=\"32\" height=\"32\" data-file_info=\"%7B%22fid%22:%2266440%22,%22view_mode%22:%22default%22,%22type%22:%22media%22%7D\">\u00a0<strong><span style=\"color: #e31c79;\">M\u00f5tle!\u00a0<\/span><\/strong><\/p>\n<p dir=\"ltr\" role=\"presentation\">Milline probleem Sinu vahetuses l\u00e4heduses Sind k\u00f5ige enam k\u00f5netab? Kuidas Sa selle probleemi t\u00e4hendust ja olulisust kunsti vahenditega n\u00e4htavaks teeksid?<\/p>\n<p>\u00a0<\/p>","protected":false},"excerpt":{"rendered":"<p>2.4. PROBLEEMILAHENDUSOSKUS Oleme riukalike probleemide tormituules. Riukalikeks v\u00f5i ka nurjatuteks probleemideks (wicked problems) nimetatakse probleeme, mis on kas raskesti hoomatavad v\u00f5i mille lahti harutamine vajab v\u00e4ga erinevate osapoolte koost\u00f6\u00f6d ja panust. Selliste probleemide lahendamine eeldab h\u00e4id koost\u00f6\u00f6oskusi, seostamisoskust, loovust, empaatiat &#8230;<\/p>\n","protected":false},"author":263,"featured_media":0,"parent":0,"menu_order":0,"comment_status":"closed","ping_status":"closed","template":"","meta":{"_acf_changed":false,"inline_featured_image":false,"footnotes":""},"class_list":["post-9","page","type-page","status-publish","hentry"],"acf":[],"_links":{"self":[{"href":"https:\/\/sisu.ut.ee\/edujategu7\/wp-json\/wp\/v2\/pages\/9","targetHints":{"allow":["GET"]}}],"collection":[{"href":"https:\/\/sisu.ut.ee\/edujategu7\/wp-json\/wp\/v2\/pages"}],"about":[{"href":"https:\/\/sisu.ut.ee\/edujategu7\/wp-json\/wp\/v2\/types\/page"}],"author":[{"embeddable":true,"href":"https:\/\/sisu.ut.ee\/edujategu7\/wp-json\/wp\/v2\/users\/263"}],"replies":[{"embeddable":true,"href":"https:\/\/sisu.ut.ee\/edujategu7\/wp-json\/wp\/v2\/comments?post=9"}],"version-history":[{"count":3,"href":"https:\/\/sisu.ut.ee\/edujategu7\/wp-json\/wp\/v2\/pages\/9\/revisions"}],"predecessor-version":[{"id":115,"href":"https:\/\/sisu.ut.ee\/edujategu7\/wp-json\/wp\/v2\/pages\/9\/revisions\/115"}],"wp:attachment":[{"href":"https:\/\/sisu.ut.ee\/edujategu7\/wp-json\/wp\/v2\/media?parent=9"}],"curies":[{"name":"wp","href":"https:\/\/api.w.org\/{rel}","templated":true}]}}