{"id":6,"date":"2024-04-04T07:37:59","date_gmt":"2024-04-04T04:37:59","guid":{"rendered":"https:\/\/sisu.ut.ee\/edujategu7\/21-loovus-ja-paindlikkus\/"},"modified":"2024-04-30T10:19:59","modified_gmt":"2024-04-30T07:19:59","slug":"21-loovus-ja-paindlikkus","status":"publish","type":"page","link":"https:\/\/sisu.ut.ee\/edujategu7\/21-loovus-ja-paindlikkus\/","title":{"rendered":"2.1. Loovus ja paindlikkus"},"content":{"rendered":"<h1 class=\"wp-block-heading\"><img loading=\"lazy\" decoding=\"async\" width=\"40\" height=\"40\" class=\"wp-image-26\" style=\"width: 40px;\" src=\"https:\/\/sisu.ut.ee\/wp-content\/uploads\/sites\/533\/sissejuhatus.png\" alt=\"sissejuhatus\" srcset=\"https:\/\/sisu.ut.ee\/wp-content\/uploads\/sites\/533\/sissejuhatus.png 1080w, https:\/\/sisu.ut.ee\/wp-content\/uploads\/sites\/533\/sissejuhatus-300x300.png 300w, https:\/\/sisu.ut.ee\/wp-content\/uploads\/sites\/533\/sissejuhatus-1024x1024.png 1024w, https:\/\/sisu.ut.ee\/wp-content\/uploads\/sites\/533\/sissejuhatus-150x150.png 150w, https:\/\/sisu.ut.ee\/wp-content\/uploads\/sites\/533\/sissejuhatus-768x768.png 768w\" sizes=\"auto, (max-width: 40px) 100vw, 40px\"> <span style=\"color: #28aae1;\">2.1. LOOVUS JA PAINDLIKKUS<\/span><\/h1>\n\n\n<p dir=\"ltr\">Kunsti- ja ettev\u00f5tlikkusp\u00e4devuse m\u00e4rgiline ja silmatorkav seos peitub s\u00f5nas loovus. Loovuse m\u00f5iste on aga igap\u00e4evasuhtluses omandanud pea m\u00fcstilise t\u00e4hendusv\u00e4lja ning sellele erilisele \u201cmiskile\u201d ei osata sageli n\u00e4ppu peale panna. Niisama m\u00fcstiline v\u00f5ib n\u00e4ida ka edu saavutamine ettev\u00f5tluses. Siinkohal p\u00fc\u00fcame loovuse ning ettev\u00f5tlikkuse m\u00f5isteid avada ning nende l\u00f5imumist esile t\u00f5sta.<\/p>\n<p dir=\"ltr\">Loomingulised isikud on t\u00e4helepanuv\u00e4\u00e4rsed v\u00f5ime poolest kohaneda erinevate olukordadega ja tulla toime k\u00f5ikv\u00f5imalikuga, mida oma eesm\u00e4rkide saavutamiseks vaja v\u00f5ib minna. See ongi peamine tunnus, mille p\u00f5hjal indiviidi loovust avatakse. Tuntud loovuse uurija Mihaly Csikszentmihalyi (1997) j\u00e4rgi ei ole m\u00e4\u00e4ratletud kindlat isikuomaduste kogumit, mis peavad olema loominguliseks eduks. K\u00fcll aga r\u00f5hutab ta teatava sensoorse eelise m\u00e4rkamise varajast vajadust ning sellel p\u00f5hineva huvi toetamist kui suurt eelist s\u00fcgavama loovuse s\u00fcnniks.<\/p>\n<p dir=\"ltr\">Loovuse\u00a0 laiahaardeline m\u00f5iste t\u00e4histab \u00fchtviisi nii igap\u00e4evast leidlikkust ja individuaalseid ahaa-elamusi kui ka meisterlikku loomingut ning maailmamuutvaid avastusi. Amabile &amp; Pillimeri (2012) j\u00e4rgi on loovus avatud lo\u0303puga probleemistikule v\u00f5i u\u0308lesandele lahenduse leidmine, mis avaldub ka tulemis. V\u00f5gotski hoiatab, et loovus ei tohiks j\u00e4\u00e4da unistuslikkusesse kinni ja t\u00f5eline loovus vajab ka vormi ning v\u00e4ljundit. V\u00f5gotski r\u00f5hutab samuti:<\/p>\n<blockquote>\n<p dir=\"ltr\"><img loading=\"lazy\" decoding=\"async\" title=\"\" src=\"https:\/\/sisu.ut.ee\/wp-content\/uploads\/sites\/533\/naide.png\" alt=\"n\u00e4ide\" width=\"32\" height=\"32\" data-file_info=\"%7B%22fid%22:%2266442%22,%22view_mode%22:%22default%22,%22type%22:%22media%22%7D\"><span style=\"color: #e1cd00;\">\u201cSee, mida me nimetame loominguks, on harilikult vaid kulminatsiooniline s\u00fcnniakt, mis ilmneb oma vilja v\u00e4ga pika sisemise kandeaja ja arengu tulemusena.\u201d\u00a0<\/span><\/p>\n<\/blockquote>\n<p dir=\"ltr\">Seega vajab loovuse avaldumine aega ja oskust vahelduda otsiva ja otsustava m\u00f5ttelaadi vahel. Neid erisuunalisi m\u00f5tlemisviise nimetatakse ka konvergentseks ja divergentseks m\u00f5tlemiseks. Konvergentne ehk koondav m\u00f5tlemine h\u00f5lmab selgelt m\u00e4\u00e4ratletud k\u00fcsimuste lahendamist, millel on sageli \u00fcks \u00f5ige suund. Divergentne ehk lahknev m\u00f5tlemine iseloomustab aga v\u00f5imet luua suurel hulgal ideid,\u00fchelt vaatenurgalt teise l\u00fclituda ja uudseid lahendusi leida. Leidlikust m\u00f5tlemisest pole suurt kasu, kui head ideed ei suudeta kehvast eristada. Nende valikute tegemine vajab just konvergentset m\u00f5tlemist, anal\u00fc\u00fcsioskust ning otsustamisjulgust.(Csikszentmihalyi, 1997)<\/p>\n<p><img loading=\"lazy\" decoding=\"async\" class=\"alignnone wp-image-28\" title=\"esitlus.png\" src=\"https:\/\/sisu.ut.ee\/wp-content\/uploads\/sites\/533\/esitlus.png\" alt=\"n\u00e4ide\" width=\"40\" height=\"40\" srcset=\"https:\/\/sisu.ut.ee\/wp-content\/uploads\/sites\/533\/esitlus.png 1080w, https:\/\/sisu.ut.ee\/wp-content\/uploads\/sites\/533\/esitlus-300x300.png 300w, https:\/\/sisu.ut.ee\/wp-content\/uploads\/sites\/533\/esitlus-1024x1024.png 1024w, https:\/\/sisu.ut.ee\/wp-content\/uploads\/sites\/533\/esitlus-150x150.png 150w, https:\/\/sisu.ut.ee\/wp-content\/uploads\/sites\/533\/esitlus-768x768.png 768w\" sizes=\"auto, (max-width: 40px) 100vw, 40px\"><strong>\u00a0<span style=\"color: #e1cd00;\">N\u00e4ide.<span style=\"line-height: 150%;\"> Flo Kasearu, Andra Aaloe, Art Ader, Grete Soosalu \u201cKunstij\u00e4rjekord\u201d<\/span><\/span><\/strong><\/p>\n<p><span style=\"line-height: 150%;\">2010. aastal, kui Tallinn valmistus saame Euroopa kultuuripealinnaks, korraldati eelprojektide konkurss, kus iga kunstiprojekt sai oma idee teostamiseks 10 000 krooni. Raha kulutati erinevatele kunstiprojektidele. Flo Kasearu koos kaasautoritega l\u00e4henes loovalt ja eristuvalt ning jagas raha laiali. Nimelt lubas ta projekti \u201cKunstlij\u00e4rjekord\u201d k\u00e4igus esimesele sajale Kunstihoone ette kogunenule 100 krooni. Tulemuseks oli pikk j\u00e4rjekord kunstiinstitutiooni sissep\u00e4\u00e4su ees, mida juba aastaid n\u00e4htud ei oldud.<\/span><\/p>\n<p style=\"margin-left: 120px;\"><img loading=\"lazy\" decoding=\"async\" width=\"1500\" height=\"1000\" class=\"alignnone wp-image-27\" title=\"Flo Kasearu, Andra Aaloe, Art Ader, Grete Soosalu \u201cKunstij\u00e4rjekord\u201d Tallinna Kunstihoone eest 2010. aasta 5. aprillil. Foto: http:\/\/www.flokasearu.eu\/#artificial-queue-2\" src=\"https:\/\/sisu.ut.ee\/wp-content\/uploads\/sites\/533\/foto1.jpg\" alt=\"foto1\" srcset=\"https:\/\/sisu.ut.ee\/wp-content\/uploads\/sites\/533\/foto1.jpg 1500w, https:\/\/sisu.ut.ee\/wp-content\/uploads\/sites\/533\/foto1-300x200.jpg 300w, https:\/\/sisu.ut.ee\/wp-content\/uploads\/sites\/533\/foto1-1024x683.jpg 1024w, https:\/\/sisu.ut.ee\/wp-content\/uploads\/sites\/533\/foto1-768x512.jpg 768w\" sizes=\"auto, (max-width: 1500px) 100vw, 1500px\"><\/p>\n<p><img loading=\"lazy\" decoding=\"async\" title=\"\" src=\"https:\/\/sisu.ut.ee\/wp-content\/uploads\/sites\/533\/motlemiseks.png\" alt=\"m\u00f5tlemiseks\" width=\"32\" height=\"32\" data-file_info=\"%7B%22fid%22:%2266440%22,%22view_mode%22:%22default%22,%22type%22:%22media%22%7D\"><strong><span style=\"color: #e31c79;\">\u00a0M\u00f5tle! <\/span><\/strong><span style=\"line-height: 150%;\">M\u00f5tle \u00fcks juhtum, mis k\u00fcll n\u00e4ib esmapilgul loov, kuid milles puudub m\u00f5ni kolmest loovuse hindamise aspektist (asjakohasus, eetilisus ja uudsus)!<\/span><\/p>\n<p><strong><img loading=\"lazy\" decoding=\"async\" title=\"\" src=\"https:\/\/sisu.ut.ee\/wp-content\/uploads\/sites\/533\/motlemiseks.png\" alt=\"m\u00f5tlemiseks\" width=\"32\" height=\"32\" data-file_info=\"%7B%22fid%22:%2266440%22,%22view_mode%22:%22default%22,%22type%22:%22media%22%7D\"><span style=\"color: #e31c79;\">\u00a0M\u00f5tle! <\/span><\/strong><span style=\"line-height: 150%;\">Meenuta \u00fcht loovideed, mille oled realiseerinud (loovuse t\u00e4isring on l\u00e4bitud) ja \u00fcht loovideed, mis j\u00e4i vaid m\u00f5tteks (unistavasse sf\u00e4\u00e4ri)!<\/span><\/p>","protected":false},"excerpt":{"rendered":"<p>2.1. LOOVUS JA PAINDLIKKUS Kunsti- ja ettev\u00f5tlikkusp\u00e4devuse m\u00e4rgiline ja silmatorkav seos peitub s\u00f5nas loovus. Loovuse m\u00f5iste on aga igap\u00e4evasuhtluses omandanud pea m\u00fcstilise t\u00e4hendusv\u00e4lja ning sellele erilisele \u201cmiskile\u201d ei osata sageli n\u00e4ppu peale panna. Niisama m\u00fcstiline v\u00f5ib n\u00e4ida ka edu saavutamine &#8230;<\/p>\n","protected":false},"author":263,"featured_media":0,"parent":0,"menu_order":0,"comment_status":"closed","ping_status":"closed","template":"","meta":{"_acf_changed":false,"inline_featured_image":false,"footnotes":""},"class_list":["post-6","page","type-page","status-publish","hentry"],"acf":[],"_links":{"self":[{"href":"https:\/\/sisu.ut.ee\/edujategu7\/wp-json\/wp\/v2\/pages\/6","targetHints":{"allow":["GET"]}}],"collection":[{"href":"https:\/\/sisu.ut.ee\/edujategu7\/wp-json\/wp\/v2\/pages"}],"about":[{"href":"https:\/\/sisu.ut.ee\/edujategu7\/wp-json\/wp\/v2\/types\/page"}],"author":[{"embeddable":true,"href":"https:\/\/sisu.ut.ee\/edujategu7\/wp-json\/wp\/v2\/users\/263"}],"replies":[{"embeddable":true,"href":"https:\/\/sisu.ut.ee\/edujategu7\/wp-json\/wp\/v2\/comments?post=6"}],"version-history":[{"count":8,"href":"https:\/\/sisu.ut.ee\/edujategu7\/wp-json\/wp\/v2\/pages\/6\/revisions"}],"predecessor-version":[{"id":124,"href":"https:\/\/sisu.ut.ee\/edujategu7\/wp-json\/wp\/v2\/pages\/6\/revisions\/124"}],"wp:attachment":[{"href":"https:\/\/sisu.ut.ee\/edujategu7\/wp-json\/wp\/v2\/media?parent=6"}],"curies":[{"name":"wp","href":"https:\/\/api.w.org\/{rel}","templated":true}]}}