{"id":5,"date":"2024-04-04T07:37:59","date_gmt":"2024-04-04T04:37:59","guid":{"rendered":"https:\/\/sisu.ut.ee\/edujategu7\/2-ettevotlikkus-kunstis-ja-kunsti-tegemisel\/"},"modified":"2024-04-30T10:08:23","modified_gmt":"2024-04-30T07:08:23","slug":"2-ettevotlikkus-kunstis-ja-kunsti-tegemisel","status":"publish","type":"page","link":"https:\/\/sisu.ut.ee\/edujategu7\/2-ettevotlikkus-kunstis-ja-kunsti-tegemisel\/","title":{"rendered":"2. ETTEV\u00d5TLIKKUS KUNSTIS JA KUNSTI TEGEMISEL"},"content":{"rendered":"<h1 class=\"wp-block-heading\"><img loading=\"lazy\" decoding=\"async\" title=\"sissejuhatus_01.png\" width=\"40\" height=\"40\" class=\"alignnone wp-image-21\" src=\"https:\/\/sisu.ut.ee\/wp-content\/uploads\/sites\/507\/sissejuhatus.png\" alt=\"sissejuhatus\"> <span style=\"color: #28aae1;\">ETTEV\u00d5TLIKKUS KUNSTIS JA KUNSTI TEGEMISEL<\/span><\/h1>\n\n<p dir=\"ltr\"><img loading=\"lazy\" decoding=\"async\" class=\"alignnone wp-image-26\" title=\"sissejuhatus.png\" src=\"https:\/\/sisu.ut.ee\/wp-content\/uploads\/sites\/533\/sissejuhatus.png\" alt=\"sissejuhatus\" width=\"40\" height=\"40\" srcset=\"https:\/\/sisu.ut.ee\/wp-content\/uploads\/sites\/533\/sissejuhatus.png 1080w, https:\/\/sisu.ut.ee\/wp-content\/uploads\/sites\/533\/sissejuhatus-300x300.png 300w, https:\/\/sisu.ut.ee\/wp-content\/uploads\/sites\/533\/sissejuhatus-1024x1024.png 1024w, https:\/\/sisu.ut.ee\/wp-content\/uploads\/sites\/533\/sissejuhatus-150x150.png 150w, https:\/\/sisu.ut.ee\/wp-content\/uploads\/sites\/533\/sissejuhatus-768x768.png 768w\" sizes=\"auto, (max-width: 40px) 100vw, 40px\"><span style=\"color: #00afd7;\">\u00a0Ettev\u00f5tlikkusp\u00e4devus <\/span>sisaldab algatusv\u00f5imet, seostamisoskust, probleemilahendusoskust ning loovust ja paindlikkust, aga ka kogukonda panustamist. K\u00f5ik need p\u00e4devused on aktuaalsed kunsti tegemisel. Iga j\u00e4rgnev alajaotus avab \u00fcht alaoskust l\u00e4hemalt.<\/p>\n\n<ul>\n \t<li><a title=\"\" href=\"https:\/\/sisu.ut.ee\/edujategu7\/21-loovus-ja-paindlikkus\"><span style=\"color: #00afd7;\">2.1 Loovus ja paindlikkus<\/span><\/a><\/li>\n \t<li><a title=\"\" href=\"https:\/\/sisu.ut.ee\/edujategu7\/22-algatusv%C3%B5ime\"><span style=\"color: #00afd7;\">2.2. Algatusv\u00f5ime<\/span><\/a><\/li>\n \t<li><a title=\"\" href=\"https:\/\/sisu.ut.ee\/edujategu7\/23-seostamisoskus\"><span style=\"color: #00afd7;\">2.3. Seostamisoskus<\/span><\/a><\/li>\n \t<li><a title=\"\" href=\"https:\/\/sisu.ut.ee\/edujategu7\/24-probleemilahendusoskus\"><span style=\"color: #00afd7;\">2.4. Probleemilahendusoskus<\/span><\/a><\/li>\n \t<li><a title=\"\" href=\"https:\/\/sisu.ut.ee\/edujategu7\/25-koost%C3%B6%C3%B6-ja-kogukonda-panustamine\"><span style=\"color: #00afd7;\">2.5. Koost\u00f6\u00f6 ja kogukonda panustamine<\/span><\/a><\/li>\n \t<li><a title=\"\" href=\"https:\/\/sisu.ut.ee\/edujategu7\/26-intervjuud-kunstnikega-0\"><span style=\"color: #00afd7;\">2.6. Intervjuud kunstnikega<\/span><\/a><\/li>\n<\/ul>","protected":false},"excerpt":{"rendered":"<p>ETTEV\u00d5TLIKKUS KUNSTIS JA KUNSTI TEGEMISEL \u00a0Ettev\u00f5tlikkusp\u00e4devus sisaldab algatusv\u00f5imet, seostamisoskust, probleemilahendusoskust ning loovust ja paindlikkust, aga ka kogukonda panustamist. K\u00f5ik need p\u00e4devused on aktuaalsed kunsti tegemisel. Iga j\u00e4rgnev alajaotus avab \u00fcht alaoskust l\u00e4hemalt. 2.1 Loovus ja paindlikkus 2.2. Algatusv\u00f5ime 2.3. Seostamisoskus &#8230;<\/p>\n","protected":false},"author":263,"featured_media":0,"parent":0,"menu_order":0,"comment_status":"closed","ping_status":"closed","template":"","meta":{"_acf_changed":false,"inline_featured_image":false,"footnotes":""},"class_list":["post-5","page","type-page","status-publish","hentry"],"acf":[],"_links":{"self":[{"href":"https:\/\/sisu.ut.ee\/edujategu7\/wp-json\/wp\/v2\/pages\/5","targetHints":{"allow":["GET"]}}],"collection":[{"href":"https:\/\/sisu.ut.ee\/edujategu7\/wp-json\/wp\/v2\/pages"}],"about":[{"href":"https:\/\/sisu.ut.ee\/edujategu7\/wp-json\/wp\/v2\/types\/page"}],"author":[{"embeddable":true,"href":"https:\/\/sisu.ut.ee\/edujategu7\/wp-json\/wp\/v2\/users\/263"}],"replies":[{"embeddable":true,"href":"https:\/\/sisu.ut.ee\/edujategu7\/wp-json\/wp\/v2\/comments?post=5"}],"version-history":[{"count":4,"href":"https:\/\/sisu.ut.ee\/edujategu7\/wp-json\/wp\/v2\/pages\/5\/revisions"}],"predecessor-version":[{"id":99,"href":"https:\/\/sisu.ut.ee\/edujategu7\/wp-json\/wp\/v2\/pages\/5\/revisions\/99"}],"wp:attachment":[{"href":"https:\/\/sisu.ut.ee\/edujategu7\/wp-json\/wp\/v2\/media?parent=5"}],"curies":[{"name":"wp","href":"https:\/\/api.w.org\/{rel}","templated":true}]}}