{"id":19,"date":"2024-04-04T07:38:00","date_gmt":"2024-04-04T04:38:00","guid":{"rendered":"https:\/\/sisu.ut.ee\/edujategu7\/34-intervjuud-kunstiopetajatega\/"},"modified":"2024-04-30T11:10:44","modified_gmt":"2024-04-30T08:10:44","slug":"34-intervjuud-kunstiopetajatega","status":"publish","type":"page","link":"https:\/\/sisu.ut.ee\/edujategu7\/34-intervjuud-kunstiopetajatega\/","title":{"rendered":"3.4. Intervjuud kunsti\u00f5petajatega"},"content":{"rendered":"<h1 class=\"wp-block-heading\"><img loading=\"lazy\" decoding=\"async\" width=\"40\" height=\"40\" class=\"wp-image-26\" style=\"width: 40px;\" src=\"https:\/\/sisu.ut.ee\/wp-content\/uploads\/sites\/533\/sissejuhatus.png\" alt=\"sissejuhatus\" srcset=\"https:\/\/sisu.ut.ee\/wp-content\/uploads\/sites\/533\/sissejuhatus.png 1080w, https:\/\/sisu.ut.ee\/wp-content\/uploads\/sites\/533\/sissejuhatus-300x300.png 300w, https:\/\/sisu.ut.ee\/wp-content\/uploads\/sites\/533\/sissejuhatus-1024x1024.png 1024w, https:\/\/sisu.ut.ee\/wp-content\/uploads\/sites\/533\/sissejuhatus-150x150.png 150w, https:\/\/sisu.ut.ee\/wp-content\/uploads\/sites\/533\/sissejuhatus-768x768.png 768w\" sizes=\"auto, (max-width: 40px) 100vw, 40px\"> <span style=\"color: #28aae1;\">3.4. INTERVJUUD KUNSTI\u00d5PETAJATEGA<\/span><\/h1>\n\n<div class=\"ratio ratio-16x9 mb-3\"><div class=\"video-placeholder-wrapper video-placeholder-wrapper--16x9\">\n\t\t\t    <div class=\"video-placeholder d-flex justify-content-center align-items-center\">\n\t\t\t        <div class=\"overlay text-white p-2 w-100 text-center d-block justify-content-center align-items-center\">\n\t\t\t            <div>Kolmandate osapoolte sisu n\u00e4gemiseks palun n\u00f5ustu k\u00fcpsistega.<\/div>\n\t\t\t            <button class=\"btn btn-secondary btn-sm mt-1 consent-change\">Muuda n\u00f5usolekut<\/button>\n\t\t\t        <\/div>\n\t\t\t    <\/div>\n\t\t\t<\/div>\n<\/div>","protected":false},"excerpt":{"rendered":"<p>3.4. INTERVJUUD KUNSTI\u00d5PETAJATEGA Kolmandate osapoolte sisu n\u00e4gemiseks palun n\u00f5ustu k\u00fcpsistega. Muuda n\u00f5usolekut<\/p>\n","protected":false},"author":263,"featured_media":0,"parent":0,"menu_order":0,"comment_status":"closed","ping_status":"closed","template":"","meta":{"_acf_changed":false,"inline_featured_image":false,"footnotes":""},"class_list":["post-19","page","type-page","status-publish","hentry"],"acf":[],"_links":{"self":[{"href":"https:\/\/sisu.ut.ee\/edujategu7\/wp-json\/wp\/v2\/pages\/19","targetHints":{"allow":["GET"]}}],"collection":[{"href":"https:\/\/sisu.ut.ee\/edujategu7\/wp-json\/wp\/v2\/pages"}],"about":[{"href":"https:\/\/sisu.ut.ee\/edujategu7\/wp-json\/wp\/v2\/types\/page"}],"author":[{"embeddable":true,"href":"https:\/\/sisu.ut.ee\/edujategu7\/wp-json\/wp\/v2\/users\/263"}],"replies":[{"embeddable":true,"href":"https:\/\/sisu.ut.ee\/edujategu7\/wp-json\/wp\/v2\/comments?post=19"}],"version-history":[{"count":3,"href":"https:\/\/sisu.ut.ee\/edujategu7\/wp-json\/wp\/v2\/pages\/19\/revisions"}],"predecessor-version":[{"id":136,"href":"https:\/\/sisu.ut.ee\/edujategu7\/wp-json\/wp\/v2\/pages\/19\/revisions\/136"}],"wp:attachment":[{"href":"https:\/\/sisu.ut.ee\/edujategu7\/wp-json\/wp\/v2\/media?parent=19"}],"curies":[{"name":"wp","href":"https:\/\/api.w.org\/{rel}","templated":true}]}}