{"id":13,"date":"2024-04-04T07:38:00","date_gmt":"2024-04-04T04:38:00","guid":{"rendered":"https:\/\/sisu.ut.ee\/edujategu7\/4-kasutatud-kirjandus\/"},"modified":"2024-04-30T11:26:37","modified_gmt":"2024-04-30T08:26:37","slug":"4-kasutatud-kirjandus","status":"publish","type":"page","link":"https:\/\/sisu.ut.ee\/edujategu7\/4-kasutatud-kirjandus\/","title":{"rendered":"4. Kasutatud kirjandus"},"content":{"rendered":"<h1 class=\"wp-block-heading\"><img loading=\"lazy\" decoding=\"async\" width=\"40\" height=\"40\" class=\"wp-image-26\" style=\"width: 40px;\" src=\"https:\/\/sisu.ut.ee\/wp-content\/uploads\/sites\/533\/sissejuhatus.png\" alt=\"sissejuhatus\" srcset=\"https:\/\/sisu.ut.ee\/wp-content\/uploads\/sites\/533\/sissejuhatus.png 1080w, https:\/\/sisu.ut.ee\/wp-content\/uploads\/sites\/533\/sissejuhatus-300x300.png 300w, https:\/\/sisu.ut.ee\/wp-content\/uploads\/sites\/533\/sissejuhatus-1024x1024.png 1024w, https:\/\/sisu.ut.ee\/wp-content\/uploads\/sites\/533\/sissejuhatus-150x150.png 150w, https:\/\/sisu.ut.ee\/wp-content\/uploads\/sites\/533\/sissejuhatus-768x768.png 768w\" sizes=\"auto, (max-width: 40px) 100vw, 40px\"> <span style=\"color: #28aae1;\">4. KASUTATUD KIRJANDUS<\/span><\/h1>\n\n\n<ul>\n<li dir=\"ltr\">Amabile, Teresa M. &amp; Pillemer, Julianna, 2012. Perspectives on the Social Psychology of Creativity. The Journal of Creative Behavior, 46(1), 3\u201315.<\/li>\n<li dir=\"ltr\">Biotoopia s.a. <a href=\"http:\/\/www.biotoopia.ee\" target=\"_blank\" rel=\"noopener\">www.biotoopia.ee<\/a><\/li>\n<li dir=\"ltr\">Danesi, Marcel &amp; Perron, Paul 2005. Kultuuride anal\u00fc\u00fcs. Tallinn: Valgus.<\/li>\n<li dir=\"ltr\">Deresiewicz, William 2015. The Death of the Artist\u2014and the Birth of the Creative Entrepreneur. The Atlantic, 315(1), 92\u2013115.<\/li>\n<li dir=\"ltr\">Heinla, Eda 2004. Unustatud loovus. Haridus, 9, 2004, 8\u201312.<\/li>\n<li dir=\"ltr\">Kraehea, Amelia 2019. Entrepreneurship as Creative Destruction. Art Education, 72(5), 4\u20137.\u00a0<\/li>\n<li dir=\"ltr\">K\u00f6ster, Annely (toim.) Seoseid loov kunstiharidus. Kogumik g\u00fcmnaasiumi kunsti\u00f5petajale. 2013. Sally Stuudio. Vaadatud: https:\/\/seoseidloovkunstiharidus.files.wordpress.com\/2012\/10\/sl-kunstiharidus.pdf<\/li>\n<li dir=\"ltr\">Loibl, K., Tillema, M., Rummel, N. and van Gog, T., 2020. The effect of contrasting cases during problem solving prior to and after instruction. Instructional Science, 48(2), pp.115\u2013136.<\/li>\n<li dir=\"ltr\">Treier, Heie 2010. Kunsti(ajaloo) makrotasand. Kunst kui \u201et\u00f5lk\u201d ja \u201esotsiaalne liim\u201d. \u2013 P\u00f5hikooli kunstiainete valdkonnaraamat. <a href=\"https:\/\/oppekava.ee\/kunstiajaloo-makrotasand-kunst-kui-tolk-ja-sotsiaalne-liim\/\" target=\"_blank\" rel=\"noopener\">https:\/\/oppekava.ee\/kunstiajaloo-makrotasand-kunst-kui-tolk-ja-sotsiaalne-liim\/<\/a><\/li>\n<li dir=\"ltr\">Projektiruum II. Erinevuste esteetika s.a. <a style=\"font-size: revert; font-weight: var(--bs-body-font-weight); text-align: var(--bs-body-text-align);\" href=\"https:\/\/kumu.ekm.ee\/syndmus\/projektiruum-ii-erinevuste-esteetika\/\" target=\"_blank\" rel=\"noopener\">https:\/\/kumu.ekm.ee\/syndmus\/projektiruum-ii-erinevuste-esteetika\/<\/a><\/li>\n<li dir=\"ltr\">Talving, Kriste; Arro, Grete; Aus, Kati s.a. \u00d5ppimise ABC. <a href=\"https:\/\/www.tlu.ee\/hti\/oppimise-abc#metakognitiivsete-oskuste-roll-enesejuhitud-oppimise-arendamisel\" target=\"_blank\" rel=\"noopener\">https:\/\/www.tlu.ee\/hti\/oppimise-abc#metakognitiivsete-oskuste-roll-enesejuhitud-oppimise-arendamisel<\/a><\/li>\n<li dir=\"ltr\">T\u00fc\u00fcr, Kadri 2016. Keskkonnahumanitaaria: teispool kultuuri ja loodust. \u2013 Vikerkaar, 6, 2016, 71\u201380.<\/li>\n<li dir=\"ltr\">Vahter, E., 2016. Looking for a possible framework to teach contemporary art in primary school. International Journal of Art &amp; Design Education, 35(1), pp.51\u201367<\/li>\n<\/ul>\n<p>\u00a0<\/p>","protected":false},"excerpt":{"rendered":"<p>4. KASUTATUD KIRJANDUS Amabile, Teresa M. &amp; Pillemer, Julianna, 2012. Perspectives on the Social Psychology of Creativity. The Journal of Creative Behavior, 46(1), 3\u201315. Biotoopia s.a. www.biotoopia.ee Danesi, Marcel &amp; Perron, Paul 2005. Kultuuride anal\u00fc\u00fcs. Tallinn: Valgus. Deresiewicz, William 2015. &#8230;<\/p>\n","protected":false},"author":263,"featured_media":0,"parent":0,"menu_order":0,"comment_status":"closed","ping_status":"closed","template":"","meta":{"_acf_changed":false,"inline_featured_image":false,"footnotes":""},"class_list":["post-13","page","type-page","status-publish","hentry"],"acf":[],"_links":{"self":[{"href":"https:\/\/sisu.ut.ee\/edujategu7\/wp-json\/wp\/v2\/pages\/13","targetHints":{"allow":["GET"]}}],"collection":[{"href":"https:\/\/sisu.ut.ee\/edujategu7\/wp-json\/wp\/v2\/pages"}],"about":[{"href":"https:\/\/sisu.ut.ee\/edujategu7\/wp-json\/wp\/v2\/types\/page"}],"author":[{"embeddable":true,"href":"https:\/\/sisu.ut.ee\/edujategu7\/wp-json\/wp\/v2\/users\/263"}],"replies":[{"embeddable":true,"href":"https:\/\/sisu.ut.ee\/edujategu7\/wp-json\/wp\/v2\/comments?post=13"}],"version-history":[{"count":4,"href":"https:\/\/sisu.ut.ee\/edujategu7\/wp-json\/wp\/v2\/pages\/13\/revisions"}],"predecessor-version":[{"id":142,"href":"https:\/\/sisu.ut.ee\/edujategu7\/wp-json\/wp\/v2\/pages\/13\/revisions\/142"}],"wp:attachment":[{"href":"https:\/\/sisu.ut.ee\/edujategu7\/wp-json\/wp\/v2\/media?parent=13"}],"curies":[{"name":"wp","href":"https:\/\/api.w.org\/{rel}","templated":true}]}}