{"id":12,"date":"2024-04-04T07:37:59","date_gmt":"2024-04-04T04:37:59","guid":{"rendered":"https:\/\/sisu.ut.ee\/edujategu7\/3-ettevotlikkus-kunsti-oppimisel-ja-opetamisel\/"},"modified":"2024-04-30T10:23:36","modified_gmt":"2024-04-30T07:23:36","slug":"3-ettevotlikkus-kunsti-oppimisel-ja-opetamisel","status":"publish","type":"page","link":"https:\/\/sisu.ut.ee\/edujategu7\/3-ettevotlikkus-kunsti-oppimisel-ja-opetamisel\/","title":{"rendered":"3. ETTEV\u00d5TLIKKUS KUNSTI \u00d5PPIMISEL JA \u00d5PETAMISEL"},"content":{"rendered":"<h1 class=\"wp-block-heading\"><img loading=\"lazy\" decoding=\"async\" width=\"40\" height=\"40\" class=\"wp-image-26\" style=\"width: 40px;\" src=\"https:\/\/sisu.ut.ee\/wp-content\/uploads\/sites\/533\/sissejuhatus.png\" alt=\"sissejuhatus\" srcset=\"https:\/\/sisu.ut.ee\/wp-content\/uploads\/sites\/533\/sissejuhatus.png 1080w, https:\/\/sisu.ut.ee\/wp-content\/uploads\/sites\/533\/sissejuhatus-300x300.png 300w, https:\/\/sisu.ut.ee\/wp-content\/uploads\/sites\/533\/sissejuhatus-1024x1024.png 1024w, https:\/\/sisu.ut.ee\/wp-content\/uploads\/sites\/533\/sissejuhatus-150x150.png 150w, https:\/\/sisu.ut.ee\/wp-content\/uploads\/sites\/533\/sissejuhatus-768x768.png 768w\" sizes=\"auto, (max-width: 40px) 100vw, 40px\"> <span style=\"color: #28aae1;\">3. ETTEV\u00d5TLIKKUS KUNSTI \u00d5PPIMISEL JA \u00d5PETAMISEL<\/span><\/h1>\n\n\n<p>Ettev\u00f5tlikkus kunsti \u00f5ppimisel ja \u00f5petamisel v\u00f5ib avalduda nii \u00f5ppesisus kui ka\u00a0 ettev\u00f5tlusp\u00e4devuse komponentide toetamise kaudu kunsti\u00f5ppeprotsessis, arvestades ettev\u00f5tlikkusp\u00e4devusi nii tunni \u00fclesehitusel, samuti \u00f5ppija ennastjuhtiva \u00f5ppimise toetamisel. See peat\u00fckk k\u00e4sitleb p\u00f5gusalt, kuidas toetada ennastjuhtiva \u00f5ppija kujunemist ning kuidas \u00fcles ehitada kunsti\u00f5ppe protsessi ettev\u00f5tlikkuse toetamisel. \u00d5ppesisu osas on n\u00e4idiseks toodud m\u00f5ned ettev\u00f5tlikkusp\u00e4devust toetavad \u00fclesanded, neid saavad \u00f5petajad oma kogemuse p\u00f5hjal situatsiooni kohandada. Intervjuudest kunsti\u00f5petajatega saab aimu, kuidas kunsti\u00f5petajad ettev\u00f5tlikusp\u00e4devust toetavad ning kust nad v\u00f5tavad j\u00f5u ise ettev\u00f5tlikud olla. Peat\u00fcki l\u00f5pus toodud \u00fclesanded mudeldavad ettev\u00f5tlikkust n\u00f5udvaid osi kunstniku t\u00f6\u00f6s, nende l\u00e4bi tegemine v\u00f5imaldab \u00f5pilastel tutvuda praktiliselt kunstielu oluliste osadega.<\/p>\n<ul>\n<li><a title=\"\" href=\"https:\/\/sisu.ut.ee\/edujategu7\/31-ennastjuhtiva-oppija-toetamine-kunstiopetuses\/\">3.1. Ennastjuhtiva \u00f5ppija toetamine kunsti\u00f5petuses<\/a><\/li>\n<li><a title=\"\" href=\"https:\/\/sisu.ut.ee\/edujategu7\/32-kunstioppe-protsessi-aspektid-ettevotlikkuse-toetamisel\/\">3.2. Kunsti\u00f5ppe protsessi aspektid ettev\u00f5tlikkuse toetamisel<\/a><\/li>\n<li><a title=\"\" href=\"https:\/\/sisu.ut.ee\/edujategu7\/33-ettevotlikkuspadevuse-toetamine-oppesisu-naidetena\/\">3.3. Ettev\u00f5tlikkusp\u00e4devuse toetamine \u00f5ppesisu n\u00e4idetena<\/a><\/li>\n<li><a title=\"\" href=\"https:\/\/sisu.ut.ee\/edujategu7\/34-intervjuud-kunstiopetajatega\/\">3.4. Intervjuud kunsti\u00f5petajatega<\/a><\/li>\n<li><a title=\"\" href=\"https:\/\/sisu.ut.ee\/edujategu7\/enesehindamise-kusimustik-kunstiopetajatele\/\">Enesehindamise k\u00fcsimustik kunsti\u00f5petajatele<\/a><\/li>\n<\/ul>\n<p>\u00a0<\/p>","protected":false},"excerpt":{"rendered":"<p>3. ETTEV\u00d5TLIKKUS KUNSTI \u00d5PPIMISEL JA \u00d5PETAMISEL Ettev\u00f5tlikkus kunsti \u00f5ppimisel ja \u00f5petamisel v\u00f5ib avalduda nii \u00f5ppesisus kui ka\u00a0 ettev\u00f5tlusp\u00e4devuse komponentide toetamise kaudu kunsti\u00f5ppeprotsessis, arvestades ettev\u00f5tlikkusp\u00e4devusi nii tunni \u00fclesehitusel, samuti \u00f5ppija ennastjuhtiva \u00f5ppimise toetamisel. See peat\u00fckk k\u00e4sitleb p\u00f5gusalt, kuidas toetada ennastjuhtiva \u00f5ppija &#8230;<\/p>\n","protected":false},"author":263,"featured_media":0,"parent":0,"menu_order":0,"comment_status":"closed","ping_status":"closed","template":"","meta":{"_acf_changed":false,"inline_featured_image":false,"footnotes":""},"class_list":["post-12","page","type-page","status-publish","hentry"],"acf":[],"_links":{"self":[{"href":"https:\/\/sisu.ut.ee\/edujategu7\/wp-json\/wp\/v2\/pages\/12","targetHints":{"allow":["GET"]}}],"collection":[{"href":"https:\/\/sisu.ut.ee\/edujategu7\/wp-json\/wp\/v2\/pages"}],"about":[{"href":"https:\/\/sisu.ut.ee\/edujategu7\/wp-json\/wp\/v2\/types\/page"}],"author":[{"embeddable":true,"href":"https:\/\/sisu.ut.ee\/edujategu7\/wp-json\/wp\/v2\/users\/263"}],"replies":[{"embeddable":true,"href":"https:\/\/sisu.ut.ee\/edujategu7\/wp-json\/wp\/v2\/comments?post=12"}],"version-history":[{"count":5,"href":"https:\/\/sisu.ut.ee\/edujategu7\/wp-json\/wp\/v2\/pages\/12\/revisions"}],"predecessor-version":[{"id":129,"href":"https:\/\/sisu.ut.ee\/edujategu7\/wp-json\/wp\/v2\/pages\/12\/revisions\/129"}],"wp:attachment":[{"href":"https:\/\/sisu.ut.ee\/edujategu7\/wp-json\/wp\/v2\/media?parent=12"}],"curies":[{"name":"wp","href":"https:\/\/api.w.org\/{rel}","templated":true}]}}