{"id":10,"date":"2024-04-04T07:37:59","date_gmt":"2024-04-04T04:37:59","guid":{"rendered":"https:\/\/sisu.ut.ee\/edujategu7\/25-koostoo-ja-kogukonda-panustamine\/"},"modified":"2024-04-30T10:18:13","modified_gmt":"2024-04-30T07:18:13","slug":"25-koostoo-ja-kogukonda-panustamine","status":"publish","type":"page","link":"https:\/\/sisu.ut.ee\/edujategu7\/25-koostoo-ja-kogukonda-panustamine\/","title":{"rendered":"2.5. Koost\u00f6\u00f6 ja kogukonda panustamine"},"content":{"rendered":"<h1 class=\"wp-block-heading\"><img loading=\"lazy\" decoding=\"async\" width=\"40\" height=\"40\" class=\"wp-image-26\" style=\"width: 40px;\" src=\"https:\/\/sisu.ut.ee\/wp-content\/uploads\/sites\/533\/sissejuhatus.png\" alt=\"sissejuhatus\" srcset=\"https:\/\/sisu.ut.ee\/wp-content\/uploads\/sites\/533\/sissejuhatus.png 1080w, https:\/\/sisu.ut.ee\/wp-content\/uploads\/sites\/533\/sissejuhatus-300x300.png 300w, https:\/\/sisu.ut.ee\/wp-content\/uploads\/sites\/533\/sissejuhatus-1024x1024.png 1024w, https:\/\/sisu.ut.ee\/wp-content\/uploads\/sites\/533\/sissejuhatus-150x150.png 150w, https:\/\/sisu.ut.ee\/wp-content\/uploads\/sites\/533\/sissejuhatus-768x768.png 768w\" sizes=\"auto, (max-width: 40px) 100vw, 40px\"> <span style=\"color: #28aae1;\">2.5. KOOST\u00d6\u00d6 JA KOGUKONDA PANUSTAMINE<\/span><\/h1>\n\n\n<p><span style=\"line-height: 150%;\">M\u00fc\u00fct kunstnikust kui individualistlikust geeniusest on j\u00e4\u00e4nud pigem ajalukku, t\u00e4nap\u00e4eval aitab oma eesm\u00e4rke saavutada koost\u00f6\u00f6 erinevatel tasanditel. See v\u00f5ib t\u00e4hendada nii spetsialistide kaasamist mingi idee elluviimiseks, koost\u00f6\u00f6d n\u00e4ituste \u00fclespanekul, t\u00f6\u00f6de sihtr\u00fchma peale m\u00f5tlemist, kui ka algusest l\u00f5puni koot\u00f6iseid projekte, olgu partneriteks siis teised kunstnikud v\u00f5i m\u00f5ni kogukond. <\/span><\/p>\n<p><span style=\"line-height: 150%;\">Ettev\u00f5tlusega seob kunstniku t\u00f6\u00f6d <b>sihtr\u00fchma <\/b>peale m\u00f5tlemine. M\u00f5eldes sellele, keda tema teosed v\u00f5iksid k\u00f5netada, kunsti kogejale, on kunstnikul lihtsam valida sobivat eksponeerimispaika ning keelt teoste kommunikeerimiseks. Samu v\u00e4\u00e4rtusi ja koode jagavalt publikult on lootus saada asjakohasemat tagasisidet. Lisaks sihtr\u00fchmale on kunstniku loominguga seotud laiemad huvigruppid. <\/span><\/p>\n<p><span style=\"line-height: 150%;\">Ettev\u00f5tlusp\u00e4devuse selle osa heaks n\u00e4iteks on erinevad <b>omaalgatuslikud kunstnikupraktikad<\/b> ja <b>koost\u00f6\u00f6 kogukondadega,<\/b> sealhulgas avaliku ruumi kunst ja\u00a0 erinevad sotsiaalselt kaasavad praktikad. Nii on kunstnikud \u00fcle maailma kaasanud oma tegemistesse kohalikke kogukondi, lapsi ja noori, v\u00e4hemusi ja enamusi ning koos midagi kogukonna h\u00fcvanguks teinud. Sealjuures on r\u00f5hk v\u00e4hemalt sama palju sotsiaalsetel suhetel, kaasatusel ja ka hariduslikul aspektil kui kunstiteosel.<\/span><\/p>\n<p><img loading=\"lazy\" decoding=\"async\" title=\"\" src=\"https:\/\/sisu.ut.ee\/wp-content\/uploads\/sites\/533\/esitlus.png\" alt=\"n\u00e4ide\" width=\"32\" height=\"32\" data-file_info=\"%7B%22fid%22:%2266644%22,%22view_mode%22:%22default%22,%22type%22:%22media%22%7D\">\u00a0<span style=\"color: #e1cd00;\"><strong>N\u00e4ide:\u00a0 Rural Urban Art festival <\/strong><\/span><\/p>\n<p><span style=\"line-height: 150%;\">T\u00e4navakunstifestival Rural Urban Art viib juba mitmendat aastat t\u00e4navakunsti maale ja v\u00e4ikelinnadesse. Festivali raames maalivad seintele oma teoseid professionaalsed kunstnikud ning toimub ka t\u00e4navakunsti teemaline linnalaager kohalikele noortele. Festival mitmekesistab v\u00e4ikelinnade avalikku ruumi, toob v\u00e4rvi ja emotsiooni muidu hallile seintele ja kunsti linnadesse, mis kultuurikeskustest kaugemal. T\u00e4navakunst tekitab kohalikus kogukonnas elevust, kaudsemalt aga t\u00f5stab piirkondade v\u00e4\u00e4rtust.<\/span><\/p>\n<p style=\"margin-left: 120px;\"><img loading=\"lazy\" decoding=\"async\" class=\"wp-image-36 aligncenter\" title=\"Kohalikud noored maalivad festivali Rural Urban Art raames Kohtla-J\u00e4rvel. Foto: https:\/\/www.facebook.com\/ruralurbanart\/\" src=\"https:\/\/sisu.ut.ee\/wp-content\/uploads\/sites\/533\/foto7.jpg\" alt=\"foto7\" width=\"596\" height=\"894\" srcset=\"https:\/\/sisu.ut.ee\/wp-content\/uploads\/sites\/533\/foto7.jpg 1365w, https:\/\/sisu.ut.ee\/wp-content\/uploads\/sites\/533\/foto7-200x300.jpg 200w, https:\/\/sisu.ut.ee\/wp-content\/uploads\/sites\/533\/foto7-683x1024.jpg 683w, https:\/\/sisu.ut.ee\/wp-content\/uploads\/sites\/533\/foto7-768x1152.jpg 768w, https:\/\/sisu.ut.ee\/wp-content\/uploads\/sites\/533\/foto7-1024x1536.jpg 1024w\" sizes=\"auto, (max-width: 596px) 100vw, 596px\"><\/p>\n<hr>\n<p><img loading=\"lazy\" decoding=\"async\" title=\"\" src=\"https:\/\/sisu.ut.ee\/wp-content\/uploads\/sites\/533\/motlemiseks.png\" alt=\"m\u00f5tlemiseks\" width=\"32\" height=\"32\" data-file_info=\"%7B%22fid%22:%2266440%22,%22view_mode%22:%22default%22,%22type%22:%22media%22%7D\">\u00a0<span lang=\"ET\">M\u00f5tle!<\/span> Tee m\u00f5ttekaart huvigruppidest, kes Sinu loominguga \u00fchte v\u00f5i teist pidi seotud. Milline on iga\u00fche roll Sinu loomingu puhul?<\/p>\n<hr>\n<p><strong><img loading=\"lazy\" decoding=\"async\" title=\"\" src=\"https:\/\/sisu.ut.ee\/wp-content\/uploads\/sites\/528\/ulesanne.png\" alt=\"ylesanne\" width=\"32\" height=\"32\" data-file_info=\"%7B%22fid%22:65948,%22view_mode%22:%22default%22,%22type%22:%22media%22%7D\"><\/strong>\u00a0<span lang=\"ET\">Loo!<\/span> Kavanda t\u00e4navakunstiteos enda kodukanti.<\/p>\n<hr>\n<p><strong><img loading=\"lazy\" decoding=\"async\" title=\"\" src=\"https:\/\/sisu.ut.ee\/wp-content\/uploads\/sites\/528\/ulesanne.png\" alt=\"ylesanne\" width=\"32\" height=\"32\" data-file_info=\"%7B%22fid%22:65948,%22view_mode%22:%22default%22,%22type%22:%22media%22%7D\"><\/strong>\u00a0<span lang=\"ET\">Loo!<\/span> Postita \u00fclesandeid KUHI Facebooki gruppi. Kasuta <i>hastag<\/i>\u2019i <i>Kunst&amp;ettev\u00f5tlikkus<\/i><\/p>","protected":false},"excerpt":{"rendered":"<p>2.5. KOOST\u00d6\u00d6 JA KOGUKONDA PANUSTAMINE M\u00fc\u00fct kunstnikust kui individualistlikust geeniusest on j\u00e4\u00e4nud pigem ajalukku, t\u00e4nap\u00e4eval aitab oma eesm\u00e4rke saavutada koost\u00f6\u00f6 erinevatel tasanditel. See v\u00f5ib t\u00e4hendada nii spetsialistide kaasamist mingi idee elluviimiseks, koost\u00f6\u00f6d n\u00e4ituste \u00fclespanekul, t\u00f6\u00f6de sihtr\u00fchma peale m\u00f5tlemist, kui ka &#8230;<\/p>\n","protected":false},"author":263,"featured_media":0,"parent":0,"menu_order":0,"comment_status":"closed","ping_status":"closed","template":"","meta":{"_acf_changed":false,"inline_featured_image":false,"footnotes":""},"class_list":["post-10","page","type-page","status-publish","hentry"],"acf":[],"_links":{"self":[{"href":"https:\/\/sisu.ut.ee\/edujategu7\/wp-json\/wp\/v2\/pages\/10","targetHints":{"allow":["GET"]}}],"collection":[{"href":"https:\/\/sisu.ut.ee\/edujategu7\/wp-json\/wp\/v2\/pages"}],"about":[{"href":"https:\/\/sisu.ut.ee\/edujategu7\/wp-json\/wp\/v2\/types\/page"}],"author":[{"embeddable":true,"href":"https:\/\/sisu.ut.ee\/edujategu7\/wp-json\/wp\/v2\/users\/263"}],"replies":[{"embeddable":true,"href":"https:\/\/sisu.ut.ee\/edujategu7\/wp-json\/wp\/v2\/comments?post=10"}],"version-history":[{"count":6,"href":"https:\/\/sisu.ut.ee\/edujategu7\/wp-json\/wp\/v2\/pages\/10\/revisions"}],"predecessor-version":[{"id":120,"href":"https:\/\/sisu.ut.ee\/edujategu7\/wp-json\/wp\/v2\/pages\/10\/revisions\/120"}],"wp:attachment":[{"href":"https:\/\/sisu.ut.ee\/edujategu7\/wp-json\/wp\/v2\/media?parent=10"}],"curies":[{"name":"wp","href":"https:\/\/api.w.org\/{rel}","templated":true}]}}