{"id":6,"date":"2024-04-04T07:37:15","date_gmt":"2024-04-04T04:37:15","guid":{"rendered":"https:\/\/sisu.ut.ee\/edujategu6\/ettevotlikkus-kui-isiksuseomadus\/"},"modified":"2024-04-10T14:47:10","modified_gmt":"2024-04-10T11:47:10","slug":"ettevotlikkus-kui-isiksuseomadus","status":"publish","type":"page","link":"https:\/\/sisu.ut.ee\/edujategu6\/ettevotlikkus-kui-isiksuseomadus\/","title":{"rendered":"Ettev\u00f5tlikkus kui isiksuseomadus"},"content":{"rendered":"<h1 class=\"wp-block-heading\"><img loading=\"lazy\" decoding=\"async\" title=\"sissejuhatus_01.png\" width=\"40\" height=\"40\" class=\"alignnone wp-image-21\" src=\"https:\/\/sisu.ut.ee\/wp-content\/uploads\/sites\/507\/sissejuhatus_01.png\" alt=\"sissejuhatus\"> <span style=\"color: #28aae1;\">ETTEV\u00d5TLIKKUS KUI ISIKSUSEOMADUS<\/span><\/h1>\n\n<p>\n\tIgal inimesel on unikaalne\u00a0 geneetiliste omaduste komplekt. See loob eelsoodumuse teatud isiksuseomaduste tekkimiseks. Nii on osa inimesi juba s\u00fcnni poolest n\u00e4iteks rohkem avatud, meelekindlamad, energilisemad, koost\u00f6\u00f6valmimad ja pingevabamad. Need omadused tulevad ka kasuks ettev\u00f5tlikuks tegutsemiseks. Samas aga m\u00f5jutab meid ka keskkond ja meie endi arengusoovid ja motivatsioon muutuda. Me v\u00f5ime ennast luua ja arendada selliseks inimeseks nagu me soovime olla. Seega me saame end arendada ka ettev\u00f5tlikumaks.\n<\/p>\n\n<p>\n\t<a data-url=\"https:\/\/etv.err.ee\/1608404588\/geenid-ja-isiksus\" href=\"https:\/\/etv.err.ee\/1608404588\/geenid-ja-isiksus\" target=\"_blank\" title=\"\" rel=\"noopener\"><img loading=\"lazy\" decoding=\"async\" width=\"1649\" height=\"825\" class=\"alignnone wp-image-19\" src=\"https:\/\/sisu.ut.ee\/wp-content\/uploads\/sites\/531\/video1.png\" title=\"video1.png\" alt=\"video1\" srcset=\"https:\/\/sisu.ut.ee\/wp-content\/uploads\/sites\/531\/video1.png 1649w, https:\/\/sisu.ut.ee\/wp-content\/uploads\/sites\/531\/video1-300x150.png 300w, https:\/\/sisu.ut.ee\/wp-content\/uploads\/sites\/531\/video1-1024x512.png 1024w, https:\/\/sisu.ut.ee\/wp-content\/uploads\/sites\/531\/video1-768x384.png 768w, https:\/\/sisu.ut.ee\/wp-content\/uploads\/sites\/531\/video1-1536x768.png 1536w\" sizes=\"auto, (max-width: 1649px) 100vw, 1649px\"><\/a><br>\u00a0\n<\/p>\n\n<p>\n\t<img loading=\"lazy\" decoding=\"async\" class=\"alignnone wp-image-18\" title=\"ulesanne.png\" src=\"https:\/\/sisu.ut.ee\/wp-content\/uploads\/sites\/527\/ulesanne.png\" alt=\"ylesanne\" width=\"32\" height=\"32\"><strong><span style=\"color:#e31c79\">\u00dclesanne<\/span><\/strong>\n<\/p>\n\n<p>\n\tVaata videot: ETV\u00a0 Terevisioon , intervjuu Rene M\u00f5ttus ja\u00a0 Owe Petersell\u00a0 16.11. 2021\u00a0 <a href=\"https:\/\/etv.err.ee\/1608404588\/geenid-ja-isiksus\">https:\/\/etv.err.ee\/1608404588\/geenid-ja-isiksus<\/a>\n<\/p>\n\n<p>\n\tVaata intervjuud, seejuures m\u00f5tle kaasa, millised videos mainitud isiksuseomadused on vajalikud, et olla ettev\u00f5tlik.\n<\/p>\n","protected":false},"excerpt":{"rendered":"<p>ETTEV\u00d5TLIKKUS KUI ISIKSUSEOMADUS Igal inimesel on unikaalne\u00a0 geneetiliste omaduste komplekt. See loob eelsoodumuse teatud isiksuseomaduste tekkimiseks. Nii on osa inimesi juba s\u00fcnni poolest n\u00e4iteks rohkem avatud, meelekindlamad, energilisemad, koost\u00f6\u00f6valmimad ja pingevabamad. Need omadused tulevad ka kasuks ettev\u00f5tlikuks tegutsemiseks. Samas aga &#8230;<\/p>\n","protected":false},"author":263,"featured_media":0,"parent":0,"menu_order":0,"comment_status":"closed","ping_status":"closed","template":"","meta":{"_acf_changed":false,"inline_featured_image":false,"footnotes":""},"class_list":["post-6","page","type-page","status-publish","hentry"],"acf":[],"_links":{"self":[{"href":"https:\/\/sisu.ut.ee\/edujategu6\/wp-json\/wp\/v2\/pages\/6","targetHints":{"allow":["GET"]}}],"collection":[{"href":"https:\/\/sisu.ut.ee\/edujategu6\/wp-json\/wp\/v2\/pages"}],"about":[{"href":"https:\/\/sisu.ut.ee\/edujategu6\/wp-json\/wp\/v2\/types\/page"}],"author":[{"embeddable":true,"href":"https:\/\/sisu.ut.ee\/edujategu6\/wp-json\/wp\/v2\/users\/263"}],"replies":[{"embeddable":true,"href":"https:\/\/sisu.ut.ee\/edujategu6\/wp-json\/wp\/v2\/comments?post=6"}],"version-history":[{"count":3,"href":"https:\/\/sisu.ut.ee\/edujategu6\/wp-json\/wp\/v2\/pages\/6\/revisions"}],"predecessor-version":[{"id":100,"href":"https:\/\/sisu.ut.ee\/edujategu6\/wp-json\/wp\/v2\/pages\/6\/revisions\/100"}],"wp:attachment":[{"href":"https:\/\/sisu.ut.ee\/edujategu6\/wp-json\/wp\/v2\/media?parent=6"}],"curies":[{"name":"wp","href":"https:\/\/api.w.org\/{rel}","templated":true}]}}