{"id":5,"date":"2024-04-04T07:37:15","date_gmt":"2024-04-04T04:37:15","guid":{"rendered":"https:\/\/sisu.ut.ee\/edujategu6\/harjutus-ettevotlikuks-tegutsemiseks-vajalikud-isiksuseomadused\/"},"modified":"2024-04-10T14:32:49","modified_gmt":"2024-04-10T11:32:49","slug":"harjutus-ettevotlikuks-tegutsemiseks-vajalikud-isiksuseomadused","status":"publish","type":"page","link":"https:\/\/sisu.ut.ee\/edujategu6\/harjutus-ettevotlikuks-tegutsemiseks-vajalikud-isiksuseomadused\/","title":{"rendered":"Harjutus: Ettev\u00f5tlikuks tegutsemiseks vajalikud isiksuseomadused"},"content":{"rendered":"<h1 class=\"wp-block-heading\"><img loading=\"lazy\" decoding=\"async\" title=\"sissejuhatus_01.png\" width=\"40\" height=\"40\" class=\"alignnone wp-image-21\" src=\"https:\/\/sisu.ut.ee\/wp-content\/uploads\/sites\/507\/sissejuhatus_01.png\" alt=\"sissejuhatus\"> <span style=\"color: #28aae1;\">HARJUTUS: ETTEV\u00d5TLIKUKS TEGUTSEMISEKS VAJALIKUD ISIKSUSEOMADUSED<\/span><\/h1>\n\n<p style=\"text-align: right\">\n\t<\/p><div class=\"h5p-iframe-wrapper\"><div class=\"video-placeholder-wrapper video-placeholder-wrapper--fixed\" style=\"height: 366px;\">\n\t\t\t    <div class=\"video-placeholder d-flex justify-content-center align-items-center\">\n\t\t\t        <div class=\"overlay text-white p-2 w-100 text-center d-block justify-content-center align-items-center\">\n\t\t\t            <div>Kolmandate osapoolte sisu n\u00e4gemiseks palun n\u00f5ustu k\u00fcpsistega.<\/div>\n\t\t\t            <button class=\"btn btn-secondary btn-sm mt-1 consent-change\">Muuda n\u00f5usolekut<\/button>\n\t\t\t        <\/div>\n\t\t\t    <\/div>\n\t\t\t<\/div>\n<\/div>\n\n","protected":false},"excerpt":{"rendered":"<p>HARJUTUS: ETTEV\u00d5TLIKUKS TEGUTSEMISEKS VAJALIKUD ISIKSUSEOMADUSED<\/p>\n","protected":false},"author":263,"featured_media":0,"parent":0,"menu_order":0,"comment_status":"closed","ping_status":"closed","template":"","meta":{"_acf_changed":false,"inline_featured_image":false,"footnotes":""},"class_list":["post-5","page","type-page","status-publish","hentry"],"acf":[],"_links":{"self":[{"href":"https:\/\/sisu.ut.ee\/edujategu6\/wp-json\/wp\/v2\/pages\/5","targetHints":{"allow":["GET"]}}],"collection":[{"href":"https:\/\/sisu.ut.ee\/edujategu6\/wp-json\/wp\/v2\/pages"}],"about":[{"href":"https:\/\/sisu.ut.ee\/edujategu6\/wp-json\/wp\/v2\/types\/page"}],"author":[{"embeddable":true,"href":"https:\/\/sisu.ut.ee\/edujategu6\/wp-json\/wp\/v2\/users\/263"}],"replies":[{"embeddable":true,"href":"https:\/\/sisu.ut.ee\/edujategu6\/wp-json\/wp\/v2\/comments?post=5"}],"version-history":[{"count":6,"href":"https:\/\/sisu.ut.ee\/edujategu6\/wp-json\/wp\/v2\/pages\/5\/revisions"}],"predecessor-version":[{"id":85,"href":"https:\/\/sisu.ut.ee\/edujategu6\/wp-json\/wp\/v2\/pages\/5\/revisions\/85"}],"wp:attachment":[{"href":"https:\/\/sisu.ut.ee\/edujategu6\/wp-json\/wp\/v2\/media?parent=5"}],"curies":[{"name":"wp","href":"https:\/\/api.w.org\/{rel}","templated":true}]}}