{"id":4,"date":"2024-04-04T07:37:15","date_gmt":"2024-04-04T04:37:15","guid":{"rendered":"https:\/\/sisu.ut.ee\/edujategu6\/ettevotlikkus-kui-isiksuseomadus-motte-ja-teguviis-ning-hoiak\/"},"modified":"2025-12-31T10:01:42","modified_gmt":"2025-12-31T08:01:42","slug":"ettevotlikkus-kui-isiksuseomadus-motte-ja-teguviis-hoiak","status":"publish","type":"page","link":"https:\/\/sisu.ut.ee\/edujategu6\/ettevotlikkus-kui-isiksuseomadus-motte-ja-teguviis-hoiak\/","title":{"rendered":"Ettev\u00f5tlikkus kui isiksuseomadus, m\u00f5tte- ja teguviis ning hoiak"},"content":{"rendered":"<h1 class=\"wp-block-heading\"><img loading=\"lazy\" decoding=\"async\" title=\"sissejuhatus_01.png\" width=\"40\" height=\"40\" class=\"alignnone wp-image-21\" src=\"https:\/\/sisu.ut.ee\/wp-content\/uploads\/sites\/507\/sissejuhatus_01.png\" alt=\"sissejuhatus\"> <span style=\"color: #28aae1;\">ETTEV\u00d5TLIKKUS KUI ISIKSUSEOMADUS, M\u00d5TTE- JA TEGUVIIS NING HOIAK<\/span><\/h1>\n\n\n<p><\/p><p style=\"text-align: left;\"><img loading=\"lazy\" decoding=\"async\" class=\"wp-image-20 alignleft\" title=\"uued_moisted.png\" src=\"https:\/\/sisu.ut.ee\/wp-content\/uploads\/sites\/527\/uued_moisted.png\" alt=\"mosted\" width=\"40\" height=\"40\"><strong> Ettev\u00f5tlikkus <\/strong>on nii isiksuseomadus, m\u00f5tte- ja teguviis ning ka hoiak. Isiksuseomadusena v\u00e4ljendab ettev\u00f5tlikkus inimese v\u00f5imet ja sisemist tahet tegutseda. See on inimese oskus olla aktiivne, saada iseendaga hakkama, tegutseda l\u00e4htuvalt oma v\u00f5imalustest ja ideedest ning muuta need enda ja teiste jaoks v\u00e4\u00e4rtuseks. Ettev\u00f5tlik inimene on otsustus- ja algatusv\u00f5imeline, aktiivne, avatud uutele kogemustele, loov, sihikindel organiseerija ja paindlik tegutseja. Lisaks on ettev\u00f5tlik inimene enesekindel, hea suhtleja ja koost\u00f6\u00f6valmis. Ettev\u00f5tlikkus on inimese v\u00f5ime oma m\u00f5tteid tegudeks muuta. Ta on motiveeritud leidma aina enam uusi tegutsemisv\u00f5imalusi. See eeldab ka oskust v\u00f5imalusi \u00e4ra tunda, tegevusi kavandada ja kavandatut ellu viia. Ettev\u00f5tlikkus eeldab suutlikkust tegutseda ennastjuhtivalt \u2013 nt algatada tegevusi iseseisvalt, ilma v\u00e4lise surveta, pakkuda ideid, teha otsuseid ning v\u00f5tta vastutust. Ettev\u00f5tliku inimese tegutsemine v\u00f5ib olla seotud riskide v\u00f5tmisega kuna vahel ettev\u00f5tmised ei pruugi \u00f5nnestuda. Seega tuleb olla ka riskivalmis ja v\u00f5imeline eba\u00f5nnestumisega toime tulema, sellest \u00fcle saama ja uuesti alustama. Samas on ettev\u00f5tlikul inimesel palju v\u00f5imalusi kogeda edu ja \u00f5nnestumisi ning rahulolu neist kordaminekutest.<\/p>\n<p>T\u00e4nap\u00e4eva keerulises, kiiresti muutuvas maailmas elamisel ja t\u00f6\u00f6turul hakkamasaamiseks on ettev\u00f5tlik m\u00f5tte- ja teguviis v\u00e4ga oluline. Ettev\u00f5tlikud inimesed tagavad \u00fchiskonna arengu, innovatsiooni ja majandusliku heaolu t\u00f5usu nii endale kui teistele. Ettev\u00f5tlikkus koolis v\u00e4ljendub \u00f5pilaste aktiivsuses n\u00e4iteks v\u00f5tta \u00fchiselt ette \u00fcritusi, korraldada spordiv\u00f5istlusi, tegeleda hobidega, algatada projekte, luua \u00f5pilasfirma, valmistuda \u00fchiselt eksamiks jne. Ettev\u00f5tlikkus on kindlasti vajalik ettev\u00f5tjatele, aga ettev\u00f5tlikkust on vaja ka igap\u00e4evaelus, \u00f5pingutes ja t\u00f6\u00f6s toetamaks paremini hakkamasaamist. Ettev\u00f5tlik hoiak on vajalik igap\u00e4evaelu olukordade ja probleemide lahendamisel ning tegutsemisel aktiivse kodanikuna. Osa inimesi on oma kaasas\u00fcndinud omaduste poolest ettev\u00f5tlikumad, kui teised, kuid eelk\u00f5ige on ettev\u00f5tlikkus arendatav. Kindlasti on ettev\u00f5tlikkus arendatav kui m\u00f5tte-, teguviis ja hoiak.<\/p>","protected":false},"excerpt":{"rendered":"<p>ETTEV\u00d5TLIKKUS KUI ISIKSUSEOMADUS, M\u00d5TTE- JA TEGUVIIS NING HOIAK Ettev\u00f5tlikkus on nii isiksuseomadus, m\u00f5tte- ja teguviis ning ka hoiak. Isiksuseomadusena v\u00e4ljendab ettev\u00f5tlikkus inimese v\u00f5imet ja sisemist tahet tegutseda. See on inimese oskus olla aktiivne, saada iseendaga hakkama, tegutseda l\u00e4htuvalt oma v\u00f5imalustest &#8230;<\/p>\n","protected":false},"author":263,"featured_media":0,"parent":0,"menu_order":0,"comment_status":"closed","ping_status":"closed","template":"","meta":{"_acf_changed":false,"inline_featured_image":false,"footnotes":""},"class_list":["post-4","page","type-page","status-publish","hentry"],"acf":[],"_links":{"self":[{"href":"https:\/\/sisu.ut.ee\/edujategu6\/wp-json\/wp\/v2\/pages\/4","targetHints":{"allow":["GET"]}}],"collection":[{"href":"https:\/\/sisu.ut.ee\/edujategu6\/wp-json\/wp\/v2\/pages"}],"about":[{"href":"https:\/\/sisu.ut.ee\/edujategu6\/wp-json\/wp\/v2\/types\/page"}],"author":[{"embeddable":true,"href":"https:\/\/sisu.ut.ee\/edujategu6\/wp-json\/wp\/v2\/users\/263"}],"replies":[{"embeddable":true,"href":"https:\/\/sisu.ut.ee\/edujategu6\/wp-json\/wp\/v2\/comments?post=4"}],"version-history":[{"count":6,"href":"https:\/\/sisu.ut.ee\/edujategu6\/wp-json\/wp\/v2\/pages\/4\/revisions"}],"predecessor-version":[{"id":75,"href":"https:\/\/sisu.ut.ee\/edujategu6\/wp-json\/wp\/v2\/pages\/4\/revisions\/75"}],"wp:attachment":[{"href":"https:\/\/sisu.ut.ee\/edujategu6\/wp-json\/wp\/v2\/media?parent=4"}],"curies":[{"name":"wp","href":"https:\/\/api.w.org\/{rel}","templated":true}]}}