{"id":15,"date":"2024-04-04T07:37:16","date_gmt":"2024-04-04T04:37:16","guid":{"rendered":"https:\/\/sisu.ut.ee\/edujategu6\/sissejuhatus\/"},"modified":"2024-04-10T14:21:00","modified_gmt":"2024-04-10T11:21:00","slug":"sissejuhatus","status":"publish","type":"page","link":"https:\/\/sisu.ut.ee\/edujategu6\/sissejuhatus\/","title":{"rendered":"Sissejuhatus"},"content":{"rendered":"<h1 class=\"wp-block-heading\"><img loading=\"lazy\" decoding=\"async\" title=\"sissejuhatus_01.png\" width=\"40\" height=\"40\" class=\"alignnone wp-image-21\" src=\"https:\/\/sisu.ut.ee\/wp-content\/uploads\/sites\/507\/sissejuhatus_01.png\" alt=\"sissejuhatus\"> <span style=\"color: #28aae1;\">SISSEJUHATUS<\/span><\/h1>\n\n<blockquote>\n\t<p>\n\t\t<span style=\"font-size:22px\"><span style=\"color:#e6c81e\">Ettev\u00f5tlik inimene n\u00e4eb v\u00f5imalusi ja kasutab neid \u00e4ra, luues j\u00e4tkusuutlikult v\u00e4\u00e4rtust nii endale kui teistele.\u00a0Dr. Martijn Driessen<\/span><\/span>\n\t<\/p>\n<\/blockquote>\n\n<p>\n\t\u00d5ppematerjal \u201e<b>Ettev\u00f5tlikkus kui isiksuseomadus, m\u00f5tte- ja teguviis ning hoiak\u201c\u00a0<\/b>tutvustab Sulle, mis on ettev\u00f5tlikkus, kuidas seda endas avastada ja leida v\u00f5imalusi selle arendamiseks.\u00a0\n<\/p>\n<p>\n\tMaterjal on m\u00f5eldud iseseisvaks \u00f5ppimiseks eelk\u00f5ige Sulle, p\u00f5hikooli ja g\u00fcmnaasiumi \u00f5pilane, et m\u00f5ista, mis on ettev\u00f5tlik m\u00f5tlemine ja k\u00e4itumine, kuidas tuleb see elus kasuks ning kuidas seda endas teadlikumalt arendada. Lisaks saab teadmisi, kuidas hinnata enda eeldusi ja v\u00f5imalusi olla ettev\u00f5tlikum.\u00a0Selle tulemusena t\u00f5en\u00e4oliselt suureneb Sinu ettev\u00f5tlik k\u00e4itumine: v\u00f5tad vastu otsuseid, kavandad, algatad, organiseerid, tegutsed, viid ellu enda ja teiste jaoks vajalikke ideid ning tegevusi. Samal ajal saab Sinust teadlikum enesejuhtija, kes m\u00e4rkab ja m\u00f5istab tunnete, m\u00f5tete ja tegude vahelisi seoseid, oskab oma m\u00f5tteid positiivseks ja edasiviivaks muuta ning veelgi julgemalt tegutseda.\u00a0\n<\/p>\n\n<p>\n\tMaterjal on kasutatav ka k\u00f5igile teistele, kes soovivad endas arendada ettev\u00f5tlikkust. \u00d5ppimine toimub umbes 70 % veebip\u00f5hiselt ja 30% l\u00e4bi praktilise harjutamise. Materjali l\u00e4bimiseks kulub Sul umbes 8 tundi. Soovituslik on seda teha osade kaupa.\u00a0\n<\/p>\n\n<p>\n\tMaterjali omandamise edukuse hindamiseks ja eneseanal\u00fc\u00fcsiks on loodud teste ja harjutusi. T\u00f6\u00f6lehtede t\u00e4itmiseks lae need endale arvutisse. Allalaetult saad neid endale salvestada ja soovi korral printida v\u00e4lja. Materjal sisaldab ka praktilisi harjutusi, mille l\u00e4bitegemine suurendab Sinu ettev\u00f5tlikkust. Samuti leiad \u00f5ppematerjalist videod, milles noored r\u00e4\u00e4givad, kuidas on nemad ettev\u00f5tlikud, milliseid oskusi on selleks vaja ja mida nad seel\u00e4bi maailma ja iseendi ellu loovad.\u00a0\n<\/p>\n\n<p>\n\tSelle materjali l\u00e4binuna oskad Sa teadlikumalt m\u00e4rgata ja treenida endas ettev\u00f5tlikkust ning suudad algatada, organiseerida, ette v\u00f5tta erinevaid tegevusi (N: t\u00f6\u00f6koha leidmine, projektide algatamine ja neis osalemine, \u00fcrituste organiseerimine, enda ettev\u00f5tte loomine jpms).\u00a0\n<\/p>\n\n<p>\n\tKoostatud \u00f5ppematerjal toetub mitmele allikale, mille loetelu leiad materjali l\u00f5pust.\u00a0\n<\/p>\n\n<p>\n\tR\u00f5\u00f5msat lugemist ja harjutamist!\n<\/p>\n\n<table class=\"table table-hover\" align=\"center\" border=\"0\" cellpadding=\"1\" cellspacing=\"1\" style=\"width: 900px\">\n\t<tbody>\n\t\t<tr>\n\t\t\t<td>\n\t\t\t\t\u00d5piobjekti autor: Marju P\u00f5ld<br>Karj\u00e4\u00e4rip\u00f5ld O\u00dc<br>karj\u00e4\u00e4rin\u00f5ustaja ja koolitaja\n\t\t\t<\/td>\n\t\t\t<td>\n\t\t\t\t<p style=\"margin-left: 40px\">\n\t\t\t\t\t<img loading=\"lazy\" decoding=\"async\" alt=\"foto\" class=\"\" data-file_info=\"%7B%22fid%22:%2266087%22,%22view_mode%22:%22default%22,%22type%22:%22media%22%7D\" height=\"223\" src=\"https:\/\/sisu.ut.ee\/wp-content\/uploads\/sites\/531\/foto.jpg\" title=\"\" width=\"197\">\n\t\t\t\t<\/p>\n\t\t\t<\/td>\n\t\t\t<td>\n\t\t\t\t<img loading=\"lazy\" decoding=\"async\" alt=\"logo\" data-file_info=\"%7B%22fid%22:%2266088%22,%22view_mode%22:%22default%22,%22type%22:%22media%22%7D\" height=\"193\" src=\"https:\/\/sisu.ut.ee\/wp-content\/uploads\/sites\/531\/logo.png\" title=\"\" width=\"258\">\n\t\t\t<\/td>\n\t\t<\/tr>\n\t<\/tbody>\n<\/table>\n\n\n","protected":false},"excerpt":{"rendered":"<p>SISSEJUHATUS Ettev\u00f5tlik inimene n\u00e4eb v\u00f5imalusi ja kasutab neid \u00e4ra, luues j\u00e4tkusuutlikult v\u00e4\u00e4rtust nii endale kui teistele.\u00a0Dr. Martijn Driessen \u00d5ppematerjal \u201eEttev\u00f5tlikkus kui isiksuseomadus, m\u00f5tte- ja teguviis ning hoiak\u201c\u00a0tutvustab Sulle, mis on ettev\u00f5tlikkus, kuidas seda endas avastada ja leida v\u00f5imalusi selle arendamiseks.\u00a0 &#8230;<\/p>\n","protected":false},"author":263,"featured_media":0,"parent":0,"menu_order":0,"comment_status":"closed","ping_status":"closed","template":"","meta":{"_acf_changed":false,"inline_featured_image":false,"footnotes":""},"class_list":["post-15","page","type-page","status-publish","hentry"],"acf":[],"_links":{"self":[{"href":"https:\/\/sisu.ut.ee\/edujategu6\/wp-json\/wp\/v2\/pages\/15","targetHints":{"allow":["GET"]}}],"collection":[{"href":"https:\/\/sisu.ut.ee\/edujategu6\/wp-json\/wp\/v2\/pages"}],"about":[{"href":"https:\/\/sisu.ut.ee\/edujategu6\/wp-json\/wp\/v2\/types\/page"}],"author":[{"embeddable":true,"href":"https:\/\/sisu.ut.ee\/edujategu6\/wp-json\/wp\/v2\/users\/263"}],"replies":[{"embeddable":true,"href":"https:\/\/sisu.ut.ee\/edujategu6\/wp-json\/wp\/v2\/comments?post=15"}],"version-history":[{"count":4,"href":"https:\/\/sisu.ut.ee\/edujategu6\/wp-json\/wp\/v2\/pages\/15\/revisions"}],"predecessor-version":[{"id":68,"href":"https:\/\/sisu.ut.ee\/edujategu6\/wp-json\/wp\/v2\/pages\/15\/revisions\/68"}],"wp:attachment":[{"href":"https:\/\/sisu.ut.ee\/edujategu6\/wp-json\/wp\/v2\/media?parent=15"}],"curies":[{"name":"wp","href":"https:\/\/api.w.org\/{rel}","templated":true}]}}