{"id":14,"date":"2024-04-04T07:37:16","date_gmt":"2024-04-04T04:37:16","guid":{"rendered":"https:\/\/sisu.ut.ee\/edujategu6\/allikad\/"},"modified":"2024-04-25T08:20:48","modified_gmt":"2024-04-25T05:20:48","slug":"allikad","status":"publish","type":"page","link":"https:\/\/sisu.ut.ee\/edujategu6\/allikad\/","title":{"rendered":"Allikad"},"content":{"rendered":"<h1 class=\"wp-block-heading\"><img loading=\"lazy\" decoding=\"async\" width=\"40\" height=\"40\" class=\"wp-image-119\" style=\"width: 40px;\" src=\"https:\/\/sisu.ut.ee\/wp-content\/uploads\/sites\/531\/sissejuhatus.png\" alt=\"\" srcset=\"https:\/\/sisu.ut.ee\/wp-content\/uploads\/sites\/531\/sissejuhatus.png 1080w, https:\/\/sisu.ut.ee\/wp-content\/uploads\/sites\/531\/sissejuhatus-300x300.png 300w, https:\/\/sisu.ut.ee\/wp-content\/uploads\/sites\/531\/sissejuhatus-1024x1024.png 1024w, https:\/\/sisu.ut.ee\/wp-content\/uploads\/sites\/531\/sissejuhatus-150x150.png 150w, https:\/\/sisu.ut.ee\/wp-content\/uploads\/sites\/531\/sissejuhatus-768x768.png 768w\" sizes=\"auto, (max-width: 40px) 100vw, 40px\"><span style=\"color: #28aae1;\"> ALLIKAD<\/span><\/h1>\n\n\n<ul>\n<li><span lang=\"ET\" style=\"background: white;\">Ettev\u00f5tlikkuse ja ettev\u00f5tlus\u00f5ppe s\u00fcsteemne arendamine Eestis, 2018\u00a0\u00a0\u00a0 <span style=\"color: blue;\"><a href=\"https:\/\/ettev%C3%B5tlus%C3%B5pe.ee\/wp-content\/uploads\/2018\/12\/Raamdokument_web_3.pdf\" target=\"_blank\" rel=\"noopener\"><span style=\"color: blue;\">https:\/\/xn--ettevtluspe-jfbe.ee\/wp-content\/uploads\/2018\/12\/Raamdokument_web_3.pdf<\/span> <\/a><a name=\"_Hlt87259371\"><\/a><a name=\"_Hlt87259370\"><\/a><\/span><\/span><\/li>\n<li>Blenker, P., Frederiksen, S. H., Korsgaard, S., M\u00fcller, S., Neergaard, H., &amp; Thrane, C. (2012). Entrepreneurship as everyday practice: Towards a personalized pedagogy of enterprise education.<\/li>\n<li>\u00a0Jellis, M;\u00a0 Tan, C,\u00a0 (2013)\u00a0 Entrepreneurial Personality for a Sustainable Competitive Advantage. <a href=\"https:\/\/entrepreneurscan.com\/blog\/entrepreneurial-personality\/\" target=\"_blank\" rel=\"noopener\">https:\/\/entrepreneurscan.com\/blog\/entrepreneurial-personality\/<\/a><\/li>\n<li><u><span lang=\"ET\" style=\"color: blue;\"><a href=\"https:\/\/www.tlu.ee\/opmat\/hk\/opiobjekt\/Hoiakud\/hoiaku_miste.html\" target=\"_blank\" rel=\"noopener\"><span style=\"color: blue;\">https:\/\/www.tlu.ee\/opmat\/hk\/opiobjekt\/Hoiakud\/hoiaku_miste.html<\/span><\/a><\/span><\/u><\/li>\n<li><span lang=\"ET\"><span style=\"line-height: 115%;\">\u00a0<span style=\"color: blue;\"><a href=\"https:\/\/e-koolikott.ee\/et\/oppematerjal\/31384-Edu-ja-Tegu-ettevotlus-ja-karjaar-Opitee-ja-too-muutuvas-keskkonnas-Karjaari-ja-ettevotlusoppe-toolehed-kutsekoolidele\" target=\"_blank\" rel=\"noopener\"><span style=\"color: blue;\">https:\/\/e-koolikott.ee\/et\/oppematerjal\/31384-Edu-ja-Tegu-ettevotlus-ja-karjaar-Opitee-ja-too-muutuvas-keskkonnas-Karjaari-ja-ettevotlusoppe-toolehed-kutsekoolidele<\/span><\/a><\/span><\/span><\/span><\/li>\n<\/ul>","protected":false},"excerpt":{"rendered":"<p>ALLIKAD Ettev\u00f5tlikkuse ja ettev\u00f5tlus\u00f5ppe s\u00fcsteemne arendamine Eestis, 2018\u00a0\u00a0\u00a0 https:\/\/xn--ettevtluspe-jfbe.ee\/wp-content\/uploads\/2018\/12\/Raamdokument_web_3.pdf Blenker, P., Frederiksen, S. H., Korsgaard, S., M\u00fcller, S., Neergaard, H., &amp; Thrane, C. (2012). Entrepreneurship as everyday practice: Towards a personalized pedagogy of enterprise education. \u00a0Jellis, M;\u00a0 Tan, C,\u00a0 (2013)\u00a0 &#8230;<\/p>\n","protected":false},"author":263,"featured_media":0,"parent":0,"menu_order":0,"comment_status":"closed","ping_status":"closed","template":"","meta":{"_acf_changed":false,"inline_featured_image":false,"footnotes":""},"class_list":["post-14","page","type-page","status-publish","hentry"],"acf":[],"_links":{"self":[{"href":"https:\/\/sisu.ut.ee\/edujategu6\/wp-json\/wp\/v2\/pages\/14","targetHints":{"allow":["GET"]}}],"collection":[{"href":"https:\/\/sisu.ut.ee\/edujategu6\/wp-json\/wp\/v2\/pages"}],"about":[{"href":"https:\/\/sisu.ut.ee\/edujategu6\/wp-json\/wp\/v2\/types\/page"}],"author":[{"embeddable":true,"href":"https:\/\/sisu.ut.ee\/edujategu6\/wp-json\/wp\/v2\/users\/263"}],"replies":[{"embeddable":true,"href":"https:\/\/sisu.ut.ee\/edujategu6\/wp-json\/wp\/v2\/comments?post=14"}],"version-history":[{"count":3,"href":"https:\/\/sisu.ut.ee\/edujategu6\/wp-json\/wp\/v2\/pages\/14\/revisions"}],"predecessor-version":[{"id":122,"href":"https:\/\/sisu.ut.ee\/edujategu6\/wp-json\/wp\/v2\/pages\/14\/revisions\/122"}],"wp:attachment":[{"href":"https:\/\/sisu.ut.ee\/edujategu6\/wp-json\/wp\/v2\/media?parent=14"}],"curies":[{"name":"wp","href":"https:\/\/api.w.org\/{rel}","templated":true}]}}