{"id":12,"date":"2024-04-04T07:37:15","date_gmt":"2024-04-04T04:37:15","guid":{"rendered":"https:\/\/sisu.ut.ee\/edujategu6\/ettevotlikkuse-arendamine-endas\/"},"modified":"2024-04-10T15:03:29","modified_gmt":"2024-04-10T12:03:29","slug":"ettevotlikkuse-arendamine-endas","status":"publish","type":"page","link":"https:\/\/sisu.ut.ee\/edujategu6\/ettevotlikkuse-arendamine-endas\/","title":{"rendered":"Ettev\u00f5tlikkuse arendamine endas"},"content":{"rendered":"<h1 class=\"wp-block-heading\"><img loading=\"lazy\" decoding=\"async\" title=\"sissejuhatus_01.png\" width=\"40\" height=\"40\" class=\"alignnone wp-image-21\" src=\"https:\/\/sisu.ut.ee\/wp-content\/uploads\/sites\/507\/sissejuhatus_01.png\" alt=\"sissejuhatus\"> <span style=\"color: #28aae1;\">ETTEV\u00d5TLIKKUSE ARENDAMINE ENDAS<\/span><\/h1>\n\n<p>\n\t<span lang=\"EN-GB\"><span style=\"line-height:115%\"><span>Paljud omadused ja oskused, mis on ettev\u00f5tlikuks tegutsemiseks vajalikud, on arendatavad. N\u00e4iteks on arendatavad loovus, pealehakkamine, paindlikkus, p\u00fcsivus, sihikindlus, organiseerimis- ja suhtlemisoskused jt oskused. Samuti on ettev\u00f5tlikkus seotud suutlikkusega olla vastupidav tagasil\u00f6\u00f6kide ja raskuste korral, tunda huvi v\u00e4ljakutsete ja nendega seotud arenguv\u00f5imaluste vastu ning t\u00f5lgendada pingutamist ja vigade tegemist kui olulisi \u00f5ppimiskohti. Need omadused muutuvad vajalikuks just uudsetes olukordades, kus puudub \u00fcks ja \u00f5ige \u00e4raproovitud lahendustee, kus v\u00f5ib kerkida ootamatuid probleeme ning v\u00f5idakse kogeda oma v\u00f5imete ja teadmiste piire.<\/span><\/span><\/span><span lang=\"EN-GB\"><span style=\"line-height:115%\"><span style=\"sans-serif\"> Ettev\u00f5tlikkuse arendamiseks on eelk\u00f5ige oluline hakata tegutsema, seel\u00e4bi saada juurde kogemusi ja enesekindlust.<\/span><\/span><\/span>\n<\/p>\n\n<hr>\n<p>\n\t<img loading=\"lazy\" decoding=\"async\" class=\"alignnone wp-image-18\" title=\"ulesanne.png\" src=\"https:\/\/sisu.ut.ee\/wp-content\/uploads\/sites\/527\/ulesanne.png\" alt=\"ylesanne\" width=\"32\" height=\"32\"><span style=\"color:#e31c79\"><b><span lang=\"ET\"><span style=\"line-height:115%\">T\u00f6\u00f6leht<\/span><\/span><\/b><u><strong><span lang=\"ET\"><span style=\"line-height:115%\">: <\/span><\/span><\/strong><\/u><\/span><u><strong><a data-url=\"https:\/\/e-koolikott.ee\/et\/oppematerjal\/31384-Edu-ja-Tegu-ettevotlus-ja-karjaar-Opitee-ja-too-muutuvas-keskkonnas-Karjaari-ja-ettevotlusoppe-toolehed-kutsekoolidele\/291855#292561-TOOLEHT-Ettevotlikkus\" href=\"https:\/\/e-koolikott.ee\/et\/oppematerjal\/31384-Edu-ja-Tegu-ettevotlus-ja-karjaar-Opitee-ja-too-muutuvas-keskkonnas-Karjaari-ja-ettevotlusoppe-toolehed-kutsekoolidele\/291855#292561-TOOLEHT-Ettevotlikkus\" target=\"_blank\" title=\"\" rel=\"noopener\"><span>Ettev\u00f5tlikkus<\/span><\/a><\/strong><\/u>\n<\/p>\n\n<p>\n\t<span lang=\"ET\"><span style=\"line-height:115%\">Hinda t\u00f6\u00f6lehe abil, kui ettev\u00f5tlik Sa oled ning leia, kuidas ettev\u00f5tlikkust endas arendada<font color=\"#7030a0\">.<\/font><\/span><\/span>\n<\/p>\n\n<hr>\n<p>\n\t<img loading=\"lazy\" decoding=\"async\" class=\"alignnone wp-image-18\" title=\"ulesanne.png\" src=\"https:\/\/sisu.ut.ee\/wp-content\/uploads\/sites\/527\/ulesanne.png\" alt=\"ylesanne\" width=\"32\" height=\"32\"><span style=\"color:#e31c79\">\u00a0<strong>Praktiline harjutus: Ettev\u00f5tliku hoiaku kui harjumuse kujundamine endas.<\/strong><\/span>\n<\/p>\n\n<p>\n\t<b><span lang=\"ET\"><span style=\"line-height:115%\"><span style=\"color:#009900\">Minu ettev\u00f5tlikkuse upitamise n\u00e4dala p\u00e4evaraamat <\/span><\/span><\/span><\/b>\n<\/p>\n\n<p>\n\t<span lang=\"ET\" style=\"color:black\">Ettev\u00f5tlikkuse upitamise harjutus on selleks, et ennast paremini tunda ja juhtida, kujundada endas positiivset ja ettev\u00f5tlikku hoiakut ning end rohkem v\u00e4\u00e4rtustada. <\/span>\n<\/p>\n\n<p>\n\t\u00a0<b><span lang=\"ET\"><span style=\"line-height:115%\"><span style=\"color:black\">Leia endale sobivaim viis p\u00e4evaraamatu pidamiseks: <\/span><\/span><\/span><\/b>\n<\/p>\n\n<ul>\n\t<li style=\"margin-top:0cm;margin-right:0cm;margin-bottom:.5pt\">\n\t\t<span style=\"line-height:normal\"><span lang=\"ET\" style=\"color:black\">kirjuta laused l\u00f5puni <\/span><\/span>\n\t<\/li>\n\t<li style=\"margin-top:0cm;margin-right:0cm;margin-bottom:.5pt\">\n\t\t<span style=\"line-height:normal\"><span lang=\"ET\" style=\"color:black\">joonista neist lausetest l\u00e4htudes <\/span><\/span>\n\t<\/li>\n\t<li style=\"margin-top:0cm;margin-right:0cm;margin-bottom:.5pt\">\n\t\t<span style=\"line-height:normal\"><span lang=\"ET\" style=\"color:black\">kujunda plakat seinale <\/span><\/span>\n\t<\/li>\n\t<li style=\"margin-top:0cm;margin-right:0cm;margin-bottom:.0001pt\">\n\t\t<span style=\"line-height:normal\"><span lang=\"ET\" style=\"color:black\">tee n\u00e4dala jooksul neil teemadel fotosid v\u00f5i videoid<\/span><\/span>\n\t<\/li>\n<\/ul>\n\n<hr>\n<p>\n\t<b><span lang=\"ET\"><span style=\"line-height:115%\"><span style=\"color:#009900\">Esmasp\u00e4ev<\/span><\/span><\/span><\/b>\n<\/p>\n\n<p>\n\tMul \u00f5nnestus t\u00e4na v\u00e4ga h\u00e4sti teha \u2026\u2026\u2026\u2026\u2026\u2026\u2026\u2026\u2026\u2026\u2026\u2026\u2026\u2026\u2026\u2026\u2026\u2026\u2026\u2026\u2026\u2026\u2026\u2026\u2026\u2026\u2026\u2026\u2026\n<\/p>\n\n<p>\n\t<b><span lang=\"ET\"><span style=\"line-height:115%\"><span style=\"color:#365f91\">Teisip\u00e4ev<\/span><\/span><\/span><\/b>\n<\/p>\n\n<p>\n\tTundsin end t\u00e4na enda suhtes h\u00e4sti kui ma \u2026. \u2026\u2026 \u2026\u2026\u2026\u2026\u2026\u2026\u2026\u2026.\n<\/p>\n\n<p>\n\t\u2026\u2026\u2026\u2026\u2026\u2026\u2026\u2026\u2026\u2026\u2026\u2026\u2026\u2026\u2026\u2026\u2026\u2026\u2026\u2026\u2026\u2026\u2026\u2026\u2026\u2026\u2026\u2026\u2026\u2026\u2026.ja ma tunnustasin end selle eest.\n<\/p>\n\n<p>\n\t<b><span lang=\"ET\"><span style=\"line-height:115%\"><span style=\"color:#7030a0\">Kolmap\u00e4ev<\/span><\/span><\/span><\/b>\n<\/p>\n\n<p>\n\tMinu t\u00e4nane enese\u00fcletus\u2026\u2026\u2026\u2026\u2026\u2026\u2026\u2026\u2026\u2026\u2026\u2026\u2026\u2026\u2026\u2026\u2026\u2026\u2026\u2026\u2026.\n<\/p>\n\n<p>\n\t<b><span lang=\"ET\"><span style=\"line-height:115%\"><span style=\"color:#ffc000\">Neljap\u00e4ev<\/span><\/span><\/span><\/b>\n<\/p>\n\n<p>\n\tMinu viis ettev\u00f5tlikku omadust, mida t\u00e4na kindlasti minus m\u00e4rgati \u2026\u2026\u2026\u2026\u2026\u2026\u2026\u2026\u2026\u2026\u2026\u2026\u2026\u2026\u2026\u2026\u2026\u2026\u2026\u2026.\n<\/p>\n\n<p>\n\t<b><span lang=\"ET\"><span style=\"line-height:115%\"><span style=\"color:red\">Reede <\/span><\/span><\/span><\/b>\n<\/p>\n\n<p>\n\tMinu t\u00e4nane tegu teiste heaks \u2026\u2026\u2026\u2026\u2026\u2026\u2026\u2026\u2026\u2026\u2026\u2026\u2026\u2026\u2026\u2026\u2026\u2026\u2026\u2026\u2026\u2026\u2026\u2026\u2026..\n<\/p>\n\n<p>\n\t<b><span lang=\"ET\"><span style=\"line-height:115%\"><span style=\"color:#e36c0a\">Laup\u00e4ev<\/span><\/span><\/span><\/b>\n<\/p>\n\n<p>\n\t<span lang=\"ET\"><span style=\"line-height:115%\">Minu t\u00e4nane edukogemus\u2026\u2026\u2026\u2026\u2026\u2026\u2026\u2026\u2026\u2026\u2026\u2026\u2026\u2026\u2026\u2026\u2026\u2026\u2026\u2026\u2026\u2026\u2026\u2026\u2026\u2026\u2026.<\/span><\/span>\n<\/p>\n\n<p>\n\t<b><span lang=\"ET\"><span style=\"line-height:115%\"><span style=\"color:#d60093\">P\u00fchap\u00e4ev <\/span><\/span><\/span><\/b>\n<\/p>\n\n<p>\n\tMinu t\u00e4nane positiivne, tore v\u00f5i r\u00f5\u00f5mus kogemus, kui tegin \u2026\u2026\u2026\u2026\u2026\u2026\u2026\u2026\u2026\u2026\u2026\u2026\u2026\u2026\u2026\u2026\u2026\u2026..\n<\/p>\n\n<p>\n\t<b>J\u00e4tka harjutust ka j\u00e4rgmisel n\u00e4dalal.\u00a0 M\u00f5tle ise j\u00e4rgmise n\u00e4dala lausetele algused. <\/b>\n<\/p>\n","protected":false},"excerpt":{"rendered":"<p>ETTEV\u00d5TLIKKUSE ARENDAMINE ENDAS Paljud omadused ja oskused, mis on ettev\u00f5tlikuks tegutsemiseks vajalikud, on arendatavad. N\u00e4iteks on arendatavad loovus, pealehakkamine, paindlikkus, p\u00fcsivus, sihikindlus, organiseerimis- ja suhtlemisoskused jt oskused. Samuti on ettev\u00f5tlikkus seotud suutlikkusega olla vastupidav tagasil\u00f6\u00f6kide ja raskuste korral, tunda huvi &#8230;<\/p>\n","protected":false},"author":263,"featured_media":0,"parent":0,"menu_order":0,"comment_status":"closed","ping_status":"closed","template":"","meta":{"_acf_changed":false,"inline_featured_image":false,"footnotes":""},"class_list":["post-12","page","type-page","status-publish","hentry"],"acf":[],"_links":{"self":[{"href":"https:\/\/sisu.ut.ee\/edujategu6\/wp-json\/wp\/v2\/pages\/12","targetHints":{"allow":["GET"]}}],"collection":[{"href":"https:\/\/sisu.ut.ee\/edujategu6\/wp-json\/wp\/v2\/pages"}],"about":[{"href":"https:\/\/sisu.ut.ee\/edujategu6\/wp-json\/wp\/v2\/types\/page"}],"author":[{"embeddable":true,"href":"https:\/\/sisu.ut.ee\/edujategu6\/wp-json\/wp\/v2\/users\/263"}],"replies":[{"embeddable":true,"href":"https:\/\/sisu.ut.ee\/edujategu6\/wp-json\/wp\/v2\/comments?post=12"}],"version-history":[{"count":5,"href":"https:\/\/sisu.ut.ee\/edujategu6\/wp-json\/wp\/v2\/pages\/12\/revisions"}],"predecessor-version":[{"id":113,"href":"https:\/\/sisu.ut.ee\/edujategu6\/wp-json\/wp\/v2\/pages\/12\/revisions\/113"}],"wp:attachment":[{"href":"https:\/\/sisu.ut.ee\/edujategu6\/wp-json\/wp\/v2\/media?parent=12"}],"curies":[{"name":"wp","href":"https:\/\/api.w.org\/{rel}","templated":true}]}}