{"id":11,"date":"2024-04-04T07:37:15","date_gmt":"2024-04-04T04:37:15","guid":{"rendered":"https:\/\/sisu.ut.ee\/edujategu6\/ettevotlikuks-tegutsemiseks-vajalikud-oskused\/"},"modified":"2024-04-10T14:30:26","modified_gmt":"2024-04-10T11:30:26","slug":"ettevotlikuks-tegutsemiseks-vajalikud-oskused","status":"publish","type":"page","link":"https:\/\/sisu.ut.ee\/edujategu6\/ettevotlikuks-tegutsemiseks-vajalikud-oskused\/","title":{"rendered":"Ettev\u00f5tlikuks tegutsemiseks vajalikud oskused"},"content":{"rendered":"<h1 class=\"wp-block-heading\"><img loading=\"lazy\" decoding=\"async\" title=\"sissejuhatus_01.png\" width=\"40\" height=\"40\" class=\"alignnone wp-image-21\" src=\"https:\/\/sisu.ut.ee\/wp-content\/uploads\/sites\/507\/sissejuhatus_01.png\" alt=\"sissejuhatus\"> <span style=\"color: #28aae1;\">ETTEV\u00d5TLIKUKS TEGUTSEMISEKS VAJALIKUD OSKUSED<\/span><\/h1>\n\n<p>\n\t<b><span lang=\"ET\"><span style=\"line-height:115%\"><span style=\"color:#17365d\">Olemaks ettev\u00f5tlik on vaja teatud omadusi, oskusi ja teguviise. Kokkuv\u00f5tlikult v\u00f5ib need jagada neljaks: enesejuhtimine, loov m\u00f5tlemine, oskus probleeme lahendada ja ideid ellu viia. Allj\u00e4rgnevalt selgitused, mis need on. <\/span><\/span><\/span><\/b>\n<\/p>\n\n<p>\n\t<img loading=\"lazy\" decoding=\"async\" class=\"wp-image-20 alignleft\" title=\"uued_moisted.png\" src=\"https:\/\/sisu.ut.ee\/wp-content\/uploads\/sites\/527\/uued_moisted.png\" alt=\"mosted\" width=\"40\" height=\"40\"><b><span lang=\"ET\"><span style=\"line-height:115%\"> Enesejuhtimine: <\/span><\/span><\/b><span lang=\"ET\"><span style=\"line-height:115%\">V\u00f5ime ja oskus olla teadlik endast, oma m\u00f5tlemisest ja tegevusest ning vajadusel neid muuta. Uskumus, et v\u00f5imekust ja loovust saab arendada, ning soov saada paremaks teadmiste-oskuste t\u00e4iendamise ja rakendamise kaudu. Motivatsioon, mille korral on tegevus tegutseja enda jaoks oluline ning m\u00f5testatud. Oskus oma emotsioone \u00e4ra tunda, juhtida ning kasutada vastavalt olukorrale. Lisaks oskus m\u00f5ista teiste tundeid ja perspektiive ning v\u00e4ljendada empaatiat. <\/span><\/span>\n<\/p>\n\n<p>\n\t<img loading=\"lazy\" decoding=\"async\" class=\"wp-image-20 alignleft\" title=\"uued_moisted.png\" src=\"https:\/\/sisu.ut.ee\/wp-content\/uploads\/sites\/527\/uued_moisted.png\" alt=\"mosted\" width=\"40\" height=\"40\"><b><span lang=\"ET\"><span style=\"line-height:115%\"> V\u00e4\u00e4rtust loov m\u00f5tlemine ja lahenduste leidmine: <\/span><\/span><\/b><span lang=\"ET\"><span style=\"line-height:115%\">Oskus leida seoseid ja sarnasusi olemasolevates s\u00fcsteemides ja teadmistes viisil, mis toetab uudse ja v\u00e4\u00e4rtusliku terviku loomist. Loovalt lahenduste leidmiseks on vaja teadmisi. <\/span><\/span>\n<\/p>\n\n<p>\n\t<img loading=\"lazy\" decoding=\"async\" class=\"wp-image-20 alignleft\" title=\"uued_moisted.png\" src=\"https:\/\/sisu.ut.ee\/wp-content\/uploads\/sites\/527\/uued_moisted.png\" alt=\"mosted\" width=\"40\" height=\"40\"><b><span lang=\"ET\"><span style=\"line-height:115%\"> Probleemide lahendamise oskus: <\/span><\/span><\/b><span lang=\"ET\"><span style=\"line-height:115%\">Oskus m\u00e4rgata ja m\u00e4\u00e4ratleda probleemi, valida lahendusstrateegia, viia see strateegia ellu ning hinnata lahenduse edukust. Oskus tegevusi l\u00e4bi m\u00f5elda, organiseerida ja suunata soovitud eesm\u00e4rgi saavutamiseks. Suutlikkus m\u00f5ista ja oma tegemistes j\u00e4rgida sotsiaalse ja loodusliku keskkonnaj\u00e4tkusuutlikkuse p\u00f5him\u00f5tteid, arvestades otsuste tegemisel eetiliste kaalutlustega. <\/span><\/span>\n<\/p>\n\n<p>\n\t<img loading=\"lazy\" decoding=\"async\" class=\"wp-image-20 alignleft\" title=\"uued_moisted.png\" src=\"https:\/\/sisu.ut.ee\/wp-content\/uploads\/sites\/527\/uued_moisted.png\" alt=\"mosted\" width=\"40\" height=\"40\"><b><span lang=\"ET\"><span style=\"line-height:115%\"> Sotsiaalsete olukordade lahendamine<\/span><\/span><\/b><span lang=\"ET\"><span style=\"line-height:115%\">: V\u00f5ime ja soov alustada aktiivselt eesm\u00e4rgile orienteeritud tegevusi. Oskus tulla toime erisugustes sotsiaalsetes olukordades soovitud eesm\u00e4rkide saavutamiseks. Oskus teha koost\u00f6\u00f6d erinevates sotsiaalsetes kontekstides \u00fchiste eesm\u00e4rkide saavutamiseks, sh oskus ja soov toetada meeskonda edu saavutamisel. Algatamine, suhtlmine, koost\u00f6\u00f6. <\/span><\/span>\n<\/p>\n\n<p>\n\t<img loading=\"lazy\" decoding=\"async\" class=\"wp-image-20 alignleft\" title=\"uued_moisted.png\" src=\"https:\/\/sisu.ut.ee\/wp-content\/uploads\/sites\/527\/uued_moisted.png\" alt=\"mosted\" width=\"40\" height=\"40\"><b><span lang=\"ET\"><span style=\"line-height:115%\"> Ideede elluviimine: <\/span><\/span><\/b><span lang=\"ET\"><span style=\"line-height:115%\">V\u00f5ime m\u00f5ista keskkonda, orienteeruda keskkonna eri tahkudes (nt poliitiline, sotsiaalne, majanduslik, tehnoloogiline ja \u00f6koloogiline) ja tasanditel (nt kohalik, riigi ja globaalne) ning anal\u00fc\u00fcsida keskkonna m\u00f5ju ettev\u00f5tlusele jt v\u00e4\u00e4rtust loovatele tegevustele. Oskus leida, luua ning kasutada \u00e4ra \u00e4riv\u00f5imalusi, rakendades teadmisi-oskusi turgude toimimisest ja ettev\u00f5tluskeskkonnast, \u00e4riideede arendamisest, klientide m\u00f5istmisest jm. Finantsalased oskused ja teadmised, sh tulude-kulude m\u00f5istmine, eelarvestamine, v\u00f5imekus kaasata kapitali, majandusprobleemide anal\u00fc\u00fcsimine jm<\/span><\/span>\n<\/p>\n","protected":false},"excerpt":{"rendered":"<p>ETTEV\u00d5TLIKUKS TEGUTSEMISEKS VAJALIKUD OSKUSED Olemaks ettev\u00f5tlik on vaja teatud omadusi, oskusi ja teguviise. Kokkuv\u00f5tlikult v\u00f5ib need jagada neljaks: enesejuhtimine, loov m\u00f5tlemine, oskus probleeme lahendada ja ideid ellu viia. Allj\u00e4rgnevalt selgitused, mis need on. Enesejuhtimine: V\u00f5ime ja oskus olla teadlik endast, &#8230;<\/p>\n","protected":false},"author":263,"featured_media":0,"parent":0,"menu_order":0,"comment_status":"closed","ping_status":"closed","template":"","meta":{"_acf_changed":false,"inline_featured_image":false,"footnotes":""},"class_list":["post-11","page","type-page","status-publish","hentry"],"acf":[],"_links":{"self":[{"href":"https:\/\/sisu.ut.ee\/edujategu6\/wp-json\/wp\/v2\/pages\/11","targetHints":{"allow":["GET"]}}],"collection":[{"href":"https:\/\/sisu.ut.ee\/edujategu6\/wp-json\/wp\/v2\/pages"}],"about":[{"href":"https:\/\/sisu.ut.ee\/edujategu6\/wp-json\/wp\/v2\/types\/page"}],"author":[{"embeddable":true,"href":"https:\/\/sisu.ut.ee\/edujategu6\/wp-json\/wp\/v2\/users\/263"}],"replies":[{"embeddable":true,"href":"https:\/\/sisu.ut.ee\/edujategu6\/wp-json\/wp\/v2\/comments?post=11"}],"version-history":[{"count":7,"href":"https:\/\/sisu.ut.ee\/edujategu6\/wp-json\/wp\/v2\/pages\/11\/revisions"}],"predecessor-version":[{"id":82,"href":"https:\/\/sisu.ut.ee\/edujategu6\/wp-json\/wp\/v2\/pages\/11\/revisions\/82"}],"wp:attachment":[{"href":"https:\/\/sisu.ut.ee\/edujategu6\/wp-json\/wp\/v2\/media?parent=11"}],"curies":[{"name":"wp","href":"https:\/\/api.w.org\/{rel}","templated":true}]}}