{"id":10,"date":"2024-04-04T07:37:15","date_gmt":"2024-04-04T04:37:15","guid":{"rendered":"https:\/\/sisu.ut.ee\/edujategu6\/ettevotlik-hoiak\/"},"modified":"2024-04-10T14:35:54","modified_gmt":"2024-04-10T11:35:54","slug":"ettevotlik-hoiak","status":"publish","type":"page","link":"https:\/\/sisu.ut.ee\/edujategu6\/ettevotlik-hoiak\/","title":{"rendered":"Ettev\u00f5tlik hoiak"},"content":{"rendered":"<h1 class=\"wp-block-heading\"><img loading=\"lazy\" decoding=\"async\" title=\"sissejuhatus_01.png\" width=\"40\" height=\"40\" class=\"alignnone wp-image-21\" src=\"https:\/\/sisu.ut.ee\/wp-content\/uploads\/sites\/507\/sissejuhatus_01.png\" alt=\"sissejuhatus\"> <span style=\"color: #28aae1;\">ETTEV\u00d5TLIK HOIAK<\/span><\/h1>\n\n<p>\n\t<img loading=\"lazy\" decoding=\"async\" class=\"wp-image-20 alignleft\" title=\"uued_moisted.png\" src=\"https:\/\/sisu.ut.ee\/wp-content\/uploads\/sites\/527\/uued_moisted.png\" alt=\"mosted\" width=\"32\" height=\"32\"><strong> Hoiak on inimese kalduvus hinnata kogetut soosival v\u00f5i mittesoosival viisil. <\/strong>\n<\/p>\n\n<p>\n\t<img loading=\"lazy\" decoding=\"async\" class=\"wp-image-20 alignleft\" title=\"uued_moisted.png\" src=\"https:\/\/sisu.ut.ee\/wp-content\/uploads\/sites\/527\/uued_moisted.png\" alt=\"mosted\" width=\"32\" height=\"32\"><strong> Hoiakud <\/strong>kujunevad v\u00e4\u00e4rtushinnangute m\u00f5jul, kirjeldavad valmisolekut ja meelestatust tegutseda v\u00f5i reageerida ideedele, isikutele v\u00f5i olukordadele. V\u00e4\u00e4rad v\u00f5i negatiivsed hoiakud on sageli takistuseks tegutsemisel, \u00f5ppimisel ja ka enda karj\u00e4\u00e4ri kujundamisel. Seevastu positiivsed hoiakud toetavad julget tegutsemist, \u00f5ppimist ja rahuldust pakkuva karj\u00e4\u00e4ri loomiset. Paindlikuks ja sihikindlaks tegutsemiseks on v\u00e4ga oluline, et inimene usuks oma v\u00f5imetesse. Kui inimene usub, et v\u00f5imed ja oskused on arendatavad, siis on ka suurem motivatsioon pingutada ja seega ka suurem t\u00f5en\u00e4osus paremad tulemused saavutada. Kui aga inimesel domineerib pigem uskumus, et v\u00f5imed on kaasas\u00fcndinud ning neid on igal inimesel kindel hulk \u2013 kaasneb enamasti hoiak, et pingutamisest ei ole kasu. Sel juhul tundub, et kui asjad kerge vaevaga ja suhteliselt kiirelt ei \u00f5nnestu, siis pole m\u00f5tet proovida ning vaeva n\u00e4ha, kuna selles valdkonnas v\u00f5imekus puudub. Tulemuseks on t\u00f5epoolest antud valdkonnas tagasihoidlikud saavutused v\u00f5i suisa alla andmine. Seega ettev\u00f5tlikuks tegutsemiseks on oluline kujundada endal teadlikult hoiakud, mis toetavad julget pealehakkamist, tegutsemist ja usku oma v\u00f5imetesse.\n<\/p>\n","protected":false},"excerpt":{"rendered":"<p>ETTEV\u00d5TLIK HOIAK Hoiak on inimese kalduvus hinnata kogetut soosival v\u00f5i mittesoosival viisil. Hoiakud kujunevad v\u00e4\u00e4rtushinnangute m\u00f5jul, kirjeldavad valmisolekut ja meelestatust tegutseda v\u00f5i reageerida ideedele, isikutele v\u00f5i olukordadele. V\u00e4\u00e4rad v\u00f5i negatiivsed hoiakud on sageli takistuseks tegutsemisel, \u00f5ppimisel ja ka enda karj\u00e4\u00e4ri &#8230;<\/p>\n","protected":false},"author":263,"featured_media":0,"parent":0,"menu_order":0,"comment_status":"closed","ping_status":"closed","template":"","meta":{"_acf_changed":false,"inline_featured_image":false,"footnotes":""},"class_list":["post-10","page","type-page","status-publish","hentry"],"acf":[],"_links":{"self":[{"href":"https:\/\/sisu.ut.ee\/edujategu6\/wp-json\/wp\/v2\/pages\/10","targetHints":{"allow":["GET"]}}],"collection":[{"href":"https:\/\/sisu.ut.ee\/edujategu6\/wp-json\/wp\/v2\/pages"}],"about":[{"href":"https:\/\/sisu.ut.ee\/edujategu6\/wp-json\/wp\/v2\/types\/page"}],"author":[{"embeddable":true,"href":"https:\/\/sisu.ut.ee\/edujategu6\/wp-json\/wp\/v2\/users\/263"}],"replies":[{"embeddable":true,"href":"https:\/\/sisu.ut.ee\/edujategu6\/wp-json\/wp\/v2\/comments?post=10"}],"version-history":[{"count":6,"href":"https:\/\/sisu.ut.ee\/edujategu6\/wp-json\/wp\/v2\/pages\/10\/revisions"}],"predecessor-version":[{"id":88,"href":"https:\/\/sisu.ut.ee\/edujategu6\/wp-json\/wp\/v2\/pages\/10\/revisions\/88"}],"wp:attachment":[{"href":"https:\/\/sisu.ut.ee\/edujategu6\/wp-json\/wp\/v2\/media?parent=10"}],"curies":[{"name":"wp","href":"https:\/\/api.w.org\/{rel}","templated":true}]}}